{"id":9452,"date":"2024-10-18T09:52:50","date_gmt":"2024-10-18T07:52:50","guid":{"rendered":"https:\/\/is-hr.de\/schulgemeinschaft\/where-are-they-now-fabrice-fuhrmann\/"},"modified":"2024-11-19T12:28:59","modified_gmt":"2024-11-19T11:28:59","slug":"where-are-they-now-fabrice-fuhrmann","status":"publish","type":"page","link":"https:\/\/is-hr.de\/de\/schulgemeinschaft\/where-are-they-now-fabrice-fuhrmann\/","title":{"rendered":"Where are they now? Fabrice Fuhrmann"},"content":{"rendered":"<div id='full_slider_1'  class='avia-fullwidth-slider main_color avia-shadow   avia-builder-el-0  el_before_av_textblock  avia-builder-el-first   container_wrap fullsize'  ><div  class='avia-slideshow av-m2efh6nz-4f7001d55d5e301e024b9bd4074b0ee2 avia-slideshow-featured av_slideshow_full avia-slide-slider av-slideshow-ui av-control-default av-slideshow-manual av-loop-once av-loop-manual-endless av-default-height-applied   avia-slideshow-1' data-slideshow-options=\"{&quot;animation&quot;:&quot;slide&quot;,&quot;autoplay&quot;:false,&quot;loop_autoplay&quot;:&quot;once&quot;,&quot;interval&quot;:5,&quot;loop_manual&quot;:&quot;manual-endless&quot;,&quot;autoplay_stopper&quot;:false,&quot;noNavigation&quot;:false,&quot;bg_slider&quot;:false,&quot;keep_padding&quot;:false,&quot;hoverpause&quot;:false,&quot;show_slide_delay&quot;:0}\"  itemprop=\"image\" itemscope=\"itemscope\" itemtype=\"https:\/\/schema.org\/ImageObject\" ><ul class='avia-slideshow-inner ' style='padding-bottom: 28.666666666667%;'><li  class='avia-slideshow-slide av-m2efh6nz-4f7001d55d5e301e024b9bd4074b0ee2__0  av-single-slide slide-1 slide-odd'><div data-rel='slideshow-1' class='avia-slide-wrap '   ><div class='av-slideshow-caption av-m2efh6nz-4f7001d55d5e301e024b9bd4074b0ee2__0 caption_fullwidth caption_bottom'><div class=\"container caption_container\"><div class=\"slideshow_caption\"><div class=\"slideshow_inner_caption\"><div class=\"slideshow_align_caption\"><h2 class='avia-caption-title '  itemprop=\"name\" >Fabrice Fuhrmann<\/h2><div class='avia-caption-content '  itemprop=\"description\" ><p>&#8222;Meine Schule hat mir ein starkes akademisches Fundament geboten und mich mit dem Wissen und den F\u00e4higkeiten ausgestattet, die ich f\u00fcr ein Hochschulstudium brauche.&#8220;<\/p>\n<\/div><\/div><\/div><\/div><\/div><\/div><img decoding=\"async\" fetchpriority=\"high\" class=\"wp-image-9176 avia-img-lazy-loading-not-9176\" src=\"https:\/\/is-hr.de\/wp-content\/uploads\/2024\/10\/SuPage_FabriceFuhrmann_1500x430.jpg\" width=\"1500\" height=\"430\" title=\"SuPage_FabriceFuhrmann_1500x430\" alt=\"\" itemprop=\"thumbnailUrl\" srcset=\"https:\/\/is-hr.de\/wp-content\/uploads\/2024\/10\/SuPage_FabriceFuhrmann_1500x430.jpg 1500w, https:\/\/is-hr.de\/wp-content\/uploads\/2024\/10\/SuPage_FabriceFuhrmann_1500x430-300x86.jpg 300w, https:\/\/is-hr.de\/wp-content\/uploads\/2024\/10\/SuPage_FabriceFuhrmann_1500x430-1030x295.jpg 1030w, https:\/\/is-hr.de\/wp-content\/uploads\/2024\/10\/SuPage_FabriceFuhrmann_1500x430-768x220.jpg 768w, https:\/\/is-hr.de\/wp-content\/uploads\/2024\/10\/SuPage_FabriceFuhrmann_1500x430-705x202.jpg 705w\" sizes=\"(max-width: 1500px) 100vw, 1500px\"><\/div><\/li><\/ul><\/div><\/div><div id='after_full_slider_1'  class='main_color av_default_container_wrap container_wrap fullsize'  ><div class='container av-section-cont-open' ><div class='template-page content  av-content-full alpha units'><div class='post-entry post-entry-type-page post-entry-9452'><div class='entry-content-wrapper clearfix'>\n<section  class='av_textblock_section av-lo2pkdfu-43710b73e57b93f5c93cff00b9b8935a '   itemscope=\"itemscope\" itemtype=\"https:\/\/schema.org\/CreativeWork\" ><div class='avia_textblock av_inherit_color'  itemprop=\"text\" ><h1 style=\"text-align: center;\">WHERE ARE THEY NOW?<\/h1>\n<h5 style=\"text-align: center;\"><br class=\"avia-permanent-lb\">ALUMNI Q&amp;A<\/h5>\n<h6 style=\"text-align: center;\">ab September 2024<\/h6>\n<\/div><\/section>\n\n<style type=\"text\/css\" data-created_by=\"avia_inline_auto\" id=\"style-css-av-8ri5xx-f2fdf1b510cad2adb5094af4cc861a6d\">\n#top .hr.av-8ri5xx-f2fdf1b510cad2adb5094af4cc861a6d{\nmargin-top:15px;\nmargin-bottom:0px;\n}\n.hr.av-8ri5xx-f2fdf1b510cad2adb5094af4cc861a6d .hr-inner{\nwidth:60px;\nborder-color:#ed1c24;\n}\n<\/style>\n<div  class='hr av-8ri5xx-f2fdf1b510cad2adb5094af4cc861a6d hr-custom  avia-builder-el-2  el_after_av_textblock  el_before_av_hr  hr-center hr-icon-no'><span class='hr-inner inner-border-av-border-fat'><span class=\"hr-inner-style\"><\/span><\/span><\/div>\n\n<style type=\"text\/css\" data-created_by=\"avia_inline_auto\" id=\"style-css-av-88td9h-28a5d78b8bbf92c961f6e7afa913ee52\">\n#top .hr.hr-invisible.av-88td9h-28a5d78b8bbf92c961f6e7afa913ee52{\nheight:20px;\n}\n<\/style>\n<div  class='hr av-88td9h-28a5d78b8bbf92c961f6e7afa913ee52 hr-invisible  avia-builder-el-3  el_after_av_hr  el_before_av_textblock '><span class='hr-inner '><span class=\"hr-inner-style\"><\/span><\/span><\/div>\n<section  class='av_textblock_section av-lo2s9xqv-a33063339094d672d02dd8fd806cfd24 '   itemscope=\"itemscope\" itemtype=\"https:\/\/schema.org\/CreativeWork\" ><div class='avia_textblock'  itemprop=\"text\" ><h4 style=\"text-align: center;\"><strong>Wie hei\u00dft du?<\/strong><\/h4>\n<p style=\"text-align: center;\">Fabrice Fuhrmann<br class=\"avia-permanent-lb\"><br class=\"avia-permanent-lb\"><\/p>\n<h4 style=\"text-align: center;\"><strong>Wie viele Jahre warst du an der ISHR?<\/strong><\/h4>\n<p style=\"text-align: center;\">6 Jahre  <br class=\"avia-permanent-lb\"><br class=\"avia-permanent-lb\"><\/p>\n<h4 style=\"text-align: center;\"><strong>In welchem Jahr hast du deinen Abschluss gemacht?<\/strong><\/h4>\n<p style=\"text-align: center;\">2011  <br class=\"avia-permanent-lb\"><br class=\"avia-permanent-lb\"><\/p>\n<h4 style=\"text-align: center;\"><strong>Was machst du jetzt? <\/strong><\/h4>\n<p style=\"text-align: center;\">Direkt nach meinem Abschluss des International Baccalaureate (IB) Programms zog ich f\u00fcr drei Jahre nach London, um mich weiterzubilden. W\u00e4hrend meiner Zeit in London habe ich Management, Marketing und Design &amp; Branding studiert, was sich als unglaublich bereichernde und angenehme Erfahrung herausstellte. Nach Abschluss meines Studiums habe ich mich auf eine unternehmerische Reise begeben und mein eigenes Unternehmen gegr\u00fcndet. Mein Startup mit dem Namen<a href=\"https:\/\/connectcollabnow.com\/\" target=\"_blank\" rel=\"noopener\">&#8222;ConnectCollabnow.com<\/a>&#8220; ging im September &#8217;24 an den Start. ConnectCollabnow.com ist eine Plattform, die speziell f\u00fcr die Generation Z, unsere Generation, entwickelt wurde, um aktuelle Projekte vorzustellen und an aufregenden neuen Unternehmungen mitzuarbeiten. Die Plattform bietet einen einzigartigen Raum f\u00fcr junge Innovatoren, um sich zu vernetzen, ihre Arbeit zu teilen und sich mit anderen auszutauschen, die sich f\u00fcr \u00e4hnliche Bereiche begeistern. Das Interesse an ConnectCollabnow.com w\u00e4chst rasant, und viele Menschen melden sich auf der Plattform an. Ich m\u00f6chte Sie ermutigen, die Plattform auszuprobieren und sich selbst ein Bild von dem Potenzial zu machen, das sie f\u00fcr die F\u00f6rderung von Zusammenarbeit und Kreativit\u00e4t unter jungen Fachleuten bietet :)         <br class=\"avia-permanent-lb\"><br class=\"avia-permanent-lb\"><\/p>\n<h4 style=\"text-align: center;\"><strong>Was war dein Lieblingsfach an der ISHR? <\/strong><\/h4>\n<p style=\"text-align: center;\">Ich hatte Spa\u00df an allen F\u00e4chern, aber meine Favoriten waren Psychologie HL und Kunst HL. Die Zusammenarbeit mit meinem Kunstlehrer und meinen Mitsch\u00fclern hat mir besonders gut gefallen. <br class=\"avia-permanent-lb\"><br class=\"avia-permanent-lb\"><\/p>\n<h4 style=\"text-align: center;\"><strong>Inwiefern hast du das Gef\u00fchl, dass die ISHR dich auf das vorbereitet hat, was danach kam? <\/strong><\/h4>\n<p style=\"text-align: center;\">Meine Schule vermittelte mir eine solide akademische Grundlage und stattete mich mit dem Wissen und den F\u00e4higkeiten aus, die ich f\u00fcr ein Hochschulstudium ben\u00f6tige. Sie f\u00f6rderte auch das kritische Denken und die F\u00e4higkeit zur Probleml\u00f6sung, die f\u00fcr die Bew\u00e4ltigung komplexer Herausforderungen unerl\u00e4sslich sind. Dar\u00fcber hinaus haben mir das unterst\u00fctzende Umfeld und die au\u00dferschulischen M\u00f6glichkeiten geholfen, Selbstvertrauen und zwischenmenschliche F\u00e4higkeiten zu entwickeln.  <\/p>\n<h4 style=\"text-align: center;\"><strong>Was war die gr\u00f6\u00dfte Herausforderung f\u00fcr dich, um sich an das Leben nach der ISHR anzupassen? <\/strong><\/h4>\n<p style=\"text-align: center;\">Die gr\u00f6\u00dfte Herausforderung bei der Anpassung an das Leben nach der ISHR war die Anpassung an die Unabh\u00e4ngigkeit und Selbstdisziplin, die au\u00dferhalb der strukturierten Schulumgebung erforderlich sind. An der ISHR boten die enge Gemeinschaft und die unterst\u00fctzenden Lehrer st\u00e4ndige Anleitung, aber das Leben nach der Schule verlangte mehr Eigenmotivation und pers\u00f6nliche Verantwortung. Dieses neue Ma\u00df an Autonomie zu bew\u00e4ltigen, war anfangs entmutigend, aber letztendlich half es mir zu wachsen und widerstandsf\u00e4higer zu werden.    <br class=\"avia-permanent-lb\"><br class=\"avia-permanent-lb\"><\/p>\n<h4 style=\"text-align: center;\"><strong>Welchen Rat w\u00fcrdest du derzeitigen Sch\u00fcler:innen oder deinem fr\u00fcheren Ich geben?<\/strong><\/h4>\n<p style=\"text-align: center;\">Machen Sie sich keinen Stress! Es ist alles Teil einer sch\u00f6nen Reise \u2b50\ufe0f.   <br class=\"avia-permanent-lb\"><br class=\"avia-permanent-lb\"><\/p>\n<h4 style=\"text-align: center;\"><strong>Was ist deine sch\u00f6nste Erinnerung an die Zeit an der ISHR? <\/strong><\/h4>\n<p style=\"text-align: center;\">Meine sch\u00f6nste Erinnerung an die Schule war das Gemeinschaftsgef\u00fchl! Die Kameradschaft unter den Studenten und die unterst\u00fctzende Atmosph\u00e4re schufen eine einladende Umgebung, in der sich jeder wertgesch\u00e4tzt f\u00fchlte. Dieses Gef\u00fchl der Zugeh\u00f6rigkeit und Verbundenheit hat meine Schulerfahrung wirklich unvergesslich gemacht.  <\/p>\n<\/div><\/section>\n<div  class='avia-button-wrap av-lo5tpuxf-ee381deaecd27f1b9ef7012a8cf32636-wrap avia-button-center  avia-builder-el-5  el_after_av_textblock  avia-builder-el-last '><a href=\"https:\/\/is-hr.de\/de\/schulgemeinschaft\/alumni\/\" class=\"avia-button av-lo5tpuxf-ee381deaecd27f1b9ef7012a8cf32636 av-link-btn avia-icon_select-no avia-size-x-large avia-position-center avia-color-theme-color\" aria-label=\"ZUR\u00dcCK\"><span class='avia_iconbox_title' >ZUR\u00dcCK<\/span><\/a><\/div>\n","protected":false},"excerpt":{"rendered":"","protected":false},"author":4,"featured_media":0,"parent":5474,"menu_order":0,"comment_status":"closed","ping_status":"closed","template":"","meta":{"footnotes":""},"class_list":["post-9452","page","type-page","status-publish","hentry"],"_links":{"self":[{"href":"https:\/\/is-hr.de\/de\/wp-json\/wp\/v2\/pages\/9452","targetHints":{"allow":["GET"]}}],"collection":[{"href":"https:\/\/is-hr.de\/de\/wp-json\/wp\/v2\/pages"}],"about":[{"href":"https:\/\/is-hr.de\/de\/wp-json\/wp\/v2\/types\/page"}],"author":[{"embeddable":true,"href":"https:\/\/is-hr.de\/de\/wp-json\/wp\/v2\/users\/4"}],"replies":[{"embeddable":true,"href":"https:\/\/is-hr.de\/de\/wp-json\/wp\/v2\/comments?post=9452"}],"version-history":[{"count":0,"href":"https:\/\/is-hr.de\/de\/wp-json\/wp\/v2\/pages\/9452\/revisions"}],"up":[{"embeddable":true,"href":"https:\/\/is-hr.de\/de\/wp-json\/wp\/v2\/pages\/5474"}],"wp:attachment":[{"href":"https:\/\/is-hr.de\/de\/wp-json\/wp\/v2\/media?parent=9452"}],"curies":[{"name":"wp","href":"https:\/\/api.w.org\/{rel}","templated":true}]}}