{"id":8110,"date":"2024-06-04T16:01:52","date_gmt":"2024-06-04T14:01:52","guid":{"rendered":"https:\/\/is-hr.de\/schulgemeinschaft\/where-are-they-now-tosari-udayana\/"},"modified":"2024-11-19T15:18:59","modified_gmt":"2024-11-19T14:18:59","slug":"where-are-they-now-tosari-udayana","status":"publish","type":"page","link":"https:\/\/is-hr.de\/de\/schulgemeinschaft\/where-are-they-now-tosari-udayana\/","title":{"rendered":"Where are they now? Tosari Udayana"},"content":{"rendered":"<div id='full_slider_1'  class='avia-fullwidth-slider main_color avia-shadow   avia-builder-el-0  el_before_av_textblock  avia-builder-el-first   container_wrap fullsize'  >\n<style type=\"text\/css\" data-created_by=\"avia_inline_auto\" id=\"style-css-av-lx0g68jl-86295ce68da1f902229409844a98d32b\">\n#top #wrap_all .avia-slideshow .av-slideshow-caption.av-lx0g68jl-86295ce68da1f902229409844a98d32b__0 .avia-caption-title{\nfont-size:20px;\n}\n#top .avia-slideshow .av-slideshow-caption.av-lx0g68jl-86295ce68da1f902229409844a98d32b__0 .avia-caption-content{\nfont-size:20px;\n}\n#top .avia-slideshow .av-slideshow-caption.av-lx0g68jl-86295ce68da1f902229409844a98d32b__0 .avia-caption-content p{\nfont-size:20px;\n}\n<\/style>\n<div  class='avia-slideshow av-lx0g68jl-86295ce68da1f902229409844a98d32b avia-slideshow-featured av_slideshow_full avia-slide-slider av-slideshow-ui av-control-default av-slideshow-manual av-loop-once av-loop-manual-endless av-default-height-applied   avia-slideshow-1' data-slideshow-options=\"{&quot;animation&quot;:&quot;slide&quot;,&quot;autoplay&quot;:false,&quot;loop_autoplay&quot;:&quot;once&quot;,&quot;interval&quot;:5,&quot;loop_manual&quot;:&quot;manual-endless&quot;,&quot;autoplay_stopper&quot;:false,&quot;noNavigation&quot;:false,&quot;bg_slider&quot;:false,&quot;keep_padding&quot;:false,&quot;hoverpause&quot;:false,&quot;show_slide_delay&quot;:0}\"  itemprop=\"image\" itemscope=\"itemscope\" itemtype=\"https:\/\/schema.org\/ImageObject\" ><ul class='avia-slideshow-inner ' style='padding-bottom: 32.857142857143%;'><li  class='avia-slideshow-slide av-lx0g68jl-86295ce68da1f902229409844a98d32b__0  av-single-slide slide-1 slide-odd'><div data-rel='slideshow-1' class='avia-slide-wrap '   ><div class='av-slideshow-caption av-lx0g68jl-86295ce68da1f902229409844a98d32b__0 caption_fullwidth caption_left caption_left_framed caption_framed'><div class=\"container caption_container\"><div class=\"slideshow_caption\"><div class=\"slideshow_inner_caption\"><div class=\"slideshow_align_caption\"><h2 class='avia-caption-title '  itemprop=\"name\" >Tosari Udayana<\/h2><div class='avia-caption-content '  itemprop=\"description\" ><p>&#8222;Die Art und Weise, wie der Lehrplan der ISHR, insbesondere das MYP, die Sch\u00fcler dazu zwingt, eine Vielzahl von k\u00fcnstlerischen und wissenschaftlichen F\u00e4chern zu belegen, gibt vielen von ihnen die M\u00f6glichkeit, Dinge auszuprobieren, an die sie sonst nie gedacht h\u00e4tten.&#8220;<\/p>\n<\/div><\/div><\/div><\/div><\/div><\/div><img decoding=\"async\" fetchpriority=\"high\" class=\"wp-image-8059 avia-img-lazy-loading-not-8059\" src=\"https:\/\/is-hr.de\/wp-content\/uploads\/2024\/06\/Thumbnail_Tosari-Udayana.png\" width=\"630\" height=\"207\" title=\"Thumbnail_Tosari Udayana\" alt=\"\" itemprop=\"thumbnailUrl\" srcset=\"https:\/\/is-hr.de\/wp-content\/uploads\/2024\/06\/Thumbnail_Tosari-Udayana.png 630w, https:\/\/is-hr.de\/wp-content\/uploads\/2024\/06\/Thumbnail_Tosari-Udayana-300x99.png 300w\" sizes=\"(max-width: 630px) 100vw, 630px\"><\/div><\/li><\/ul><\/div><\/div><div id='after_full_slider_1'  class='main_color av_default_container_wrap container_wrap fullsize'  ><div class='container av-section-cont-open' ><div class='template-page content  av-content-full alpha units'><div class='post-entry post-entry-type-page post-entry-8110'><div class='entry-content-wrapper clearfix'>\n<section  class='av_textblock_section av-lo2pkdfu-43710b73e57b93f5c93cff00b9b8935a '   itemscope=\"itemscope\" itemtype=\"https:\/\/schema.org\/CreativeWork\" ><div class='avia_textblock av_inherit_color'  itemprop=\"text\" ><h1 style=\"text-align: center;\">WHERE ARE THEY NOW?<\/h1>\n<h5 style=\"text-align: center;\"><br class=\"avia-permanent-lb\">ALUMNI Q&amp;A<\/h5>\n<h6 style=\"text-align: center;\">Juni 2024<\/h6>\n<\/div><\/section>\n<div  class='hr av-286e9j-9b06544d3d07507326962d46d17ae901 hr-default  avia-builder-el-2  el_after_av_textblock  el_before_av_textblock '><span class='hr-inner '><span class=\"hr-inner-style\"><\/span><\/span><\/div>\n<section  class='av_textblock_section av-lo2s9xqv-a33063339094d672d02dd8fd806cfd24 '   itemscope=\"itemscope\" itemtype=\"https:\/\/schema.org\/CreativeWork\" ><div class='avia_textblock'  itemprop=\"text\" ><p style=\"text-align: center;\"><strong>Wie ist Ihr Name?  <\/strong>Tosari Udayana<\/p>\n<p style=\"text-align: center;\"><strong> <br class=\"avia-permanent-lb\">Wie viele Jahre haben Sie die ISHR besucht?  <\/strong>15 Jahre (Kindergarten &#8211; 12. Klasse)<\/p>\n<p style=\"text-align: center;\"><strong> <br class=\"avia-permanent-lb\">In welchem Jahr haben Sie Ihren Abschluss gemacht?  <\/strong>2019<\/p>\n<p style=\"text-align: center;\"><strong> <br class=\"avia-permanent-lb\">Was machst du jetzt?<\/strong><\/p>\n<p style=\"text-align: center;\">Ich bin derzeit im 5. Semester meines Medizinstudiums in Ulm. Ich habe mein Studium in Polen begonnen und bin nun froh, nach Deutschland gewechselt zu sein und mein Studium hier zu beenden. Es dauert zwar ewig, bis ich als Arzt arbeiten kann, aber ich bin sicher, dass es sich lohnt, wenn ich es geschafft habe.<\/p>\n<p style=\"text-align: center;\">\n<h4 style=\"text-align: center;\"><strong>Was war dein Lieblingsfach an der ISHR?<\/strong><\/h4>\n<p style=\"text-align: center;\">Ich bin mir nicht sicher, denn es hat sich je nach Lehrer, Thema und nat\u00fcrlich auch meinem Alter ziemlich ver\u00e4ndert.<\/p>\n<p style=\"text-align: center;\">Sport und Musik haben mir immer Spa\u00df gemacht, egal in welcher Klasse ich war, aber sp\u00e4ter hat mir auch Physik sehr gut gefallen.<\/p>\n<p style=\"text-align: center;\">\n<h4 style=\"text-align: center;\"><strong>Inwiefern hast du das Gef\u00fchl, dass die ISHR Dich auf das vorbereitet hat, was danach kam?<\/strong><\/h4>\n<p style=\"text-align: center;\">Nun, das Offensichtliche ist, dass die Gew\u00f6hnung an den Umgang mit vielen verschiedenen Gruppen von Menschen aus unterschiedlichen Kulturen ein gro\u00dfer Vorteil f\u00fcr jede zuk\u00fcnftige Karriere ist, aber besonders f\u00fcr eine wie die Medizin. Au\u00dferdem gibt die Art und Weise, wie der Lehrplan der ISHR, insbesondere das MYP, die Sch\u00fcler dazu zwingt, eine Vielzahl von k\u00fcnstlerischen und wissenschaftlichen F\u00e4chern zu belegen, vielen von ihnen die M\u00f6glichkeit, Dinge auszuprobieren, die ihnen sonst nie in den Sinn gekommen w\u00e4ren, und hat dazu gef\u00fchrt, dass ich einige Interessen und Talente entdeckt habe, die mir heute noch Spa\u00df machen. Ich bin der Erste, der zugibt, dass es mir widerstrebte, neue Dinge auszuprobieren und meiner Zeit bei ISHR auch nur zwei Minuten unn\u00f6tiger Arbeit hinzuzuf\u00fcgen. Aber am Ende ist es schwer, den Nutzen nicht zu erkennen.<\/p>\n<p style=\"text-align: center;\">\n<h4 style=\"text-align: center;\"><strong>Was war die gr\u00f6\u00dfte Herausforderung, sich an das Leben nach der ISHR zu gew\u00f6hnen?<\/strong><\/h4>\n<p style=\"text-align: center;\">Obwohl ich das gro\u00dfe Gl\u00fcck habe, einen Freundeskreis aus der ISHR zu haben, den ich gr\u00f6\u00dftenteils seit fast zwei Jahrzehnten kenne, ist das wahrscheinlich der Grund, warum es mir nie leicht gefallen ist, neue Leute kennenzulernen. Ich ertappe mich immer dabei, wie ich alle mit meinen ISHR-Freunden vergleiche und das Gef\u00fchl habe, dass sie die einzigen sind, mit denen ich wirklich Zeit verbringen m\u00f6chte. Wenn man sich daran gew\u00f6hnt hat, so enge und alte Freunde zu haben, ist das nicht gerade f\u00f6rderlich, um sich bei neuen Bekanntschaften wohl zu f\u00fchlen. Ich wei\u00df jedoch, dass dieses Gef\u00fchl nicht nur bei mir auftritt und dass es mit der Zeit besser werden wird.<\/p>\n<p style=\"text-align: center;\">\n<h4 style=\"text-align: center;\"><strong>Welchen Rat w\u00fcrdest du derzeitigen Sch\u00fcler:innen oder deinem fr\u00fcheren Ich geben?<\/strong><\/h4>\n<p style=\"text-align: center;\">Ich w\u00fcrde dem j\u00fcngeren Tosi nur raten, sich etwas mehr zu fokussieren, auch wenn noch kein Endziel in Sicht ist. Ich erinnere mich daran, dass ich nicht wusste, was ich nach meinem Abschluss machen oder studieren wollte. Deshalb fiel es mir schwer, mich zu motivieren, das Lernen f\u00fcr meine ISHR-Kurse ernst zu nehmen. Es gibt wahrscheinlich viele Sch\u00fcler:innen, die sich mit diesem Gef\u00fchl identifizieren k\u00f6nnen. Ich hoffe, es ist eine kleine Motivation zu wissen, dass es normal ist.<\/p>\n<p style=\"text-align: center;\">\n<h4 style=\"text-align: center;\"><strong>Was ist Deine sch\u00f6nste Erinnerung an Deine Zeit an der ISHR?<\/strong><\/h4>\n<p style=\"text-align: center;\">Ich habe absolut keine Ahnung, wie ich das beantworten soll, da ich so lange bei ISHR war. Aber eine Sache f\u00e4llt mir da ein&#8230; Ich erinnere mich an das Gef\u00fchl, von Mr. Pearson begr\u00fc\u00dft zu werden, wenn ich morgens durch das Tor der ISHR ging. Als kleiner Junge hatte ich immer einen Fu\u00dfball mit dabei und wartete nur auf die Pause, um mit meinen Freunden zu spielen. Ein paar Jahre sp\u00e4ter war ich viel weniger motiviert und jeden Morgen viel m\u00fcder, aber ich habe die Anwesenheit von Mr. Pearson nie als selbstverst\u00e4ndlich angesehen, und ich wei\u00df, dass meine Eltern und Freunde das auch nicht taten. Das war etwas ganz Besonderes, und ich bin sicher, dass ich nicht der Einzige bin, der es vermisst.<\/p>\n<div class=\"OxAavc NVbRL\" style=\"text-align: center;\" data-item-id=\"740479706\">\n<div class=\"Ih4Dzb\">\n<div><\/div>\n<\/div>\n<\/div>\n<\/div><\/section>\n\n<style type=\"text\/css\" data-created_by=\"avia_inline_auto\" id=\"style-css-av-88td9h-28a5d78b8bbf92c961f6e7afa913ee52\">\n#top .hr.hr-invisible.av-88td9h-28a5d78b8bbf92c961f6e7afa913ee52{\nheight:20px;\n}\n<\/style>\n<div  class='hr av-88td9h-28a5d78b8bbf92c961f6e7afa913ee52 hr-invisible  avia-builder-el-4  el_after_av_textblock  el_before_av_hr '><span class='hr-inner '><span class=\"hr-inner-style\"><\/span><\/span><\/div>\n<div  class='hr av-2lnfon-b9e61de52b75e2c79e3f9a859a2e26b4 hr-default  avia-builder-el-5  el_after_av_hr  el_before_av_hr '><span class='hr-inner '><span class=\"hr-inner-style\"><\/span><\/span><\/div>\n<div  class='hr av-2jihmf-ae42c06ba87383b32210f8e7bb95c569 hr-default  avia-builder-el-6  el_after_av_hr  el_before_av_button '><span class='hr-inner '><span class=\"hr-inner-style\"><\/span><\/span><\/div>\n<div  class='avia-button-wrap av-lo5tpuxf-ee381deaecd27f1b9ef7012a8cf32636-wrap avia-button-center  avia-builder-el-7  el_after_av_hr  avia-builder-el-last '><a href='https:\/\/is-hr.de\/de\/schulgemeinschaft\/alumni\/'  class='avia-button av-lo5tpuxf-ee381deaecd27f1b9ef7012a8cf32636 av-link-btn avia-icon_select-no avia-size-x-large avia-position-center avia-color-theme-color'   aria-label=\"ZUR\u00dcCK\"><span class='avia_iconbox_title' >ZUR\u00dcCK<\/span><\/a><\/div>\n","protected":false},"excerpt":{"rendered":"","protected":false},"author":4,"featured_media":0,"parent":5474,"menu_order":0,"comment_status":"closed","ping_status":"closed","template":"","meta":{"footnotes":""},"class_list":["post-8110","page","type-page","status-publish","hentry"],"_links":{"self":[{"href":"https:\/\/is-hr.de\/de\/wp-json\/wp\/v2\/pages\/8110","targetHints":{"allow":["GET"]}}],"collection":[{"href":"https:\/\/is-hr.de\/de\/wp-json\/wp\/v2\/pages"}],"about":[{"href":"https:\/\/is-hr.de\/de\/wp-json\/wp\/v2\/types\/page"}],"author":[{"embeddable":true,"href":"https:\/\/is-hr.de\/de\/wp-json\/wp\/v2\/users\/4"}],"replies":[{"embeddable":true,"href":"https:\/\/is-hr.de\/de\/wp-json\/wp\/v2\/comments?post=8110"}],"version-history":[{"count":0,"href":"https:\/\/is-hr.de\/de\/wp-json\/wp\/v2\/pages\/8110\/revisions"}],"up":[{"embeddable":true,"href":"https:\/\/is-hr.de\/de\/wp-json\/wp\/v2\/pages\/5474"}],"wp:attachment":[{"href":"https:\/\/is-hr.de\/de\/wp-json\/wp\/v2\/media?parent=8110"}],"curies":[{"name":"wp","href":"https:\/\/api.w.org\/{rel}","templated":true}]}}