{"id":7749,"date":"2024-03-21T15:18:25","date_gmt":"2024-03-21T14:18:25","guid":{"rendered":"https:\/\/is-hr.de\/schulgemeinschaft\/where-are-they-now-mignon-wagner\/"},"modified":"2024-11-19T15:18:03","modified_gmt":"2024-11-19T14:18:03","slug":"where-are-they-now-mignon-wagner","status":"publish","type":"page","link":"https:\/\/is-hr.de\/de\/schulgemeinschaft\/where-are-they-now-mignon-wagner\/","title":{"rendered":"Where are they now? Mignon Wagner"},"content":{"rendered":"<div id='full_slider_1'  class='avia-fullwidth-slider main_color avia-shadow   avia-builder-el-0  el_before_av_textblock  avia-builder-el-first   container_wrap fullsize'  >\n<style type=\"text\/css\" data-created_by=\"avia_inline_auto\" id=\"style-css-av-lu2ek271-d56f259bce2995cd9bf66c81bacfa6b4\">\n#top #wrap_all .avia-slideshow .av-slideshow-caption.av-lu2ek271-d56f259bce2995cd9bf66c81bacfa6b4__0 .avia-caption-title{\nfont-size:20px;\n}\n#top .avia-slideshow .av-slideshow-caption.av-lu2ek271-d56f259bce2995cd9bf66c81bacfa6b4__0 .avia-caption-content{\nfont-size:20px;\n}\n#top .avia-slideshow .av-slideshow-caption.av-lu2ek271-d56f259bce2995cd9bf66c81bacfa6b4__0 .avia-caption-content p{\nfont-size:20px;\n}\n<\/style>\n<div  class='avia-slideshow av-lu2ek271-d56f259bce2995cd9bf66c81bacfa6b4 avia-slideshow-featured av_slideshow_full avia-slide-slider av-slideshow-ui av-control-default av-slideshow-manual av-loop-once av-loop-manual-endless av-default-height-applied   avia-slideshow-1' data-slideshow-options=\"{&quot;animation&quot;:&quot;slide&quot;,&quot;autoplay&quot;:false,&quot;loop_autoplay&quot;:&quot;once&quot;,&quot;interval&quot;:5,&quot;loop_manual&quot;:&quot;manual-endless&quot;,&quot;autoplay_stopper&quot;:false,&quot;noNavigation&quot;:false,&quot;bg_slider&quot;:false,&quot;keep_padding&quot;:false,&quot;hoverpause&quot;:false,&quot;show_slide_delay&quot;:0}\"  itemprop=\"image\" itemscope=\"itemscope\" itemtype=\"https:\/\/schema.org\/ImageObject\" ><ul class='avia-slideshow-inner ' style='padding-bottom: 28.666666666667%;'><li  class='avia-slideshow-slide av-lu2ek271-d56f259bce2995cd9bf66c81bacfa6b4__0  av-single-slide slide-1 slide-odd'><div data-rel='slideshow-1' class='avia-slide-wrap '   ><div class='av-slideshow-caption av-lu2ek271-d56f259bce2995cd9bf66c81bacfa6b4__0 caption_fullwidth caption_left caption_left_framed caption_framed'><div class=\"container caption_container\"><div class=\"slideshow_caption\"><div class=\"slideshow_inner_caption\"><div class=\"slideshow_align_caption\"><h2 class='avia-caption-title '  itemprop=\"name\" >Mignon Wagner<\/h2><div class='avia-caption-content '  itemprop=\"description\" ><p>&#8222;Der Schwerpunkt lag immer darauf, das Gelernte anzuwenden und zu reflektieren, anstatt es nur auswendig zu lernen und zu reproduzieren. Das ist eine Lebenskompetenz, an der es offen gesagt vielen mangelt, also ist das ein gro\u00dfer Vorteil f\u00fcr Sie!&#8220;<\/p>\n<\/div><\/div><\/div><\/div><\/div><\/div><img decoding=\"async\" fetchpriority=\"high\" class=\"wp-image-7705 avia-img-lazy-loading-not-7705\" src=\"https:\/\/is-hr.de\/wp-content\/uploads\/2024\/03\/SubPage_Mignon-Wagner_1500x430.jpg\" width=\"1500\" height=\"430\" title=\"SubPage_Mignon-Wagner_1500x430\" alt=\"\" itemprop=\"thumbnailUrl\" srcset=\"https:\/\/is-hr.de\/wp-content\/uploads\/2024\/03\/SubPage_Mignon-Wagner_1500x430.jpg 1500w, https:\/\/is-hr.de\/wp-content\/uploads\/2024\/03\/SubPage_Mignon-Wagner_1500x430-300x86.jpg 300w, https:\/\/is-hr.de\/wp-content\/uploads\/2024\/03\/SubPage_Mignon-Wagner_1500x430-1030x295.jpg 1030w, https:\/\/is-hr.de\/wp-content\/uploads\/2024\/03\/SubPage_Mignon-Wagner_1500x430-768x220.jpg 768w, https:\/\/is-hr.de\/wp-content\/uploads\/2024\/03\/SubPage_Mignon-Wagner_1500x430-705x202.jpg 705w\" sizes=\"(max-width: 1500px) 100vw, 1500px\"><\/div><\/li><\/ul><\/div><\/div><div id='after_full_slider_1'  class='main_color av_default_container_wrap container_wrap fullsize'  ><div class='container av-section-cont-open' ><div class='template-page content  av-content-full alpha units'><div class='post-entry post-entry-type-page post-entry-7749'><div class='entry-content-wrapper clearfix'>\n<section  class='av_textblock_section av-lo2pkdfu-43710b73e57b93f5c93cff00b9b8935a '   itemscope=\"itemscope\" itemtype=\"https:\/\/schema.org\/CreativeWork\" ><div class='avia_textblock av_inherit_color'  itemprop=\"text\" ><h1 style=\"text-align: center;\">WHERE ARE THEY NOW?<\/h1>\n<h5 style=\"text-align: center;\"><br class=\"avia-permanent-lb\">ALUMNI Q&amp;A<\/h5>\n<h6 style=\"text-align: center;\">M\u00e4rz 2024<\/h6>\n<\/div><\/section>\n<div  class='hr av-286e9j-9b06544d3d07507326962d46d17ae901 hr-default  avia-builder-el-2  el_after_av_textblock  el_before_av_textblock '><span class='hr-inner '><span class=\"hr-inner-style\"><\/span><\/span><\/div>\n<section  class='av_textblock_section av-lo2s9xqv-a33063339094d672d02dd8fd806cfd24 '   itemscope=\"itemscope\" itemtype=\"https:\/\/schema.org\/CreativeWork\" ><div class='avia_textblock'  itemprop=\"text\" ><h4 style=\"text-align: center;\"><strong>Wie hei\u00dft du?<\/strong><\/h4>\n<p style=\"text-align: center;\">Mignon Wagner<\/p>\n<p style=\"text-align: center;\"><strong>  <br class=\"avia-permanent-lb\"><\/strong><\/p>\n<h4 style=\"text-align: center;\"><strong>Wie viele Jahre warst du an der ISHR?<\/strong><\/h4>\n<p style=\"text-align: center;\">8 Jahre<\/p>\n<p style=\"text-align: center;\"><br class=\"avia-permanent-lb\">\n<\/p>\n<h4 style=\"text-align: center;\"><strong>In welchem Jahr hast du deinen Abschluss gemacht?<\/strong><\/h4>\n<p style=\"text-align: center;\">2014<\/p>\n<p style=\"text-align: center;\"><br class=\"avia-permanent-lb\">\n<\/p>\n<h4 style=\"text-align: center;\"><strong>Was machst du jetzt?<\/strong><\/h4>\n<p style=\"text-align: center;\">Nach meinem Psychologie-Bachelor in England und meinem Master in Verbraucherpsychologie und Wirtschaftsverhalten in Leiden, Niederlande, blieb ich in diesem sch\u00f6nen Land und zog nach Amsterdam. Ich habe in der Marktforschung und im traditionellen Marketing gearbeitet, bevor ich zu einem Start-up-Unternehmen kam. Nach 5 Jahren haben wir unser Gesch\u00e4ft versiebenfacht, sind an die B\u00f6rse gegangen, und obwohl ein solches Wachstum unweigerlich mit ein wenig Chaos einherging, bin ich sehr dankbar f\u00fcr die Gelegenheit, die Ver\u00e4nderungen miterleben zu d\u00fcrfen. Derzeit arbeite ich mit Produktteams zusammen, um Markteinf\u00fchrungsstrategien f\u00fcr Cybersicherheits- und KI-Software zu entwickeln. Nebenbei baue ich eine kleine Branding- und Marketingberatung auf.<\/p>\n<p style=\"text-align: center;\"><br class=\"avia-permanent-lb\">\n<\/p>\n<h4 style=\"text-align: center;\"><strong>Was war dein Lieblingsfach an der ISHR?<\/strong><\/h4>\n<p style=\"text-align: center;\">Deutsch, Englisch, Psychologie und Wirtschaft. Jedes Thema, bei dem man viel reden muss!<\/p>\n<p style=\"text-align: center;\"><br class=\"avia-permanent-lb\">\n<\/p>\n<h4 style=\"text-align: center;\"><strong>Inwiefern hast du das Gef\u00fchl, dass die ISHR Dich auf das vorbereitet hat, was danach kam?<\/strong><\/h4>\n<p style=\"text-align: center;\">Es ging immer darum, das Gelernte anzuwenden und zu reflektieren, anstatt es nur auswendig zu lernen und zu reproduzieren. Das ist eine Lebenskompetenz, die ehrlich gesagt vielen fehlt, also verschafft sie dir einen gro\u00dfen Vorteil!<\/p>\n<p style=\"text-align: center;\"><br class=\"avia-permanent-lb\">\n<\/p>\n<h4 style=\"text-align: center;\"><strong>Was war die gr\u00f6\u00dfte Herausforderung, sich an das Leben nach der ISHR zu gew\u00f6hnen?<\/strong><\/h4>\n<p style=\"text-align: center;\">Mit allen in Kontakt zu bleiben. Wir haben im Juni ein 10-j\u00e4hriges Wiedersehen, auf das ich mich sehr freue!<\/p>\n<p style=\"text-align: center;\"><br class=\"avia-permanent-lb\">\n<\/p>\n<h4 style=\"text-align: center;\"><strong>Welchen Rat w\u00fcrdest du derzeitigen Sch\u00fcler:innen oder deinem fr\u00fcheren Ich geben?<\/strong><\/h4>\n<p style=\"text-align: center;\">Beschr\u00e4nke dich nicht darauf, wo du dich in der Arbeitswelt siehst. Technologie und k\u00fcnstliche Intelligenz ver\u00e4ndern alles, und selbst wenn du dich auf einen bestimmten Job oder eine bestimmte Branche festgelegt hast, k\u00f6nnte diese in 10, 5 oder sogar 1 Jahr ganz anders aussehen. Sei aufgeschlossen und nutze deine St\u00e4rken und \u00fcbertragbaren F\u00e4higkeiten, anstatt dich ausschlie\u00dflich auf dein akademisches Fachwissen zu verlassen. Je flexibler und anpassungsf\u00e4higer du bist, desto besser!<\/p>\n<p style=\"text-align: center;\"><br class=\"avia-permanent-lb\">\n<\/p>\n<h4 style=\"text-align: center;\"><strong>Was ist Deine sch\u00f6nste Erinnerung an Deine Zeit an der ISHR?<\/strong><\/h4>\n<p style=\"text-align: center;\">Ich vermisse die kleinen Momente wie das Herumalbern in der Mittagspause und das Kichern mit meinen Freunden im hinteren Teil des Klassenzimmers. Im Nachhinein betrachtet, hatten wir sehr geduldige Lehrer! :D<\/p>\n<div class=\"OxAavc NVbRL\" style=\"text-align: center;\" data-item-id=\"740479706\">\n<div class=\"Ih4Dzb\">\n<div><\/div>\n<\/div>\n<\/div>\n<\/div><\/section>\n\n<style type=\"text\/css\" data-created_by=\"avia_inline_auto\" id=\"style-css-av-88td9h-28a5d78b8bbf92c961f6e7afa913ee52\">\n#top .hr.hr-invisible.av-88td9h-28a5d78b8bbf92c961f6e7afa913ee52{\nheight:20px;\n}\n<\/style>\n<div  class='hr av-88td9h-28a5d78b8bbf92c961f6e7afa913ee52 hr-invisible  avia-builder-el-4  el_after_av_textblock  el_before_av_hr '><span class='hr-inner '><span class=\"hr-inner-style\"><\/span><\/span><\/div>\n<div  class='hr av-2lnfon-b9e61de52b75e2c79e3f9a859a2e26b4 hr-default  avia-builder-el-5  el_after_av_hr  el_before_av_hr '><span class='hr-inner '><span class=\"hr-inner-style\"><\/span><\/span><\/div>\n<div  class='hr av-2jihmf-ae42c06ba87383b32210f8e7bb95c569 hr-default  avia-builder-el-6  el_after_av_hr  el_before_av_button '><span class='hr-inner '><span class=\"hr-inner-style\"><\/span><\/span><\/div>\n<div  class='avia-button-wrap av-lo5tpuxf-ee381deaecd27f1b9ef7012a8cf32636-wrap avia-button-center  avia-builder-el-7  el_after_av_hr  avia-builder-el-last '><a href='https:\/\/is-hr.de\/de\/schulgemeinschaft\/alumni\/'  class='avia-button av-lo5tpuxf-ee381deaecd27f1b9ef7012a8cf32636 av-link-btn avia-icon_select-no avia-size-x-large avia-position-center avia-color-theme-color'   aria-label=\"ZUR\u00dcCK\"><span class='avia_iconbox_title' >ZUR\u00dcCK<\/span><\/a><\/div>\n","protected":false},"excerpt":{"rendered":"","protected":false},"author":4,"featured_media":0,"parent":5474,"menu_order":0,"comment_status":"closed","ping_status":"closed","template":"","meta":{"footnotes":""},"class_list":["post-7749","page","type-page","status-publish","hentry"],"_links":{"self":[{"href":"https:\/\/is-hr.de\/de\/wp-json\/wp\/v2\/pages\/7749","targetHints":{"allow":["GET"]}}],"collection":[{"href":"https:\/\/is-hr.de\/de\/wp-json\/wp\/v2\/pages"}],"about":[{"href":"https:\/\/is-hr.de\/de\/wp-json\/wp\/v2\/types\/page"}],"author":[{"embeddable":true,"href":"https:\/\/is-hr.de\/de\/wp-json\/wp\/v2\/users\/4"}],"replies":[{"embeddable":true,"href":"https:\/\/is-hr.de\/de\/wp-json\/wp\/v2\/comments?post=7749"}],"version-history":[{"count":0,"href":"https:\/\/is-hr.de\/de\/wp-json\/wp\/v2\/pages\/7749\/revisions"}],"up":[{"embeddable":true,"href":"https:\/\/is-hr.de\/de\/wp-json\/wp\/v2\/pages\/5474"}],"wp:attachment":[{"href":"https:\/\/is-hr.de\/de\/wp-json\/wp\/v2\/media?parent=7749"}],"curies":[{"name":"wp","href":"https:\/\/api.w.org\/{rel}","templated":true}]}}