{"id":7392,"date":"2024-01-12T10:46:22","date_gmt":"2024-01-12T09:46:22","guid":{"rendered":"https:\/\/is-hr.de\/schulgemeinschaft\/where-are-they-now-lennart-gundelach\/"},"modified":"2024-11-19T15:16:22","modified_gmt":"2024-11-19T14:16:22","slug":"where-are-they-now-lennart-gundelach","status":"publish","type":"page","link":"https:\/\/is-hr.de\/de\/schulgemeinschaft\/where-are-they-now-lennart-gundelach\/","title":{"rendered":"Where are they now? Lennart Gundelach"},"content":{"rendered":"<div id='full_slider_1'  class='avia-fullwidth-slider main_color avia-shadow   avia-builder-el-0  el_before_av_textblock  avia-builder-el-first   container_wrap fullsize'  >\n<style type=\"text\/css\" data-created_by=\"avia_inline_auto\" id=\"style-css-av-lraghobe-bec8629faf49e06d6d80f3cecc53e502\">\n#top #wrap_all .avia-slideshow .av-slideshow-caption.av-lraghobe-bec8629faf49e06d6d80f3cecc53e502__0 .avia-caption-title{\nfont-size:20px;\n}\n#top .avia-slideshow .av-slideshow-caption.av-lraghobe-bec8629faf49e06d6d80f3cecc53e502__0 .avia-caption-content{\nfont-size:20px;\n}\n#top .avia-slideshow .av-slideshow-caption.av-lraghobe-bec8629faf49e06d6d80f3cecc53e502__0 .avia-caption-content p{\nfont-size:20px;\n}\n<\/style>\n<div  class='avia-slideshow av-lraghobe-bec8629faf49e06d6d80f3cecc53e502 avia-slideshow-featured av_slideshow_full avia-slide-slider av-slideshow-ui av-control-default av-slideshow-manual av-loop-once av-loop-manual-endless av-default-height-applied   avia-slideshow-1' data-slideshow-options=\"{&quot;animation&quot;:&quot;slide&quot;,&quot;autoplay&quot;:false,&quot;loop_autoplay&quot;:&quot;once&quot;,&quot;interval&quot;:5,&quot;loop_manual&quot;:&quot;manual-endless&quot;,&quot;autoplay_stopper&quot;:false,&quot;noNavigation&quot;:false,&quot;bg_slider&quot;:false,&quot;keep_padding&quot;:false,&quot;hoverpause&quot;:false,&quot;show_slide_delay&quot;:0}\"  itemprop=\"image\" itemscope=\"itemscope\" itemtype=\"https:\/\/schema.org\/ImageObject\" ><ul class='avia-slideshow-inner ' style='padding-bottom: 28.666666666667%;'><li  class='avia-slideshow-slide av-lraghobe-bec8629faf49e06d6d80f3cecc53e502__0  av-single-slide slide-1 slide-odd'><div data-rel='slideshow-1' class='avia-slide-wrap '   ><div class='av-slideshow-caption av-lraghobe-bec8629faf49e06d6d80f3cecc53e502__0 caption_fullwidth caption_left caption_left_framed caption_framed'><div class=\"container caption_container\"><div class=\"slideshow_caption\"><div class=\"slideshow_inner_caption\"><div class=\"slideshow_align_caption\"><h2 class='avia-caption-title '  itemprop=\"name\" >Lennart Gundelach<\/h2><div class='avia-caption-content '  itemprop=\"description\" ><p>&#8222;Ich habe gelernt, selbstst\u00e4ndig zu lernen und F\u00e4higkeiten im Recherchieren, Strukturieren, Schreiben und Formatieren von gr\u00f6\u00dferen Aufs\u00e4tzen, Projekten und Pr\u00e4sentationen entwickelt.&#8220;<\/p>\n<\/div><\/div><\/div><\/div><\/div><\/div><img decoding=\"async\" fetchpriority=\"high\" class=\"wp-image-7374 avia-img-lazy-loading-not-7374\" src=\"https:\/\/is-hr.de\/wp-content\/uploads\/2024\/01\/SubPage_Lennart_1500x430.jpg\" width=\"1500\" height=\"430\" title=\"SubPage_Lennart_1500x430\" alt=\"\" itemprop=\"thumbnailUrl\" srcset=\"https:\/\/is-hr.de\/wp-content\/uploads\/2024\/01\/SubPage_Lennart_1500x430.jpg 1500w, https:\/\/is-hr.de\/wp-content\/uploads\/2024\/01\/SubPage_Lennart_1500x430-300x86.jpg 300w, https:\/\/is-hr.de\/wp-content\/uploads\/2024\/01\/SubPage_Lennart_1500x430-1030x295.jpg 1030w, https:\/\/is-hr.de\/wp-content\/uploads\/2024\/01\/SubPage_Lennart_1500x430-768x220.jpg 768w, https:\/\/is-hr.de\/wp-content\/uploads\/2024\/01\/SubPage_Lennart_1500x430-705x202.jpg 705w\" sizes=\"(max-width: 1500px) 100vw, 1500px\"><\/div><\/li><\/ul><\/div><\/div><div id='after_full_slider_1'  class='main_color av_default_container_wrap container_wrap fullsize'  ><div class='container av-section-cont-open' ><div class='template-page content  av-content-full alpha units'><div class='post-entry post-entry-type-page post-entry-7392'><div class='entry-content-wrapper clearfix'>\n<section  class='av_textblock_section av-lo2pkdfu-627de79c6116362ad0509fd870c76168 '   itemscope=\"itemscope\" itemtype=\"https:\/\/schema.org\/CreativeWork\" ><div class='avia_textblock av_inherit_color'  itemprop=\"text\" ><h1 style=\"text-align: center;\">WHERE ARE THEY NOW?<\/h1>\n<h5 style=\"text-align: center;\"><br class=\"avia-permanent-lb\">ALUMNI Q&amp;A<\/h5>\n<h6 style=\"text-align: center;\">Januar 2024<\/h6>\n<\/div><\/section>\n\n<style type=\"text\/css\" data-created_by=\"avia_inline_auto\" id=\"style-css-av-8ri5xx-f2fdf1b510cad2adb5094af4cc861a6d\">\n#top .hr.av-8ri5xx-f2fdf1b510cad2adb5094af4cc861a6d{\nmargin-top:15px;\nmargin-bottom:0px;\n}\n.hr.av-8ri5xx-f2fdf1b510cad2adb5094af4cc861a6d .hr-inner{\nwidth:60px;\nborder-color:#ed1c24;\n}\n<\/style>\n<div  class='hr av-8ri5xx-f2fdf1b510cad2adb5094af4cc861a6d hr-custom  avia-builder-el-2  el_after_av_textblock  el_before_av_hr  hr-center hr-icon-no'><span class='hr-inner inner-border-av-border-fat'><span class=\"hr-inner-style\"><\/span><\/span><\/div>\n\n<style type=\"text\/css\" data-created_by=\"avia_inline_auto\" id=\"style-css-av-88td9h-28a5d78b8bbf92c961f6e7afa913ee52\">\n#top .hr.hr-invisible.av-88td9h-28a5d78b8bbf92c961f6e7afa913ee52{\nheight:20px;\n}\n<\/style>\n<div  class='hr av-88td9h-28a5d78b8bbf92c961f6e7afa913ee52 hr-invisible  avia-builder-el-3  el_after_av_hr  el_before_av_textblock '><span class='hr-inner '><span class=\"hr-inner-style\"><\/span><\/span><\/div>\n<section  class='av_textblock_section av-lo2s9xqv-b89fa38e7a894c804667f15984c19ddc '   itemscope=\"itemscope\" itemtype=\"https:\/\/schema.org\/CreativeWork\" ><div class='avia_textblock'  itemprop=\"text\" ><h4 style=\"text-align: center;\"><strong>Wie hei\u00dft du?<\/strong><\/h4>\n<div class=\"Qr7Oae\" role=\"listitem\">\n<div class=\"OxAavc NVbRL\" data-required=\"true\" data-item-id=\"487932146\">\n<div class=\"xMZTse Ih4Dzb\">\n<div class=\"Mh5jwe JqSWld yqQS1\" style=\"text-align: center;\" aria-describedby=\"c250\">\n<div class=\"Qr7Oae\" role=\"listitem\">\n<div class=\"OxAavc NVbRL\" data-required=\"true\" data-item-id=\"487932146\">\n<div class=\"xMZTse Ih4Dzb\">\n<div class=\"Mh5jwe JqSWld yqQS1\" aria-describedby=\"c12\">Lennart Gundelach<br class=\"avia-permanent-lb\"><br class=\"avia-permanent-lb\"><\/div>\n<\/div>\n<\/div>\n<\/div>\n<\/div>\n<\/div>\n<\/div>\n<\/div>\n<div class=\"Qr7Oae\" style=\"text-align: center;\" role=\"listitem\"><strong>Wie viele Jahre warst du an der ISHR?<\/strong><\/div>\n<div class=\"Qr7Oae\" role=\"listitem\">\n<div class=\"OxAavc NVbRL\" data-item-id=\"1588379409\">\n<div class=\"Ih4Dzb\">\n<div class=\"q4tvle JqSWld yqQS1\" style=\"text-align: center;\">14 Jahre <br class=\"avia-permanent-lb\"><br class=\"avia-permanent-lb\"><\/div>\n<div class=\"q4tvle JqSWld yqQS1\" style=\"text-align: center;\"><strong>In welchem Jahr haben Sie Ihren Abschluss gemacht?  <\/strong>2013<\/div>\n<div class=\"q4tvle JqSWld yqQS1\" style=\"text-align: center;\"><strong style=\"font-size: 18px;\"> <br class=\"avia-permanent-lb\">Was machst du jetzt?<\/strong><\/div>\n<\/div>\n<\/div>\n<\/div>\n<div class=\"Qr7Oae\" role=\"listitem\">\n<div class=\"OxAavc NVbRL\" data-item-id=\"1065998026\">\n<div class=\"Ih4Dzb\">\n<div class=\"q4tvle JqSWld yqQS1\" style=\"text-align: center;\">  Ich \u00fcbernehme derzeit eine neue Rolle als Leiterin f\u00fcr Daten und KI bei der deutschen Tochtergesellschaft eines gro\u00dfen franz\u00f6sischen IT-Beratungsunternehmens. In den letzten eineinhalb Jahren habe ich als Projektleiter in verschiedenen IT- und Beratungsprojekten bei VW, AUDI und Porsche gearbeitet. Bevor ich in die Industrie eingestiegen bin, habe ich einige Zeit an der Universit\u00e4t in England verbracht. Dort habe ich meinen Masterabschluss in Theoretischer Physik in Glasgow, einen Masterabschluss in Theoretischer und Computergest\u00fctzter Chemie in Oxford sowie einen Doktortitel in Computergest\u00fctzter Chemie in Southampton absolviert. Aktuell beende ich ein berufsbegleitendes MBA-Programm. Vor drei Jahren kehrte ich nach Hannover, Deutschland, zur\u00fcck, wo ich mich wieder niedergelassen habe. Meine Tochter besucht jetzt die ISHR, genau wie ich damals, und wir fahren sogar mit derselben Stra\u00dfenbahnlinie zur Schule.  <br class=\"avia-permanent-lb\"><strong>Was war dein Lieblingsfach an der ISHR?<\/strong><\/div>\n<\/div>\n<\/div>\n<\/div>\n<div class=\"Qr7Oae\" role=\"listitem\">\n<div class=\"OxAavc NVbRL\" data-item-id=\"748876735\">\n<div class=\"Ih4Dzb\">\n<div class=\"q4tvle JqSWld yqQS1\" style=\"text-align: center;\">Wahrscheinlich englische und deutsche Literatur.<br class=\"avia-permanent-lb\"><br class=\"avia-permanent-lb\"><strong>Inwiefern haben Sie das Gef\u00fchl, dass die ISHR Sie auf das vorbereitet hat, was danach kam?<\/strong><\/div>\n<\/div>\n<\/div>\n<\/div>\n<div class=\"Qr7Oae\" role=\"listitem\">\n<div class=\"OxAavc NVbRL\" data-item-id=\"1311300021\">\n<div class=\"Ih4Dzb\">\n<div class=\"q4tvle JqSWld yqQS1\" style=\"text-align: center;\">Ich habe gelernt, selbstst\u00e4ndig zu lernen, und habe F\u00e4higkeiten im Recherchieren, Strukturieren, Schreiben und Formatieren von gr\u00f6\u00dferen Aufs\u00e4tzen, Projekten und Pr\u00e4sentationen entwickelt. Diese F\u00e4higkeiten waren w\u00e4hrend meiner Studienzeit von unsch\u00e4tzbarem Wert. Der Kontakt zu Lehrern mit Akzenten aus der ganzen Welt hat mir auch sehr geholfen, den schottischen Akzent zu verstehen, als ich nach Glasgow zog. <br class=\"avia-permanent-lb\"><br class=\"avia-permanent-lb\"><strong>Was war die gr\u00f6\u00dfte Herausforderung, sich an das Leben nach der ISHR zu gew\u00f6hnen?<\/strong><\/div>\n<\/div>\n<\/div>\n<\/div>\n<div class=\"Qr7Oae\" role=\"listitem\">\n<div class=\"OxAavc NVbRL\" data-item-id=\"441133761\">\n<div class=\"Ih4Dzb\">\n<div class=\"q4tvle JqSWld yqQS1\" style=\"text-align: center;\">Nach dem Abschluss gingen wir alle getrennte Wege und verteilten uns \u00fcber den ganzen Globus, um zu studieren und zu arbeiten, so dass es schwierig ist, in Kontakt zu bleiben. <br class=\"avia-permanent-lb\"><br class=\"avia-permanent-lb\"><strong>Welchen Rat w\u00fcrdest du derzeitigen Sch\u00fcler:innen oder deinem fr\u00fcheren Ich geben?<\/strong><\/div>\n<\/div>\n<\/div>\n<\/div>\n<p style=\"text-align: center;\">Nur weil du gerade in einem Schulfach nicht besonders erfolgreich bist, bedeutet das nicht, dass du es nicht in der Zukunft verfolgen kannst. Meine schlechtesten F\u00e4cher im IB waren Mathe und Physik, trotzdem habe ich an der Uni Theoretische Physik studiert und war sehr gut. Manchmal dauert es einfach ein bisschen l\u00e4nger. Bleib dabei, wenn es etwas ist, das dir wichtig ist. Au\u00dferdem sind die in der Schule gew\u00e4hlten F\u00e4cher nicht bindend, es sei denn, sie sind eine zwingende Zulassungsvoraussetzung f\u00fcr den gew\u00fcnschten Hochschulabschluss. Das gilt \u00fcbrigens auch f\u00fcr den Hochschulabschluss.<br class=\"avia-permanent-lb\"><br class=\"avia-permanent-lb\"><strong>Was ist deine sch\u00f6nste Erinnerung an die Zeit an der ISHR? <\/strong><\/p>\n<p style=\"text-align: center;\">Deutschland bereisen mit dem Badminton-Team, au\u00dferschulische Aktivit\u00e4ten wie der Strategie-Spiele-Club und unsere gr\u00f6\u00dferen Klassenausfl\u00fcge.<\/p>\n<\/div><\/section>\n<div  class='avia-button-wrap av-lo5tpuxf-ee381deaecd27f1b9ef7012a8cf32636-wrap avia-button-center  avia-builder-el-5  el_after_av_textblock  avia-builder-el-last '><a href='https:\/\/is-hr.de\/de\/schulgemeinschaft\/alumni\/'  class='avia-button av-lo5tpuxf-ee381deaecd27f1b9ef7012a8cf32636 av-link-btn avia-icon_select-no avia-size-x-large avia-position-center avia-color-theme-color'   aria-label=\"ZUR\u00dcCK\"><span class='avia_iconbox_title' >ZUR\u00dcCK<\/span><\/a><\/div>\n","protected":false},"excerpt":{"rendered":"","protected":false},"author":4,"featured_media":0,"parent":5474,"menu_order":0,"comment_status":"closed","ping_status":"closed","template":"","meta":{"footnotes":""},"class_list":["post-7392","page","type-page","status-publish","hentry"],"_links":{"self":[{"href":"https:\/\/is-hr.de\/de\/wp-json\/wp\/v2\/pages\/7392","targetHints":{"allow":["GET"]}}],"collection":[{"href":"https:\/\/is-hr.de\/de\/wp-json\/wp\/v2\/pages"}],"about":[{"href":"https:\/\/is-hr.de\/de\/wp-json\/wp\/v2\/types\/page"}],"author":[{"embeddable":true,"href":"https:\/\/is-hr.de\/de\/wp-json\/wp\/v2\/users\/4"}],"replies":[{"embeddable":true,"href":"https:\/\/is-hr.de\/de\/wp-json\/wp\/v2\/comments?post=7392"}],"version-history":[{"count":0,"href":"https:\/\/is-hr.de\/de\/wp-json\/wp\/v2\/pages\/7392\/revisions"}],"up":[{"embeddable":true,"href":"https:\/\/is-hr.de\/de\/wp-json\/wp\/v2\/pages\/5474"}],"wp:attachment":[{"href":"https:\/\/is-hr.de\/de\/wp-json\/wp\/v2\/media?parent=7392"}],"curies":[{"name":"wp","href":"https:\/\/api.w.org\/{rel}","templated":true}]}}