{"id":7222,"date":"2023-11-30T11:58:14","date_gmt":"2023-11-30T10:58:14","guid":{"rendered":"https:\/\/is-hr.de\/bildung\/kindergarten\/warum-den-kindergarten-der-ishr-waehlen\/"},"modified":"2025-01-17T13:14:28","modified_gmt":"2025-01-17T12:14:28","slug":"warum-den-kindergarten-der-ishr-waehlen","status":"publish","type":"page","link":"https:\/\/is-hr.de\/de\/bildung\/kindergarten\/warum-den-kindergarten-der-ishr-waehlen\/","title":{"rendered":"Warum den Kindergarten der ISHR w\u00e4hlen?"},"content":{"rendered":"<div  class='flex_column av-43ydax-af6dd5ae7598285f71c6429615a33776 av_one_full  avia-builder-el-0  el_before_av_slideshow_full  avia-builder-el-no-sibling  first flex_column_div  '     ><\/div>\n<\/div><\/div><\/div><!-- close content main div --><\/div><\/div><div id='full_slider_1'  class='avia-fullwidth-slider main_color avia-shadow   avia-builder-el-1  el_after_av_one_full  el_before_av_heading   slider-not-first container_wrap fullsize'  ><div  class='avia-slideshow av-m5wek9ks-1120604285b071b78cf5c57f4d4dc81a avia-slideshow-featured av_slideshow_full avia-slide-slider av-slideshow-ui av-control-default av-slideshow-manual av-loop-once av-loop-manual-endless av-default-height-applied   avia-slideshow-1' data-slideshow-options=\"{&quot;animation&quot;:&quot;slide&quot;,&quot;autoplay&quot;:false,&quot;loop_autoplay&quot;:&quot;once&quot;,&quot;interval&quot;:5,&quot;loop_manual&quot;:&quot;manual-endless&quot;,&quot;autoplay_stopper&quot;:false,&quot;noNavigation&quot;:false,&quot;bg_slider&quot;:false,&quot;keep_padding&quot;:false,&quot;hoverpause&quot;:false,&quot;show_slide_delay&quot;:0}\"  itemprop=\"image\" itemscope=\"itemscope\" itemtype=\"https:\/\/schema.org\/ImageObject\" ><ul class='avia-slideshow-inner ' style='padding-bottom: 28.666666666667%;'><li  class='avia-slideshow-slide av-m5wek9ks-1120604285b071b78cf5c57f4d4dc81a__0  av-single-slide slide-1 slide-odd'><div data-rel='slideshow-1' class='avia-slide-wrap '   ><img decoding=\"async\" fetchpriority=\"high\" class=\"wp-image-9702 avia-img-lazy-loading-not-9702\" src=\"https:\/\/is-hr.de\/wp-content\/uploads\/2025\/01\/Why_ISHR_KiGa_Slider.png\" width=\"1500\" height=\"430\" title=\"Why_ISHR_KiGa_Slider\" alt=\"\" itemprop=\"thumbnailUrl\" srcset=\"https:\/\/is-hr.de\/wp-content\/uploads\/2025\/01\/Why_ISHR_KiGa_Slider.png 1500w, https:\/\/is-hr.de\/wp-content\/uploads\/2025\/01\/Why_ISHR_KiGa_Slider-300x86.png 300w, https:\/\/is-hr.de\/wp-content\/uploads\/2025\/01\/Why_ISHR_KiGa_Slider-1030x295.png 1030w, https:\/\/is-hr.de\/wp-content\/uploads\/2025\/01\/Why_ISHR_KiGa_Slider-768x220.png 768w, https:\/\/is-hr.de\/wp-content\/uploads\/2025\/01\/Why_ISHR_KiGa_Slider-705x202.png 705w\" sizes=\"(max-width: 1500px) 100vw, 1500px\"><\/div><\/li><\/ul><\/div><\/div><div id='after_full_slider_1'  class='main_color av_default_container_wrap container_wrap fullsize'  ><div class='container av-section-cont-open' ><div class='template-page content  av-content-full alpha units'><div class='post-entry post-entry-type-page post-entry-7222'><div class='entry-content-wrapper clearfix'>\n\n<style type=\"text\/css\" data-created_by=\"avia_inline_auto\" id=\"style-css-av-m5weu8fm-42f5d328b51d77e19fb840cf98faf511\">\n#top .av-special-heading.av-m5weu8fm-42f5d328b51d77e19fb840cf98faf511{\npadding-bottom:10px;\n}\nbody .av-special-heading.av-m5weu8fm-42f5d328b51d77e19fb840cf98faf511 .av-special-heading-tag .heading-char{\nfont-size:25px;\n}\n.av-special-heading.av-m5weu8fm-42f5d328b51d77e19fb840cf98faf511 .av-subheading{\nfont-size:15px;\n}\n<\/style>\n<div  class='av-special-heading av-m5weu8fm-42f5d328b51d77e19fb840cf98faf511 av-special-heading-h2  avia-builder-el-2  el_after_av_slideshow_full  el_before_av_iconlist  avia-builder-el-first '><h2 class='av-special-heading-tag '  itemprop=\"headline\"  >Warum den Kindergarten der ISHR w\u00e4hlen?<\/h2><div class=\"special-heading-border\"><div class=\"special-heading-inner-border\"><\/div><\/div><\/div>\n\n<style type=\"text\/css\" data-created_by=\"avia_inline_auto\" id=\"style-css-av-m5wfj2r2-085aa24b02cdcfe2bf0031fa23da5d90\">\n#top .avia-icon-list-container.av-m5wfj2r2-085aa24b02cdcfe2bf0031fa23da5d90 .iconlist_icon{\nbackground-color:#b02b2c;\n}\n<\/style>\n<div  class='avia-icon-list-container av-m5wfj2r2-085aa24b02cdcfe2bf0031fa23da5d90  avia-builder-el-3  el_after_av_heading  el_before_av_section  avia-builder-el-last '><ul class='avia-icon-list avia_animate_when_almost_visible avia-icon-list-left av-iconlist-big av-m5wfj2r2-085aa24b02cdcfe2bf0031fa23da5d90 avia-iconlist-animate'>\n<li><div class='iconlist_icon av-m5wfb1bs-190a6c73a30a3bb5da522a3589b76d3a avia-font-entypo-fontello'><span class='iconlist-char' aria-hidden='true' data-av_icon='\ue8bd' data-av_iconfont='entypo-fontello'><\/span><\/div><article class=\"article-icon-entry \"  itemscope=\"itemscope\" itemtype=\"https:\/\/schema.org\/CreativeWork\" ><div class=\"iconlist_content_wrap\"><header class=\"entry-content-header\" aria-label=\"Icon: Zuverl\u00e4ssige Betreuung\"><h4 class='av_iconlist_title iconlist_title  '  itemprop=\"headline\" >Zuverl\u00e4ssige Betreuung<\/h4><\/header><div class='iconlist_content '  itemprop=\"text\" ><p>Durch sorgf\u00e4ltige Personalplanung gew\u00e4hrleisten wir eine l\u00fcckenlose Betreuung ohne Ausf\u00e4lle \u2013 auch im Krankheitsfall steht stets eine qualifizierte Vertretung bereit. Zudem bieten wir erweiterte Betreuungszeiten bis 17:00 Uhr an.<\/p>\n<\/div><\/div><footer class=\"entry-footer\"><\/footer><\/article><div class=\"iconlist-timeline\"><\/div><\/li>\n<li><div class='iconlist_icon av-m5wfciri-f56c1a037c451b20f92f4170cac12daf avia-font-entypo-fontello'><span class='iconlist-char' aria-hidden='true' data-av_icon='\ue8bd' data-av_iconfont='entypo-fontello'><\/span><\/div><article class=\"article-icon-entry \"  itemscope=\"itemscope\" itemtype=\"https:\/\/schema.org\/CreativeWork\" ><div class=\"iconlist_content_wrap\"><header class=\"entry-content-header\" aria-label=\"Icon: Individuelles Lernen mit Kreativit\u00e4t\"><h4 class='av_iconlist_title iconlist_title  '  itemprop=\"headline\" >Individuelles Lernen mit Kreativit\u00e4t<\/h4><\/header><div class='iconlist_content '  itemprop=\"text\" ><p>Unser modernes und flexibles Lernkonzept kombiniert spielerische Elemente mit gezielter F\u00f6rderung, um die Neugier und Kreativit\u00e4t der Kinder zu wecken. Dabei ber\u00fccksichtigen wir die unterschiedlichen Lernbed\u00fcrfnisse und unterst\u00fctzen jedes Kind in seiner individuellen Entwicklung.<\/p>\n<\/div><\/div><footer class=\"entry-footer\"><\/footer><\/article><div class=\"iconlist-timeline\"><\/div><\/li>\n<li><div class='iconlist_icon av-m5wfdph1-ccd7abbfb935e9e4d0aa34f94b3cb079 avia-font-entypo-fontello'><span class='iconlist-char' aria-hidden='true' data-av_icon='\ue8bd' data-av_iconfont='entypo-fontello'><\/span><\/div><article class=\"article-icon-entry \"  itemscope=\"itemscope\" itemtype=\"https:\/\/schema.org\/CreativeWork\" ><div class=\"iconlist_content_wrap\"><header class=\"entry-content-header\" aria-label=\"Icon: Fr\u00fcher Englischvorteil\"><h4 class='av_iconlist_title iconlist_title  '  itemprop=\"headline\" >Fr\u00fcher Englischvorteil<\/h4><\/header><div class='iconlist_content '  itemprop=\"text\" ><p>Durch den fr\u00fchen Erwerb von Englischkenntnissen geben wir den Kindern die M\u00f6glichkeit, sich schon in jungen Jahren mit einer internationalen Sprache vertraut zu machen. Dies verschafft ihnen einen wertvollen Vorsprung in einer zunehmend globalisierten Welt.<\/p>\n<\/div><\/div><footer class=\"entry-footer\"><\/footer><\/article><div class=\"iconlist-timeline\"><\/div><\/li>\n<li><div class='iconlist_icon av-m5wfgt3a-9cd0686224baff80260cf56bf288a93e avia-font-entypo-fontello'><span class='iconlist-char' aria-hidden='true' data-av_icon='\ue8bd' data-av_iconfont='entypo-fontello'><\/span><\/div><article class=\"article-icon-entry \"  itemscope=\"itemscope\" itemtype=\"https:\/\/schema.org\/CreativeWork\" ><div class=\"iconlist_content_wrap\"><header class=\"entry-content-header\" aria-label=\"Icon: Musik-, Kunst- und Sportunterricht\"><h4 class='av_iconlist_title iconlist_title  '  itemprop=\"headline\" >Musik-, Kunst- und Sportunterricht<\/h4><\/header><div class='iconlist_content '  itemprop=\"text\" ><p>Unser kreatives Angebot in Musik, Kunst und Sport f\u00f6rdert die ganzheitliche Entwicklung der Kinder. Durch spielerisches Erlernen von Musik, das Ausdr\u00fccken in Kunst und die Bewegung im Sport st\u00e4rken wir nicht nur die F\u00e4higkeiten, sondern auch das Selbstbewusstsein und die sozialen Kompetenzen jedes Kindes.<\/p>\n<\/div><\/div><footer class=\"entry-footer\"><\/footer><\/article><div class=\"iconlist-timeline\"><\/div><\/li>\n<li><div class='iconlist_icon av-m5wfic7i-8b90c8b79c29f3a9eb1651312bfb5202 avia-font-entypo-fontello'><span class='iconlist-char' aria-hidden='true' data-av_icon='\ue8bd' data-av_iconfont='entypo-fontello'><\/span><\/div><article class=\"article-icon-entry \"  itemscope=\"itemscope\" itemtype=\"https:\/\/schema.org\/CreativeWork\" ><div class=\"iconlist_content_wrap\"><header class=\"entry-content-header\" aria-label=\"Icon: Erfahrene Erzieher:innen\"><h4 class='av_iconlist_title iconlist_title  '  itemprop=\"headline\" >Erfahrene Erzieher:innen<\/h4><\/header><div class='iconlist_content '  itemprop=\"text\" ><p>Unsere p\u00e4dagogischen Fachkr\u00e4fte bringen jahrelange Erfahrung und Leidenschaft f\u00fcr die fr\u00fchkindliche Bildung mit. Sie schaffen eine vertrauensvolle und liebevolle Umgebung, in der jedes Kind individuell gef\u00f6rdert und unterst\u00fctzt wird.<\/p>\n<\/div><\/div><footer class=\"entry-footer\"><\/footer><\/article><div class=\"iconlist-timeline\"><\/div><\/li>\n<li><div class='iconlist_icon av-m5wfj0z1-d4f53912d05ad6a533d2861b670fcd98 avia-font-entypo-fontello'><span class='iconlist-char' aria-hidden='true' data-av_icon='\ue8bd' data-av_iconfont='entypo-fontello'><\/span><\/div><article class=\"article-icon-entry \"  itemscope=\"itemscope\" itemtype=\"https:\/\/schema.org\/CreativeWork\" ><div class=\"iconlist_content_wrap\"><header class=\"entry-content-header\" aria-label=\"Icon: Tolle R\u00e4umlichkeiten\"><h4 class='av_iconlist_title iconlist_title  '  itemprop=\"headline\" >Tolle R\u00e4umlichkeiten<\/h4><\/header><div class='iconlist_content '  itemprop=\"text\" ><p>ISHR befindet sich im gr\u00fcnen Herzen Hannovers und bietet helle, freundliche R\u00e4ume, die mit modernen Lehrmitteln ausgestattet sind. Hier k\u00f6nnen die Kinder in einer inspirierenden Umgebung spielerisch lernen und wachsen.<\/p>\n<\/div><\/div><footer class=\"entry-footer\"><\/footer><\/article><div class=\"iconlist-timeline\"><\/div><\/li>\n<\/ul><\/div>\n<\/div><\/div><\/div><!-- close content main div --><\/div><\/div>\n<style type=\"text\/css\" data-created_by=\"avia_inline_auto\" id=\"style-css-av-39mrgp-e92c0a46257d3a01512033684144dfc5\">\n.avia-section.av-39mrgp-e92c0a46257d3a01512033684144dfc5{\nbackground-color:#b02b2c;\nbackground-image:unset;\n}\n<\/style>\n<div id='av_section_1'  class='avia-section av-39mrgp-e92c0a46257d3a01512033684144dfc5 main_color avia-section-default avia-no-border-styling  avia-builder-el-4  el_after_av_iconlist  avia-builder-el-last  avia-bg-style-scroll container_wrap fullsize'  ><div class='container av-section-cont-open' ><div class='template-page content  av-content-full alpha units'><div class='post-entry post-entry-type-page post-entry-7222'><div class='entry-content-wrapper clearfix'>\n\n<style type=\"text\/css\" data-created_by=\"avia_inline_auto\" id=\"style-css-av-m5wahncz-fb36e5d6d8d5e80101e478984da1c534\">\n#top .av-special-heading.av-m5wahncz-fb36e5d6d8d5e80101e478984da1c534{\npadding-bottom:10px;\ncolor:#ffffff;\n}\nbody .av-special-heading.av-m5wahncz-fb36e5d6d8d5e80101e478984da1c534 .av-special-heading-tag .heading-char{\nfont-size:25px;\n}\n.av-special-heading.av-m5wahncz-fb36e5d6d8d5e80101e478984da1c534 .special-heading-inner-border{\nborder-color:#ffffff;\n}\n.av-special-heading.av-m5wahncz-fb36e5d6d8d5e80101e478984da1c534 .av-subheading{\nfont-size:15px;\n}\n<\/style>\n<div  class='av-special-heading av-m5wahncz-fb36e5d6d8d5e80101e478984da1c534 av-special-heading-h2 custom-color-heading  avia-builder-el-5  el_before_av_textblock  avia-builder-el-first '><h2 class='av-special-heading-tag '  itemprop=\"headline\"  >INTERESSIERT AN EINER TOUR?<\/h2><div class=\"special-heading-border\"><div class=\"special-heading-inner-border\"><\/div><\/div><\/div>\n\n<style type=\"text\/css\" data-created_by=\"avia_inline_auto\" id=\"style-css-av-m5waj4n2-f01d7f65c6f9058d7bf7075afc35d7cd\">\n#top .av_textblock_section.av-m5waj4n2-f01d7f65c6f9058d7bf7075afc35d7cd .avia_textblock{\ncolor:#ffffff;\n}\n<\/style>\n<section  class='av_textblock_section av-m5waj4n2-f01d7f65c6f9058d7bf7075afc35d7cd '   itemscope=\"itemscope\" itemtype=\"https:\/\/schema.org\/CreativeWork\" ><div class='avia_textblock av_inherit_color'  itemprop=\"text\" ><p>Wir laden Sie herzlich zu einem Rundgang \u00fcber den Campus ein, damit Sie sich selbst ein Bild von unserem Kindergarten machen k\u00f6nnen. Wenden Sie sich einfach an Ute Fischer, Admissions Coordinator, um einen Termin zu vereinbaren:<\/p>\n<div>\n<div>Telefon +49 511 270 426 280<\/div>\n<p><a href=\"mailto:Ute-Fischer@is-hr.de\" target=\"_blank\" rel=\"noopener\">Ute-Fischer@is-hr.de<\/a><\/div>\n<\/div><\/section>\n\n","protected":false},"excerpt":{"rendered":"","protected":false},"author":4,"featured_media":0,"parent":5524,"menu_order":0,"comment_status":"closed","ping_status":"closed","template":"","meta":{"footnotes":""},"class_list":["post-7222","page","type-page","status-publish","hentry"],"_links":{"self":[{"href":"https:\/\/is-hr.de\/de\/wp-json\/wp\/v2\/pages\/7222","targetHints":{"allow":["GET"]}}],"collection":[{"href":"https:\/\/is-hr.de\/de\/wp-json\/wp\/v2\/pages"}],"about":[{"href":"https:\/\/is-hr.de\/de\/wp-json\/wp\/v2\/types\/page"}],"author":[{"embeddable":true,"href":"https:\/\/is-hr.de\/de\/wp-json\/wp\/v2\/users\/4"}],"replies":[{"embeddable":true,"href":"https:\/\/is-hr.de\/de\/wp-json\/wp\/v2\/comments?post=7222"}],"version-history":[{"count":0,"href":"https:\/\/is-hr.de\/de\/wp-json\/wp\/v2\/pages\/7222\/revisions"}],"up":[{"embeddable":true,"href":"https:\/\/is-hr.de\/de\/wp-json\/wp\/v2\/pages\/5524"}],"wp:attachment":[{"href":"https:\/\/is-hr.de\/de\/wp-json\/wp\/v2\/media?parent=7222"}],"curies":[{"name":"wp","href":"https:\/\/api.w.org\/{rel}","templated":true}]}}