{"id":7093,"date":"2023-10-27T13:24:31","date_gmt":"2023-10-27T11:24:31","guid":{"rendered":"https:\/\/is-hr.de\/schulgemeinschaft\/where-are-they-now-maxine-dohrmann\/"},"modified":"2024-11-19T15:17:31","modified_gmt":"2024-11-19T14:17:31","slug":"where-are-they-now-maxine-dohrmann","status":"publish","type":"page","link":"https:\/\/is-hr.de\/de\/schulgemeinschaft\/where-are-they-now-maxine-dohrmann\/","title":{"rendered":"Where are they now? Maxine Dohrmann"},"content":{"rendered":"<div id='full_slider_1'  class='avia-fullwidth-slider main_color avia-shadow   avia-builder-el-0  el_before_av_textblock  avia-builder-el-first   container_wrap fullsize'  >\n<style type=\"text\/css\" data-created_by=\"avia_inline_auto\" id=\"style-css-av-lo8j73q8-9fc1f4a73c0abd850fcea1c94329c0dc\">\n#top #wrap_all .avia-slideshow .av-slideshow-caption.av-lo8j73q8-9fc1f4a73c0abd850fcea1c94329c0dc__0 .avia-caption-title{\nfont-size:20px;\n}\n#top .avia-slideshow .av-slideshow-caption.av-lo8j73q8-9fc1f4a73c0abd850fcea1c94329c0dc__0 .avia-caption-content{\nfont-size:20px;\n}\n#top .avia-slideshow .av-slideshow-caption.av-lo8j73q8-9fc1f4a73c0abd850fcea1c94329c0dc__0 .avia-caption-content p{\nfont-size:20px;\n}\n<\/style>\n<div  class='avia-slideshow av-lo8j73q8-9fc1f4a73c0abd850fcea1c94329c0dc avia-slideshow-featured av_slideshow_full avia-slide-slider av-slideshow-ui av-control-default av-slideshow-manual av-loop-once av-loop-manual-endless av-default-height-applied   avia-slideshow-1' data-slideshow-options=\"{&quot;animation&quot;:&quot;slide&quot;,&quot;autoplay&quot;:false,&quot;loop_autoplay&quot;:&quot;once&quot;,&quot;interval&quot;:5,&quot;loop_manual&quot;:&quot;manual-endless&quot;,&quot;autoplay_stopper&quot;:false,&quot;noNavigation&quot;:false,&quot;bg_slider&quot;:false,&quot;keep_padding&quot;:false,&quot;hoverpause&quot;:false,&quot;show_slide_delay&quot;:0}\"  itemprop=\"image\" itemscope=\"itemscope\" itemtype=\"https:\/\/schema.org\/ImageObject\" ><ul class='avia-slideshow-inner ' style='padding-bottom: 28.666666666667%;'><li  class='avia-slideshow-slide av-lo8j73q8-9fc1f4a73c0abd850fcea1c94329c0dc__0  av-single-slide slide-1 slide-odd'><div data-rel='slideshow-1' class='avia-slide-wrap '   ><div class='av-slideshow-caption av-lo8j73q8-9fc1f4a73c0abd850fcea1c94329c0dc__0 caption_fullwidth caption_left caption_left_framed caption_framed'><div class=\"container caption_container\"><div class=\"slideshow_caption\"><div class=\"slideshow_inner_caption\"><div class=\"slideshow_align_caption\"><h2 class='avia-caption-title '  itemprop=\"name\" >Maxine Dohrmann<\/h2><div class='avia-caption-content '  itemprop=\"description\" ><p>&#8222;Ich denke, die ISHR hat mich in vielerlei Hinsicht auf das n\u00e4chste Kapitel in meinem Leben vorbereitet.&#8220;<\/p>\n<\/div><\/div><\/div><\/div><\/div><\/div><img decoding=\"async\" fetchpriority=\"high\" class=\"wp-image-6884 avia-img-lazy-loading-not-6884\" src=\"https:\/\/is-hr.de\/wp-content\/uploads\/2023\/10\/SubPage_MaxineDohrmann_1500x430.png\" width=\"1500\" height=\"430\" title=\"SubPage_MaxineDohrmann_1500x430\" alt=\"\" itemprop=\"thumbnailUrl\" srcset=\"https:\/\/is-hr.de\/wp-content\/uploads\/2023\/10\/SubPage_MaxineDohrmann_1500x430.png 1500w, https:\/\/is-hr.de\/wp-content\/uploads\/2023\/10\/SubPage_MaxineDohrmann_1500x430-300x86.png 300w, https:\/\/is-hr.de\/wp-content\/uploads\/2023\/10\/SubPage_MaxineDohrmann_1500x430-1030x295.png 1030w, https:\/\/is-hr.de\/wp-content\/uploads\/2023\/10\/SubPage_MaxineDohrmann_1500x430-768x220.png 768w, https:\/\/is-hr.de\/wp-content\/uploads\/2023\/10\/SubPage_MaxineDohrmann_1500x430-705x202.png 705w\" sizes=\"(max-width: 1500px) 100vw, 1500px\"><\/div><\/li><\/ul><\/div><\/div><div id='after_full_slider_1'  class='main_color av_default_container_wrap container_wrap fullsize'  ><div class='container av-section-cont-open' ><div class='template-page content  av-content-full alpha units'><div class='post-entry post-entry-type-page post-entry-7093'><div class='entry-content-wrapper clearfix'>\n<section  class='av_textblock_section av-lo2pkdfu-627de79c6116362ad0509fd870c76168 '   itemscope=\"itemscope\" itemtype=\"https:\/\/schema.org\/CreativeWork\" ><div class='avia_textblock av_inherit_color'  itemprop=\"text\" ><h1 style=\"text-align: center;\">WHERE ARE THEY NOW?<\/h1>\n<h5 style=\"text-align: center;\"><br class=\"avia-permanent-lb\">ALUMNI Q&amp;A<\/h5>\n<h6 style=\"text-align: center;\">November 2022<\/h6>\n<\/div><\/section>\n\n<style type=\"text\/css\" data-created_by=\"avia_inline_auto\" id=\"style-css-av-8ri5xx-f2fdf1b510cad2adb5094af4cc861a6d\">\n#top .hr.av-8ri5xx-f2fdf1b510cad2adb5094af4cc861a6d{\nmargin-top:15px;\nmargin-bottom:0px;\n}\n.hr.av-8ri5xx-f2fdf1b510cad2adb5094af4cc861a6d .hr-inner{\nwidth:60px;\nborder-color:#ed1c24;\n}\n<\/style>\n<div  class='hr av-8ri5xx-f2fdf1b510cad2adb5094af4cc861a6d hr-custom  avia-builder-el-2  el_after_av_textblock  el_before_av_hr  hr-center hr-icon-no'><span class='hr-inner inner-border-av-border-fat'><span class=\"hr-inner-style\"><\/span><\/span><\/div>\n\n<style type=\"text\/css\" data-created_by=\"avia_inline_auto\" id=\"style-css-av-88td9h-28a5d78b8bbf92c961f6e7afa913ee52\">\n#top .hr.hr-invisible.av-88td9h-28a5d78b8bbf92c961f6e7afa913ee52{\nheight:20px;\n}\n<\/style>\n<div  class='hr av-88td9h-28a5d78b8bbf92c961f6e7afa913ee52 hr-invisible  avia-builder-el-3  el_after_av_hr  el_before_av_textblock '><span class='hr-inner '><span class=\"hr-inner-style\"><\/span><\/span><\/div>\n<section  class='av_textblock_section av-lo2s9xqv-b89fa38e7a894c804667f15984c19ddc '   itemscope=\"itemscope\" itemtype=\"https:\/\/schema.org\/CreativeWork\" ><div class='avia_textblock'  itemprop=\"text\" ><h4 style=\"text-align: center;\"><strong>Wie hei\u00dft du?<\/strong><\/h4>\n<div class=\"Qr7Oae\" role=\"listitem\">\n<div class=\"OxAavc NVbRL\" data-required=\"true\" data-item-id=\"487932146\">\n<div class=\"xMZTse Ih4Dzb\">\n<div class=\"Mh5jwe JqSWld yqQS1\" style=\"text-align: center;\" aria-describedby=\"c250\">\n<div class=\"Qr7Oae\" role=\"listitem\">\n<div class=\"OxAavc NVbRL\" data-required=\"true\" data-item-id=\"487932146\">\n<div class=\"xMZTse Ih4Dzb\">\n<div class=\"Mh5jwe JqSWld yqQS1\" aria-describedby=\"c12\">Maxine Dohrmann <br class=\"avia-permanent-lb\"><br class=\"avia-permanent-lb\"><\/div>\n<\/div>\n<\/div>\n<\/div>\n<\/div>\n<\/div>\n<\/div>\n<\/div>\n<div class=\"Qr7Oae\" style=\"text-align: center;\" role=\"listitem\"><strong>Wie viele Jahre warst du an der ISHR?<\/strong><\/div>\n<div class=\"Qr7Oae\" role=\"listitem\">\n<div class=\"OxAavc NVbRL\" data-item-id=\"1588379409\">\n<div class=\"Ih4Dzb\">\n<div class=\"q4tvle JqSWld yqQS1\" style=\"text-align: center;\">9 Jahre <br class=\"avia-permanent-lb\"><br class=\"avia-permanent-lb\"><\/div>\n<div class=\"q4tvle JqSWld yqQS1\" style=\"text-align: center;\"><strong>In welchem Jahr haben Sie Ihren Abschluss gemacht?  <\/strong>2022<\/div>\n<div class=\"q4tvle JqSWld yqQS1\" style=\"text-align: center;\"><strong style=\"font-size: 18px;\"> <br class=\"avia-permanent-lb\">Was machst du jetzt?<\/strong><\/div>\n<\/div>\n<\/div>\n<\/div>\n<div class=\"Qr7Oae\" role=\"listitem\">\n<div class=\"OxAavc NVbRL\" data-item-id=\"1065998026\">\n<div class=\"Ih4Dzb\">\n<div class=\"q4tvle JqSWld yqQS1\" style=\"text-align: center;\">Hallo ISHR-Gemeinschaft! Zurzeit absolviere ich ein freiwilliges Auslandsjahr in Indien bei einer Frauen- und Kinderhilfsorganisation namens Nari-O-Sishu Kalyan Kendra (NOSKK). Hier setzen wir uns f\u00fcr die Unterst\u00fctzung und St\u00e4rkung von unterdr\u00fcckten und benachteiligten Frauen, Jugendlichen und Kindern ein. Dazu bieten wir Bildungsprogramme, Workshops, Beratung, Rechtsbeistand und Schulungen zu Themen wie Hygiene, Menschenrechte, h\u00e4usliche Gewalt, Besch\u00e4ftigung, Lebenskompetenzen und mehr. Meine Hauptaufgabe ist der Englischunterricht f\u00fcr alle Altersgruppen, vom Kindergarten bis zum College. Ich kann auch an der Beratung von Opfern h\u00e4uslicher Gewalt teilnehmen und bei der Organisation von Workshops und Kundgebungen helfen, um das Bewusstsein f\u00fcr wichtige Themen zu sch\u00e4rfen, mit denen gef\u00e4hrdete Gruppen derzeit konfrontiert sind. Au\u00dferdem habe ich die M\u00f6glichkeit, meinen kreativen Beitrag und meine Ideen in die Entwicklung k\u00fcnftiger Projekte und der Organisation selbst einzubringen. Wenn Sie mehr \u00fcber unser Anliegen erfahren m\u00f6chten, \u00fcber die Ma\u00dfnahmen, die wir ergreifen, um die Lebensbedingungen und die Ausbildung von Frauen und Kindern zu verbessern, und dar\u00fcber, wie auch Sie helfen k\u00f6nnen, lesen Sie bitte die beigef\u00fcgte Informationsbrosch\u00fcre. Wir wissen Ihre Zeit und Unterst\u00fctzung sehr zu sch\u00e4tzen! <br class=\"avia-permanent-lb\"><br class=\"avia-permanent-lb\"><strong>Was war dein Lieblingsfach an der ISHR?<\/strong><\/div>\n<\/div>\n<\/div>\n<\/div>\n<div class=\"Qr7Oae\" role=\"listitem\">\n<div class=\"OxAavc NVbRL\" data-item-id=\"748876735\">\n<div class=\"Ih4Dzb\">\n<div class=\"q4tvle JqSWld yqQS1\" style=\"text-align: center;\">Psychologie und Englisch <br class=\"avia-permanent-lb\"><br class=\"avia-permanent-lb\"><strong>Inwiefern glauben Sie, dass die ISHR Sie auf das vorbereitet hat, was danach kam?<\/strong><\/div>\n<\/div>\n<\/div>\n<\/div>\n<div class=\"Qr7Oae\" role=\"listitem\">\n<div class=\"OxAavc NVbRL\" data-item-id=\"1311300021\">\n<div class=\"Ih4Dzb\">\n<div class=\"q4tvle JqSWld yqQS1\" style=\"text-align: center;\">Ich denke, die ISHR hat mich in vielerlei Hinsicht auf das n\u00e4chste Kapitel in meinem Leben vorbereitet. Da ich derzeit Sch\u00fcler aller Altersgruppen unterrichte, denke ich immer wieder \u00fcber meine eigenen Erfahrungen als Sch\u00fclerin nach. Wenn ich meinen Englischunterricht plane, denke ich an den kreativen Unterricht, die interaktiven Lehrmethoden und die Verbindung zu meinen Lehrern an der ISHR zur\u00fcck. Ich habe mich sehr von den Lehrer:innen inspirieren lassen, die mich w\u00e4hrend meiner gesamten Schulzeit unterst\u00fctzt haben, und versuche, dieses Verhalten meinen eigenen Sch\u00fcler:innen vorzuleben. <br class=\"avia-permanent-lb\"><br class=\"avia-permanent-lb\"><strong>Was war die gr\u00f6\u00dfte Herausforderung, sich an das Leben nach der ISHR zu gew\u00f6hnen?<\/strong><\/div>\n<\/div>\n<\/div>\n<\/div>\n<div class=\"Qr7Oae\" role=\"listitem\">\n<div class=\"OxAavc NVbRL\" data-item-id=\"441133761\">\n<div class=\"Ih4Dzb\">\n<div class=\"q4tvle JqSWld yqQS1\" style=\"text-align: center;\">Ich denke, die gr\u00f6\u00dfte Herausforderung nach meinem Abschluss an der ISHR war es, eine neue Routine zu finden und mich daran zu gew\u00f6hnen. Wie jeder Sch\u00fcler habe auch ich die letzten 12 Jahre in der Schule verbracht, so dass es sich unnat\u00fcrlich anf\u00fchlte, nicht mehr f\u00fcnfmal pro Woche zur Schule gehen zu m\u00fcssen. Als ich meine IB-Pr\u00fcfungen abgeschlossen hatte, f\u00fchlte ich mich daher etwas verloren und wusste nicht, wie es in meinem Leben weitergehen sollte. Da ich es liebe, Routine zu haben, war es f\u00fcr mich wichtig, meinem Leben eine neue Richtung zu geben, sei es durch ein Studium an der Universit\u00e4t oder ein Freiwilligenjahr im Ausland. <br class=\"avia-permanent-lb\"><br class=\"avia-permanent-lb\"><strong>Welchen Rat w\u00fcrdest du derzeitigen Sch\u00fcler:innen oder deinem fr\u00fcheren Ich geben?<\/strong><\/div>\n<\/div>\n<\/div>\n<\/div>\n<p style=\"text-align: center;\">Meiner Meinung nach ist der beste Ratschlag, den man als Student bekommen kann, sich nicht zu sehr unter Druck zu setzen, was nach dem Abschluss kommt. W\u00e4hrend der 10. Klasse und des IB-Diplomas machte ich mir st\u00e4ndig Sorgen dar\u00fcber, was als N\u00e4chstes kommen w\u00fcrde, und ich wollte unbedingt alles im Griff haben. Ich verglich meinen Mangel an Zukunftspl\u00e4nen mit Leuten, die ihr ganzes Leben bereits seit der f\u00fcnften Klasse geplant haben. Ich habe jedoch gelernt, dass, sobald ich aufh\u00f6rte, mich mit den Karrierepl\u00e4nen meiner Klassenkameraden zu vergleichen, meine eigenen Ideen zu gedeihen begannen, und so kam ich dahin, wo ich jetzt bin. Ich habe gelernt, zu akzeptieren, dass jeder nach der High-School seinen eigenen Weg gehen wird, und das hat mir geholfen, meinen eigenen zu finden. <br class=\"avia-permanent-lb\"><br class=\"avia-permanent-lb\"><strong>Was ist deine sch\u00f6nste Erinnerung an die Zeit an der ISHR? <\/strong><\/p>\n<p style=\"text-align: center;\">Eine meiner sch\u00f6nsten Erinnerungen an die ISHR ist die Exkursion in der f\u00fcnften Klasse, bei der wir einen Bach \u00fcber Trittsteine \u00fcberqueren mussten. Als wir den Bach \u00fcberquerten, h\u00f6rten wir ein Platschen: Mr. Pearson war mitsamt seiner Kleidung, Handt\u00fcchern und Habseligkeiten ins Wasser gefallen.<\/p>\n<\/div><\/section>\n<div  class='avia-button-wrap av-lo5tpuxf-ee381deaecd27f1b9ef7012a8cf32636-wrap avia-button-center  avia-builder-el-5  el_after_av_textblock  avia-builder-el-last '><a href='https:\/\/is-hr.de\/de\/schulgemeinschaft\/alumni\/'  class='avia-button av-lo5tpuxf-ee381deaecd27f1b9ef7012a8cf32636 av-link-btn avia-icon_select-no avia-size-x-large avia-position-center avia-color-theme-color'   aria-label=\"ZUR\u00dcCK\"><span class='avia_iconbox_title' >ZUR\u00dcCK<\/span><\/a><\/div>\n","protected":false},"excerpt":{"rendered":"","protected":false},"author":4,"featured_media":0,"parent":5474,"menu_order":0,"comment_status":"closed","ping_status":"closed","template":"","meta":{"footnotes":""},"class_list":["post-7093","page","type-page","status-publish","hentry"],"_links":{"self":[{"href":"https:\/\/is-hr.de\/de\/wp-json\/wp\/v2\/pages\/7093","targetHints":{"allow":["GET"]}}],"collection":[{"href":"https:\/\/is-hr.de\/de\/wp-json\/wp\/v2\/pages"}],"about":[{"href":"https:\/\/is-hr.de\/de\/wp-json\/wp\/v2\/types\/page"}],"author":[{"embeddable":true,"href":"https:\/\/is-hr.de\/de\/wp-json\/wp\/v2\/users\/4"}],"replies":[{"embeddable":true,"href":"https:\/\/is-hr.de\/de\/wp-json\/wp\/v2\/comments?post=7093"}],"version-history":[{"count":0,"href":"https:\/\/is-hr.de\/de\/wp-json\/wp\/v2\/pages\/7093\/revisions"}],"up":[{"embeddable":true,"href":"https:\/\/is-hr.de\/de\/wp-json\/wp\/v2\/pages\/5474"}],"wp:attachment":[{"href":"https:\/\/is-hr.de\/de\/wp-json\/wp\/v2\/media?parent=7093"}],"curies":[{"name":"wp","href":"https:\/\/api.w.org\/{rel}","templated":true}]}}