{"id":7090,"date":"2023-10-25T16:20:06","date_gmt":"2023-10-25T14:20:06","guid":{"rendered":"https:\/\/is-hr.de\/schulgemeinschaft\/where-are-they-now-lyonel-hyer\/"},"modified":"2024-11-19T15:17:10","modified_gmt":"2024-11-19T14:17:10","slug":"where-are-they-now-lyonel-hyer","status":"publish","type":"page","link":"https:\/\/is-hr.de\/de\/schulgemeinschaft\/where-are-they-now-lyonel-hyer\/","title":{"rendered":"Where are they now? Lyonel Hyer"},"content":{"rendered":"<div id='full_slider_1'  class='avia-fullwidth-slider main_color avia-shadow   avia-builder-el-0  el_before_av_textblock  avia-builder-el-first   container_wrap fullsize'  >\n<style type=\"text\/css\" data-created_by=\"avia_inline_auto\" id=\"style-css-av-lo6yjecq-528ed1bac918f5c7f37f5735049bdb36\">\n#top #wrap_all .avia-slideshow .av-slideshow-caption.av-lo6yjecq-528ed1bac918f5c7f37f5735049bdb36__0 .avia-caption-title{\nfont-size:20px;\n}\n#top .avia-slideshow .av-slideshow-caption.av-lo6yjecq-528ed1bac918f5c7f37f5735049bdb36__0 .avia-caption-content{\nfont-size:20px;\n}\n#top .avia-slideshow .av-slideshow-caption.av-lo6yjecq-528ed1bac918f5c7f37f5735049bdb36__0 .avia-caption-content p{\nfont-size:20px;\n}\n<\/style>\n<div  class='avia-slideshow av-lo6yjecq-528ed1bac918f5c7f37f5735049bdb36 avia-slideshow-featured av_slideshow_full avia-slide-slider av-slideshow-ui av-control-default av-slideshow-manual av-loop-once av-loop-manual-endless av-default-height-applied   avia-slideshow-1' data-slideshow-options=\"{&quot;animation&quot;:&quot;slide&quot;,&quot;autoplay&quot;:false,&quot;loop_autoplay&quot;:&quot;once&quot;,&quot;interval&quot;:5,&quot;loop_manual&quot;:&quot;manual-endless&quot;,&quot;autoplay_stopper&quot;:false,&quot;noNavigation&quot;:false,&quot;bg_slider&quot;:false,&quot;keep_padding&quot;:false,&quot;hoverpause&quot;:false,&quot;show_slide_delay&quot;:0}\"  itemprop=\"image\" itemscope=\"itemscope\" itemtype=\"https:\/\/schema.org\/ImageObject\" ><ul class='avia-slideshow-inner ' style='padding-bottom: 28.666666666667%;'><li  class='avia-slideshow-slide av-lo6yjecq-528ed1bac918f5c7f37f5735049bdb36__0  av-single-slide slide-1 slide-odd'><div data-rel='slideshow-1' class='avia-slide-wrap '   ><div class='av-slideshow-caption av-lo6yjecq-528ed1bac918f5c7f37f5735049bdb36__0 caption_fullwidth caption_center caption_center_framed caption_framed'><div class=\"container caption_container\"><div class=\"slideshow_caption\"><div class=\"slideshow_inner_caption\"><div class=\"slideshow_align_caption\"><h2 class='avia-caption-title '  itemprop=\"name\" >Lyonel Hyer<\/h2><div class='avia-caption-content '  itemprop=\"description\" ><p>&#8222;Die ISHR hat mich gelehrt, Dinge durchzuziehen, auch wenn es schwierig wird.&#8220;<\/p>\n<\/div><\/div><\/div><\/div><\/div><\/div><img decoding=\"async\" fetchpriority=\"high\" class=\"wp-image-6716 avia-img-lazy-loading-not-6716\" src=\"https:\/\/is-hr.de\/wp-content\/uploads\/2023\/10\/SuPage_LyonelHyer_1500x430.jpg\" width=\"1500\" height=\"430\" title=\"SuPage_LyonelHyer_1500x430\" alt=\"\" itemprop=\"thumbnailUrl\" srcset=\"https:\/\/is-hr.de\/wp-content\/uploads\/2023\/10\/SuPage_LyonelHyer_1500x430.jpg 1500w, https:\/\/is-hr.de\/wp-content\/uploads\/2023\/10\/SuPage_LyonelHyer_1500x430-300x86.jpg 300w, https:\/\/is-hr.de\/wp-content\/uploads\/2023\/10\/SuPage_LyonelHyer_1500x430-1030x295.jpg 1030w, https:\/\/is-hr.de\/wp-content\/uploads\/2023\/10\/SuPage_LyonelHyer_1500x430-768x220.jpg 768w, https:\/\/is-hr.de\/wp-content\/uploads\/2023\/10\/SuPage_LyonelHyer_1500x430-705x202.jpg 705w\" sizes=\"(max-width: 1500px) 100vw, 1500px\"><\/div><\/li><\/ul><\/div><\/div><div id='after_full_slider_1'  class='main_color av_default_container_wrap container_wrap fullsize'  ><div class='container av-section-cont-open' ><div class='template-page content  av-content-full alpha units'><div class='post-entry post-entry-type-page post-entry-7090'><div class='entry-content-wrapper clearfix'>\n<section  class='av_textblock_section av-lo2pkdfu-627de79c6116362ad0509fd870c76168 '   itemscope=\"itemscope\" itemtype=\"https:\/\/schema.org\/CreativeWork\" ><div class='avia_textblock av_inherit_color'  itemprop=\"text\" ><h1 style=\"text-align: center;\">WHERE ARE THEY NOW?<\/h1>\n<h5 style=\"text-align: center;\"><br class=\"avia-permanent-lb\">ALUMNI Q&amp;A<\/h5>\n<h6 style=\"text-align: center;\">Januar 2023<\/h6>\n<\/div><\/section>\n\n<style type=\"text\/css\" data-created_by=\"avia_inline_auto\" id=\"style-css-av-8ri5xx-f2fdf1b510cad2adb5094af4cc861a6d\">\n#top .hr.av-8ri5xx-f2fdf1b510cad2adb5094af4cc861a6d{\nmargin-top:15px;\nmargin-bottom:0px;\n}\n.hr.av-8ri5xx-f2fdf1b510cad2adb5094af4cc861a6d .hr-inner{\nwidth:60px;\nborder-color:#ed1c24;\n}\n<\/style>\n<div  class='hr av-8ri5xx-f2fdf1b510cad2adb5094af4cc861a6d hr-custom  avia-builder-el-2  el_after_av_textblock  el_before_av_hr  hr-center hr-icon-no'><span class='hr-inner inner-border-av-border-fat'><span class=\"hr-inner-style\"><\/span><\/span><\/div>\n\n<style type=\"text\/css\" data-created_by=\"avia_inline_auto\" id=\"style-css-av-88td9h-28a5d78b8bbf92c961f6e7afa913ee52\">\n#top .hr.hr-invisible.av-88td9h-28a5d78b8bbf92c961f6e7afa913ee52{\nheight:20px;\n}\n<\/style>\n<div  class='hr av-88td9h-28a5d78b8bbf92c961f6e7afa913ee52 hr-invisible  avia-builder-el-3  el_after_av_hr  el_before_av_textblock '><span class='hr-inner '><span class=\"hr-inner-style\"><\/span><\/span><\/div>\n<section  class='av_textblock_section av-lo2s9xqv-b89fa38e7a894c804667f15984c19ddc '   itemscope=\"itemscope\" itemtype=\"https:\/\/schema.org\/CreativeWork\" ><div class='avia_textblock'  itemprop=\"text\" ><h4 style=\"text-align: center;\"><strong>Wie hei\u00dft du?<\/strong><\/h4>\n<p style=\"text-align: center;\">Lyonel Hyer<br class=\"avia-permanent-lb\"><br class=\"avia-permanent-lb\"><\/p>\n<h4 style=\"text-align: center;\"><strong>Wie viele Jahre warst du an der ISHR?<\/strong><\/h4>\n<div class=\"Qr7Oae\" role=\"listitem\">\n<div class=\"OxAavc NVbRL\" data-item-id=\"1588379409\">\n<div class=\"Ih4Dzb\">\n<div class=\"q4tvle JqSWld yqQS1\" style=\"text-align: center;\">Ich habe in der ersten Klasse an der ISHR angefangen und sie nach der 8. Klasse f\u00fcr 3 Jahre um Fu\u00dfball zu spielen verlassen. Ich habe einen 3-Jahres-Vertrag mit dem VfL Wolfsburg unterschrieben und bin dort zur Schule gegangen. Nach drei Jahren kehrte ich zur ISHR zur\u00fcck und ging in die 11. Klasse, weil ich einen 2-Jahres-Vertrag mit Hannover 96 unterschrieben hatte.<\/div>\n<div class=\"q4tvle JqSWld yqQS1\" style=\"text-align: center;\">Insgesamt habe ich 10 Jahre bei der ISHR verbracht.<\/div>\n<div class=\"q4tvle JqSWld yqQS1\" style=\"text-align: center;\"><strong> <br class=\"avia-permanent-lb\"><br class=\"avia-permanent-lb\">In welchem Jahr hast du deinen Abschluss gemacht?<\/strong><\/div>\n<\/div>\n<\/div>\n<\/div>\n<p style=\"text-align: center;\">Ich habe im Jahr 2018 meinen Abschluss gemacht.<br class=\"avia-permanent-lb\"><br class=\"avia-permanent-lb\"><\/p>\n<h4 style=\"text-align: center;\"><strong>Was machst du jetzt? <\/strong><\/h4>\n<p style=\"text-align: center;\">Nach der ISHR begann ich ein Traineeprogramm in einem Personal Training Studio zum Sportkaufmann. Gleichzeitig absolvierte ich eine Ausbildung zum lizenzierten Personal Trainer. Ich habe jetzt vier verschiedene Trainerlizenzen. Seit Dezember 2022 betreibe ich mein Personal Training Studio in Hannover D\u00f6hren am Maschsee. Der Schwerpunkt liegt auf funktioneller Fitness und Athletiktraining. Ich arbeite mit allen m\u00f6glichen Kunden zusammen &#8211; jungen Sportlern, die in ihrem Sport mehr leisten wollen, erfolgreichen Gesch\u00e4ftsleuten, die wieder in Form kommen wollen, und Menschen \u00fcber 40, die fit bleiben und manchmal Schmerzen oder Ungleichgewichte lindern wollen. Aufgrund meiner eigenen Erfahrung mit Fu\u00dfball wei\u00df ich, wie wichtig es ist, sich regelm\u00e4\u00dfig um seinen K\u00f6rper zu k\u00fcmmern. <br class=\"avia-permanent-lb\"><br class=\"avia-permanent-lb\"><\/p>\n<h4 style=\"text-align: center;\"><strong>Was war dein Lieblingsfach an der ISHR? <\/strong><\/h4>\n<p style=\"text-align: center;\">Mein Lieblingsfach an der ISHR war immer Sport und ich wollte keine einzige Unterrichtsstunde verpassen. Selbst wenn ich erk\u00e4ltet war oder mich nicht wohl f\u00fchlte, ging ich zum Sportunterricht. Ich genoss den Sportunterricht mit allen Lehrern, die ich hatte, besonders wenn wir mit beiden Klassen Fu\u00dfball oder Dodgeball spielten.<br class=\"avia-permanent-lb\"><br class=\"avia-permanent-lb\"><\/p>\n<h4 style=\"text-align: center;\"><strong>Inwiefern hast du das Gef\u00fchl, dass die ISHR dich auf das vorbereitet hat, was danach kam? <\/strong><\/h4>\n<p style=\"text-align: center;\">Die ISHR hat mich gelehrt, Dinge durchzuziehen, auch wenn es schwierig wird. Ich habe am meisten gelernt, wenn ich nicht wusste, wie ich eine Aufgabe erledigen oder bew\u00e4ltigen sollte. Das L\u00f6sen gro\u00dfer Herausforderungen hat mich auf meine Fu\u00dfball- und Sportkarriere und auch auf das Leben vorbereitet.<br class=\"avia-permanent-lb\"><br class=\"avia-permanent-lb\"><\/p>\n<h4 style=\"text-align: center;\"><strong>Was war die gr\u00f6\u00dfte Herausforderung f\u00fcr dich, um sich an das Leben nach der ISHR anzupassen? <\/strong><\/h4>\n<p style=\"text-align: center;\">Meine gr\u00f6\u00dfte Herausforderung war es, den richtigen Karriereweg zu finden und mich darauf zu konzentrieren. Ich hatte das Gl\u00fcck, dass ich mich so sehr f\u00fcr Sport interessierte und dass es so viele M\u00f6glichkeiten gab, was ich tun konnte.<br class=\"avia-permanent-lb\"><br class=\"avia-permanent-lb\"><\/p>\n<h4 style=\"text-align: center;\"><strong>Welchen Rat w\u00fcrdest du derzeitigen Sch\u00fcler:innen oder deinem fr\u00fcheren Ich geben?<\/strong><\/h4>\n<p style=\"text-align: center;\">Ich w\u00fcrde jedem Sch\u00fcler raten, die Schule ernst zu nehmen und offen f\u00fcr neue Herausforderungen und lebenslanges Lernen zu sein. Wenn du Fragen hast, frage immer einen Lehrer. Scheu dich nicht davor zu fragen, denn meine Erfahrung zeigt, dass jeder Lehrer f\u00fcr dich da ist und bereit ist zu helfen.<br class=\"avia-permanent-lb\"><br class=\"avia-permanent-lb\"><\/p>\n<h4 style=\"text-align: center;\"><strong>Was ist deine sch\u00f6nste Erinnerung an die Zeit an der ISHR? <\/strong><\/h4>\n<p style=\"text-align: center;\">Meine Lieblingserinnerung ist die Exkursion der 5. Klasse in den Harz mit der gesamten Klasse. Meine Freunde und ich durften zusammen in einem Zimmer wohnen. Wir sind die halbe Nacht aufgeblieben und haben nur gelacht und Witze gemacht. Wir haben auch im Wald gezeltet, was ich nie vergessen werde.<\/p>\n<\/div><\/section>\n<div  class='avia-button-wrap av-lo5tpuxf-ee381deaecd27f1b9ef7012a8cf32636-wrap avia-button-center  avia-builder-el-5  el_after_av_textblock  avia-builder-el-last '><a href='https:\/\/is-hr.de\/de\/schulgemeinschaft\/alumni\/'  class='avia-button av-lo5tpuxf-ee381deaecd27f1b9ef7012a8cf32636 av-link-btn avia-icon_select-no avia-size-x-large avia-position-center avia-color-theme-color'   aria-label=\"ZUR\u00dcCK\"><span class='avia_iconbox_title' >ZUR\u00dcCK<\/span><\/a><\/div>\n","protected":false},"excerpt":{"rendered":"","protected":false},"author":4,"featured_media":0,"parent":5474,"menu_order":0,"comment_status":"closed","ping_status":"closed","template":"","meta":{"footnotes":""},"class_list":["post-7090","page","type-page","status-publish","hentry"],"_links":{"self":[{"href":"https:\/\/is-hr.de\/de\/wp-json\/wp\/v2\/pages\/7090","targetHints":{"allow":["GET"]}}],"collection":[{"href":"https:\/\/is-hr.de\/de\/wp-json\/wp\/v2\/pages"}],"about":[{"href":"https:\/\/is-hr.de\/de\/wp-json\/wp\/v2\/types\/page"}],"author":[{"embeddable":true,"href":"https:\/\/is-hr.de\/de\/wp-json\/wp\/v2\/users\/4"}],"replies":[{"embeddable":true,"href":"https:\/\/is-hr.de\/de\/wp-json\/wp\/v2\/comments?post=7090"}],"version-history":[{"count":0,"href":"https:\/\/is-hr.de\/de\/wp-json\/wp\/v2\/pages\/7090\/revisions"}],"up":[{"embeddable":true,"href":"https:\/\/is-hr.de\/de\/wp-json\/wp\/v2\/pages\/5474"}],"wp:attachment":[{"href":"https:\/\/is-hr.de\/de\/wp-json\/wp\/v2\/media?parent=7090"}],"curies":[{"name":"wp","href":"https:\/\/api.w.org\/{rel}","templated":true}]}}