{"id":7087,"date":"2023-10-26T11:49:15","date_gmt":"2023-10-26T09:49:15","guid":{"rendered":"https:\/\/is-hr.de\/schulgemeinschaft\/where-are-they-now-leo-ure\/"},"modified":"2024-11-19T15:16:50","modified_gmt":"2024-11-19T14:16:50","slug":"where-are-they-now-leo-ure","status":"publish","type":"page","link":"https:\/\/is-hr.de\/de\/schulgemeinschaft\/where-are-they-now-leo-ure\/","title":{"rendered":"Where are they now? Leo Ure"},"content":{"rendered":"<div id='full_slider_1'  class='avia-fullwidth-slider main_color avia-shadow   avia-builder-el-0  el_before_av_textblock  avia-builder-el-first   container_wrap fullsize'  >\n<style type=\"text\/css\" data-created_by=\"avia_inline_auto\" id=\"style-css-av-lo701p40-bf7a04e162b9d11e265e1b7e5053b28e\">\n#top #wrap_all .avia-slideshow .av-slideshow-caption.av-lo701p40-bf7a04e162b9d11e265e1b7e5053b28e__0 .avia-caption-title{\nfont-size:20px;\n}\n#top .avia-slideshow .av-slideshow-caption.av-lo701p40-bf7a04e162b9d11e265e1b7e5053b28e__0 .avia-caption-content{\nfont-size:20px;\n}\n#top .avia-slideshow .av-slideshow-caption.av-lo701p40-bf7a04e162b9d11e265e1b7e5053b28e__0 .avia-caption-content p{\nfont-size:20px;\n}\n<\/style>\n<div  class='avia-slideshow av-lo701p40-bf7a04e162b9d11e265e1b7e5053b28e avia-slideshow-featured av_slideshow_full avia-slide-slider av-slideshow-ui av-control-default av-slideshow-manual av-loop-once av-loop-manual-endless av-default-height-applied   avia-slideshow-1' data-slideshow-options=\"{&quot;animation&quot;:&quot;slide&quot;,&quot;autoplay&quot;:false,&quot;loop_autoplay&quot;:&quot;once&quot;,&quot;interval&quot;:5,&quot;loop_manual&quot;:&quot;manual-endless&quot;,&quot;autoplay_stopper&quot;:false,&quot;noNavigation&quot;:false,&quot;bg_slider&quot;:false,&quot;keep_padding&quot;:false,&quot;hoverpause&quot;:false,&quot;show_slide_delay&quot;:0}\"  itemprop=\"image\" itemscope=\"itemscope\" itemtype=\"https:\/\/schema.org\/ImageObject\" ><ul class='avia-slideshow-inner ' style='padding-bottom: 28.666666666667%;'><li  class='avia-slideshow-slide av-lo701p40-bf7a04e162b9d11e265e1b7e5053b28e__0  av-single-slide slide-1 slide-odd'><div data-rel='slideshow-1' class='avia-slide-wrap '   ><div class='av-slideshow-caption av-lo701p40-bf7a04e162b9d11e265e1b7e5053b28e__0 caption_fullwidth caption_center caption_center_framed caption_framed'><div class=\"container caption_container\"><div class=\"slideshow_caption\"><div class=\"slideshow_inner_caption\"><div class=\"slideshow_align_caption\"><h2 class='avia-caption-title '  itemprop=\"name\" >Leo Ure<\/h2><div class='avia-caption-content '  itemprop=\"description\" ><p>&#8222;Die F\u00e4higkeiten, die ich an der ISHR gelernt habe, wie man mit Legasthenie umgeht, waren eine gro\u00dfe Hilfe.<\/p>\n<\/div><\/div><\/div><\/div><\/div><\/div><img decoding=\"async\" fetchpriority=\"high\" class=\"wp-image-6755 avia-img-lazy-loading-not-6755\" src=\"https:\/\/is-hr.de\/wp-content\/uploads\/2023\/10\/SuPage_LeoUre_1500x430.png\" width=\"1500\" height=\"430\" title=\"SuPage_LeoUre_1500x430\" alt=\"\" itemprop=\"thumbnailUrl\" srcset=\"https:\/\/is-hr.de\/wp-content\/uploads\/2023\/10\/SuPage_LeoUre_1500x430.png 1500w, https:\/\/is-hr.de\/wp-content\/uploads\/2023\/10\/SuPage_LeoUre_1500x430-300x86.png 300w, https:\/\/is-hr.de\/wp-content\/uploads\/2023\/10\/SuPage_LeoUre_1500x430-1030x295.png 1030w, https:\/\/is-hr.de\/wp-content\/uploads\/2023\/10\/SuPage_LeoUre_1500x430-768x220.png 768w, https:\/\/is-hr.de\/wp-content\/uploads\/2023\/10\/SuPage_LeoUre_1500x430-705x202.png 705w\" sizes=\"(max-width: 1500px) 100vw, 1500px\"><\/div><\/li><\/ul><\/div><\/div><div id='after_full_slider_1'  class='main_color av_default_container_wrap container_wrap fullsize'  ><div class='container av-section-cont-open' ><div class='template-page content  av-content-full alpha units'><div class='post-entry post-entry-type-page post-entry-7087'><div class='entry-content-wrapper clearfix'>\n<section  class='av_textblock_section av-lo2pkdfu-627de79c6116362ad0509fd870c76168 '   itemscope=\"itemscope\" itemtype=\"https:\/\/schema.org\/CreativeWork\" ><div class='avia_textblock av_inherit_color'  itemprop=\"text\" ><h1 style=\"text-align: center;\">WHERE ARE THEY NOW?<\/h1>\n<h5 style=\"text-align: center;\"><br class=\"avia-permanent-lb\">ALUMNI Q&amp;A<\/h5>\n<\/div><\/section>\n\n<style type=\"text\/css\" data-created_by=\"avia_inline_auto\" id=\"style-css-av-8ri5xx-f2fdf1b510cad2adb5094af4cc861a6d\">\n#top .hr.av-8ri5xx-f2fdf1b510cad2adb5094af4cc861a6d{\nmargin-top:15px;\nmargin-bottom:0px;\n}\n.hr.av-8ri5xx-f2fdf1b510cad2adb5094af4cc861a6d .hr-inner{\nwidth:60px;\nborder-color:#ed1c24;\n}\n<\/style>\n<div  class='hr av-8ri5xx-f2fdf1b510cad2adb5094af4cc861a6d hr-custom  avia-builder-el-2  el_after_av_textblock  el_before_av_hr  hr-center hr-icon-no'><span class='hr-inner inner-border-av-border-fat'><span class=\"hr-inner-style\"><\/span><\/span><\/div>\n\n<style type=\"text\/css\" data-created_by=\"avia_inline_auto\" id=\"style-css-av-88td9h-28a5d78b8bbf92c961f6e7afa913ee52\">\n#top .hr.hr-invisible.av-88td9h-28a5d78b8bbf92c961f6e7afa913ee52{\nheight:20px;\n}\n<\/style>\n<div  class='hr av-88td9h-28a5d78b8bbf92c961f6e7afa913ee52 hr-invisible  avia-builder-el-3  el_after_av_hr  el_before_av_textblock '><span class='hr-inner '><span class=\"hr-inner-style\"><\/span><\/span><\/div>\n<section  class='av_textblock_section av-lo2s9xqv-b89fa38e7a894c804667f15984c19ddc '   itemscope=\"itemscope\" itemtype=\"https:\/\/schema.org\/CreativeWork\" ><div class='avia_textblock'  itemprop=\"text\" ><h4 style=\"text-align: center;\"><strong>Wie hei\u00dft du?<\/strong><\/h4>\n<p style=\"text-align: center;\">Leo Ure <br class=\"avia-permanent-lb\"><br class=\"avia-permanent-lb\"><\/p>\n<h4 style=\"text-align: center;\"><strong>Wie viele Jahre warst du an der ISHR?<\/strong><\/h4>\n<div class=\"Qr7Oae\" role=\"listitem\">\n<div class=\"OxAavc NVbRL\" data-item-id=\"1588379409\">\n<div class=\"Ih4Dzb\">\n<div class=\"q4tvle JqSWld yqQS1\" style=\"text-align: center;\">12 Jahre<\/div>\n<div class=\"q4tvle JqSWld yqQS1\" style=\"text-align: center;\"><strong> <br class=\"avia-permanent-lb\"><br class=\"avia-permanent-lb\">In welchem Jahr hast du deinen Abschluss gemacht?<\/strong><\/div>\n<\/div>\n<\/div>\n<\/div>\n<p style=\"text-align: center;\">2012<br class=\"avia-permanent-lb\"><br class=\"avia-permanent-lb\"><\/p>\n<h4 style=\"text-align: center;\"><strong>Was machst du jetzt? <\/strong><\/h4>\n<p style=\"text-align: center;\">Ich arbeite f\u00fcr die Maker Media GmbH, organisiere die Maker Faire Hannover und mache Community Management. Ich bin auch an der Lizenzierung der Maker Faires f\u00fcr den deutschsprachigen Sektor beteiligt und schreibe sporadisch Artikel \u00fcber die Maker Faires f\u00fcr das deutsche Make Magazine.<br class=\"avia-permanent-lb\"><br class=\"avia-permanent-lb\"><\/p>\n<h4 style=\"text-align: center;\"><strong>Was war dein Lieblingsfach an der ISHR? <\/strong><\/h4>\n<p style=\"text-align: center;\">Musik (Leistungskurs)<br class=\"avia-permanent-lb\"><br class=\"avia-permanent-lb\"><\/p>\n<h4 style=\"text-align: center;\"><strong>Inwiefern hast du das Gef\u00fchl, dass die ISHR dich auf das vorbereitet hat, was danach kam? <\/strong><\/h4>\n<p style=\"text-align: center;\">Die TOK-Kurse (Theory of Knowledge) und die F\u00e4higkeit, sich schnell an die soziale Dynamik anzupassen (da die Klassen im internationalen Schulsystem h\u00e4ufig wechseln), haben mir geholfen, klar und dynamisch zu denken und mich so schnell auf neue Situationen einzustellen. Au\u00dferdem waren die F\u00e4higkeiten, die ich in der Schule gelernt habe, um mit Legasthenie umzugehen, eine gro\u00dfe Hilfe.<br class=\"avia-permanent-lb\"><br class=\"avia-permanent-lb\"><\/p>\n<h4 style=\"text-align: center;\"><strong>Was war die gr\u00f6\u00dfte Herausforderung f\u00fcr dich, um sich an das Leben nach der ISHR anzupassen? <\/strong><\/h4>\n<p style=\"text-align: center;\">Meine gr\u00f6\u00dfte Herausforderung w\u00e4hrend meines Studiums war der Wechsel meiner prim\u00e4ren akademischen Sprache zu Deutsch im deutschen Universit\u00e4tssystem.<br class=\"avia-permanent-lb\"><br class=\"avia-permanent-lb\"><\/p>\n<h4 style=\"text-align: center;\"><strong>Welchen Rat w\u00fcrdest du derzeitigen Sch\u00fcler:innen oder deinem fr\u00fcheren Ich geben?<\/strong><\/h4>\n<p style=\"text-align: center;\">Genie\u00df deine Zeit in der Schule und hab Vertrauen in dich selbst. Es wird R\u00fcckschl\u00e4ge geben, und wenn man sie zu sehr auf die leichte Schulter nimmt, kann man sie nicht \u00e4ndern. Wenn du ernsthaft arbeitest, kannst und wirst du wahrscheinlich immer stolz darauf sein, was du erreicht hast.<br class=\"avia-permanent-lb\"><br class=\"avia-permanent-lb\"><\/p>\n<h4 style=\"text-align: center;\"><strong>Was ist deine sch\u00f6nste Erinnerung an die Zeit an der ISHR? <\/strong><\/h4>\n<p style=\"text-align: center;\">Als wir unseren Abschluss machten, spielte der gesamte Jahrgang 2012 in unseren schicken Klamotten eine letzte Runde Fangen auf dem &#8222;Drachen&#8220;. Seit der Grundschule haben wir jahrelang fast jeden Tag Fangen gespielt. Es war zu einer festen Tradition in der Gruppe geworden, auch wenn die anderen Klassen es eher albern fanden. Letztes Jahr haben wir unser 10-j\u00e4hriges Klassentreffen gefeiert und die Schule besucht. Wir konnten nicht widerstehen, noch eine Runde zu gehen. Allerdings mussten wir etwas vorsichtiger vorgehen. Die 10 Jahre hatten die meisten k\u00f6rperlich mehr und den Drachen weniger &#8222;stabil&#8220; gemacht. Ich erinnere mich noch daran, wie wir zum ersten Mal herausfanden, wie man in den Kopf klettert, wie wir uns vom Griff der Feuerwehrstange direkt auf die Br\u00fccke schwingen konnten und wie wir uns zum ersten Mal an die Au\u00dfenseite der Beine h\u00e4ngten, so dass nur unsere Fingerspitzen unsere Anwesenheit demjenigen verrieten, der sich auf der Plattform anschlich. Noch heute l\u00e4chle ich, wenn ich Kinder sehe, die Fangen spielen und sich voreinander verstecken und sich gegenseitig jagen.<\/p>\n<\/div><\/section>\n<div  class='avia-button-wrap av-lo5tpuxf-ee381deaecd27f1b9ef7012a8cf32636-wrap avia-button-center  avia-builder-el-5  el_after_av_textblock  avia-builder-el-last '><a href='https:\/\/is-hr.de\/de\/schulgemeinschaft\/alumni\/'  class='avia-button av-lo5tpuxf-ee381deaecd27f1b9ef7012a8cf32636 av-link-btn avia-icon_select-no avia-size-x-large avia-position-center avia-color-theme-color'   aria-label=\"ZUR\u00dcCK\"><span class='avia_iconbox_title' >ZUR\u00dcCK<\/span><\/a><\/div>\n","protected":false},"excerpt":{"rendered":"","protected":false},"author":4,"featured_media":0,"parent":5474,"menu_order":0,"comment_status":"closed","ping_status":"closed","template":"","meta":{"footnotes":""},"class_list":["post-7087","page","type-page","status-publish","hentry"],"_links":{"self":[{"href":"https:\/\/is-hr.de\/de\/wp-json\/wp\/v2\/pages\/7087","targetHints":{"allow":["GET"]}}],"collection":[{"href":"https:\/\/is-hr.de\/de\/wp-json\/wp\/v2\/pages"}],"about":[{"href":"https:\/\/is-hr.de\/de\/wp-json\/wp\/v2\/types\/page"}],"author":[{"embeddable":true,"href":"https:\/\/is-hr.de\/de\/wp-json\/wp\/v2\/users\/4"}],"replies":[{"embeddable":true,"href":"https:\/\/is-hr.de\/de\/wp-json\/wp\/v2\/comments?post=7087"}],"version-history":[{"count":0,"href":"https:\/\/is-hr.de\/de\/wp-json\/wp\/v2\/pages\/7087\/revisions"}],"up":[{"embeddable":true,"href":"https:\/\/is-hr.de\/de\/wp-json\/wp\/v2\/pages\/5474"}],"wp:attachment":[{"href":"https:\/\/is-hr.de\/de\/wp-json\/wp\/v2\/media?parent=7087"}],"curies":[{"name":"wp","href":"https:\/\/api.w.org\/{rel}","templated":true}]}}