{"id":7084,"date":"2023-10-26T11:56:19","date_gmt":"2023-10-26T09:56:19","guid":{"rendered":"https:\/\/is-hr.de\/schulgemeinschaft\/where-are-they-now-lara-schenk\/"},"modified":"2024-11-19T15:15:58","modified_gmt":"2024-11-19T14:15:58","slug":"where-are-they-now-lara-schenk","status":"publish","type":"page","link":"https:\/\/is-hr.de\/de\/schulgemeinschaft\/where-are-they-now-lara-schenk\/","title":{"rendered":"Where are they now? Lara Schenk"},"content":{"rendered":"<div id='full_slider_1'  class='avia-fullwidth-slider main_color avia-shadow   avia-builder-el-0  el_before_av_textblock  avia-builder-el-first   container_wrap fullsize'  >\n<style type=\"text\/css\" data-created_by=\"avia_inline_auto\" id=\"style-css-av-lpjwr8l7-b0461a2de1df626cb23b5a598d30d9bc\">\n#top #wrap_all .avia-slideshow .av-slideshow-caption.av-lpjwr8l7-b0461a2de1df626cb23b5a598d30d9bc__0 .avia-caption-title{\nfont-size:20px;\n}\n#top .avia-slideshow .av-slideshow-caption.av-lpjwr8l7-b0461a2de1df626cb23b5a598d30d9bc__0 .avia-caption-content{\nfont-size:20px;\n}\n#top .avia-slideshow .av-slideshow-caption.av-lpjwr8l7-b0461a2de1df626cb23b5a598d30d9bc__0 .avia-caption-content p{\nfont-size:20px;\n}\n<\/style>\n<div  class='avia-slideshow av-lpjwr8l7-b0461a2de1df626cb23b5a598d30d9bc avia-slideshow-featured av_slideshow_full avia-slide-slider av-slideshow-ui av-control-default av-slideshow-manual av-loop-once av-loop-manual-endless av-default-height-applied   avia-slideshow-1' data-slideshow-options=\"{&quot;animation&quot;:&quot;slide&quot;,&quot;autoplay&quot;:false,&quot;loop_autoplay&quot;:&quot;once&quot;,&quot;interval&quot;:5,&quot;loop_manual&quot;:&quot;manual-endless&quot;,&quot;autoplay_stopper&quot;:false,&quot;noNavigation&quot;:false,&quot;bg_slider&quot;:false,&quot;keep_padding&quot;:false,&quot;hoverpause&quot;:false,&quot;show_slide_delay&quot;:0}\"  itemprop=\"image\" itemscope=\"itemscope\" itemtype=\"https:\/\/schema.org\/ImageObject\" ><ul class='avia-slideshow-inner ' style='padding-bottom: 28.666666666667%;'><li  class='avia-slideshow-slide av-lpjwr8l7-b0461a2de1df626cb23b5a598d30d9bc__0  av-single-slide slide-1 slide-odd'><div data-rel='slideshow-1' class='avia-slide-wrap '   ><div class='av-slideshow-caption av-lpjwr8l7-b0461a2de1df626cb23b5a598d30d9bc__0 caption_fullwidth caption_center caption_center_framed caption_framed'><div class=\"container caption_container\"><div class=\"slideshow_caption\"><div class=\"slideshow_inner_caption\"><div class=\"slideshow_align_caption\"><h2 class='avia-caption-title '  itemprop=\"name\" >Lara Schenk<\/h2><div class='avia-caption-content '  itemprop=\"description\" ><p>&#8222;In der High School mit internationalen Studenten aus der ganzen Welt zu studieren, schafft ein kulturelles Bewusstsein, von dem ich im College und dar\u00fcber hinaus sehr profitiert habe.&#8220;<\/p>\n<\/div><\/div><\/div><\/div><\/div><\/div><img decoding=\"async\" fetchpriority=\"high\" class=\"wp-image-6770 avia-img-lazy-loading-not-6770\" src=\"https:\/\/is-hr.de\/wp-content\/uploads\/2023\/10\/SubPage_LaraSchenk_1500x430-1.jpg\" width=\"1500\" height=\"430\" title=\"AA GENT VS RSC ANDERLECHT\" alt=\"\" itemprop=\"thumbnailUrl\" srcset=\"https:\/\/is-hr.de\/wp-content\/uploads\/2023\/10\/SubPage_LaraSchenk_1500x430-1.jpg 1500w, https:\/\/is-hr.de\/wp-content\/uploads\/2023\/10\/SubPage_LaraSchenk_1500x430-1-300x86.jpg 300w, https:\/\/is-hr.de\/wp-content\/uploads\/2023\/10\/SubPage_LaraSchenk_1500x430-1-1030x295.jpg 1030w, https:\/\/is-hr.de\/wp-content\/uploads\/2023\/10\/SubPage_LaraSchenk_1500x430-1-768x220.jpg 768w, https:\/\/is-hr.de\/wp-content\/uploads\/2023\/10\/SubPage_LaraSchenk_1500x430-1-705x202.jpg 705w\" sizes=\"(max-width: 1500px) 100vw, 1500px\"><\/div><\/li><\/ul><\/div><\/div><div id='after_full_slider_1'  class='main_color av_default_container_wrap container_wrap fullsize'  ><div class='container av-section-cont-open' ><div class='template-page content  av-content-full alpha units'><div class='post-entry post-entry-type-page post-entry-7084'><div class='entry-content-wrapper clearfix'>\n<section  class='av_textblock_section av-lo2pkdfu-627de79c6116362ad0509fd870c76168 '   itemscope=\"itemscope\" itemtype=\"https:\/\/schema.org\/CreativeWork\" ><div class='avia_textblock av_inherit_color'  itemprop=\"text\" ><h1 style=\"text-align: center;\">WHERE ARE THEY NOW?<\/h1>\n<h5 style=\"text-align: center;\"><br class=\"avia-permanent-lb\">ALUMNI Q&amp;A<\/h5>\n<\/div><\/section>\n\n<style type=\"text\/css\" data-created_by=\"avia_inline_auto\" id=\"style-css-av-8ri5xx-f2fdf1b510cad2adb5094af4cc861a6d\">\n#top .hr.av-8ri5xx-f2fdf1b510cad2adb5094af4cc861a6d{\nmargin-top:15px;\nmargin-bottom:0px;\n}\n.hr.av-8ri5xx-f2fdf1b510cad2adb5094af4cc861a6d .hr-inner{\nwidth:60px;\nborder-color:#ed1c24;\n}\n<\/style>\n<div  class='hr av-8ri5xx-f2fdf1b510cad2adb5094af4cc861a6d hr-custom  avia-builder-el-2  el_after_av_textblock  el_before_av_hr  hr-center hr-icon-no'><span class='hr-inner inner-border-av-border-fat'><span class=\"hr-inner-style\"><\/span><\/span><\/div>\n\n<style type=\"text\/css\" data-created_by=\"avia_inline_auto\" id=\"style-css-av-88td9h-28a5d78b8bbf92c961f6e7afa913ee52\">\n#top .hr.hr-invisible.av-88td9h-28a5d78b8bbf92c961f6e7afa913ee52{\nheight:20px;\n}\n<\/style>\n<div  class='hr av-88td9h-28a5d78b8bbf92c961f6e7afa913ee52 hr-invisible  avia-builder-el-3  el_after_av_hr  el_before_av_textblock '><span class='hr-inner '><span class=\"hr-inner-style\"><\/span><\/span><\/div>\n<section  class='av_textblock_section av-lo2s9xqv-b89fa38e7a894c804667f15984c19ddc '   itemscope=\"itemscope\" itemtype=\"https:\/\/schema.org\/CreativeWork\" ><div class='avia_textblock'  itemprop=\"text\" ><h4 style=\"text-align: center;\"><strong>Wie hei\u00dft du?<\/strong><\/h4>\n<p style=\"text-align: center;\">Lara Schenk <br class=\"avia-permanent-lb\"><br class=\"avia-permanent-lb\"><\/p>\n<h4 style=\"text-align: center;\"><strong>Wie viele Jahre warst du an der ISHR?<\/strong><\/h4>\n<div class=\"Qr7Oae\" role=\"listitem\">\n<div class=\"OxAavc NVbRL\" data-item-id=\"1588379409\">\n<div class=\"Ih4Dzb\">\n<div class=\"q4tvle JqSWld yqQS1\" style=\"text-align: center;\">13 Jahre<\/div>\n<div class=\"q4tvle JqSWld yqQS1\" style=\"text-align: center;\"><strong> <br class=\"avia-permanent-lb\"><br class=\"avia-permanent-lb\">In welchem Jahr hast du deinen Abschluss gemacht?<\/strong><\/div>\n<\/div>\n<\/div>\n<\/div>\n<p style=\"text-align: center;\">2018<br class=\"avia-permanent-lb\"><br class=\"avia-permanent-lb\"><\/p>\n<h4 style=\"text-align: center;\"><strong>Was machst du jetzt? <\/strong><\/h4>\n<p style=\"text-align: center;\">Nachdem ich im Dezember letzten Jahres meinen Abschluss in Harvard gemacht hatte, begann ich meine Profifu\u00dfballkarriere bei Club Brugge, bevor ich im Sommer f\u00fcr zwei Jahre beim RSC Anderlecht, dem amtierenden belgischen Meister, unterschrieb. N\u00e4chste Woche nehmen wir an der Champions-League-Qualifikationsrunde in Polen teil, wo wir hoffen, gegen die polnische und die norwegische Mannschaft zu gewinnen und uns f\u00fcr die Gruppenphase zu qualifizieren. Ich habe auch begonnen, als Bildungs- und Sportberater bei Keystone Sports zu arbeiten, einer Agentur, die jungen internationalen Sportstudenten hilft, mit einem Sportstipendium ein College in den USA zu besuchen. Es liegt mir sehr am Herzen, weiblichen Spielern die gleichen M\u00f6glichkeiten zu bieten, wie ich sie hatte, um durch die einzigartigen kulturellen, akademischen und sportlichen Erfahrungen, die der US-Collegesport bieten kann, zu dem Spieler und Menschen zu werden, der ich heute bin.<br class=\"avia-permanent-lb\"><br class=\"avia-permanent-lb\"><\/p>\n<h4 style=\"text-align: center;\"><strong>Was war dein Lieblingsfach an der ISHR? <\/strong><\/h4>\n<p style=\"text-align: center;\">Das Lernen von Sprachen an der ISHR hat mir am meisten Spa\u00df gemacht; sei es englische und deutsche Literatur im IB oder Spanisch zu Beginn meiner akademischen Laufbahn. Ich denke, wenn man eine bestimmte Sprache lernt, taucht man in die kulturellen Ideale und Br\u00e4uche des Landes oder der Region ein und lernt viel mehr als nur, wie man kommuniziert. Sie hat auch die Neugierde geweckt, neue Sprachen zu verstehen, und zwar nicht nur die, die ich bereits spreche. Ich lebe jetzt in Br\u00fcssel, wo Franz\u00f6sisch und Niederl\u00e4ndisch die Hauptsprachen sind, die gesprochen und geschrieben werden, daher habe ich versucht, ein paar Fu\u00dfball- und Umgangss\u00e4tze zu lernen, um mich an diesen neuen Ort anzupassen.<br class=\"avia-permanent-lb\"><br class=\"avia-permanent-lb\"><\/p>\n<h4 style=\"text-align: center;\"><strong>Inwiefern hast du das Gef\u00fchl, dass die ISHR dich auf das vorbereitet hat, was danach kam? <\/strong><\/h4>\n<p style=\"text-align: center;\">In der High School mit internationalen Sch\u00fcler:innen aus der ganzen Welt zu studieren, schafft ein kulturelles Bewusstsein, von dem ich im College und dar\u00fcber hinaus sehr profitiert habe. Ich habe festgestellt, dass es einfacher ist, Freundschaften mit anderen Ausl\u00e4nder:innen zu schlie\u00dfen und habe es vorgezogen, im Ausland Fu\u00dfball zu spielen, bevor ich nach Deutschland zur\u00fcckkehre, um in einem internationalen Umfeld zu bleiben und an verschiedenen Orten mit verschiedenen Menschen zu leben. Die gemeinschaftsbildenden Strategien und die globale Sch\u00fclerschaft der ISHR haben definitiv dazu beigetragen, mich daf\u00fcr zu sensibilisieren. <br class=\"avia-permanent-lb\"><br class=\"avia-permanent-lb\"><\/p>\n<h4 style=\"text-align: center;\"><strong>Was war die gr\u00f6\u00dfte Herausforderung f\u00fcr dich, um sich an das Leben nach der ISHR anzupassen? <\/strong><\/h4>\n<div class=\"Qr7Oae\" role=\"listitem\">\n<div class=\"OxAavc NVbRL\" data-item-id=\"441133761\">\n<div class=\"Ih4Dzb\">\n<div class=\"q4tvle JqSWld yqQS1\" style=\"text-align: center;\">Ich brauchte einige Zeit, um mich daran zu gew\u00f6hnen, dass ich am anderen Ende der Welt leben und viel mehr Zeit haben w\u00fcrde, um mich mit einem weniger strengen akademischen Zeitplan zu besch\u00e4ftigen. W\u00e4hrend mein Tagesablauf mit der Koordinierung von Fu\u00dfball und Schule auf h\u00f6chstem Niveau immer noch sehr \u00e4hnlich war, war es eine Herausforderung, meine eigenen Kurse zu w\u00e4hlen und mich auf Vorlesungen und Abschnitte mit weniger strengen, von den Professoren zugewiesenen Hausaufgaben vorzubereiten. Allein im Ausland zu leben, war anfangs auch nicht einfach, aber meine Mannschaftskameradinnen halfen mir, mich relativ schnell einzufinden, da wir viele internationale Spieler hatten, die den gleichen Prozess durchlaufen hatten.<\/div>\n<\/div>\n<\/div>\n<\/div>\n<div class=\"Qr7Oae\" role=\"listitem\">\n<div class=\"OxAavc NVbRL\" data-item-id=\"1462982589\">\n<div class=\"pYfr3c\">\n<div class=\"prOLdf\">\n<div class=\"g53bl\">\n<div class=\"cTDvob D1wxyf RjsPE\" role=\"heading\" aria-level=\"3\" aria-describedby=\"i.desc.1462982589\"><\/div>\n<\/div>\n<\/div>\n<\/div>\n<\/div>\n<\/div>\n<p style=\"text-align: center;\"><br class=\"avia-permanent-lb\"><br class=\"avia-permanent-lb\"><\/p>\n<h4 style=\"text-align: center;\"><strong>Welchen Rat w\u00fcrdest du derzeitigen Sch\u00fcler:innen oder deinem fr\u00fcheren Ich geben?<\/strong><\/h4>\n<p style=\"text-align: center;\">Es klingt zwar wie ein absolutes Klischee, aber ich w\u00fcrde sagen, sich ehrgeizige Ziele zu setzen und von gro\u00dfen Dingen zu tr\u00e4umen, ist ein Ratschlag, den ich schon in der Mittel- und Oberstufe h\u00e4tte h\u00f6ren m\u00fcssen. Ich war schon immer ehrgeizig, aber ich habe mich viel mehr eingeschr\u00e4nkt, als ich h\u00e4tte tun sollen. Im Nachhinein h\u00e4tte ich gerne meine Leidenschaften au\u00dferhalb der Schule und des Fu\u00dfballs weiterentwickelt und verfolgt, um zu verstehen, wer ich au\u00dfer einer Sch\u00fclerin und einer Spielerin war. Das ist etwas, was ich im Studium viel mehr geschafft habe, aber gerne fr\u00fcher gemacht h\u00e4tte. Ich h\u00e4tte nie gedacht, dass ich auf eine Ivy-League-Schule gehen k\u00f6nnte, und habe nur nach einer Schule gesucht, die mich aufnimmt und ein Stipendium anbietet. R\u00fcckblickend betrachtet habe ich meine eigene Pers\u00f6nlichkeit ein wenig zu sehr zur\u00fcckgehalten und h\u00e4tte meine Interessen viel mehr ausbauen k\u00f6nnen.<br class=\"avia-permanent-lb\"><br class=\"avia-permanent-lb\"><\/p>\n<h4 style=\"text-align: center;\"><strong>Was ist deine sch\u00f6nste Erinnerung an die Zeit an der ISHR? <\/strong><\/h4>\n<p style=\"text-align: center;\">Ich w\u00fcrde sagen, dass der Tag, an dem ich bekannt gab, dass ich in Harvard angenommen wurde, einer meiner Lieblingstage an der ISHR war &#8211; nicht wegen meiner pers\u00f6nlichen Leistung oder des Rampenlichts, das ich weder wollte noch brauchte, sondern weil sich andere Menschen f\u00fcr mich freuten und weil es f\u00fcr die Schule als Ganzes so viel bedeutete. Au\u00dfer den Lehrer:innen, die am Bewerbungsverfahren beteiligt waren, und einigen meiner engsten Freunde und Freundinnen habe ich niemandem davon erz\u00e4hlt, aber ich hatte allen eine Schweigepflicht auferlegt, bis es offiziell war. Ich wei\u00df noch, wie aufgeregt ich war, als ich denjenigen, die wussten, wie gestresst ich war, die Nachricht mitteilte und an diesem Tag voller Stolz einen Harvard-Hoodie trug. Selten habe ich es mir erlaubt, stolz zu sein und die Momente des Erfolgs mit solcher Freude zu genie\u00dfen, sowohl auf als auch neben dem Spielfeld. Und dieser Tag war f\u00fcr mich und alle, die mir auf meinem Weg geholfen und mich unterst\u00fctzt hatten, die reine Freude und ein Fest.<\/p>\n<\/div><\/section>\n<div  class='avia-button-wrap av-lo5tpuxf-ee381deaecd27f1b9ef7012a8cf32636-wrap avia-button-center  avia-builder-el-5  el_after_av_textblock  avia-builder-el-last '><a href='https:\/\/is-hr.de\/de\/schulgemeinschaft\/alumni\/'  class='avia-button av-lo5tpuxf-ee381deaecd27f1b9ef7012a8cf32636 av-link-btn avia-icon_select-no avia-size-x-large avia-position-center avia-color-theme-color'   aria-label=\"ZUR\u00dcCK\"><span class='avia_iconbox_title' >ZUR\u00dcCK<\/span><\/a><\/div>\n","protected":false},"excerpt":{"rendered":"","protected":false},"author":4,"featured_media":0,"parent":5474,"menu_order":0,"comment_status":"closed","ping_status":"closed","template":"","meta":{"footnotes":""},"class_list":["post-7084","page","type-page","status-publish","hentry"],"_links":{"self":[{"href":"https:\/\/is-hr.de\/de\/wp-json\/wp\/v2\/pages\/7084","targetHints":{"allow":["GET"]}}],"collection":[{"href":"https:\/\/is-hr.de\/de\/wp-json\/wp\/v2\/pages"}],"about":[{"href":"https:\/\/is-hr.de\/de\/wp-json\/wp\/v2\/types\/page"}],"author":[{"embeddable":true,"href":"https:\/\/is-hr.de\/de\/wp-json\/wp\/v2\/users\/4"}],"replies":[{"embeddable":true,"href":"https:\/\/is-hr.de\/de\/wp-json\/wp\/v2\/comments?post=7084"}],"version-history":[{"count":0,"href":"https:\/\/is-hr.de\/de\/wp-json\/wp\/v2\/pages\/7084\/revisions"}],"up":[{"embeddable":true,"href":"https:\/\/is-hr.de\/de\/wp-json\/wp\/v2\/pages\/5474"}],"wp:attachment":[{"href":"https:\/\/is-hr.de\/de\/wp-json\/wp\/v2\/media?parent=7084"}],"curies":[{"name":"wp","href":"https:\/\/api.w.org\/{rel}","templated":true}]}}