{"id":7079,"date":"2023-11-14T09:51:39","date_gmt":"2023-11-14T08:51:39","guid":{"rendered":"https:\/\/is-hr.de\/schulgemeinschaft\/where-are-they-now-kurt-wilhelm-luehmann\/"},"modified":"2024-11-19T15:15:37","modified_gmt":"2024-11-19T14:15:37","slug":"where-are-they-now-kurt-wilhelm-luehmann","status":"publish","type":"page","link":"https:\/\/is-hr.de\/de\/schulgemeinschaft\/where-are-they-now-kurt-wilhelm-luehmann\/","title":{"rendered":"Where are they now? Kurt-Wilhelm L\u00fchmann"},"content":{"rendered":"<div id='full_slider_1'  class='avia-fullwidth-slider main_color avia-shadow   avia-builder-el-0  el_before_av_textblock  avia-builder-el-first   container_wrap fullsize'  >\n<style type=\"text\/css\" data-created_by=\"avia_inline_auto\" id=\"style-css-av-loy3n4tk-6776266dcf92bb6dd019c39012bc3c51\">\n#top #wrap_all .avia-slideshow .av-slideshow-caption.av-loy3n4tk-6776266dcf92bb6dd019c39012bc3c51__0 .avia-caption-title{\nfont-size:20px;\n}\n#top .avia-slideshow .av-slideshow-caption.av-loy3n4tk-6776266dcf92bb6dd019c39012bc3c51__0 .avia-caption-content{\nfont-size:20px;\n}\n#top .avia-slideshow .av-slideshow-caption.av-loy3n4tk-6776266dcf92bb6dd019c39012bc3c51__0 .avia-caption-content p{\nfont-size:20px;\n}\n<\/style>\n<div  class='avia-slideshow av-loy3n4tk-6776266dcf92bb6dd019c39012bc3c51 avia-slideshow-featured av_slideshow_full avia-slide-slider av-slideshow-ui av-control-default av-slideshow-manual av-loop-once av-loop-manual-endless av-default-height-applied   avia-slideshow-1' data-slideshow-options=\"{&quot;animation&quot;:&quot;slide&quot;,&quot;autoplay&quot;:false,&quot;loop_autoplay&quot;:&quot;once&quot;,&quot;interval&quot;:5,&quot;loop_manual&quot;:&quot;manual-endless&quot;,&quot;autoplay_stopper&quot;:false,&quot;noNavigation&quot;:false,&quot;bg_slider&quot;:false,&quot;keep_padding&quot;:false,&quot;hoverpause&quot;:false,&quot;show_slide_delay&quot;:0}\"  itemprop=\"image\" itemscope=\"itemscope\" itemtype=\"https:\/\/schema.org\/ImageObject\" ><ul class='avia-slideshow-inner ' style='padding-bottom: 28.666666666667%;'><li  class='avia-slideshow-slide av-loy3n4tk-6776266dcf92bb6dd019c39012bc3c51__0  av-single-slide slide-1 slide-odd'><div data-rel='slideshow-1' class='avia-slide-wrap '   ><div class='av-slideshow-caption av-loy3n4tk-6776266dcf92bb6dd019c39012bc3c51__0 caption_fullwidth caption_bottom caption_bottom_framed caption_framed'><div class=\"container caption_container\"><div class=\"slideshow_caption\"><div class=\"slideshow_inner_caption\"><div class=\"slideshow_align_caption\"><h2 class='avia-caption-title '  itemprop=\"name\" >Kurt-Wilhelm L\u00fchmann (r)<\/h2><div class='avia-caption-content '  itemprop=\"description\" ><p>&#8222;Die hervorragende, umfassende Allgemeinbildung, die ich an der ISHR erhalten habe, hat es mir leicht gemacht, die folgenden Schritte erfolgreich zu meistern und mich in den ersten Semestern der Universit\u00e4t zurechtzufinden.&#8220;<\/p>\n<\/div><\/div><\/div><\/div><\/div><\/div><img decoding=\"async\" fetchpriority=\"high\" class=\"wp-image-6966 avia-img-lazy-loading-not-6966\" src=\"https:\/\/is-hr.de\/wp-content\/uploads\/2023\/11\/SubPage_Kurt-Luhmann_1500x430.jpg\" width=\"1500\" height=\"430\" title=\"SubPage_Kurt Lu\u0308hmann_1500x430\" alt=\"\" itemprop=\"thumbnailUrl\" srcset=\"https:\/\/is-hr.de\/wp-content\/uploads\/2023\/11\/SubPage_Kurt-Luhmann_1500x430.jpg 1500w, https:\/\/is-hr.de\/wp-content\/uploads\/2023\/11\/SubPage_Kurt-Luhmann_1500x430-300x86.jpg 300w, https:\/\/is-hr.de\/wp-content\/uploads\/2023\/11\/SubPage_Kurt-Luhmann_1500x430-1030x295.jpg 1030w, https:\/\/is-hr.de\/wp-content\/uploads\/2023\/11\/SubPage_Kurt-Luhmann_1500x430-768x220.jpg 768w, https:\/\/is-hr.de\/wp-content\/uploads\/2023\/11\/SubPage_Kurt-Luhmann_1500x430-705x202.jpg 705w\" sizes=\"(max-width: 1500px) 100vw, 1500px\"><\/div><\/li><\/ul><\/div><\/div><div id='after_full_slider_1'  class='main_color av_default_container_wrap container_wrap fullsize'  ><div class='container av-section-cont-open' ><div class='template-page content  av-content-full alpha units'><div class='post-entry post-entry-type-page post-entry-7079'><div class='entry-content-wrapper clearfix'>\n<section  class='av_textblock_section av-lo2pkdfu-627de79c6116362ad0509fd870c76168 '   itemscope=\"itemscope\" itemtype=\"https:\/\/schema.org\/CreativeWork\" ><div class='avia_textblock av_inherit_color'  itemprop=\"text\" ><h1 style=\"text-align: center;\">WHERE ARE THEY NOW?<\/h1>\n<h5 style=\"text-align: center;\"><br class=\"avia-permanent-lb\">ALUMNI Q&amp;A<\/h5>\n<h6 style=\"text-align: center;\">November 2023<\/h6>\n<\/div><\/section>\n\n<style type=\"text\/css\" data-created_by=\"avia_inline_auto\" id=\"style-css-av-8ri5xx-f2fdf1b510cad2adb5094af4cc861a6d\">\n#top .hr.av-8ri5xx-f2fdf1b510cad2adb5094af4cc861a6d{\nmargin-top:15px;\nmargin-bottom:0px;\n}\n.hr.av-8ri5xx-f2fdf1b510cad2adb5094af4cc861a6d .hr-inner{\nwidth:60px;\nborder-color:#ed1c24;\n}\n<\/style>\n<div  class='hr av-8ri5xx-f2fdf1b510cad2adb5094af4cc861a6d hr-custom  avia-builder-el-2  el_after_av_textblock  el_before_av_hr  hr-center hr-icon-no'><span class='hr-inner inner-border-av-border-fat'><span class=\"hr-inner-style\"><\/span><\/span><\/div>\n\n<style type=\"text\/css\" data-created_by=\"avia_inline_auto\" id=\"style-css-av-88td9h-28a5d78b8bbf92c961f6e7afa913ee52\">\n#top .hr.hr-invisible.av-88td9h-28a5d78b8bbf92c961f6e7afa913ee52{\nheight:20px;\n}\n<\/style>\n<div  class='hr av-88td9h-28a5d78b8bbf92c961f6e7afa913ee52 hr-invisible  avia-builder-el-3  el_after_av_hr  el_before_av_textblock '><span class='hr-inner '><span class=\"hr-inner-style\"><\/span><\/span><\/div>\n<section  class='av_textblock_section av-lo2s9xqv-b89fa38e7a894c804667f15984c19ddc '   itemscope=\"itemscope\" itemtype=\"https:\/\/schema.org\/CreativeWork\" ><div class='avia_textblock'  itemprop=\"text\" ><h4 style=\"text-align: center;\"><strong>Wie hei\u00dft du?<\/strong><\/h4>\n<div class=\"Qr7Oae\" role=\"listitem\">\n<div class=\"OxAavc NVbRL\" data-required=\"true\" data-item-id=\"487932146\">\n<div class=\"xMZTse Ih4Dzb\">\n<div class=\"Mh5jwe JqSWld yqQS1\" style=\"text-align: center;\" aria-describedby=\"c250\">\n<div class=\"Qr7Oae\" role=\"listitem\">\n<div class=\"OxAavc NVbRL\" data-required=\"true\" data-item-id=\"487932146\">\n<div class=\"xMZTse Ih4Dzb\">\n<div class=\"Mh5jwe JqSWld yqQS1\" aria-describedby=\"c12\">Kurt-Wilhelm L\u00fchmann<br class=\"avia-permanent-lb\"><br class=\"avia-permanent-lb\"><\/div>\n<\/div>\n<\/div>\n<\/div>\n<\/div>\n<\/div>\n<\/div>\n<\/div>\n<div class=\"Qr7Oae\" style=\"text-align: center;\" role=\"listitem\"><strong>Wie viele Jahre warst du an der ISHR?<\/strong><\/div>\n<div class=\"Qr7Oae\" role=\"listitem\">\n<div class=\"OxAavc NVbRL\" data-item-id=\"1588379409\">\n<div class=\"Ih4Dzb\">\n<div class=\"q4tvle JqSWld yqQS1\" style=\"text-align: center;\">3 Jahre <br class=\"avia-permanent-lb\"><br class=\"avia-permanent-lb\"><\/div>\n<div class=\"q4tvle JqSWld yqQS1\" style=\"text-align: center;\"><strong>In welchem Jahr haben Sie Ihren Abschluss gemacht?  <\/strong>2009<\/div>\n<div class=\"q4tvle JqSWld yqQS1\" style=\"text-align: center;\"><strong style=\"font-size: 18px;\"> <br class=\"avia-permanent-lb\">Was machst du jetzt?<\/strong><\/div>\n<\/div>\n<\/div>\n<\/div>\n<div class=\"Qr7Oae\" role=\"listitem\">\n<div class=\"OxAavc NVbRL\" data-item-id=\"1065998026\">\n<div class=\"Ih4Dzb\">\n<div class=\"q4tvle JqSWld yqQS1\" style=\"text-align: center;\">Ich bin politischer Berater des Vizepr\u00e4sidenten des Deutschen Bundestages Wolfgang Kubicki. Die Aufgaben eines Politikberaters sind vielf\u00e4ltig, aber kurz gesagt: Politikberater im Deutschen Bundestag spielen eine wichtige Rolle, wenn es darum geht, sicherzustellen, dass die Abgeordneten gut informiert sind, damit sie faktengest\u00fctzte Entscheidungen treffen und einen wirksamen Beitrag zum Gesetzgebungsverfahren leisten k\u00f6nnen. Meine Arbeit im Deutschen Bundestag ist eine erf\u00fcllende Aufgabe. Mein B\u00fcro liegt direkt neben dem Reichstag in Berlin und ich habe ein sehr vertrauensvolles Arbeitsverh\u00e4ltnis zu meinem Chef, Wolfgang Kubicki, und vor allem &#8211; es macht Spa\u00df! <br class=\"avia-permanent-lb\"><br class=\"avia-permanent-lb\"><strong>Was war dein Lieblingsfach an der ISHR?<\/strong><\/div>\n<\/div>\n<\/div>\n<\/div>\n<div class=\"Qr7Oae\" role=\"listitem\">\n<div class=\"OxAavc NVbRL\" data-item-id=\"748876735\">\n<div class=\"Ih4Dzb\">\n<div class=\"q4tvle JqSWld yqQS1\" style=\"text-align: center;\">Geschichte und Englisch mit den legend\u00e4ren Mr. Cormier und Mr. Lowe. <br class=\"avia-permanent-lb\"><strong>  Inwiefern haben Sie das Gef\u00fchl, dass die ISHR Sie auf das vorbereitet hat, was danach kam?<\/strong><\/div>\n<\/div>\n<\/div>\n<\/div>\n<div class=\"Qr7Oae\" role=\"listitem\">\n<div class=\"OxAavc NVbRL\" data-item-id=\"1311300021\">\n<div class=\"Ih4Dzb\">\n<div class=\"q4tvle JqSWld yqQS1\" style=\"text-align: center;\">Die hervorragende, umfassende Allgemeinbildung, die ich an der ISHR erhalten habe, hat es mir leicht gemacht, die folgenden Schritte erfolgreich zu meistern und mich in den ersten Semestern des Studiums zurechtzufinden. Ich bin meinen Eltern sehr dankbar, dass ich diese Schule besuchen darf. <br class=\"avia-permanent-lb\"><strong>  Was war die gr\u00f6\u00dfte Herausforderung f\u00fcr Sie, sich an das Leben nach der ISHR anzupassen?<\/strong><\/div>\n<\/div>\n<\/div>\n<\/div>\n<div class=\"Qr7Oae\" role=\"listitem\">\n<div class=\"OxAavc NVbRL\" data-item-id=\"441133761\">\n<div class=\"Ih4Dzb\">\n<div class=\"q4tvle JqSWld yqQS1\" style=\"text-align: center;\">\n<div class=\"Qr7Oae\" role=\"listitem\">\n<div class=\"OxAavc NVbRL\" data-item-id=\"441133761\">\n<div class=\"Ih4Dzb\">\n<div class=\"q4tvle JqSWld yqQS1\">Die gr\u00f6\u00dfte Herausforderung ist interessant. Vielleicht die Freiheit, unabh\u00e4ngig zu sein und meinen eigenen Weg zu finden, was aufregend war, aber auch pl\u00f6tzlich sehr &#8218;auf sich allein gestellt&#8216;. <br class=\"avia-permanent-lb\"><br \/>\n<strong>Welchen Rat w\u00fcrdest du derzeitigen Sch\u00fcler:innen oder deinem fr\u00fcheren Ich geben?<\/strong><\/div>\n<\/div>\n<\/div>\n<\/div>\n<\/div>\n<\/div>\n<\/div>\n<\/div>\n<div class=\"Qr7Oae\" style=\"text-align: center;\" role=\"listitem\">Eine Lektion, die ich gelernt habe, ist, dass man nicht f\u00fcr die Schule lernt &#8211; man lernt f\u00fcr das Leben. Mein Rat: Denk an diesen Spruch und nimm ihn ernst! Denk daran, dass du nicht allein bist &#8211; es gibt immer Menschen, die bereit sind, dir zu helfen und dich zu unterst\u00fctzen, wenn du es zul\u00e4sst. Viel Gl\u00fcck auf deiner Reise!<br class=\"avia-permanent-lb\"><strong>  Was ist Ihre sch\u00f6nste Erinnerung an Ihre Zeit an der ISHR?  <\/strong><\/div>\n<div class=\"Qr7Oae\" style=\"text-align: center;\" role=\"listitem\">Es gibt so viele Erinnerungen. Aber es sind wirklich die Menschen und die Gemeinschaft, die die ISHR so besonders machen.<\/div>\n<\/div><\/section>\n<div  class='hr av-26zxvh-6576a4cec519d24c081d12728b5144e7 hr-default  avia-builder-el-5  el_after_av_textblock  el_before_av_button '><span class='hr-inner '><span class=\"hr-inner-style\"><\/span><\/span><\/div>\n<div  class='avia-button-wrap av-lo5tpuxf-ee381deaecd27f1b9ef7012a8cf32636-wrap avia-button-center  avia-builder-el-6  el_after_av_hr  avia-builder-el-last '><a href='https:\/\/is-hr.de\/de\/schulgemeinschaft\/alumni\/'  class='avia-button av-lo5tpuxf-ee381deaecd27f1b9ef7012a8cf32636 av-link-btn avia-icon_select-no avia-size-x-large avia-position-center avia-color-theme-color'   aria-label=\"ZUR\u00dcCK\"><span class='avia_iconbox_title' >ZUR\u00dcCK<\/span><\/a><\/div>\n","protected":false},"excerpt":{"rendered":"","protected":false},"author":4,"featured_media":0,"parent":5474,"menu_order":0,"comment_status":"closed","ping_status":"closed","template":"","meta":{"footnotes":""},"class_list":["post-7079","page","type-page","status-publish","hentry"],"_links":{"self":[{"href":"https:\/\/is-hr.de\/de\/wp-json\/wp\/v2\/pages\/7079","targetHints":{"allow":["GET"]}}],"collection":[{"href":"https:\/\/is-hr.de\/de\/wp-json\/wp\/v2\/pages"}],"about":[{"href":"https:\/\/is-hr.de\/de\/wp-json\/wp\/v2\/types\/page"}],"author":[{"embeddable":true,"href":"https:\/\/is-hr.de\/de\/wp-json\/wp\/v2\/users\/4"}],"replies":[{"embeddable":true,"href":"https:\/\/is-hr.de\/de\/wp-json\/wp\/v2\/comments?post=7079"}],"version-history":[{"count":0,"href":"https:\/\/is-hr.de\/de\/wp-json\/wp\/v2\/pages\/7079\/revisions"}],"up":[{"embeddable":true,"href":"https:\/\/is-hr.de\/de\/wp-json\/wp\/v2\/pages\/5474"}],"wp:attachment":[{"href":"https:\/\/is-hr.de\/de\/wp-json\/wp\/v2\/media?parent=7079"}],"curies":[{"name":"wp","href":"https:\/\/api.w.org\/{rel}","templated":true}]}}