{"id":7073,"date":"2023-10-23T13:14:29","date_gmt":"2023-10-23T11:14:29","guid":{"rendered":"https:\/\/is-hr.de\/schulgemeinschaft\/where-are-they-now-jil-rueter\/"},"modified":"2024-11-19T15:13:51","modified_gmt":"2024-11-19T14:13:51","slug":"where-are-they-now-jil-rueter","status":"publish","type":"page","link":"https:\/\/is-hr.de\/de\/schulgemeinschaft\/where-are-they-now-jil-rueter\/","title":{"rendered":"Where are they now? Jil R\u00fcter"},"content":{"rendered":"<div id='full_slider_1'  class='avia-fullwidth-slider main_color avia-shadow   avia-builder-el-0  el_before_av_textblock  avia-builder-el-first   container_wrap fullsize'  >\n<style type=\"text\/css\" data-created_by=\"avia_inline_auto\" id=\"style-css-av-lo2ui46g-3d5a1531eb5e0de9823726ba339cc5c2\">\n#top #wrap_all .avia-slideshow .av-slideshow-caption.av-lo2ui46g-3d5a1531eb5e0de9823726ba339cc5c2__0 .avia-caption-title{\nfont-size:20px;\n}\n#top .avia-slideshow .av-slideshow-caption.av-lo2ui46g-3d5a1531eb5e0de9823726ba339cc5c2__0 .avia-caption-content{\nfont-size:20px;\n}\n#top .avia-slideshow .av-slideshow-caption.av-lo2ui46g-3d5a1531eb5e0de9823726ba339cc5c2__0 .avia-caption-content p{\nfont-size:20px;\n}\n<\/style>\n<div  class='avia-slideshow av-lo2ui46g-3d5a1531eb5e0de9823726ba339cc5c2 avia-slideshow-featured av_slideshow_full avia-slide-slider av-slideshow-ui av-control-default av-slideshow-manual av-loop-once av-loop-manual-endless av-default-height-applied   avia-slideshow-1' data-slideshow-options=\"{&quot;animation&quot;:&quot;slide&quot;,&quot;autoplay&quot;:false,&quot;loop_autoplay&quot;:&quot;once&quot;,&quot;interval&quot;:5,&quot;loop_manual&quot;:&quot;manual-endless&quot;,&quot;autoplay_stopper&quot;:false,&quot;noNavigation&quot;:false,&quot;bg_slider&quot;:false,&quot;keep_padding&quot;:false,&quot;hoverpause&quot;:false,&quot;show_slide_delay&quot;:0}\"  itemprop=\"image\" itemscope=\"itemscope\" itemtype=\"https:\/\/schema.org\/ImageObject\" ><ul class='avia-slideshow-inner ' style='padding-bottom: 28.666666666667%;'><li  class='avia-slideshow-slide av-lo2ui46g-3d5a1531eb5e0de9823726ba339cc5c2__0  av-single-slide slide-1 slide-odd'><div data-rel='slideshow-1' class='avia-slide-wrap '   ><div class='av-slideshow-caption av-lo2ui46g-3d5a1531eb5e0de9823726ba339cc5c2__0 caption_fullwidth caption_center caption_center_framed caption_framed'><div class=\"container caption_container\"><div class=\"slideshow_caption\"><div class=\"slideshow_inner_caption\"><div class=\"slideshow_align_caption\"><h2 class='avia-caption-title '  itemprop=\"name\" >JIL R\u00dcTERS<\/h2><div class='avia-caption-content '  itemprop=\"description\" ><p>&#8222;Die ISHR und ihr IB-Lehrplan haben meinen unternehmerischen und innovativen Antrieb stark gef\u00f6rdert.&#8220;<\/p>\n<\/div><\/div><\/div><\/div><\/div><\/div><img decoding=\"async\" fetchpriority=\"high\" class=\"wp-image-6575 avia-img-lazy-loading-not-6575\" src=\"https:\/\/is-hr.de\/wp-content\/uploads\/2023\/10\/SubPage_JilRuter-1-1500x430.png\" width=\"1500\" height=\"430\" title=\"SubPage_JilRu\u0308ter\" alt=\"\" itemprop=\"thumbnailUrl\"><\/div><\/li><\/ul><\/div><\/div><div id='after_full_slider_1'  class='main_color av_default_container_wrap container_wrap fullsize'  ><div class='container av-section-cont-open' ><div class='template-page content  av-content-full alpha units'><div class='post-entry post-entry-type-page post-entry-7073'><div class='entry-content-wrapper clearfix'>\n<section  class='av_textblock_section av-lo2pkdfu-627de79c6116362ad0509fd870c76168 '   itemscope=\"itemscope\" itemtype=\"https:\/\/schema.org\/CreativeWork\" ><div class='avia_textblock av_inherit_color'  itemprop=\"text\" ><h1 style=\"text-align: center;\">WHERE ARE THEY NOW?<\/h1>\n<h5 style=\"text-align: center;\"><br class=\"avia-permanent-lb\">ALUMNI Q&amp;A<\/h5>\n<h6 style=\"text-align: center;\">Dezember 2022<\/h6>\n<\/div><\/section>\n\n<style type=\"text\/css\" data-created_by=\"avia_inline_auto\" id=\"style-css-av-8ri5xx-f2fdf1b510cad2adb5094af4cc861a6d\">\n#top .hr.av-8ri5xx-f2fdf1b510cad2adb5094af4cc861a6d{\nmargin-top:15px;\nmargin-bottom:0px;\n}\n.hr.av-8ri5xx-f2fdf1b510cad2adb5094af4cc861a6d .hr-inner{\nwidth:60px;\nborder-color:#ed1c24;\n}\n<\/style>\n<div  class='hr av-8ri5xx-f2fdf1b510cad2adb5094af4cc861a6d hr-custom  avia-builder-el-2  el_after_av_textblock  el_before_av_hr  hr-center hr-icon-no'><span class='hr-inner inner-border-av-border-fat'><span class=\"hr-inner-style\"><\/span><\/span><\/div>\n\n<style type=\"text\/css\" data-created_by=\"avia_inline_auto\" id=\"style-css-av-88td9h-28a5d78b8bbf92c961f6e7afa913ee52\">\n#top .hr.hr-invisible.av-88td9h-28a5d78b8bbf92c961f6e7afa913ee52{\nheight:20px;\n}\n<\/style>\n<div  class='hr av-88td9h-28a5d78b8bbf92c961f6e7afa913ee52 hr-invisible  avia-builder-el-3  el_after_av_hr  el_before_av_textblock '><span class='hr-inner '><span class=\"hr-inner-style\"><\/span><\/span><\/div>\n<section  class='av_textblock_section av-lo2s9xqv-b89fa38e7a894c804667f15984c19ddc '   itemscope=\"itemscope\" itemtype=\"https:\/\/schema.org\/CreativeWork\" ><div class='avia_textblock'  itemprop=\"text\" ><h4 style=\"text-align: center;\"><strong>Wie hei\u00dft du?<\/strong><\/h4>\n<p style=\"text-align: center;\">Jil R\u00fcter (geb. Goertzen) <br class=\"avia-permanent-lb\"><br class=\"avia-permanent-lb\"><\/p>\n<h4 style=\"text-align: center;\"><strong>Wie viele Jahre warst du an der ISHR?<\/strong><\/h4>\n<p style=\"text-align: center;\">10 Jahre <br class=\"avia-permanent-lb\"><br class=\"avia-permanent-lb\"><\/p>\n<h4 style=\"text-align: center;\"><strong>In welchem Jahr hast du deinen Abschluss gemacht?<\/strong><\/h4>\n<p style=\"text-align: center;\">2012  <br class=\"avia-permanent-lb\"><br class=\"avia-permanent-lb\"><\/p>\n<h4 style=\"text-align: center;\"><strong>Was machst du jetzt? <\/strong><\/h4>\n<p style=\"text-align: center;\">Nach meinem Bachelor- und Masterstudium in den USA begann ich in der Modebranche zu arbeiten. Ein paar Jahre und Erfahrungen sp\u00e4ter habe ich mich nun als Produktmanagerin im Bereich Medizin\/Kosmetik spezialisiert. Neben meiner Arbeit bei lavera, einem hannoverschen Naturkosmetikunternehmen, habe ich meine eigene Start-up-Marke &#8222;chillie&#8220; gegr\u00fcndet und eine patentierte 2-in-1-Hundeleinen-Innovation erfunden, die jetzt auf dem Markt ist. <br class=\"avia-permanent-lb\"><br class=\"avia-permanent-lb\"><\/p>\n<h4 style=\"text-align: center;\"><strong>Was war dein Lieblingsfach an der ISHR? <\/strong><\/h4>\n<p style=\"text-align: center;\">Musik und Englisch <br class=\"avia-permanent-lb\"><br class=\"avia-permanent-lb\"><\/p>\n<h4 style=\"text-align: center;\"><strong>Inwiefern hast du das Gef\u00fchl, dass die ISHR dich auf das vorbereitet hat, was danach kam? <\/strong><\/h4>\n<p style=\"text-align: center;\">Die ISHR und ihr IB-Lehrplan haben meinen unternehmerischen und innovativen Antrieb stark gef\u00f6rdert. Dar\u00fcber hinaus hat mich die ISHR immer gelehrt, pers\u00f6nliche Interessen mit beruflichen Unternehmungen zu verbinden. Der anspruchsvolle IB-Lehrplan hat mir auch die Grundlagen der Wirtschaft vermittelt und es mir erm\u00f6glicht, ein internationales Netzwerk aufzubauen. <br class=\"avia-permanent-lb\"><br class=\"avia-permanent-lb\"><\/p>\n<h4 style=\"text-align: center;\"><strong>Was war die gr\u00f6\u00dfte Herausforderung f\u00fcr dich, um sich an das Leben nach der ISHR anzupassen? <\/strong><\/h4>\n<p style=\"text-align: center;\">Eine der gr\u00f6\u00dften Ver\u00e4nderungen war das Verlassen der Komfortzone, die die ISHR war. Die ISHR bot mir einen sicheren Hafen, der Freunde, Familie und unvergessliche Erfahrungen miteinander verband. Nach der ISHR musste ich mir ein v\u00f6llig neues Leben aufbauen, ohne dass ich im Alltag begleitet wurde und von einer vertrauten Gruppe umgeben war. <br class=\"avia-permanent-lb\"><br class=\"avia-permanent-lb\"><\/p>\n<h4 style=\"text-align: center;\"><strong>Welchen Rat w\u00fcrdest du derzeitigen Sch\u00fcler:innen oder deinem fr\u00fcheren Ich geben?<\/strong><\/h4>\n<p style=\"text-align: center;\">Niemals aufzugeben und seinen Tr\u00e4umen zu folgen, auch wenn sie zu diesem Zeitpunkt unerreichbar scheinen. <br class=\"avia-permanent-lb\"><br class=\"avia-permanent-lb\"><\/p>\n<h4 style=\"text-align: center;\"><strong>Was ist deine sch\u00f6nste Erinnerung an die Zeit an der ISHR? <\/strong><\/h4>\n<p style=\"text-align: center;\">Wenn ich zur\u00fcckblicke, kommen mir viele verschiedene Dinge in den Sinn, darunter Ausfl\u00fcge, Sportveranstaltungen und die Abschlussfeier. Vor allem das j\u00e4hrliche Spring Fling Festival ist mir in bester Erinnerung geblieben. Spring Fling war eine Sommerveranstaltung, die die gesamte internationale Gemeinschaft der Schule zusammenbrachte und zahlreiche Attraktionen wie globale Essensst\u00e4nde, H\u00fcpfburgen und Verlosungen bot. Ein Tag voller Freude!<\/p>\n<\/div><\/section>\n<div  class='avia-button-wrap av-lo5tpuxf-ee381deaecd27f1b9ef7012a8cf32636-wrap avia-button-center  avia-builder-el-5  el_after_av_textblock  avia-builder-el-last '><a href='https:\/\/is-hr.de\/de\/schulgemeinschaft\/alumni\/'  class='avia-button av-lo5tpuxf-ee381deaecd27f1b9ef7012a8cf32636 av-link-btn avia-icon_select-no avia-size-x-large avia-position-center avia-color-theme-color'   aria-label=\"ZUR\u00dcCK\"><span class='avia_iconbox_title' >ZUR\u00dcCK<\/span><\/a><\/div>\n","protected":false},"excerpt":{"rendered":"","protected":false},"author":4,"featured_media":0,"parent":5474,"menu_order":0,"comment_status":"closed","ping_status":"closed","template":"","meta":{"footnotes":""},"class_list":["post-7073","page","type-page","status-publish","hentry"],"_links":{"self":[{"href":"https:\/\/is-hr.de\/de\/wp-json\/wp\/v2\/pages\/7073","targetHints":{"allow":["GET"]}}],"collection":[{"href":"https:\/\/is-hr.de\/de\/wp-json\/wp\/v2\/pages"}],"about":[{"href":"https:\/\/is-hr.de\/de\/wp-json\/wp\/v2\/types\/page"}],"author":[{"embeddable":true,"href":"https:\/\/is-hr.de\/de\/wp-json\/wp\/v2\/users\/4"}],"replies":[{"embeddable":true,"href":"https:\/\/is-hr.de\/de\/wp-json\/wp\/v2\/comments?post=7073"}],"version-history":[{"count":0,"href":"https:\/\/is-hr.de\/de\/wp-json\/wp\/v2\/pages\/7073\/revisions"}],"up":[{"embeddable":true,"href":"https:\/\/is-hr.de\/de\/wp-json\/wp\/v2\/pages\/5474"}],"wp:attachment":[{"href":"https:\/\/is-hr.de\/de\/wp-json\/wp\/v2\/media?parent=7073"}],"curies":[{"name":"wp","href":"https:\/\/api.w.org\/{rel}","templated":true}]}}