{"id":7070,"date":"2023-10-26T15:57:51","date_gmt":"2023-10-26T13:57:51","guid":{"rendered":"https:\/\/is-hr.de\/schulgemeinschaft\/where-are-they-now-isa-wilkie\/"},"modified":"2024-11-19T12:30:49","modified_gmt":"2024-11-19T11:30:49","slug":"where-are-they-now-isa-wilkie","status":"publish","type":"page","link":"https:\/\/is-hr.de\/de\/schulgemeinschaft\/where-are-they-now-isa-wilkie\/","title":{"rendered":"Where are they now? Isa Wilkie"},"content":{"rendered":"<div id='full_slider_1'  class='avia-fullwidth-slider main_color avia-shadow   avia-builder-el-0  el_before_av_textblock  avia-builder-el-first   container_wrap fullsize'  >\n<style type=\"text\/css\" data-created_by=\"avia_inline_auto\" id=\"style-css-av-lpjvgka6-b2162a9940797d14a8d54698a1da5da8\">\n#top #wrap_all .avia-slideshow .av-slideshow-caption.av-lpjvgka6-b2162a9940797d14a8d54698a1da5da8__0 .avia-caption-title{\nfont-size:20px;\n}\n#top .avia-slideshow .av-slideshow-caption.av-lpjvgka6-b2162a9940797d14a8d54698a1da5da8__0 .avia-caption-content{\nfont-size:20px;\n}\n#top .avia-slideshow .av-slideshow-caption.av-lpjvgka6-b2162a9940797d14a8d54698a1da5da8__0 .avia-caption-content p{\nfont-size:20px;\n}\n<\/style>\n<div  class='avia-slideshow av-lpjvgka6-b2162a9940797d14a8d54698a1da5da8 avia-slideshow-featured av_slideshow_full avia-slide-slider av-slideshow-ui av-control-default av-slideshow-manual av-loop-once av-loop-manual-endless av-default-height-applied   avia-slideshow-1' data-slideshow-options=\"{&quot;animation&quot;:&quot;slide&quot;,&quot;autoplay&quot;:false,&quot;loop_autoplay&quot;:&quot;once&quot;,&quot;interval&quot;:5,&quot;loop_manual&quot;:&quot;manual-endless&quot;,&quot;autoplay_stopper&quot;:false,&quot;noNavigation&quot;:false,&quot;bg_slider&quot;:false,&quot;keep_padding&quot;:false,&quot;hoverpause&quot;:false,&quot;show_slide_delay&quot;:0}\"  itemprop=\"image\" itemscope=\"itemscope\" itemtype=\"https:\/\/schema.org\/ImageObject\" ><ul class='avia-slideshow-inner ' style='padding-bottom: 28.666666666667%;'><li  class='avia-slideshow-slide av-lpjvgka6-b2162a9940797d14a8d54698a1da5da8__0  av-single-slide slide-1 slide-odd'><div data-rel='slideshow-1' class='avia-slide-wrap '   ><div class='av-slideshow-caption av-lpjvgka6-b2162a9940797d14a8d54698a1da5da8__0 caption_fullwidth caption_bottom caption_bottom_framed caption_framed'><div class=\"container caption_container\"><div class=\"slideshow_caption\"><div class=\"slideshow_inner_caption\"><div class=\"slideshow_align_caption\"><h2 class='avia-caption-title '  itemprop=\"name\" >Isa Wilkie<\/h2><div class='avia-caption-content '  itemprop=\"description\" ><p>&#8222;Die ISHR-Gemeinschaft hat mich gelehrt, Menschen unabh\u00e4ngig von ihrer Herkunft anzunehmen, dass man auch an unwahrscheinlichen Orten Freunde finden kann und dass man immer freundlich zu anderen sein sollte.<\/p>\n<\/div><\/div><\/div><\/div><\/div><\/div><img decoding=\"async\" fetchpriority=\"high\" class=\"wp-image-6831 avia-img-lazy-loading-not-6831\" src=\"https:\/\/is-hr.de\/wp-content\/uploads\/2023\/10\/SubPage_IsaWilkie_1500x430-1500x430.jpg\" width=\"1500\" height=\"430\" title=\"SubPage_IsaWilkie_1500x430\" alt=\"\" itemprop=\"thumbnailUrl\" srcset=\"https:\/\/is-hr.de\/wp-content\/uploads\/2023\/10\/SubPage_IsaWilkie_1500x430-1500x430.jpg 1500w, https:\/\/is-hr.de\/wp-content\/uploads\/2023\/10\/SubPage_IsaWilkie_1500x430-300x86.jpg 300w, https:\/\/is-hr.de\/wp-content\/uploads\/2023\/10\/SubPage_IsaWilkie_1500x430-1030x295.jpg 1030w, https:\/\/is-hr.de\/wp-content\/uploads\/2023\/10\/SubPage_IsaWilkie_1500x430-768x220.jpg 768w, https:\/\/is-hr.de\/wp-content\/uploads\/2023\/10\/SubPage_IsaWilkie_1500x430-1536x440.jpg 1536w, https:\/\/is-hr.de\/wp-content\/uploads\/2023\/10\/SubPage_IsaWilkie_1500x430-2048x587.jpg 2048w, https:\/\/is-hr.de\/wp-content\/uploads\/2023\/10\/SubPage_IsaWilkie_1500x430-705x202.jpg 705w\" sizes=\"(max-width: 1500px) 100vw, 1500px\"><\/div><\/li><\/ul><\/div><\/div><div id='after_full_slider_1'  class='main_color av_default_container_wrap container_wrap fullsize'  ><div class='container av-section-cont-open' ><div class='template-page content  av-content-full alpha units'><div class='post-entry post-entry-type-page post-entry-7070'><div class='entry-content-wrapper clearfix'>\n<section  class='av_textblock_section av-lo2pkdfu-627de79c6116362ad0509fd870c76168 '   itemscope=\"itemscope\" itemtype=\"https:\/\/schema.org\/CreativeWork\" ><div class='avia_textblock av_inherit_color'  itemprop=\"text\" ><h1 style=\"text-align: center;\">WHERE ARE THEY NOW?<\/h1>\n<h5 style=\"text-align: center;\"><br class=\"avia-permanent-lb\">ALUMNI Q&amp;A<\/h5>\n<h6 style=\"text-align: center;\">Januar 2023<\/h6>\n<\/div><\/section>\n\n<style type=\"text\/css\" data-created_by=\"avia_inline_auto\" id=\"style-css-av-8ri5xx-f2fdf1b510cad2adb5094af4cc861a6d\">\n#top .hr.av-8ri5xx-f2fdf1b510cad2adb5094af4cc861a6d{\nmargin-top:15px;\nmargin-bottom:0px;\n}\n.hr.av-8ri5xx-f2fdf1b510cad2adb5094af4cc861a6d .hr-inner{\nwidth:60px;\nborder-color:#ed1c24;\n}\n<\/style>\n<div  class='hr av-8ri5xx-f2fdf1b510cad2adb5094af4cc861a6d hr-custom  avia-builder-el-2  el_after_av_textblock  el_before_av_hr  hr-center hr-icon-no'><span class='hr-inner inner-border-av-border-fat'><span class=\"hr-inner-style\"><\/span><\/span><\/div>\n\n<style type=\"text\/css\" data-created_by=\"avia_inline_auto\" id=\"style-css-av-88td9h-28a5d78b8bbf92c961f6e7afa913ee52\">\n#top .hr.hr-invisible.av-88td9h-28a5d78b8bbf92c961f6e7afa913ee52{\nheight:20px;\n}\n<\/style>\n<div  class='hr av-88td9h-28a5d78b8bbf92c961f6e7afa913ee52 hr-invisible  avia-builder-el-3  el_after_av_hr  el_before_av_textblock '><span class='hr-inner '><span class=\"hr-inner-style\"><\/span><\/span><\/div>\n<section  class='av_textblock_section av-lo2s9xqv-b89fa38e7a894c804667f15984c19ddc '   itemscope=\"itemscope\" itemtype=\"https:\/\/schema.org\/CreativeWork\" ><div class='avia_textblock'  itemprop=\"text\" ><h4 style=\"text-align: center;\"><strong>Wie hei\u00dft du?<\/strong><\/h4>\n<p style=\"text-align: center;\">Isa Wilkie<br class=\"avia-permanent-lb\"><br class=\"avia-permanent-lb\"><\/p>\n<h4 style=\"text-align: center;\"><strong>Wie viele Jahre warst du an der ISHR?<\/strong><\/h4>\n<div class=\"Qr7Oae\" role=\"listitem\">\n<div class=\"OxAavc NVbRL\" data-item-id=\"1588379409\">\n<div class=\"Ih4Dzb\">\n<div class=\"q4tvle JqSWld yqQS1\" style=\"text-align: center;\">13 Jahre<\/div>\n<div class=\"q4tvle JqSWld yqQS1\" style=\"text-align: center;\"><strong> <br class=\"avia-permanent-lb\"><br class=\"avia-permanent-lb\">In welchem Jahr hast du deinen Abschluss gemacht?<\/strong><\/div>\n<\/div>\n<\/div>\n<\/div>\n<p style=\"text-align: center;\">2017<br class=\"avia-permanent-lb\"><br class=\"avia-permanent-lb\"><\/p>\n<h4 style=\"text-align: center;\"><strong>Was machst du jetzt? <\/strong><\/h4>\n<p style=\"text-align: center;\">Nach der ISHR habe ich Biochemie mit dem Nebenfach Umweltwissenschaften studiert. W\u00e4hrend meines Studiums stellte ich fest, dass mir die \u00dcberschneidungen zwischen Biologie und Geowissenschaften sehr gut gefielen, so dass ich einen Master in Meeresmikrobiologie absolvierte, der es mir erm\u00f6glichte, weiterhin mit beiden zu arbeiten! Nun bin ich Doktorand am Max-Planck-Institut f\u00fcr Meeresmikrobiologie. Mein Hauptprojekt konzentriert sich auf eine Helgoland-Zeitreihe, die ich nutze, um Ver\u00e4nderungen in einer Bakteriengruppe im Laufe der Zeit zu untersuchen. Ich sammle von Zeit zu Zeit Proben vor Ort und bin gerade von einer Expedition an Bord der Polarstern (dem deutschen Forschungseisbrecher) zur\u00fcckgekehrt; wir waren in S\u00fcdgeorgien, um Wasser- und Sedimentproben zu sammeln, die es mir erm\u00f6glichen werden, die mikrobielle Gemeinschaft in diesem Gebiet zu beschreiben. Es war das Abenteuer des Lebens!<br class=\"avia-permanent-lb\"><br class=\"avia-permanent-lb\"><\/p>\n<h4 style=\"text-align: center;\"><strong>Was war dein Lieblingsfach an der ISHR? <\/strong><\/h4>\n<p style=\"text-align: center;\">Spanisch, Biologie und Geografie<br class=\"avia-permanent-lb\"><br class=\"avia-permanent-lb\"><\/p>\n<h4 style=\"text-align: center;\"><strong>Inwiefern hast du das Gef\u00fchl, dass die ISHR dich auf das vorbereitet hat, was danach kam? <\/strong><\/h4>\n<p style=\"text-align: center;\">Eine Sache, die ich aus meiner Zeit an der ISHR mitgenommen habe und von der ich sehr \u00fcberzeugt bin, ist, dass man immer etwas tun sollte, f\u00fcr das man eine Leidenschaft hat, und dass man Risiken eingehen sollte, um dieses Ziel zu erreichen. Au\u00dferdem hat mich die ISHR-Gemeinschaft gelehrt, Menschen unabh\u00e4ngig von ihrem Hintergrund zu akzeptieren, dass man auch an unwahrscheinlichen Orten Freunde finden kann und dass man immer freundlich zu anderen sein sollte. <br class=\"avia-permanent-lb\"><br class=\"avia-permanent-lb\"><\/p>\n<h4 style=\"text-align: center;\"><strong>Was war die gr\u00f6\u00dfte Herausforderung f\u00fcr dich, um sich an das Leben nach der ISHR anzupassen? <\/strong><\/h4>\n<div class=\"Qr7Oae\" role=\"listitem\">\n<div class=\"OxAavc NVbRL\" data-item-id=\"441133761\">\n<div class=\"Ih4Dzb\">\n<div class=\"q4tvle JqSWld yqQS1\" style=\"text-align: center;\">Eine der Herausforderungen, denen ich gegen\u00fcberstand, bestand darin, au\u00dferhalb der ISHR-Blase zu sein, und das wahrscheinlich, weil ich so lange an der ISHR war. Es war auf jeden Fall ein komisches Gef\u00fchl, als ich an der Uni anfing, denn es gab so viele neue Leute kennenzulernen! Jahrelang hatte ich diesen sicheren Raum in der Schule, in dem ich wusste, was auf mich zukommt, und der war pl\u00f6tzlich weg. Gl\u00fccklicherweise fand ich schnell mein &#8222;Unterst\u00fctzungsnetzwerk&#8220;, das mir zeigte, dass es eine gro\u00dfartige Erfahrung sein kann, seinen sicheren Raum zu verlassen!<\/div>\n<\/div>\n<\/div>\n<\/div>\n<div class=\"Qr7Oae\" role=\"listitem\">\n<div class=\"OxAavc NVbRL\" data-item-id=\"1462982589\">\n<div class=\"pYfr3c\">\n<div class=\"prOLdf\">\n<div class=\"g53bl\">\n<div class=\"cTDvob D1wxyf RjsPE\" role=\"heading\" aria-level=\"3\" aria-describedby=\"i.desc.1462982589\"><\/div>\n<\/div>\n<\/div>\n<\/div>\n<\/div>\n<\/div>\n<p style=\"text-align: center;\"><br class=\"avia-permanent-lb\"><br class=\"avia-permanent-lb\"><\/p>\n<h4 style=\"text-align: center;\"><strong>Welchen Rat w\u00fcrdest du derzeitigen Sch\u00fcler:innen oder deinem fr\u00fcheren Ich geben?<\/strong><\/h4>\n<p style=\"text-align: center;\">Scheu dich nicht, etwas Neues auszuprobieren. Ich wei\u00df, es klingt wie ein Klischee, aber es kann sich \u00fcberw\u00e4ltigend anf\u00fchlen, rauszugehen, neue Erfahrungen zu machen und sich dann darauf einzulassen. Ich verspreche, dass es sich lohnt, denn neue Erfahrungen formen uns zu dem, was wir sind, und es gibt immer etwas, das wir daraus mitnehmen k\u00f6nnen!<br class=\"avia-permanent-lb\"><br class=\"avia-permanent-lb\"><\/p>\n<h4 style=\"text-align: center;\"><strong>Was ist deine sch\u00f6nste Erinnerung an die Zeit an der ISHR? <\/strong><\/h4>\n<p style=\"text-align: center;\">Es ist wirklich schwer, eine Auswahl zu treffen, aber ich muss sagen, dass einige meiner sch\u00f6nsten Erinnerungen an unseren Englisch-Literaturkurs bei Mr. Lowe sind. Er sorgte immer daf\u00fcr, dass wir beim Lernen Spa\u00df hatten, und seine Leidenschaft f\u00fcr die Literatur war inspirierend, die ich immer noch in mir trage. Danke, Mr. Lowe, und danke an alle meine Klassenkameraden, die in dieser Klasse waren!<\/p>\n<\/div><\/section>\n<div  class='avia-button-wrap av-lo5tpuxf-ee381deaecd27f1b9ef7012a8cf32636-wrap avia-button-center  avia-builder-el-5  el_after_av_textblock  avia-builder-el-last '><a href='https:\/\/is-hr.de\/de\/schulgemeinschaft\/alumni\/'  class='avia-button av-lo5tpuxf-ee381deaecd27f1b9ef7012a8cf32636 av-link-btn avia-icon_select-no avia-size-x-large avia-position-center avia-color-theme-color'   aria-label=\"ZUR\u00dcCK\"><span class='avia_iconbox_title' >ZUR\u00dcCK<\/span><\/a><\/div>\n","protected":false},"excerpt":{"rendered":"","protected":false},"author":4,"featured_media":0,"parent":5474,"menu_order":0,"comment_status":"closed","ping_status":"closed","template":"","meta":{"footnotes":""},"class_list":["post-7070","page","type-page","status-publish","hentry"],"_links":{"self":[{"href":"https:\/\/is-hr.de\/de\/wp-json\/wp\/v2\/pages\/7070","targetHints":{"allow":["GET"]}}],"collection":[{"href":"https:\/\/is-hr.de\/de\/wp-json\/wp\/v2\/pages"}],"about":[{"href":"https:\/\/is-hr.de\/de\/wp-json\/wp\/v2\/types\/page"}],"author":[{"embeddable":true,"href":"https:\/\/is-hr.de\/de\/wp-json\/wp\/v2\/users\/4"}],"replies":[{"embeddable":true,"href":"https:\/\/is-hr.de\/de\/wp-json\/wp\/v2\/comments?post=7070"}],"version-history":[{"count":0,"href":"https:\/\/is-hr.de\/de\/wp-json\/wp\/v2\/pages\/7070\/revisions"}],"up":[{"embeddable":true,"href":"https:\/\/is-hr.de\/de\/wp-json\/wp\/v2\/pages\/5474"}],"wp:attachment":[{"href":"https:\/\/is-hr.de\/de\/wp-json\/wp\/v2\/media?parent=7070"}],"curies":[{"name":"wp","href":"https:\/\/api.w.org\/{rel}","templated":true}]}}