{"id":7065,"date":"2023-10-26T11:36:13","date_gmt":"2023-10-26T09:36:13","guid":{"rendered":"https:\/\/is-hr.de\/schulgemeinschaft\/where-are-they-now-helena-stewart\/"},"modified":"2024-11-19T12:30:19","modified_gmt":"2024-11-19T11:30:19","slug":"where-are-they-now-helena-stewart","status":"publish","type":"page","link":"https:\/\/is-hr.de\/de\/schulgemeinschaft\/where-are-they-now-helena-stewart\/","title":{"rendered":"Where are they now? Helena Stewart"},"content":{"rendered":"<div id='full_slider_1'  class='avia-fullwidth-slider main_color avia-shadow   avia-builder-el-0  el_before_av_textblock  avia-builder-el-first   container_wrap fullsize'  >\n<style type=\"text\/css\" data-created_by=\"avia_inline_auto\" id=\"style-css-av-lo6zzc5c-d2da17635740f61afbb897cc7f17ba5b\">\n#top #wrap_all .avia-slideshow .av-slideshow-caption.av-lo6zzc5c-d2da17635740f61afbb897cc7f17ba5b__0 .avia-caption-title{\nfont-size:20px;\n}\n#top .avia-slideshow .av-slideshow-caption.av-lo6zzc5c-d2da17635740f61afbb897cc7f17ba5b__0 .avia-caption-content{\nfont-size:20px;\n}\n#top .avia-slideshow .av-slideshow-caption.av-lo6zzc5c-d2da17635740f61afbb897cc7f17ba5b__0 .avia-caption-content p{\nfont-size:20px;\n}\n<\/style>\n<div  class='avia-slideshow av-lo6zzc5c-d2da17635740f61afbb897cc7f17ba5b avia-slideshow-featured av_slideshow_full avia-slide-slider av-slideshow-ui av-control-default av-slideshow-manual av-loop-once av-loop-manual-endless av-default-height-applied   avia-slideshow-1' data-slideshow-options=\"{&quot;animation&quot;:&quot;slide&quot;,&quot;autoplay&quot;:false,&quot;loop_autoplay&quot;:&quot;once&quot;,&quot;interval&quot;:5,&quot;loop_manual&quot;:&quot;manual-endless&quot;,&quot;autoplay_stopper&quot;:false,&quot;noNavigation&quot;:false,&quot;bg_slider&quot;:false,&quot;keep_padding&quot;:false,&quot;hoverpause&quot;:false,&quot;show_slide_delay&quot;:0}\"  itemprop=\"image\" itemscope=\"itemscope\" itemtype=\"https:\/\/schema.org\/ImageObject\" ><ul class='avia-slideshow-inner ' style='padding-bottom: 28.666666666667%;'><li  class='avia-slideshow-slide av-lo6zzc5c-d2da17635740f61afbb897cc7f17ba5b__0  av-single-slide slide-1 slide-odd'><div data-rel='slideshow-1' class='avia-slide-wrap '   ><div class='av-slideshow-caption av-lo6zzc5c-d2da17635740f61afbb897cc7f17ba5b__0 caption_fullwidth caption_center caption_center_framed caption_framed'><div class=\"container caption_container\"><div class=\"slideshow_caption\"><div class=\"slideshow_inner_caption\"><div class=\"slideshow_align_caption\"><h2 class='avia-caption-title '  itemprop=\"name\" >Helena Stewart<\/h2><div class='avia-caption-content '  itemprop=\"description\" ><p>&#8222;Ich habe an der ISHR viele verschiedene Dinge gelernt, so dass es einfacher ist, mit der Last zu jonglieren, so viele neue Dinge an der Uni zu lernen, weil ich seit dem IB daran gew\u00f6hnt war.&#8220;<\/p>\n<\/div><\/div><\/div><\/div><\/div><\/div><img decoding=\"async\" fetchpriority=\"high\" class=\"wp-image-6743 avia-img-lazy-loading-not-6743\" src=\"https:\/\/is-hr.de\/wp-content\/uploads\/2023\/10\/SubPage_HelenaStewart_1500x430.jpg\" width=\"1500\" height=\"430\" title=\"SubPage_HelenaStewart_1500x430\" alt=\"\" itemprop=\"thumbnailUrl\" srcset=\"https:\/\/is-hr.de\/wp-content\/uploads\/2023\/10\/SubPage_HelenaStewart_1500x430.jpg 1500w, https:\/\/is-hr.de\/wp-content\/uploads\/2023\/10\/SubPage_HelenaStewart_1500x430-300x86.jpg 300w, https:\/\/is-hr.de\/wp-content\/uploads\/2023\/10\/SubPage_HelenaStewart_1500x430-1030x295.jpg 1030w, https:\/\/is-hr.de\/wp-content\/uploads\/2023\/10\/SubPage_HelenaStewart_1500x430-768x220.jpg 768w, https:\/\/is-hr.de\/wp-content\/uploads\/2023\/10\/SubPage_HelenaStewart_1500x430-705x202.jpg 705w\" sizes=\"(max-width: 1500px) 100vw, 1500px\"><\/div><\/li><\/ul><\/div><\/div><div id='after_full_slider_1'  class='main_color av_default_container_wrap container_wrap fullsize'  ><div class='container av-section-cont-open' ><div class='template-page content  av-content-full alpha units'><div class='post-entry post-entry-type-page post-entry-7065'><div class='entry-content-wrapper clearfix'>\n<section  class='av_textblock_section av-lo2pkdfu-627de79c6116362ad0509fd870c76168 '   itemscope=\"itemscope\" itemtype=\"https:\/\/schema.org\/CreativeWork\" ><div class='avia_textblock av_inherit_color'  itemprop=\"text\" ><h1 style=\"text-align: center;\">WHERE ARE THEY NOW?<\/h1>\n<h5 style=\"text-align: center;\"><br class=\"avia-permanent-lb\">ALUMNI Q&amp;A<\/h5>\n<h6 style=\"text-align: center;\">Mai 2023<\/h6>\n<\/div><\/section>\n\n<style type=\"text\/css\" data-created_by=\"avia_inline_auto\" id=\"style-css-av-8ri5xx-f2fdf1b510cad2adb5094af4cc861a6d\">\n#top .hr.av-8ri5xx-f2fdf1b510cad2adb5094af4cc861a6d{\nmargin-top:15px;\nmargin-bottom:0px;\n}\n.hr.av-8ri5xx-f2fdf1b510cad2adb5094af4cc861a6d .hr-inner{\nwidth:60px;\nborder-color:#ed1c24;\n}\n<\/style>\n<div  class='hr av-8ri5xx-f2fdf1b510cad2adb5094af4cc861a6d hr-custom  avia-builder-el-2  el_after_av_textblock  el_before_av_hr  hr-center hr-icon-no'><span class='hr-inner inner-border-av-border-fat'><span class=\"hr-inner-style\"><\/span><\/span><\/div>\n\n<style type=\"text\/css\" data-created_by=\"avia_inline_auto\" id=\"style-css-av-88td9h-28a5d78b8bbf92c961f6e7afa913ee52\">\n#top .hr.hr-invisible.av-88td9h-28a5d78b8bbf92c961f6e7afa913ee52{\nheight:20px;\n}\n<\/style>\n<div  class='hr av-88td9h-28a5d78b8bbf92c961f6e7afa913ee52 hr-invisible  avia-builder-el-3  el_after_av_hr  el_before_av_textblock '><span class='hr-inner '><span class=\"hr-inner-style\"><\/span><\/span><\/div>\n<section  class='av_textblock_section av-lo2s9xqv-b89fa38e7a894c804667f15984c19ddc '   itemscope=\"itemscope\" itemtype=\"https:\/\/schema.org\/CreativeWork\" ><div class='avia_textblock'  itemprop=\"text\" ><h4 style=\"text-align: center;\"><strong>Wie hei\u00dft du?<\/strong><\/h4>\n<p style=\"text-align: center;\">Helena Stewart<\/p>\n<h4 style=\"text-align: center;\"><strong>Wie viele Jahre warst du an der ISHR?<\/strong><\/h4>\n<div class=\"Qr7Oae\" role=\"listitem\">\n<div class=\"OxAavc NVbRL\" data-item-id=\"1588379409\">\n<div class=\"Ih4Dzb\">\n<div class=\"q4tvle JqSWld yqQS1\" style=\"text-align: center;\">4<\/div>\n<div class=\"q4tvle JqSWld yqQS1\" style=\"text-align: center;\"><strong> <br class=\"avia-permanent-lb\"><br class=\"avia-permanent-lb\">In welchem Jahr hast du deinen Abschluss gemacht?<\/strong><\/div>\n<\/div>\n<\/div>\n<\/div>\n<p style=\"text-align: center;\">2021<br class=\"avia-permanent-lb\"><br class=\"avia-permanent-lb\"><\/p>\n<h4 style=\"text-align: center;\"><strong>Was machst du jetzt? <\/strong><\/h4>\n<p style=\"text-align: center;\">Ich bin im 3. Jahr meines Medizinstudiums an der Universit\u00e4t Lancaster in England!<br class=\"avia-permanent-lb\"><br class=\"avia-permanent-lb\"><\/p>\n<h4 style=\"text-align: center;\"><strong>Was war dein Lieblingsfach an der ISHR? <\/strong><\/h4>\n<p style=\"text-align: center;\">Chemie!<br class=\"avia-permanent-lb\"><br class=\"avia-permanent-lb\"><\/p>\n<h4 style=\"text-align: center;\"><strong>Inwiefern hast du das Gef\u00fchl, dass die ISHR dich auf das vorbereitet hat, was danach kam? <\/strong><\/h4>\n<p style=\"text-align: center;\">Ich muss in meinen Pr\u00fcfungen Fragen zur Ethik beantworten, und TOK hat mir dabei wirklich geholfen (seltsamerweise!). Mir gef\u00e4llt auch, dass ich viele verschiedene Dinge gelernt habe, so dass es einfacher ist, mit der Last des Lernens so vieler neuer Dinge an der Uni zu jonglieren, weil ich das seit dem IB gewohnt war.<br class=\"avia-permanent-lb\"><br class=\"avia-permanent-lb\"><\/p>\n<h4 style=\"text-align: center;\"><strong>Was war die gr\u00f6\u00dfte Herausforderung f\u00fcr dich, um sich an das Leben nach der ISHR anzupassen? <\/strong><\/h4>\n<p style=\"text-align: center;\">Der Unterschied in der Gemeinschaft&#8230; es war seltsam, in Vorlesungen und Klassen zu gehen, in denen die Lehrer nicht wussten, wer man ist. Die Klassen der ISHR waren auch so klein, dass man jeden kannte. <br class=\"avia-permanent-lb\"><br class=\"avia-permanent-lb\"><\/p>\n<h4 style=\"text-align: center;\"><strong>Welchen Rat w\u00fcrdest du derzeitigen Sch\u00fcler:innen oder deinem fr\u00fcheren Ich geben?<\/strong><\/h4>\n<p style=\"text-align: center;\">F\u00e4cher zu w\u00e4hlen, in denen man gut ist (und nicht F\u00e4cher, die man f\u00fcr gut h\u00e4lt oder die sozial kl\u00fcger erscheinen). sich nicht so viele Sorgen zu machen, weil es eine wirklich wertvolle Erfahrung ist <br class=\"avia-permanent-lb\"><br class=\"avia-permanent-lb\"><\/p>\n<h4 style=\"text-align: center;\"><strong>Was ist deine sch\u00f6nste Erinnerung an die Zeit an der ISHR? <\/strong><\/h4>\n<p style=\"text-align: center;\">Mit meinen Freunden vor den Pr\u00fcfungen zu lernen und sich gegenseitig zu helfen! Die Reise nach Edinburgh war auch gro\u00dfartig! Die beste Zeit \u00fcberhaupt.<\/p>\n<\/div><\/section>\n<div  class='avia-button-wrap av-lo5tpuxf-ee381deaecd27f1b9ef7012a8cf32636-wrap avia-button-center  avia-builder-el-5  el_after_av_textblock  avia-builder-el-last '><a href='https:\/\/is-hr.de\/de\/schulgemeinschaft\/alumni\/'  class='avia-button av-lo5tpuxf-ee381deaecd27f1b9ef7012a8cf32636 av-link-btn avia-icon_select-no avia-size-x-large avia-position-center avia-color-theme-color'   aria-label=\"ZUR\u00dcCK\"><span class='avia_iconbox_title' >ZUR\u00dcCK<\/span><\/a><\/div>\n","protected":false},"excerpt":{"rendered":"","protected":false},"author":4,"featured_media":0,"parent":5474,"menu_order":0,"comment_status":"closed","ping_status":"closed","template":"","meta":{"footnotes":""},"class_list":["post-7065","page","type-page","status-publish","hentry"],"_links":{"self":[{"href":"https:\/\/is-hr.de\/de\/wp-json\/wp\/v2\/pages\/7065","targetHints":{"allow":["GET"]}}],"collection":[{"href":"https:\/\/is-hr.de\/de\/wp-json\/wp\/v2\/pages"}],"about":[{"href":"https:\/\/is-hr.de\/de\/wp-json\/wp\/v2\/types\/page"}],"author":[{"embeddable":true,"href":"https:\/\/is-hr.de\/de\/wp-json\/wp\/v2\/users\/4"}],"replies":[{"embeddable":true,"href":"https:\/\/is-hr.de\/de\/wp-json\/wp\/v2\/comments?post=7065"}],"version-history":[{"count":0,"href":"https:\/\/is-hr.de\/de\/wp-json\/wp\/v2\/pages\/7065\/revisions"}],"up":[{"embeddable":true,"href":"https:\/\/is-hr.de\/de\/wp-json\/wp\/v2\/pages\/5474"}],"wp:attachment":[{"href":"https:\/\/is-hr.de\/de\/wp-json\/wp\/v2\/media?parent=7065"}],"curies":[{"name":"wp","href":"https:\/\/api.w.org\/{rel}","templated":true}]}}