{"id":7062,"date":"2023-10-26T11:19:11","date_gmt":"2023-10-26T09:19:11","guid":{"rendered":"https:\/\/is-hr.de\/schulgemeinschaft\/where-are-they-now-endric-daues\/"},"modified":"2024-11-19T12:28:31","modified_gmt":"2024-11-19T11:28:31","slug":"where-are-they-now-endric-daues","status":"publish","type":"page","link":"https:\/\/is-hr.de\/de\/schulgemeinschaft\/where-are-they-now-endric-daues\/","title":{"rendered":"Where are they now? Endric Daues"},"content":{"rendered":"<div id='full_slider_1'  class='avia-fullwidth-slider main_color avia-shadow   avia-builder-el-0  el_before_av_textblock  avia-builder-el-first   container_wrap fullsize'  >\n<style type=\"text\/css\" data-created_by=\"avia_inline_auto\" id=\"style-css-av-lo71d83r-907fdfc8f4bb6a7f5b6a871b6c5c84c7\">\n#top #wrap_all .avia-slideshow .av-slideshow-caption.av-lo71d83r-907fdfc8f4bb6a7f5b6a871b6c5c84c7__0 .avia-caption-title{\nfont-size:20px;\n}\n#top .avia-slideshow .av-slideshow-caption.av-lo71d83r-907fdfc8f4bb6a7f5b6a871b6c5c84c7__0 .avia-caption-content{\nfont-size:20px;\n}\n#top .avia-slideshow .av-slideshow-caption.av-lo71d83r-907fdfc8f4bb6a7f5b6a871b6c5c84c7__0 .avia-caption-content p{\nfont-size:20px;\n}\n<\/style>\n<div  class='avia-slideshow av-lo71d83r-907fdfc8f4bb6a7f5b6a871b6c5c84c7 avia-slideshow-featured av_slideshow_full avia-slide-slider av-slideshow-ui av-control-default av-slideshow-manual av-loop-once av-loop-manual-endless av-default-height-applied   avia-slideshow-1' data-slideshow-options=\"{&quot;animation&quot;:&quot;slide&quot;,&quot;autoplay&quot;:false,&quot;loop_autoplay&quot;:&quot;once&quot;,&quot;interval&quot;:5,&quot;loop_manual&quot;:&quot;manual-endless&quot;,&quot;autoplay_stopper&quot;:false,&quot;noNavigation&quot;:false,&quot;bg_slider&quot;:false,&quot;keep_padding&quot;:false,&quot;hoverpause&quot;:false,&quot;show_slide_delay&quot;:0}\"  itemprop=\"image\" itemscope=\"itemscope\" itemtype=\"https:\/\/schema.org\/ImageObject\" ><ul class='avia-slideshow-inner ' style='padding-bottom: 28.666666666667%;'><li  class='avia-slideshow-slide av-lo71d83r-907fdfc8f4bb6a7f5b6a871b6c5c84c7__0  av-single-slide slide-1 slide-odd'><div data-rel='slideshow-1' class='avia-slide-wrap '   ><div class='av-slideshow-caption av-lo71d83r-907fdfc8f4bb6a7f5b6a871b6c5c84c7__0 caption_fullwidth caption_bottom caption_bottom_framed caption_framed'><div class=\"container caption_container\"><div class=\"slideshow_caption\"><div class=\"slideshow_inner_caption\"><div class=\"slideshow_align_caption\"><h2 class='avia-caption-title '  itemprop=\"name\" >Endric Daues<\/h2><div class='avia-caption-content '  itemprop=\"description\" ><p>&#8222;Ich sch\u00e4tze mich sehr gl\u00fccklich, eine Schule besucht zu haben, an der die Studenten nie durch die Ressourcen der Schule in ihrer F\u00e4higkeit eingeschr\u00e4nkt wurden, an lokalen oder internationalen Universit\u00e4ten konkurrenzf\u00e4hig zu werden.&#8220;<\/p>\n<\/div><\/div><\/div><\/div><\/div><\/div><img decoding=\"async\" fetchpriority=\"high\" class=\"wp-image-6729 avia-img-lazy-loading-not-6729\" src=\"https:\/\/is-hr.de\/wp-content\/uploads\/2023\/10\/SubPage_EndricDaues_1500x430.jpg\" width=\"1500\" height=\"430\" title=\"SubPage_EndricDaues_1500x430\" alt=\"\" itemprop=\"thumbnailUrl\" srcset=\"https:\/\/is-hr.de\/wp-content\/uploads\/2023\/10\/SubPage_EndricDaues_1500x430.jpg 1500w, https:\/\/is-hr.de\/wp-content\/uploads\/2023\/10\/SubPage_EndricDaues_1500x430-300x86.jpg 300w, https:\/\/is-hr.de\/wp-content\/uploads\/2023\/10\/SubPage_EndricDaues_1500x430-1030x295.jpg 1030w, https:\/\/is-hr.de\/wp-content\/uploads\/2023\/10\/SubPage_EndricDaues_1500x430-768x220.jpg 768w, https:\/\/is-hr.de\/wp-content\/uploads\/2023\/10\/SubPage_EndricDaues_1500x430-705x202.jpg 705w\" sizes=\"(max-width: 1500px) 100vw, 1500px\"><\/div><\/li><\/ul><\/div><\/div><div id='after_full_slider_1'  class='main_color av_default_container_wrap container_wrap fullsize'  ><div class='container av-section-cont-open' ><div class='template-page content  av-content-full alpha units'><div class='post-entry post-entry-type-page post-entry-7062'><div class='entry-content-wrapper clearfix'>\n<section  class='av_textblock_section av-lo2pkdfu-627de79c6116362ad0509fd870c76168 '   itemscope=\"itemscope\" itemtype=\"https:\/\/schema.org\/CreativeWork\" ><div class='avia_textblock av_inherit_color'  itemprop=\"text\" ><h1 style=\"text-align: center;\">WHERE ARE THEY NOW?<\/h1>\n<h5 style=\"text-align: center;\"><br class=\"avia-permanent-lb\">ALUMNI Q&amp;A<\/h5>\n<h6 style=\"text-align: center;\">Januar 2023<\/h6>\n<\/div><\/section>\n\n<style type=\"text\/css\" data-created_by=\"avia_inline_auto\" id=\"style-css-av-8ri5xx-f2fdf1b510cad2adb5094af4cc861a6d\">\n#top .hr.av-8ri5xx-f2fdf1b510cad2adb5094af4cc861a6d{\nmargin-top:15px;\nmargin-bottom:0px;\n}\n.hr.av-8ri5xx-f2fdf1b510cad2adb5094af4cc861a6d .hr-inner{\nwidth:60px;\nborder-color:#ed1c24;\n}\n<\/style>\n<div  class='hr av-8ri5xx-f2fdf1b510cad2adb5094af4cc861a6d hr-custom  avia-builder-el-2  el_after_av_textblock  el_before_av_hr  hr-center hr-icon-no'><span class='hr-inner inner-border-av-border-fat'><span class=\"hr-inner-style\"><\/span><\/span><\/div>\n\n<style type=\"text\/css\" data-created_by=\"avia_inline_auto\" id=\"style-css-av-88td9h-28a5d78b8bbf92c961f6e7afa913ee52\">\n#top .hr.hr-invisible.av-88td9h-28a5d78b8bbf92c961f6e7afa913ee52{\nheight:20px;\n}\n<\/style>\n<div  class='hr av-88td9h-28a5d78b8bbf92c961f6e7afa913ee52 hr-invisible  avia-builder-el-3  el_after_av_hr  el_before_av_textblock '><span class='hr-inner '><span class=\"hr-inner-style\"><\/span><\/span><\/div>\n<section  class='av_textblock_section av-lo2s9xqv-b89fa38e7a894c804667f15984c19ddc '   itemscope=\"itemscope\" itemtype=\"https:\/\/schema.org\/CreativeWork\" ><div class='avia_textblock'  itemprop=\"text\" ><h4 style=\"text-align: center;\"><strong>Wie hei\u00dft du?<\/strong><\/h4>\n<p style=\"text-align: center;\">Endric Daues<br class=\"avia-permanent-lb\"><br class=\"avia-permanent-lb\"><\/p>\n<h4 style=\"text-align: center;\"><strong>Wie viele Jahre warst du an der ISHR?<\/strong><\/h4>\n<div class=\"Qr7Oae\" role=\"listitem\">\n<div class=\"OxAavc NVbRL\" data-item-id=\"1588379409\">\n<div class=\"Ih4Dzb\">\n<div class=\"q4tvle JqSWld yqQS1\" style=\"text-align: center;\">13<\/div>\n<div class=\"q4tvle JqSWld yqQS1\" style=\"text-align: center;\"><strong> <br class=\"avia-permanent-lb\"><br class=\"avia-permanent-lb\">In welchem Jahr hast du deinen Abschluss gemacht?<\/strong><\/div>\n<\/div>\n<\/div>\n<\/div>\n<p style=\"text-align: center;\">2015<br class=\"avia-permanent-lb\"><br class=\"avia-permanent-lb\"><\/p>\n<h4 style=\"text-align: center;\"><strong>Was machst du jetzt? <\/strong><\/h4>\n<p style=\"text-align: center;\">Nach meinem Abschluss an der ISHR verbrachte ich 6 Jahre in New York City, wo ich mein Grundstudium und einen Master-Abschluss absolvierte. Ich konzentrierte mich auf Operations Research und angewandte Mathematik und verbrachte einige Zeit damit, die Forschung im Bereich der kombinatorischen Optimierung zu erkunden. W\u00e4hrend der letzten zwei Jahre meines Studiums begann das Gebiet des maschinellen Lernens sich zu intensivieren, da Technologieunternehmen enorme Rechenressourcen f\u00fcr j\u00fcngste Entdeckungen im Bereich des Deep Learning einsetzten. Diese versprachen hoch skalierbare Modelle f\u00fcr Sprachverarbeitung und Bilderkennung. Obwohl ich diese Modelle in meinem Studium kennengelernt hatte, war es schwierig, sie an der Universit\u00e4t in Aktion zu sehen, da die daf\u00fcr erforderlichen Daten- und Rechenressourcen zumeist in der Technologiebranche angesiedelt waren. Ich war neugierig auf diese Techniken, also begann ich Anfang 2021 als Ingenieur f\u00fcr maschinelles Lernen zu arbeiten und zog im selben Sommer nach Los Angeles. Es war wirklich aufregend, Deep-Learning-Modelle zu entwickeln und in Aktion zu sehen, insbesondere im Zusammenhang mit Vertrauen und Sicherheit. K\u00fcrzlich eingef\u00fchrte interaktive Modelle wie ChatGPT oder DALL-E 2 haben das Interesse an diesen Techniken auch in einem \u00f6ffentlicheren Forum geweckt, und ich bin gespannt, was die Zukunft bringt.<br class=\"avia-permanent-lb\"><br class=\"avia-permanent-lb\"><\/p>\n<h4 style=\"text-align: center;\"><strong>Was war dein Lieblingsfach an der ISHR? <\/strong><\/h4>\n<p style=\"text-align: center;\">Mathe bei Ms. Phatarfod war legend\u00e4r.<br class=\"avia-permanent-lb\"><br class=\"avia-permanent-lb\"><\/p>\n<h4 style=\"text-align: center;\"><strong>Inwiefern hast du das Gef\u00fchl, dass die ISHR dich auf das vorbereitet hat, was danach kam? <\/strong><\/h4>\n<p style=\"text-align: center;\">Ich sch\u00e4tze mich sehr gl\u00fccklich, eine Schule besucht zu haben, an der die Sch\u00fcler:innen nie durch die Ressourcen der Schule in ihrer F\u00e4higkeit eingeschr\u00e4nkt waren, an lokalen oder internationalen Universit\u00e4ten wettbewerbsf\u00e4hig zu werden. Um dies an der ISHR zu erm\u00f6glichen, wurde viel Aufwand und Kapital betrieben, und der Erfolg der Sch\u00fcler:innen spricht f\u00fcr die weitreichenden Vorteile einer gut funktionierenden Bildungseinrichtung. Es ist frustrierend zu sehen, dass dieses Wissen in den Regierungen vernachl\u00e4ssigt zu werden scheint, wenn man sich ansieht, wie viele Sch\u00fcler in Deutschland und in den USA durch die Kapazit\u00e4t ihres lokalen \u00f6ffentlichen Bildungssystems eingeschr\u00e4nkt sind.<br class=\"avia-permanent-lb\"><br class=\"avia-permanent-lb\"><\/p>\n<h4 style=\"text-align: center;\"><strong>Was war die gr\u00f6\u00dfte Herausforderung f\u00fcr dich, um sich an das Leben nach der ISHR anzupassen? <\/strong><\/h4>\n<p style=\"text-align: center;\">Ich empfand das Umfeld der Ingenieurschule als ziemlich wettbewerbsintensiv. Ein Kurs mit Freunden zu besuchen und ab und zu ein bisschen zu scherzen ist etwas ganz anderes als ein H\u00f6rsaal mit 250 Personen, in dem jeder darum k\u00e4mpft, zu bestehen und eine gute Note zu bekommen. Es hat mich gelehrt, dass technische Bereiche sehr sozial und kollaborativ sein k\u00f6nnen, wenn man sich die M\u00fche macht, und obwohl dies dazu beitragen kann, den Wettbewerbscharakter der Dinge zu verringern, braucht man manchmal auch diesen Wettbewerbsgeist, um sich auf die n\u00e4chste Stufe zu heben.<br class=\"avia-permanent-lb\"><br class=\"avia-permanent-lb\"><\/p>\n<h4 style=\"text-align: center;\"><strong>Welchen Rat w\u00fcrdest du derzeitigen Sch\u00fcler:innen oder deinem fr\u00fcheren Ich geben?<\/strong><\/h4>\n<p style=\"text-align: center;\">Ich glaube, lange Zeit sahen die Menschen in Deutschland die Generation, die in den 90er Jahren und danach geboren wurde, als sei sie dem Schlimmsten entgangen und in diese futuristische Gl\u00fcckseligkeit der Technologie und des internationalen Friedens und der Zusammenarbeit hineingeboren worden. Offensichtlich hat sich das nicht bewahrheitet, und jetzt sind wir mit einem Haufen &#8222;unerwarteter&#8220; Konflikte und einer deutlich erwarteten Klimakrise konfrontiert. Die Komplexit\u00e4t der Situation scheint von dieser Generation zu verlangen, dass sie sich aufrafft und eine L\u00f6sung findet, und ich denke, das ist eine gro\u00dfartige Motivation, in der Schule sein Bestes zu geben und sich in diese verr\u00fcckte Welt, in der wir leben, zu st\u00fcrzen.<br class=\"avia-permanent-lb\"><br class=\"avia-permanent-lb\"><\/p>\n<h4 style=\"text-align: center;\"><strong>Was ist deine sch\u00f6nste Erinnerung an die Zeit an der ISHR? <\/strong><\/h4>\n<p style=\"text-align: center;\">Die Abschlusswoche war eine sehr denkw\u00fcrdige Zeit, in der wir mit Freunden und Familie gefeiert haben und nach so vielen Jahren fertig waren.<\/p>\n<\/div><\/section>\n<div  class='avia-button-wrap av-lo5tpuxf-ee381deaecd27f1b9ef7012a8cf32636-wrap avia-button-center  avia-builder-el-5  el_after_av_textblock  avia-builder-el-last '><a href='https:\/\/is-hr.de\/de\/schulgemeinschaft\/alumni\/'  class='avia-button av-lo5tpuxf-ee381deaecd27f1b9ef7012a8cf32636 av-link-btn avia-icon_select-no avia-size-x-large avia-position-center avia-color-theme-color'   aria-label=\"ZUR\u00dcCK\"><span class='avia_iconbox_title' >ZUR\u00dcCK<\/span><\/a><\/div>\n","protected":false},"excerpt":{"rendered":"","protected":false},"author":4,"featured_media":0,"parent":5474,"menu_order":0,"comment_status":"closed","ping_status":"closed","template":"","meta":{"footnotes":""},"class_list":["post-7062","page","type-page","status-publish","hentry"],"_links":{"self":[{"href":"https:\/\/is-hr.de\/de\/wp-json\/wp\/v2\/pages\/7062","targetHints":{"allow":["GET"]}}],"collection":[{"href":"https:\/\/is-hr.de\/de\/wp-json\/wp\/v2\/pages"}],"about":[{"href":"https:\/\/is-hr.de\/de\/wp-json\/wp\/v2\/types\/page"}],"author":[{"embeddable":true,"href":"https:\/\/is-hr.de\/de\/wp-json\/wp\/v2\/users\/4"}],"replies":[{"embeddable":true,"href":"https:\/\/is-hr.de\/de\/wp-json\/wp\/v2\/comments?post=7062"}],"version-history":[{"count":0,"href":"https:\/\/is-hr.de\/de\/wp-json\/wp\/v2\/pages\/7062\/revisions"}],"up":[{"embeddable":true,"href":"https:\/\/is-hr.de\/de\/wp-json\/wp\/v2\/pages\/5474"}],"wp:attachment":[{"href":"https:\/\/is-hr.de\/de\/wp-json\/wp\/v2\/media?parent=7062"}],"curies":[{"name":"wp","href":"https:\/\/api.w.org\/{rel}","templated":true}]}}