{"id":7054,"date":"2023-11-02T16:25:39","date_gmt":"2023-11-02T15:25:39","guid":{"rendered":"https:\/\/is-hr.de\/schulgemeinschaft\/where-are-they-now-elisa-sophia-arjomand\/"},"modified":"2024-11-19T12:27:52","modified_gmt":"2024-11-19T11:27:52","slug":"where-are-they-now-elisa-sophia-arjomand","status":"publish","type":"page","link":"https:\/\/is-hr.de\/de\/schulgemeinschaft\/where-are-they-now-elisa-sophia-arjomand\/","title":{"rendered":"Where are they now? Elisa Sophia Arjomand"},"content":{"rendered":"<div id='full_slider_1'  class='avia-fullwidth-slider main_color avia-shadow   avia-builder-el-0  el_before_av_textblock  avia-builder-el-first   container_wrap fullsize'  >\n<style type=\"text\/css\" data-created_by=\"avia_inline_auto\" id=\"style-css-av-lpjse1xa-7152e74c012066ab4cfff5540f3126be\">\n#top #wrap_all .avia-slideshow .av-slideshow-caption.av-lpjse1xa-7152e74c012066ab4cfff5540f3126be__0 .avia-caption-title{\nfont-size:20px;\n}\n#top .avia-slideshow .av-slideshow-caption.av-lpjse1xa-7152e74c012066ab4cfff5540f3126be__0 .avia-caption-content{\nfont-size:20px;\n}\n#top .avia-slideshow .av-slideshow-caption.av-lpjse1xa-7152e74c012066ab4cfff5540f3126be__0 .avia-caption-content p{\nfont-size:20px;\n}\n<\/style>\n<div  class='avia-slideshow av-lpjse1xa-7152e74c012066ab4cfff5540f3126be avia-slideshow-featured av_slideshow_full avia-slide-slider av-slideshow-ui av-control-default av-slideshow-manual av-loop-once av-loop-manual-endless av-default-height-applied   avia-slideshow-1' data-slideshow-options=\"{&quot;animation&quot;:&quot;slide&quot;,&quot;autoplay&quot;:false,&quot;loop_autoplay&quot;:&quot;once&quot;,&quot;interval&quot;:5,&quot;loop_manual&quot;:&quot;manual-endless&quot;,&quot;autoplay_stopper&quot;:false,&quot;noNavigation&quot;:false,&quot;bg_slider&quot;:false,&quot;keep_padding&quot;:false,&quot;hoverpause&quot;:false,&quot;show_slide_delay&quot;:0}\"  itemprop=\"image\" itemscope=\"itemscope\" itemtype=\"https:\/\/schema.org\/ImageObject\" ><ul class='avia-slideshow-inner ' style='padding-bottom: 28.666666666667%;'><li  class='avia-slideshow-slide av-lpjse1xa-7152e74c012066ab4cfff5540f3126be__0  av-single-slide slide-1 slide-odd'><div data-rel='slideshow-1' class='avia-slide-wrap '   ><div class='av-slideshow-caption av-lpjse1xa-7152e74c012066ab4cfff5540f3126be__0 caption_fullwidth caption_right caption_right_framed caption_framed'><div class=\"container caption_container\"><div class=\"slideshow_caption\"><div class=\"slideshow_inner_caption\"><div class=\"slideshow_align_caption\"><h2 class='avia-caption-title '  itemprop=\"name\" >Elisa Sophia Arjomand<\/h2><div class='avia-caption-content '  itemprop=\"description\" ><p>&#8222;Unsere Schule f\u00fchlt sich wie eine gro\u00dfe Familie an und ich glaube, dass sie immer ein Ort sein wird, an den Ehemalige zur\u00fcckkehren k\u00f6nnen.&#8220;<\/p>\n<\/div><\/div><\/div><\/div><\/div><\/div><img decoding=\"async\" fetchpriority=\"high\" class=\"wp-image-6911 avia-img-lazy-loading-not-6911\" src=\"https:\/\/is-hr.de\/wp-content\/uploads\/2023\/11\/SubPage_Elisa-Sophia-Arjomand_1500x430.jpg\" width=\"1500\" height=\"430\" title=\"SubPage_Elisa Sophia Arjomand_1500x430\" alt=\"\" itemprop=\"thumbnailUrl\" srcset=\"https:\/\/is-hr.de\/wp-content\/uploads\/2023\/11\/SubPage_Elisa-Sophia-Arjomand_1500x430.jpg 1500w, https:\/\/is-hr.de\/wp-content\/uploads\/2023\/11\/SubPage_Elisa-Sophia-Arjomand_1500x430-300x86.jpg 300w, https:\/\/is-hr.de\/wp-content\/uploads\/2023\/11\/SubPage_Elisa-Sophia-Arjomand_1500x430-1030x295.jpg 1030w, https:\/\/is-hr.de\/wp-content\/uploads\/2023\/11\/SubPage_Elisa-Sophia-Arjomand_1500x430-768x220.jpg 768w, https:\/\/is-hr.de\/wp-content\/uploads\/2023\/11\/SubPage_Elisa-Sophia-Arjomand_1500x430-705x202.jpg 705w\" sizes=\"(max-width: 1500px) 100vw, 1500px\"><\/div><\/li><\/ul><\/div><\/div><div id='after_full_slider_1'  class='main_color av_default_container_wrap container_wrap fullsize'  ><div class='container av-section-cont-open' ><div class='template-page content  av-content-full alpha units'><div class='post-entry post-entry-type-page post-entry-7054'><div class='entry-content-wrapper clearfix'>\n<section  class='av_textblock_section av-lo2pkdfu-627de79c6116362ad0509fd870c76168 '   itemscope=\"itemscope\" itemtype=\"https:\/\/schema.org\/CreativeWork\" ><div class='avia_textblock av_inherit_color'  itemprop=\"text\" ><h1 style=\"text-align: center;\">WHERE ARE THEY NOW?<\/h1>\n<h5 style=\"text-align: center;\"><br class=\"avia-permanent-lb\">ALUMNI Q&amp;A<\/h5>\n<h6 style=\"text-align: center;\">Mai 2023<\/h6>\n<\/div><\/section>\n\n<style type=\"text\/css\" data-created_by=\"avia_inline_auto\" id=\"style-css-av-8ri5xx-f2fdf1b510cad2adb5094af4cc861a6d\">\n#top .hr.av-8ri5xx-f2fdf1b510cad2adb5094af4cc861a6d{\nmargin-top:15px;\nmargin-bottom:0px;\n}\n.hr.av-8ri5xx-f2fdf1b510cad2adb5094af4cc861a6d .hr-inner{\nwidth:60px;\nborder-color:#ed1c24;\n}\n<\/style>\n<div  class='hr av-8ri5xx-f2fdf1b510cad2adb5094af4cc861a6d hr-custom  avia-builder-el-2  el_after_av_textblock  el_before_av_hr  hr-center hr-icon-no'><span class='hr-inner inner-border-av-border-fat'><span class=\"hr-inner-style\"><\/span><\/span><\/div>\n\n<style type=\"text\/css\" data-created_by=\"avia_inline_auto\" id=\"style-css-av-88td9h-28a5d78b8bbf92c961f6e7afa913ee52\">\n#top .hr.hr-invisible.av-88td9h-28a5d78b8bbf92c961f6e7afa913ee52{\nheight:20px;\n}\n<\/style>\n<div  class='hr av-88td9h-28a5d78b8bbf92c961f6e7afa913ee52 hr-invisible  avia-builder-el-3  el_after_av_hr  el_before_av_textblock '><span class='hr-inner '><span class=\"hr-inner-style\"><\/span><\/span><\/div>\n<section  class='av_textblock_section av-lo2s9xqv-b89fa38e7a894c804667f15984c19ddc '   itemscope=\"itemscope\" itemtype=\"https:\/\/schema.org\/CreativeWork\" ><div class='avia_textblock'  itemprop=\"text\" ><h4 style=\"text-align: center;\"><strong>Wie hei\u00dft du?<\/strong><\/h4>\n<div class=\"Qr7Oae\" role=\"listitem\">\n<div class=\"OxAavc NVbRL\" data-required=\"true\" data-item-id=\"487932146\">\n<div class=\"xMZTse Ih4Dzb\">\n<div class=\"Mh5jwe JqSWld yqQS1\" style=\"text-align: center;\" aria-describedby=\"c250\">\n<div class=\"Qr7Oae\" role=\"listitem\">\n<div class=\"OxAavc NVbRL\" data-required=\"true\" data-item-id=\"487932146\">\n<div class=\"xMZTse Ih4Dzb\">\n<div class=\"Mh5jwe JqSWld yqQS1\" aria-describedby=\"c12\">Elisa Sophia Arjomand <br class=\"avia-permanent-lb\"><br class=\"avia-permanent-lb\"><\/div>\n<\/div>\n<\/div>\n<\/div>\n<\/div>\n<\/div>\n<\/div>\n<\/div>\n<div class=\"Qr7Oae\" style=\"text-align: center;\" role=\"listitem\"><strong>Wie viele Jahre warst du an der ISHR?<\/strong><\/div>\n<div class=\"Qr7Oae\" role=\"listitem\">\n<div class=\"OxAavc NVbRL\" data-item-id=\"1588379409\">\n<div class=\"Ih4Dzb\">\n<div class=\"q4tvle JqSWld yqQS1\" style=\"text-align: center;\">14 Jahre <br class=\"avia-permanent-lb\"><br class=\"avia-permanent-lb\"><\/div>\n<div class=\"q4tvle JqSWld yqQS1\" style=\"text-align: center;\"><strong>In welchem Jahr haben Sie Ihren Abschluss gemacht?  <\/strong>2022<\/div>\n<div class=\"q4tvle JqSWld yqQS1\" style=\"text-align: center;\"><strong style=\"font-size: 18px;\"> <br class=\"avia-permanent-lb\">Was machst du jetzt?<\/strong><\/div>\n<\/div>\n<\/div>\n<\/div>\n<div class=\"Qr7Oae\" role=\"listitem\">\n<div class=\"OxAavc NVbRL\" data-item-id=\"1065998026\">\n<div class=\"Ih4Dzb\">\n<div class=\"q4tvle JqSWld yqQS1\" style=\"text-align: center;\">Zurzeit absolviere ich mein Freiwilliges Soziales Jahr in einer Kunstgalerie &#8211; der Kestnergesellschaft &#8211; in Hannover. Ich habe dort eine Reihe von Aufgaben, konzentriere mich aber vor allem auf Social Media Marketing, die Aktualisierung der Website und das Anbieten von F\u00fchrungen durch die Ausstellungsr\u00e4ume. Danach plane ich, nach London zu ziehen. Ich freue mich darauf, im September 2023 mein Studium der Kreativen K\u00fcnste und Geisteswissenschaften am University College London (UCL) zu beginnen.<br class=\"avia-permanent-lb\"><br class=\"avia-permanent-lb\"><strong>Was war dein Lieblingsfach an der ISHR?<\/strong><\/div>\n<\/div>\n<\/div>\n<\/div>\n<div class=\"Qr7Oae\" role=\"listitem\">\n<div class=\"OxAavc NVbRL\" data-item-id=\"748876735\">\n<div class=\"Ih4Dzb\">\n<div class=\"q4tvle JqSWld yqQS1\" style=\"text-align: center;\">Englische Literatur und Kunst<br class=\"avia-permanent-lb\"><br class=\"avia-permanent-lb\"><strong>Inwiefern haben Sie das Gef\u00fchl, dass die ISHR Sie auf das vorbereitet hat, was danach kam?<\/strong><\/div>\n<\/div>\n<\/div>\n<\/div>\n<div class=\"Qr7Oae\" role=\"listitem\">\n<div class=\"OxAavc NVbRL\" data-item-id=\"1311300021\">\n<div class=\"Ih4Dzb\">\n<div class=\"q4tvle JqSWld yqQS1\" style=\"text-align: center;\">Ich glaube, die ISHR hat mich gelehrt, aufgeschlossen, kritisch und kreativ zu sein, Probleme zu l\u00f6sen und Herausforderungen anzugehen. Die Schule hat mir gezeigt, wie ich mit ungewohnten Situationen umgehen und mich an eine neue Umgebung anpassen kann. Au\u00dferdem habe ich durch den IB-Lehrplan gelernt, unter Stress und Zeitdruck zu arbeiten, so dass ich jetzt in der Lage bin, meine Aufgaben effizient zu erledigen und produktiv zu arbeiten. Schlie\u00dflich glaube ich, dass die ISHR mir geholfen hat, sowohl selbstst\u00e4ndiges als auch gemeinschaftliches Arbeiten zu meistern. Ich bin in der Lage, die Initiative zu ergreifen und eigenst\u00e4ndig zu arbeiten, aber auch in Teams erfolgreich zu sein und zu kommunizieren.<br class=\"avia-permanent-lb\"><br class=\"avia-permanent-lb\"><strong>Was war die gr\u00f6\u00dfte Herausforderung, sich an das Leben nach der ISHR zu gew\u00f6hnen?<\/strong><\/div>\n<\/div>\n<\/div>\n<\/div>\n<div class=\"Qr7Oae\" role=\"listitem\">\n<div class=\"OxAavc NVbRL\" data-item-id=\"441133761\">\n<div class=\"Ih4Dzb\">\n<div class=\"q4tvle JqSWld yqQS1\" style=\"text-align: center;\">Die gr\u00f6\u00dfte Herausforderung f\u00fcr mich pers\u00f6nlich bestand darin, dass ich, obwohl ich wusste, dass die Schule nicht ewig dauern w\u00fcrde, pl\u00f6tzlich aus der wichtigsten Struktur meines Lebens gerissen und in die reale Welt entlassen wurde. Ich musste mich zum ersten Mal in meinem Leben an ein nicht-akademisches Umfeld anpassen. Das war eine schwierige Umstellung, vor allem in Anbetracht des strengen IB-Diplom-Programms, das ich gerade abgeschlossen hatte. Ich hatte auch stark mit der Unsicherheit zu k\u00e4mpfen, die das Thema Universit\u00e4t und den Studiengang, den ich w\u00e4hlen wollte, umgab. Zu Beginn meines Gap Years war ich sehr unsicher, was ich in Zukunft machen wollte. Es war auch sehr emotional zu sehen, wie viele meiner engen Freunde das Land verlie\u00dfen und ihr Studium aufnahmen. Es war, als w\u00fcrde ich mich von einem Teil meiner Kindheit verabschieden.<br class=\"avia-permanent-lb\"><br class=\"avia-permanent-lb\"><strong>Welchen Rat w\u00fcrdest du derzeitigen Sch\u00fcler:innen oder deinem fr\u00fcheren Ich geben?<\/strong><\/div>\n<\/div>\n<\/div>\n<\/div>\n<div class=\"Qr7Oae\" style=\"text-align: center;\" role=\"listitem\">Geh es langsam an! Ich glaube, ich hatte immer die Bef\u00fcrchtung, dass ich im Leben irgendwie hinterherhinke, &#8230; dass ich mehr Dinge im Kopf haben sollte. Mir ist jetzt klar, dass diese Art des Denkens zu einer Mentalit\u00e4t des Mangels passt. Mit der Zeit lernte ich, meine Gedanken auf eine Haltung des \u00dcberflusses auszurichten, was mir half zu verstehen, dass das Tempo, das ich anschlug, genau das richtige f\u00fcr mich war. Dies erm\u00f6glichte mir eine positive Sicht auf die Gegenwart und die Zukunft, wobei ich mir bewusst war, dass jeder Mensch anders ist. Nimm dir Zeit, um zu wissen, was du willst. Es ist in Ordnung und v\u00f6llig normal, sich unsicher zu f\u00fchlen. Letztendlich werden wir alle unseren Weg finden und hoffentlich Freude an dem finden, was wir tun.<br class=\"avia-permanent-lb\"><br class=\"avia-permanent-lb\"><strong>Was ist deine sch\u00f6nste Erinnerung an die Zeit an der ISHR? <\/strong><\/div>\n<div class=\"Qr7Oae\" style=\"text-align: center;\" role=\"listitem\">Obwohl es eine der j\u00fcngsten Erinnerungen an meine Zeit an der ISHR ist, ist es wirklich mein Favorit. Der Tag der Abschlussfeier war wahrscheinlich einer der gl\u00fccklichsten Tage in meinem Leben. Das Gef\u00fchl, sich ein letztes Mal mit seiner Jahrgangsgruppe zu vereinen, bevor jeder einzelne seinen eigenen Weg geht, war unglaublich. Es war ein unglaublich emotionales Erlebnis, all unsere Lehrer, Eltern, Geschwister, Freunde und andere Verwandte zu sehen, die sich zur Feier unserer Klasse versammelt hatten. Ich werde nie vergessen, dass Mr. Pearson zu unserer Abschlussfeier kam, um uns zu \u00fcberraschen und uns einen unvergesslichen Tag zu bereiten. Ich glaube, dass die Abschlussfeier das widerspiegelt, worum es bei der ISHR wirklich geht: Gemeinschaft. Unsere Schule f\u00fchlt sich wie eine gro\u00dfe Familie an, und ich glaube, dass sie immer ein Ort sein wird, an den die Absolventen zur\u00fcckkehren k\u00f6nnen.<\/div>\n<\/div><\/section>\n<div  class='hr av-26zxvh-6576a4cec519d24c081d12728b5144e7 hr-default  avia-builder-el-5  el_after_av_textblock  el_before_av_button '><span class='hr-inner '><span class=\"hr-inner-style\"><\/span><\/span><\/div>\n<div  class='avia-button-wrap av-lo5tpuxf-ee381deaecd27f1b9ef7012a8cf32636-wrap avia-button-center  avia-builder-el-6  el_after_av_hr  avia-builder-el-last '><a href='https:\/\/is-hr.de\/de\/schulgemeinschaft\/alumni\/'  class='avia-button av-lo5tpuxf-ee381deaecd27f1b9ef7012a8cf32636 av-link-btn avia-icon_select-no avia-size-x-large avia-position-center avia-color-theme-color'   aria-label=\"ZUR\u00dcCK\"><span class='avia_iconbox_title' >ZUR\u00dcCK<\/span><\/a><\/div>\n","protected":false},"excerpt":{"rendered":"","protected":false},"author":4,"featured_media":0,"parent":5474,"menu_order":0,"comment_status":"closed","ping_status":"closed","template":"","meta":{"footnotes":""},"class_list":["post-7054","page","type-page","status-publish","hentry"],"_links":{"self":[{"href":"https:\/\/is-hr.de\/de\/wp-json\/wp\/v2\/pages\/7054","targetHints":{"allow":["GET"]}}],"collection":[{"href":"https:\/\/is-hr.de\/de\/wp-json\/wp\/v2\/pages"}],"about":[{"href":"https:\/\/is-hr.de\/de\/wp-json\/wp\/v2\/types\/page"}],"author":[{"embeddable":true,"href":"https:\/\/is-hr.de\/de\/wp-json\/wp\/v2\/users\/4"}],"replies":[{"embeddable":true,"href":"https:\/\/is-hr.de\/de\/wp-json\/wp\/v2\/comments?post=7054"}],"version-history":[{"count":0,"href":"https:\/\/is-hr.de\/de\/wp-json\/wp\/v2\/pages\/7054\/revisions"}],"up":[{"embeddable":true,"href":"https:\/\/is-hr.de\/de\/wp-json\/wp\/v2\/pages\/5474"}],"wp:attachment":[{"href":"https:\/\/is-hr.de\/de\/wp-json\/wp\/v2\/media?parent=7054"}],"curies":[{"name":"wp","href":"https:\/\/api.w.org\/{rel}","templated":true}]}}