{"id":7051,"date":"2023-10-26T11:28:11","date_gmt":"2023-10-26T09:28:11","guid":{"rendered":"https:\/\/is-hr.de\/schulgemeinschaft\/where-are-they-now-colin-jentsch\/"},"modified":"2024-11-19T12:27:34","modified_gmt":"2024-11-19T11:27:34","slug":"where-are-they-now-colin-jentsch","status":"publish","type":"page","link":"https:\/\/is-hr.de\/de\/schulgemeinschaft\/where-are-they-now-colin-jentsch\/","title":{"rendered":"Where are they now? Colin Jentsch"},"content":{"rendered":"<div id='full_slider_1'  class='avia-fullwidth-slider main_color avia-shadow   avia-builder-el-0  el_before_av_textblock  avia-builder-el-first   container_wrap fullsize'  >\n<style type=\"text\/css\" data-created_by=\"avia_inline_auto\" id=\"style-css-av-lo71elna-e8e5494ea33d225ce75b2d08f8c2496d\">\n#top #wrap_all .avia-slideshow .av-slideshow-caption.av-lo71elna-e8e5494ea33d225ce75b2d08f8c2496d__0 .avia-caption-title{\nfont-size:20px;\n}\n#top .avia-slideshow .av-slideshow-caption.av-lo71elna-e8e5494ea33d225ce75b2d08f8c2496d__0 .avia-caption-content{\nfont-size:20px;\n}\n#top .avia-slideshow .av-slideshow-caption.av-lo71elna-e8e5494ea33d225ce75b2d08f8c2496d__0 .avia-caption-content p{\nfont-size:20px;\n}\n<\/style>\n<div  class='avia-slideshow av-lo71elna-e8e5494ea33d225ce75b2d08f8c2496d avia-slideshow-featured av_slideshow_full avia-slide-slider av-slideshow-ui av-control-default av-slideshow-manual av-loop-once av-loop-manual-endless av-default-height-applied   avia-slideshow-1' data-slideshow-options=\"{&quot;animation&quot;:&quot;slide&quot;,&quot;autoplay&quot;:false,&quot;loop_autoplay&quot;:&quot;once&quot;,&quot;interval&quot;:5,&quot;loop_manual&quot;:&quot;manual-endless&quot;,&quot;autoplay_stopper&quot;:false,&quot;noNavigation&quot;:false,&quot;bg_slider&quot;:false,&quot;keep_padding&quot;:false,&quot;hoverpause&quot;:false,&quot;show_slide_delay&quot;:0}\"  itemprop=\"image\" itemscope=\"itemscope\" itemtype=\"https:\/\/schema.org\/ImageObject\" ><ul class='avia-slideshow-inner ' style='padding-bottom: 28.666666666667%;'><li  class='avia-slideshow-slide av-lo71elna-e8e5494ea33d225ce75b2d08f8c2496d__0  av-single-slide slide-1 slide-odd'><div data-rel='slideshow-1' class='avia-slide-wrap '   ><div class='av-slideshow-caption av-lo71elna-e8e5494ea33d225ce75b2d08f8c2496d__0 caption_fullwidth caption_bottom caption_bottom_framed caption_framed'><div class=\"container caption_container\"><div class=\"slideshow_caption\"><div class=\"slideshow_inner_caption\"><div class=\"slideshow_align_caption\"><h2 class='avia-caption-title '  itemprop=\"name\" >Colin Jentsch<\/h2><div class='avia-caption-content '  itemprop=\"description\" ><p>&#8222;Es war sehr gut, dass die Lehrer an der ISHR mir gegen\u00fcber sehr aufmerksam und aufmerksamer waren.&#8220;<\/p>\n<\/div><\/div><\/div><\/div><\/div><\/div><img decoding=\"async\" fetchpriority=\"high\" class=\"wp-image-6736 avia-img-lazy-loading-not-6736\" src=\"https:\/\/is-hr.de\/wp-content\/uploads\/2023\/10\/SubPage_ColinJentsch_1500x430.jpg\" width=\"1500\" height=\"430\" title=\"SubPage_ColinJentsch_1500x430\" alt=\"\" itemprop=\"thumbnailUrl\" srcset=\"https:\/\/is-hr.de\/wp-content\/uploads\/2023\/10\/SubPage_ColinJentsch_1500x430.jpg 1500w, https:\/\/is-hr.de\/wp-content\/uploads\/2023\/10\/SubPage_ColinJentsch_1500x430-300x86.jpg 300w, https:\/\/is-hr.de\/wp-content\/uploads\/2023\/10\/SubPage_ColinJentsch_1500x430-1030x295.jpg 1030w, https:\/\/is-hr.de\/wp-content\/uploads\/2023\/10\/SubPage_ColinJentsch_1500x430-768x220.jpg 768w, https:\/\/is-hr.de\/wp-content\/uploads\/2023\/10\/SubPage_ColinJentsch_1500x430-705x202.jpg 705w\" sizes=\"(max-width: 1500px) 100vw, 1500px\"><\/div><\/li><\/ul><\/div><\/div><div id='after_full_slider_1'  class='main_color av_default_container_wrap container_wrap fullsize'  ><div class='container av-section-cont-open' ><div class='template-page content  av-content-full alpha units'><div class='post-entry post-entry-type-page post-entry-7051'><div class='entry-content-wrapper clearfix'>\n<section  class='av_textblock_section av-lo2pkdfu-627de79c6116362ad0509fd870c76168 '   itemscope=\"itemscope\" itemtype=\"https:\/\/schema.org\/CreativeWork\" ><div class='avia_textblock av_inherit_color'  itemprop=\"text\" ><h1 style=\"text-align: center;\">WHERE ARE THEY NOW?<\/h1>\n<h5 style=\"text-align: center;\"><br class=\"avia-permanent-lb\">ALUMNI Q&amp;A<\/h5>\n<h6 style=\"text-align: center;\">M\u00e4rz 2023<\/h6>\n<\/div><\/section>\n\n<style type=\"text\/css\" data-created_by=\"avia_inline_auto\" id=\"style-css-av-8ri5xx-f2fdf1b510cad2adb5094af4cc861a6d\">\n#top .hr.av-8ri5xx-f2fdf1b510cad2adb5094af4cc861a6d{\nmargin-top:15px;\nmargin-bottom:0px;\n}\n.hr.av-8ri5xx-f2fdf1b510cad2adb5094af4cc861a6d .hr-inner{\nwidth:60px;\nborder-color:#ed1c24;\n}\n<\/style>\n<div  class='hr av-8ri5xx-f2fdf1b510cad2adb5094af4cc861a6d hr-custom  avia-builder-el-2  el_after_av_textblock  el_before_av_hr  hr-center hr-icon-no'><span class='hr-inner inner-border-av-border-fat'><span class=\"hr-inner-style\"><\/span><\/span><\/div>\n\n<style type=\"text\/css\" data-created_by=\"avia_inline_auto\" id=\"style-css-av-88td9h-28a5d78b8bbf92c961f6e7afa913ee52\">\n#top .hr.hr-invisible.av-88td9h-28a5d78b8bbf92c961f6e7afa913ee52{\nheight:20px;\n}\n<\/style>\n<div  class='hr av-88td9h-28a5d78b8bbf92c961f6e7afa913ee52 hr-invisible  avia-builder-el-3  el_after_av_hr  el_before_av_textblock '><span class='hr-inner '><span class=\"hr-inner-style\"><\/span><\/span><\/div>\n<section  class='av_textblock_section av-lo2s9xqv-b89fa38e7a894c804667f15984c19ddc '   itemscope=\"itemscope\" itemtype=\"https:\/\/schema.org\/CreativeWork\" ><div class='avia_textblock'  itemprop=\"text\" ><h4 style=\"text-align: center;\"><strong>Wie hei\u00dft du?<\/strong><\/h4>\n<p style=\"text-align: center;\">Colin Jentsch<br class=\"avia-permanent-lb\"><br class=\"avia-permanent-lb\"><\/p>\n<h4 style=\"text-align: center;\"><strong>Wie viele Jahre warst du an der ISHR?<\/strong><\/h4>\n<div class=\"Qr7Oae\" role=\"listitem\">\n<div class=\"OxAavc NVbRL\" data-item-id=\"1588379409\">\n<div class=\"Ih4Dzb\">\n<div class=\"q4tvle JqSWld yqQS1\" style=\"text-align: center;\">10 1\/2 Jahre, einschlie\u00dflich der Vorschule.<\/div>\n<div class=\"q4tvle JqSWld yqQS1\" style=\"text-align: center;\"><strong> <br class=\"avia-permanent-lb\"><br class=\"avia-permanent-lb\">In welchem Jahr hast du deinen Abschluss gemacht?<\/strong><\/div>\n<\/div>\n<\/div>\n<\/div>\n<p style=\"text-align: center;\">Das habe ich nicht. Ich verlie\u00df die ISHR nach der H\u00e4lfte der 10. Klasse im Dezember 2007, um ein s\u00fcdafrikanisches Internat zu besuchen und machte dort im Dezember 2010 mein Abitur.<br class=\"avia-permanent-lb\"><br class=\"avia-permanent-lb\"><\/p>\n<h4 style=\"text-align: center;\"><strong>Was machst du jetzt? <\/strong><\/h4>\n<p style=\"text-align: center;\">Nach der Immatrikulation in S\u00fcdafrika absolvierte ich einen schottischen Masterstudiengang an der Universit\u00e4t Glasgow in den F\u00e4chern Psychologie und &#8222;Business and Management&#8220;. Danach ging ich an die Universit\u00e4t Nottingham und erwarb einen Master of Science in Arbeitspsychologie. Danach begann ich ein dreij\u00e4hriges Future-Leaders-Programm bei GlaxoSmithKline Pharmaceuticals in London und lebe seit Mai 2020 in M\u00fcnchen, wo ich im selben Unternehmen als Business Partner im Bereich Human Resources t\u00e4tig bin und F\u00fchrungskr\u00e4fte in verschiedenen Aspekten ihres Gesch\u00e4fts ausbilde und berate.<br class=\"avia-permanent-lb\"><br class=\"avia-permanent-lb\"><\/p>\n<h4 style=\"text-align: center;\"><strong>Was war dein Lieblingsfach an der ISHR? <\/strong><\/h4>\n<p style=\"text-align: center;\">Englisch mit Mr. Lowe, Sport mit Mr. Keller und Mr. Sallee und die Zugeh\u00f6rigkeit zu den Sportteams.<br class=\"avia-permanent-lb\"><br class=\"avia-permanent-lb\"><\/p>\n<h4 style=\"text-align: center;\"><strong>Inwiefern hast du das Gef\u00fchl, dass die ISHR dich auf das vorbereitet hat, was danach kam? <\/strong><\/h4>\n<p style=\"text-align: center;\">Es war sehr gut, dass die Lehrer mir gegen\u00fcber sehr achtsam und aufmerksam waren und empfohlen haben, mich auf eine Lernst\u00f6rung zu testen. Nach der Diagnose reagierte die Schule mit Anpassungen und laufender Unterst\u00fctzung, die mir halfen, meine zuk\u00fcnftigen Ziele zu erreichen und zu lernen, wie ich mich nicht nur in der Schule oder an der Universit\u00e4t, sondern in allen Bereichen des Lebens anpassen kann.<br class=\"avia-permanent-lb\"><br class=\"avia-permanent-lb\"><\/p>\n<h4 style=\"text-align: center;\"><strong>Was war die gr\u00f6\u00dfte Herausforderung f\u00fcr dich, um sich an das Leben nach der ISHR anzupassen? <\/strong><\/h4>\n<p style=\"text-align: center;\">Ich habe gelernt, dass andere Umgebungen nicht so sch\u00fctzend sein k\u00f6nnen wie die ISHR.<br class=\"avia-permanent-lb\"><br class=\"avia-permanent-lb\"><\/p>\n<h4 style=\"text-align: center;\"><strong>Welchen Rat w\u00fcrdest du derzeitigen Sch\u00fcler:innen oder deinem fr\u00fcheren Ich geben?<\/strong><\/h4>\n<p style=\"text-align: center;\">Setz dich nicht unn\u00f6tig unter Druck, immer von einem Punkt des Fachwissens ausgehen zu wollen. Teste und erlebe das Leben. Du musst nicht alles zu 100% wissen. Versuch, die Freude und den Nutzen der Erfahrung selbst zu sehen. Nimm dir gen\u00fcgend Zeit, um deine zwischenmenschlichen Beziehungen mit den Erwartungen in Einklang zu bringen, die die Gesellschaft oder der Arbeitsplatz an dich stellen.<br class=\"avia-permanent-lb\"><br class=\"avia-permanent-lb\"><\/p>\n<h4 style=\"text-align: center;\"><strong>Was ist deine sch\u00f6nste Erinnerung an die Zeit an der ISHR? <\/strong><\/h4>\n<p style=\"text-align: center;\">Freundschaften mit Menschen aus vielen verschiedenen Hintergr\u00fcnden zu schlie\u00dfen, eine vielf\u00e4ltige Mischung von Menschen um mich herum zu haben und das Leben durch die Vielfalt der Menschen in meiner Klasse auf indirekte Weise zu erleben.<\/p>\n<\/div><\/section>\n<div  class='avia-button-wrap av-lo5tpuxf-ee381deaecd27f1b9ef7012a8cf32636-wrap avia-button-center  avia-builder-el-5  el_after_av_textblock  avia-builder-el-last '><a href='https:\/\/is-hr.de\/de\/schulgemeinschaft\/alumni\/'  class='avia-button av-lo5tpuxf-ee381deaecd27f1b9ef7012a8cf32636 av-link-btn avia-icon_select-no avia-size-x-large avia-position-center avia-color-theme-color'   aria-label=\"ZUR\u00dcCK\"><span class='avia_iconbox_title' >ZUR\u00dcCK<\/span><\/a><\/div>\n","protected":false},"excerpt":{"rendered":"","protected":false},"author":4,"featured_media":0,"parent":5474,"menu_order":0,"comment_status":"closed","ping_status":"closed","template":"","meta":{"footnotes":""},"class_list":["post-7051","page","type-page","status-publish","hentry"],"_links":{"self":[{"href":"https:\/\/is-hr.de\/de\/wp-json\/wp\/v2\/pages\/7051","targetHints":{"allow":["GET"]}}],"collection":[{"href":"https:\/\/is-hr.de\/de\/wp-json\/wp\/v2\/pages"}],"about":[{"href":"https:\/\/is-hr.de\/de\/wp-json\/wp\/v2\/types\/page"}],"author":[{"embeddable":true,"href":"https:\/\/is-hr.de\/de\/wp-json\/wp\/v2\/users\/4"}],"replies":[{"embeddable":true,"href":"https:\/\/is-hr.de\/de\/wp-json\/wp\/v2\/comments?post=7051"}],"version-history":[{"count":0,"href":"https:\/\/is-hr.de\/de\/wp-json\/wp\/v2\/pages\/7051\/revisions"}],"up":[{"embeddable":true,"href":"https:\/\/is-hr.de\/de\/wp-json\/wp\/v2\/pages\/5474"}],"wp:attachment":[{"href":"https:\/\/is-hr.de\/de\/wp-json\/wp\/v2\/media?parent=7051"}],"curies":[{"name":"wp","href":"https:\/\/api.w.org\/{rel}","templated":true}]}}