{"id":7048,"date":"2023-11-02T16:03:01","date_gmt":"2023-11-02T15:03:01","guid":{"rendered":"https:\/\/is-hr.de\/schulgemeinschaft\/where-are-they-now-axel-poniwerski\/"},"modified":"2024-09-10T14:04:59","modified_gmt":"2024-09-10T12:04:59","slug":"where-are-they-now-axel-poniwerski","status":"publish","type":"page","link":"https:\/\/is-hr.de\/de\/schulgemeinschaft\/where-are-they-now-axel-poniwerski\/","title":{"rendered":"Where are they now? Axel Poniwerski"},"content":{"rendered":"<div id='full_slider_1'  class='avia-fullwidth-slider main_color avia-shadow   avia-builder-el-0  el_before_av_textblock  avia-builder-el-first   container_wrap fullsize'  >\n<style type=\"text\/css\" data-created_by=\"avia_inline_auto\" id=\"style-css-av-lpjq3t1g-d355fef79c60535afbdfab6f1a6c3684\">\n#top #wrap_all .avia-slideshow .av-slideshow-caption.av-lpjq3t1g-d355fef79c60535afbdfab6f1a6c3684__0 .avia-caption-title{\nfont-size:20px;\n}\n#top .avia-slideshow .av-slideshow-caption.av-lpjq3t1g-d355fef79c60535afbdfab6f1a6c3684__0 .avia-caption-content{\nfont-size:20px;\n}\n#top .avia-slideshow .av-slideshow-caption.av-lpjq3t1g-d355fef79c60535afbdfab6f1a6c3684__0 .avia-caption-content p{\nfont-size:20px;\n}\n<\/style>\n<div  class='avia-slideshow av-lpjq3t1g-d355fef79c60535afbdfab6f1a6c3684 avia-slideshow-featured av_slideshow_full avia-slide-slider av-slideshow-ui av-control-default av-slideshow-manual av-loop-once av-loop-manual-endless av-default-height-applied   avia-slideshow-1' data-slideshow-options=\"{&quot;animation&quot;:&quot;slide&quot;,&quot;autoplay&quot;:false,&quot;loop_autoplay&quot;:&quot;once&quot;,&quot;interval&quot;:5,&quot;loop_manual&quot;:&quot;manual-endless&quot;,&quot;autoplay_stopper&quot;:false,&quot;noNavigation&quot;:false,&quot;bg_slider&quot;:false,&quot;keep_padding&quot;:false,&quot;hoverpause&quot;:false,&quot;show_slide_delay&quot;:0}\"  itemprop=\"image\" itemscope=\"itemscope\" itemtype=\"https:\/\/schema.org\/ImageObject\" ><ul class='avia-slideshow-inner ' style='padding-bottom: 28.666666666667%;'><li  class='avia-slideshow-slide av-lpjq3t1g-d355fef79c60535afbdfab6f1a6c3684__0  av-single-slide slide-1 slide-odd'><div data-rel='slideshow-1' class='avia-slide-wrap '   ><div class='av-slideshow-caption av-lpjq3t1g-d355fef79c60535afbdfab6f1a6c3684__0 caption_fullwidth caption_left caption_left_framed caption_framed'><div class=\"container caption_container\"><div class=\"slideshow_caption\"><div class=\"slideshow_inner_caption\"><div class=\"slideshow_align_caption\"><h2 class='avia-caption-title '  itemprop=\"name\" >Axel Poniwerski<\/h2><div class='avia-caption-content '  itemprop=\"description\" ><p>&#8222;Ich bin mir der positiven Denkweise, die mir beigebracht wurde, sehr bewusst geworden.&#8220;<\/p>\n<\/div><\/div><\/div><\/div><\/div><\/div><img decoding=\"async\" fetchpriority=\"high\" class=\"wp-image-6902 avia-img-lazy-loading-not-6902\" src=\"https:\/\/is-hr.de\/wp-content\/uploads\/2023\/11\/SubPage_AxelPoniwerski_1500x430.jpg\" width=\"1500\" height=\"430\" title=\"SubPage_AxelPoniwerski_1500x430\" alt=\"\" itemprop=\"thumbnailUrl\" srcset=\"https:\/\/is-hr.de\/wp-content\/uploads\/2023\/11\/SubPage_AxelPoniwerski_1500x430.jpg 1500w, https:\/\/is-hr.de\/wp-content\/uploads\/2023\/11\/SubPage_AxelPoniwerski_1500x430-300x86.jpg 300w, https:\/\/is-hr.de\/wp-content\/uploads\/2023\/11\/SubPage_AxelPoniwerski_1500x430-1030x295.jpg 1030w, https:\/\/is-hr.de\/wp-content\/uploads\/2023\/11\/SubPage_AxelPoniwerski_1500x430-768x220.jpg 768w, https:\/\/is-hr.de\/wp-content\/uploads\/2023\/11\/SubPage_AxelPoniwerski_1500x430-705x202.jpg 705w\" sizes=\"(max-width: 1500px) 100vw, 1500px\"><\/div><\/li><\/ul><\/div><\/div><div id='after_full_slider_1'  class='main_color av_default_container_wrap container_wrap fullsize'  ><div class='container av-section-cont-open' ><div class='template-page content  av-content-full alpha units'><div class='post-entry post-entry-type-page post-entry-7048'><div class='entry-content-wrapper clearfix'>\n<section  class='av_textblock_section av-lo2pkdfu-627de79c6116362ad0509fd870c76168 '   itemscope=\"itemscope\" itemtype=\"https:\/\/schema.org\/CreativeWork\" ><div class='avia_textblock av_inherit_color'  itemprop=\"text\" ><h1 style=\"text-align: center;\">WHERE ARE THEY NOW?<\/h1>\n<h5 style=\"text-align: center;\"><br class=\"avia-permanent-lb\">ALUMNI Q&amp;A<\/h5>\n<h6 style=\"text-align: center;\">Juni 2023<\/h6>\n<\/div><\/section>\n\n<style type=\"text\/css\" data-created_by=\"avia_inline_auto\" id=\"style-css-av-8ri5xx-f2fdf1b510cad2adb5094af4cc861a6d\">\n#top .hr.av-8ri5xx-f2fdf1b510cad2adb5094af4cc861a6d{\nmargin-top:15px;\nmargin-bottom:0px;\n}\n.hr.av-8ri5xx-f2fdf1b510cad2adb5094af4cc861a6d .hr-inner{\nwidth:60px;\nborder-color:#ed1c24;\n}\n<\/style>\n<div  class='hr av-8ri5xx-f2fdf1b510cad2adb5094af4cc861a6d hr-custom  avia-builder-el-2  el_after_av_textblock  el_before_av_hr  hr-center hr-icon-no'><span class='hr-inner inner-border-av-border-fat'><span class=\"hr-inner-style\"><\/span><\/span><\/div>\n\n<style type=\"text\/css\" data-created_by=\"avia_inline_auto\" id=\"style-css-av-88td9h-28a5d78b8bbf92c961f6e7afa913ee52\">\n#top .hr.hr-invisible.av-88td9h-28a5d78b8bbf92c961f6e7afa913ee52{\nheight:20px;\n}\n<\/style>\n<div  class='hr av-88td9h-28a5d78b8bbf92c961f6e7afa913ee52 hr-invisible  avia-builder-el-3  el_after_av_hr  el_before_av_textblock '><span class='hr-inner '><span class=\"hr-inner-style\"><\/span><\/span><\/div>\n<section  class='av_textblock_section av-lo2s9xqv-b89fa38e7a894c804667f15984c19ddc '   itemscope=\"itemscope\" itemtype=\"https:\/\/schema.org\/CreativeWork\" ><div class='avia_textblock'  itemprop=\"text\" ><h4 style=\"text-align: center;\"><strong>Wie hei\u00dft du?<\/strong><\/h4>\n<div class=\"Qr7Oae\" role=\"listitem\">\n<div class=\"OxAavc NVbRL\" data-required=\"true\" data-item-id=\"487932146\">\n<div class=\"xMZTse Ih4Dzb\">\n<div class=\"Mh5jwe JqSWld yqQS1\" style=\"text-align: center;\" aria-describedby=\"c250\">\n<div class=\"Qr7Oae\" role=\"listitem\">\n<div class=\"OxAavc NVbRL\" data-required=\"true\" data-item-id=\"487932146\">\n<div class=\"xMZTse Ih4Dzb\">\n<div class=\"Mh5jwe JqSWld yqQS1\" aria-describedby=\"c12\">Axel Poniwerski<br class=\"avia-permanent-lb\"><br class=\"avia-permanent-lb\"><\/div>\n<\/div>\n<\/div>\n<\/div>\n<\/div>\n<\/div>\n<\/div>\n<\/div>\n<div class=\"Qr7Oae\" style=\"text-align: center;\" role=\"listitem\"><strong>Wie viele Jahre warst du an der ISHR?<\/strong><\/div>\n<div class=\"Qr7Oae\" role=\"listitem\">\n<div class=\"OxAavc NVbRL\" data-item-id=\"1588379409\">\n<div class=\"Ih4Dzb\">\n<div class=\"q4tvle JqSWld yqQS1\" style=\"text-align: center;\">8 Jahre <br class=\"avia-permanent-lb\"><br class=\"avia-permanent-lb\"><\/div>\n<div class=\"q4tvle JqSWld yqQS1\" style=\"text-align: center;\"><strong>In welchem Jahr haben Sie Ihren Abschluss gemacht?  <\/strong>2005<\/div>\n<div class=\"q4tvle JqSWld yqQS1\" style=\"text-align: center;\"><strong style=\"font-size: 18px;\"> <br class=\"avia-permanent-lb\">Was machst du jetzt?<\/strong><\/div>\n<\/div>\n<\/div>\n<\/div>\n<div class=\"Qr7Oae\" role=\"listitem\">\n<div class=\"OxAavc NVbRL\" data-item-id=\"1065998026\">\n<div class=\"Ih4Dzb\">\n<div class=\"q4tvle JqSWld yqQS1\" style=\"text-align: center;\">Ich bin derzeit sehr mit meiner Familie besch\u00e4ftigt. Ich liebe es, Zeit mit meiner Frau und unseren beiden wunderbaren Kindern zu verbringen. Au\u00dferdem bin ich im Begriff, Facharzt f\u00fcr Allgemeinmedizin und Familienmedizin zu werden. In den n\u00e4chsten Monaten m\u00f6chte ich meine eigene Praxis gr\u00fcnden und meine medizinischen Dienstleistungen in der Stadt Hannover anbieten.<br class=\"avia-permanent-lb\"><br class=\"avia-permanent-lb\"><strong>Was war dein Lieblingsfach an der ISHR?<\/strong><\/div>\n<\/div>\n<\/div>\n<\/div>\n<div class=\"Qr7Oae\" role=\"listitem\">\n<div class=\"OxAavc NVbRL\" data-item-id=\"748876735\">\n<div class=\"Ih4Dzb\">\n<div class=\"q4tvle JqSWld yqQS1\" style=\"text-align: center;\">Musik und Biologie<br class=\"avia-permanent-lb\"><br class=\"avia-permanent-lb\"><strong>Inwiefern haben Sie das Gef\u00fchl, dass die ISHR Sie auf das vorbereitet hat, was danach kam?<\/strong><note from=\"otgs-segmenter\"><\/note><\/p>\n<p>listitemlistitem13113000211311300021text-align: center;text-align: center;I believe that I was given all the tools to achieve my personal academic goals.Ich glaube, dass ich alle Voraussetzungen erlernt habe, um meine pers\u00f6nlichen akademischen Ziele zu erreichen.I am not sure if I recall the curriculum in any great detail today, however, I have become very aware of the positive mindset that has been cultivated and instilled in me. I feel strongly, that a healthy and positive mindset is fundamental in good decision-making and helpful in building a content life.Ich bin mir nicht sicher, ob ich mich heute noch genau an den Lehrplan erinnere, aber ich bin mir der positiven Denkweise, die mir beigebracht wurde, sehr bewusst. Ich bin der festen \u00dcberzeugung, dass eine gesunde und positive Einstellung grundlegend f\u00fcr gute Entscheidungen und f\u00fcr ein zufriedenes Leben ist.Both, academically and for oneself. Sowohl akademisch als auch f\u00fcr sich selbst.What was the biggest challenge you faced in adapting to life after ISHR?Was war die gr\u00f6\u00dfte Herausforderung, sich an das Leben nach der ISHR zu gew\u00f6hnen?listitemlistitem441133761441133761text-align: center;text-align: center;Going to University, you face a new beginning.Wenn man an die Universit\u00e4t geht, steht man vor einem Neuanfang.Adapting is essential.Anpassung ist unerl\u00e4sslich.The comfort of ISHR, unfortunately, had to be left behind :)Der Komfort der ISHR musste leider zur\u00fcckgelassen werden :)What advice would you give to current students or your former self?Welchen Rat w\u00fcrdest du derzeitigen Sch\u00fcler:innen oder deinem fr\u00fcheren Ich geben?text-align: center;text-align: center;listitemlistitemLife is not a race, no one is giving you good grades for finishing first.Das Leben ist kein Wettrennen, und niemand gibt dir gute Noten, wenn du als Erster ins Ziel kommst.Be self aware and focus your energy on what matters most to you.Sei dir deiner selbst bewusst und konzentriere deine Energie auf das, was f\u00fcr dich am wichtigsten ist.Be humble. Sei bescheiden.What\u2019s your favorite memory from your time at ISHR? Was ist deine sch\u00f6nste Erinnerung an die Zeit an der ISHR?text-align: center;text-align: center;listitemlistitemHonestly, I do not recall a single best memory.Um ehrlich zu sein, kommt keine bestimmte Erinnerung in den Sinn.I have multiple fond memories of diverse school activities like team sports, project weeks and school trips and still remember a great time with true friends.Ich habe viele sch\u00f6ne Erinnerungen an verschiedene Schulaktivit\u00e4ten wie Mannschaftssportarten, Projektwochen und Klassenfahrten und erinnere mich immer noch an eine tolle Zeit mit echten Freunden.BACKZUR\u00dcCK<\/p>\n<\/div>\n<\/div>\n<\/div>\n<\/div>\n<div class=\"Qr7Oae\" role=\"listitem\">\n<div class=\"OxAavc NVbRL\" data-item-id=\"1311300021\">\n<div class=\"Ih4Dzb\">\n<div class=\"q4tvle JqSWld yqQS1\" style=\"text-align: center;\">Ich glaube, dass ich alle Voraussetzungen erlernt habe, um meine pers\u00f6nlichen akademischen Ziele zu erreichen. Ich bin mir nicht sicher, ob ich mich heute noch genau an den Lehrplan erinnere, aber ich bin mir der positiven Denkweise, die mir beigebracht wurde, sehr bewusst. Ich bin der festen \u00dcberzeugung, dass eine gesunde und positive Einstellung grundlegend f\u00fcr gute Entscheidungen und f\u00fcr ein zufriedenes Leben ist. Sowohl akademisch als auch f\u00fcr sich selbst. <br class=\"avia-permanent-lb\"><br class=\"avia-permanent-lb\"><strong>Was war die gr\u00f6\u00dfte Herausforderung, sich an das Leben nach der ISHR zu gew\u00f6hnen?<\/strong><\/div>\n<\/div>\n<\/div>\n<\/div>\n<div class=\"Qr7Oae\" role=\"listitem\">\n<div class=\"OxAavc NVbRL\" data-item-id=\"441133761\">\n<div class=\"Ih4Dzb\">\n<div class=\"q4tvle JqSWld yqQS1\" style=\"text-align: center;\">Wenn man an die Universit\u00e4t geht, steht man vor einem Neuanfang. Anpassung ist unerl\u00e4sslich. Der Komfort der ISHR musste leider zur\u00fcckgelassen werden :)<br class=\"avia-permanent-lb\"><br class=\"avia-permanent-lb\"><strong>Welchen Rat w\u00fcrdest du derzeitigen Sch\u00fcler:innen oder deinem fr\u00fcheren Ich geben?<\/strong><\/div>\n<\/div>\n<\/div>\n<\/div>\n<div class=\"Qr7Oae\" style=\"text-align: center;\" role=\"listitem\">Das Leben ist kein Wettrennen, und niemand gibt dir gute Noten, wenn du als Erster ins Ziel kommst. Sei dir deiner selbst bewusst und konzentriere deine Energie auf das, was f\u00fcr dich am wichtigsten ist. Sei bescheiden. <br class=\"avia-permanent-lb\"><br class=\"avia-permanent-lb\"><strong>Was ist deine sch\u00f6nste Erinnerung an die Zeit an der ISHR? <\/strong><\/div>\n<div class=\"Qr7Oae\" style=\"text-align: center;\" role=\"listitem\">Um ehrlich zu sein, kommt keine bestimmte Erinnerung in den Sinn. Ich habe viele sch\u00f6ne Erinnerungen an verschiedene Schulaktivit\u00e4ten wie Mannschaftssportarten, Projektwochen und Klassenfahrten und erinnere mich immer noch an eine tolle Zeit mit echten Freunden.<\/div>\n<\/div><\/section>\n<div  class='hr av-2bome6-8defb80c85c24fe20dd73a7dd46b3a8c hr-default  avia-builder-el-5  el_after_av_textblock  el_before_av_button '><span class='hr-inner '><span class=\"hr-inner-style\"><\/span><\/span><\/div>\n<div  class='avia-button-wrap av-lo5tpuxf-ee381deaecd27f1b9ef7012a8cf32636-wrap avia-button-center  avia-builder-el-6  el_after_av_hr  avia-builder-el-last '><a href='https:\/\/is-hr.de\/de\/schulgemeinschaft\/alumni\/'  class='avia-button av-lo5tpuxf-ee381deaecd27f1b9ef7012a8cf32636 av-link-btn avia-icon_select-no avia-size-x-large avia-position-center avia-color-theme-color'   aria-label=\"ZUR\u00dcCK\"><span class='avia_iconbox_title' >ZUR\u00dcCK<\/span><\/a><\/div>\n","protected":false},"excerpt":{"rendered":"","protected":false},"author":4,"featured_media":0,"parent":5474,"menu_order":0,"comment_status":"closed","ping_status":"closed","template":"","meta":{"footnotes":""},"class_list":["post-7048","page","type-page","status-publish","hentry"],"_links":{"self":[{"href":"https:\/\/is-hr.de\/de\/wp-json\/wp\/v2\/pages\/7048","targetHints":{"allow":["GET"]}}],"collection":[{"href":"https:\/\/is-hr.de\/de\/wp-json\/wp\/v2\/pages"}],"about":[{"href":"https:\/\/is-hr.de\/de\/wp-json\/wp\/v2\/types\/page"}],"author":[{"embeddable":true,"href":"https:\/\/is-hr.de\/de\/wp-json\/wp\/v2\/users\/4"}],"replies":[{"embeddable":true,"href":"https:\/\/is-hr.de\/de\/wp-json\/wp\/v2\/comments?post=7048"}],"version-history":[{"count":0,"href":"https:\/\/is-hr.de\/de\/wp-json\/wp\/v2\/pages\/7048\/revisions"}],"up":[{"embeddable":true,"href":"https:\/\/is-hr.de\/de\/wp-json\/wp\/v2\/pages\/5474"}],"wp:attachment":[{"href":"https:\/\/is-hr.de\/de\/wp-json\/wp\/v2\/media?parent=7048"}],"curies":[{"name":"wp","href":"https:\/\/api.w.org\/{rel}","templated":true}]}}