{"id":6864,"date":"2023-10-27T11:06:20","date_gmt":"2023-10-27T09:06:20","guid":{"rendered":"https:\/\/is-hr.de\/schulgemeinschaft\/wo-sind-sie-jetzt-katherine-downham\/"},"modified":"2024-11-19T15:14:35","modified_gmt":"2024-11-19T14:14:35","slug":"wo-sind-sie-jetzt-katherine-downham","status":"publish","type":"page","link":"https:\/\/is-hr.de\/de\/schulgemeinschaft\/wo-sind-sie-jetzt-katherine-downham\/","title":{"rendered":"Where are they now? Katherine Downham"},"content":{"rendered":"<div id='full_slider_1'  class='avia-fullwidth-slider main_color avia-shadow   avia-builder-el-0  el_before_av_textblock  avia-builder-el-first   container_wrap fullsize'  >\n<style type=\"text\/css\" data-created_by=\"avia_inline_auto\" id=\"style-css-av-lo8ekw8v-62727dcf4d3bc3531e5ddba72e65e709\">\n#top #wrap_all .avia-slideshow .av-slideshow-caption.av-lo8ekw8v-62727dcf4d3bc3531e5ddba72e65e709__0 .avia-caption-title{\nfont-size:20px;\n}\n#top .avia-slideshow .av-slideshow-caption.av-lo8ekw8v-62727dcf4d3bc3531e5ddba72e65e709__0 .avia-caption-content{\nfont-size:20px;\n}\n#top .avia-slideshow .av-slideshow-caption.av-lo8ekw8v-62727dcf4d3bc3531e5ddba72e65e709__0 .avia-caption-content p{\nfont-size:20px;\n}\n<\/style>\n<div  class='avia-slideshow av-lo8ekw8v-62727dcf4d3bc3531e5ddba72e65e709 avia-slideshow-featured av_slideshow_full avia-slide-slider av-slideshow-ui av-control-default av-slideshow-manual av-loop-once av-loop-manual-endless av-default-height-applied   avia-slideshow-1' data-slideshow-options=\"{&quot;animation&quot;:&quot;slide&quot;,&quot;autoplay&quot;:false,&quot;loop_autoplay&quot;:&quot;once&quot;,&quot;interval&quot;:5,&quot;loop_manual&quot;:&quot;manual-endless&quot;,&quot;autoplay_stopper&quot;:false,&quot;noNavigation&quot;:false,&quot;bg_slider&quot;:false,&quot;keep_padding&quot;:false,&quot;hoverpause&quot;:false,&quot;show_slide_delay&quot;:0}\"  itemprop=\"image\" itemscope=\"itemscope\" itemtype=\"https:\/\/schema.org\/ImageObject\" ><ul class='avia-slideshow-inner ' style='padding-bottom: 28.666666666667%;'><li  class='avia-slideshow-slide av-lo8ekw8v-62727dcf4d3bc3531e5ddba72e65e709__0  av-single-slide slide-1 slide-odd'><div data-rel='slideshow-1' class='avia-slide-wrap '   ><div class='av-slideshow-caption av-lo8ekw8v-62727dcf4d3bc3531e5ddba72e65e709__0 caption_fullwidth caption_center caption_center_framed caption_framed'><div class=\"container caption_container\"><div class=\"slideshow_caption\"><div class=\"slideshow_inner_caption\"><div class=\"slideshow_align_caption\"><h2 class='avia-caption-title '  itemprop=\"name\" >Katherine Downham<\/h2><div class='avia-caption-content '  itemprop=\"description\" ><p>&#8222;Danke, dass die ISHR eine brillante Schule ist.&#8220;<\/p>\n<\/div><\/div><\/div><\/div><\/div><\/div><img decoding=\"async\" fetchpriority=\"high\" class=\"wp-image-6854 avia-img-lazy-loading-not-6854\" src=\"https:\/\/is-hr.de\/wp-content\/uploads\/2023\/10\/SubPage_KatherineDownham_15000x430.jpg\" width=\"1500\" height=\"430\" title=\"SubPage_KatherineDownham_15000x430\" alt=\"\" itemprop=\"thumbnailUrl\" srcset=\"https:\/\/is-hr.de\/wp-content\/uploads\/2023\/10\/SubPage_KatherineDownham_15000x430.jpg 1500w, https:\/\/is-hr.de\/wp-content\/uploads\/2023\/10\/SubPage_KatherineDownham_15000x430-300x86.jpg 300w, https:\/\/is-hr.de\/wp-content\/uploads\/2023\/10\/SubPage_KatherineDownham_15000x430-1030x295.jpg 1030w, https:\/\/is-hr.de\/wp-content\/uploads\/2023\/10\/SubPage_KatherineDownham_15000x430-768x220.jpg 768w, https:\/\/is-hr.de\/wp-content\/uploads\/2023\/10\/SubPage_KatherineDownham_15000x430-705x202.jpg 705w\" sizes=\"(max-width: 1500px) 100vw, 1500px\"><\/div><\/li><\/ul><\/div><\/div><div id='after_full_slider_1'  class='main_color av_default_container_wrap container_wrap fullsize'  ><div class='container av-section-cont-open' ><div class='template-page content  av-content-full alpha units'><div class='post-entry post-entry-type-page post-entry-6864'><div class='entry-content-wrapper clearfix'>\n<section  class='av_textblock_section av-lo2pkdfu-627de79c6116362ad0509fd870c76168 '   itemscope=\"itemscope\" itemtype=\"https:\/\/schema.org\/CreativeWork\" ><div class='avia_textblock av_inherit_color'  itemprop=\"text\" ><h1 style=\"text-align: center;\">WHERE ARE THEY NOW?<\/h1>\n<h5 style=\"text-align: center;\"><br class=\"avia-permanent-lb\">ALUMNI Q&amp;A<\/h5>\n<h6 style=\"text-align: center;\">Februar 2023<\/h6>\n<\/div><\/section>\n\n<style type=\"text\/css\" data-created_by=\"avia_inline_auto\" id=\"style-css-av-8ri5xx-f2fdf1b510cad2adb5094af4cc861a6d\">\n#top .hr.av-8ri5xx-f2fdf1b510cad2adb5094af4cc861a6d{\nmargin-top:15px;\nmargin-bottom:0px;\n}\n.hr.av-8ri5xx-f2fdf1b510cad2adb5094af4cc861a6d .hr-inner{\nwidth:60px;\nborder-color:#ed1c24;\n}\n<\/style>\n<div  class='hr av-8ri5xx-f2fdf1b510cad2adb5094af4cc861a6d hr-custom  avia-builder-el-2  el_after_av_textblock  el_before_av_hr  hr-center hr-icon-no'><span class='hr-inner inner-border-av-border-fat'><span class=\"hr-inner-style\"><\/span><\/span><\/div>\n\n<style type=\"text\/css\" data-created_by=\"avia_inline_auto\" id=\"style-css-av-88td9h-28a5d78b8bbf92c961f6e7afa913ee52\">\n#top .hr.hr-invisible.av-88td9h-28a5d78b8bbf92c961f6e7afa913ee52{\nheight:20px;\n}\n<\/style>\n<div  class='hr av-88td9h-28a5d78b8bbf92c961f6e7afa913ee52 hr-invisible  avia-builder-el-3  el_after_av_hr  el_before_av_textblock '><span class='hr-inner '><span class=\"hr-inner-style\"><\/span><\/span><\/div>\n<section  class='av_textblock_section av-lo2s9xqv-b89fa38e7a894c804667f15984c19ddc '   itemscope=\"itemscope\" itemtype=\"https:\/\/schema.org\/CreativeWork\" ><div class='avia_textblock'  itemprop=\"text\" ><h4 style=\"text-align: center;\"><strong>Wie hei\u00dft du?<\/strong><\/h4>\n<div class=\"Qr7Oae\" role=\"listitem\">\n<div class=\"OxAavc NVbRL\" data-required=\"true\" data-item-id=\"487932146\">\n<div class=\"xMZTse Ih4Dzb\">\n<div class=\"Mh5jwe JqSWld yqQS1\" style=\"text-align: center;\" aria-describedby=\"c250\">Katherine Downham <br class=\"avia-permanent-lb\"><br class=\"avia-permanent-lb\"><\/div>\n<\/div>\n<\/div>\n<\/div>\n<div class=\"Qr7Oae\" style=\"text-align: center;\" role=\"listitem\"><strong>Wie viele Jahre warst du an der ISHR?<\/strong><\/div>\n<div class=\"Qr7Oae\" role=\"listitem\">\n<div class=\"OxAavc NVbRL\" data-item-id=\"1588379409\">\n<div class=\"Ih4Dzb\">\n<div class=\"q4tvle JqSWld yqQS1\" style=\"text-align: center;\">3 Jahre <br class=\"avia-permanent-lb\"><br class=\"avia-permanent-lb\"><\/div>\n<div class=\"q4tvle JqSWld yqQS1\" style=\"text-align: center;\"><strong>In welchem Jahr haben Sie Ihren Abschluss gemacht?  <\/strong>2015<\/div>\n<div class=\"q4tvle JqSWld yqQS1\" style=\"text-align: center;\"><strong style=\"font-size: 18px;\"> <br class=\"avia-permanent-lb\">Was machst du jetzt?<\/strong><\/div>\n<\/div>\n<\/div>\n<\/div>\n<p style=\"text-align: center;\">Ich bin gerade Mutter geworden! Meine wunderbare Tochter Kenza wurde im Juli 2022 geboren. Bevor ich Kenza zur Welt brachte, gr\u00fcndete ich mein eigenes veganes Lebensmittelgesch\u00e4ft, das recht erfolgreich war. Au\u00dferdem habe ich im Jahr 2018 einen erstklassigen Abschluss in Sportwissenschaft mit Ern\u00e4hrung gemacht. Ich habe vor, mein Gesch\u00e4ft in Verbindung mit einer Karriere in der Ern\u00e4hrungsbranche fortzuf\u00fchren, wenn meine Elternzeit vorbei ist! <br class=\"avia-permanent-lb\"><br class=\"avia-permanent-lb\"><br class=\"avia-permanent-lb\"><strong>Was war dein Lieblingsfach an der ISHR? <\/strong><\/p>\n<p style=\"text-align: center;\">Ganz klar Musik. Ich hatte das Gef\u00fchl, dass dieses Fach mir erm\u00f6glichte, mich voll und ganz auszudr\u00fccken und jeglichen Stress loszulassen, den ich empfand. Ich war auch immer von den Musiklehrern und ihrem Talent fasziniert. Es war immer eine &#8222;urteilsfreie&#8220; Zone, in der jeder die Kreativit\u00e4t des anderen genie\u00dfen konnte.<br class=\"avia-permanent-lb\"><br class=\"avia-permanent-lb\"><br class=\"avia-permanent-lb\"><strong>Inwiefern hast du das Gef\u00fchl, dass die ISHR dich auf das vorbereitet hat, was danach kam? <\/strong><\/p>\n<div class=\"Qr7Oae\" role=\"listitem\">\n<div class=\"OxAavc NVbRL\" data-item-id=\"1311300021\">\n<div class=\"Ih4Dzb\">\n<div class=\"q4tvle JqSWld yqQS1\" style=\"text-align: center;\">Die ISHR hat mich auf jeden Fall auf die Universit\u00e4t vorbereitet, denn ich f\u00fchlte mich etwas weiter, was die Organisation und das Selbstvertrauen angeht, wenn es darum ging, Fristen einzuhalten und vor einer gro\u00dfen Menge zu pr\u00e4sentieren. Au\u00dferdem konnte ich mich dank der vielf\u00e4ltigen Freundschaften, die ich an der ISHR geschlossen habe, nahtlos in verschiedene soziale Gruppen einf\u00fcgen und mich leicht an neue Umgebungen anpassen. <br class=\"avia-permanent-lb\"><br class=\"avia-permanent-lb\"><\/div>\n<div class=\"q4tvle JqSWld yqQS1\" style=\"text-align: center;\"><strong>Was war die gr\u00f6\u00dfte Herausforderung f\u00fcr dich, um sich an das Leben nach der ISHR anzupassen? <\/strong><\/div>\n<\/div>\n<\/div>\n<\/div>\n<div class=\"Qr7Oae\" role=\"listitem\">\n<div class=\"OxAavc NVbRL\" data-item-id=\"441133761\">\n<div class=\"Ih4Dzb\">\n<div class=\"q4tvle JqSWld yqQS1\" style=\"text-align: center;\">Wahrscheinlich zu lernen, eine echte Britin zu sein! Ich wei\u00df, es klingt seltsam, aber da ich in China und Deutschland aufgewachsen bin, hatte ich das Gl\u00fcck, so viele wunderbare Menschen aus der ganzen Welt kennenzulernen, von denen allerdings nicht viele Engl\u00e4nder waren. Daher kannte ich den Slang\/die Ausdr\u00fccke der Leute nicht und verstand manchmal nicht, wovon sie sprachen! Ich hatte das Gef\u00fchl, ich m\u00fcsste Englisch von vorne lernen, haha! <br class=\"avia-permanent-lb\"><br class=\"avia-permanent-lb\"><\/div>\n<div class=\"q4tvle JqSWld yqQS1\" style=\"text-align: center;\"><strong>Welchen Rat w\u00fcrdest du derzeitigen Sch\u00fcler:innen oder deinem fr\u00fcheren Ich geben?<\/strong><\/div>\n<\/div>\n<\/div>\n<\/div>\n<p style=\"text-align: center;\">Versuche dich nicht \u00fcber die Dinge zu stressen, die du nicht kontrollieren kannst, weil du sie einfach nicht kontrollieren kannst&#8230;lass sie los. Versuche dein Bestes mit den Dingen, die du kontrollieren kannst. Habe Vertrauen ins Leben und wohin es dich f\u00fchrt&#8230;genie\u00dfe den Weg und versuche nicht nur auf das Endziel zu fokussieren, denn es ist der Prozess, der dich auf das Abenteuer mitnimmt. Behandel au\u00dferdem deine geistige Gesundheit mit der gleichen Wichtigkeit wie deine k\u00f6rperliche Gesundheit&#8230; das eine geht nicht ohne das andere. Bitte sprich mit anderen \u00fcber deine Gef\u00fchle, es hilft wirklich. Bleib einfach du selbst, geh deinen eigenen Weg und hab so viel Spa\u00df wie m\u00f6glich, denn das Leben muss gelebt werden und es vergeht so schnell! <br class=\"avia-permanent-lb\"><br class=\"avia-permanent-lb\"><\/p>\n<p style=\"text-align: center;\"><strong>Was ist deine sch\u00f6nste Erinnerung an die Zeit an der ISHR? <\/strong><\/p>\n<p style=\"text-align: center;\">All die Freundschaften, die ich so schnell geschlossen habe&#8230; die Gesangsdarbietungen, die ich auf der B\u00fchne aufgef\u00fchrt habe&#8230; die Kuchenverk\u00e4ufe f\u00fcr Spendenaktionen&#8230; Ich habe so viele tolle Erinnerungen, aber meine liebste ist der Englischunterricht. In der 12. Klasse setzte sich die ganze Klasse hin, bevor Mr. Lowe den Raum betrat. Als wir ihn im Laufe des Jahres kennenlernten, stellten wir fest, dass er eine Vorliebe daf\u00fcr hatte, dass die Tische gerade bleiben. Deshalb haben wir, bevor er den Raum betrat, alle Tische in alle m\u00f6glichen Richtungen gedreht und einige St\u00fchle auf den Kopf gestellt. Wir warteten ab, was er tun w\u00fcrde, sobald er hereinkam. W\u00e4hrend er herumlief und uns Fragen zu einem Gedicht stellte, r\u00fcckte er unbewusst alle Tische wieder an ihren richtigen Platz, ohne zu merken, dass wir sie absichtlich zu unserer eigenen Unterhaltung verschoben hatten. Schlie\u00dflich brachen wir alle in Gel\u00e4chter aus und der Groschen fiel f\u00fcr ihn! Vielleicht war es ein bisschen gemein von uns allen, aber am Ende haben wir zusammen gelacht. Vielen Dank ISHR &#8211; Du bist eine gro\u00dfartige Schule! Ich war traurig, abzureisen, aber ich freue mich darauf, eines Tages mit meiner kleinen Familie zur\u00fcckzukehren. Es wird toll sein, meiner Tochter zu zeigen, wo ich aufgewachsen bin!<\/p>\n<\/div><\/section>\n<div  class='avia-button-wrap av-lo5tpuxf-ee381deaecd27f1b9ef7012a8cf32636-wrap avia-button-center  avia-builder-el-5  el_after_av_textblock  avia-builder-el-last '><a href='https:\/\/is-hr.de\/de\/schulgemeinschaft\/alumni\/'  class='avia-button av-lo5tpuxf-ee381deaecd27f1b9ef7012a8cf32636 av-link-btn avia-icon_select-no avia-size-x-large avia-position-center avia-color-theme-color'   aria-label=\"ZUR\u00dcCK\"><span class='avia_iconbox_title' >ZUR\u00dcCK<\/span><\/a><\/div>\n","protected":false},"excerpt":{"rendered":"","protected":false},"author":4,"featured_media":0,"parent":5474,"menu_order":0,"comment_status":"closed","ping_status":"closed","template":"","meta":{"footnotes":""},"class_list":["post-6864","page","type-page","status-publish","hentry"],"_links":{"self":[{"href":"https:\/\/is-hr.de\/de\/wp-json\/wp\/v2\/pages\/6864","targetHints":{"allow":["GET"]}}],"collection":[{"href":"https:\/\/is-hr.de\/de\/wp-json\/wp\/v2\/pages"}],"about":[{"href":"https:\/\/is-hr.de\/de\/wp-json\/wp\/v2\/types\/page"}],"author":[{"embeddable":true,"href":"https:\/\/is-hr.de\/de\/wp-json\/wp\/v2\/users\/4"}],"replies":[{"embeddable":true,"href":"https:\/\/is-hr.de\/de\/wp-json\/wp\/v2\/comments?post=6864"}],"version-history":[{"count":0,"href":"https:\/\/is-hr.de\/de\/wp-json\/wp\/v2\/pages\/6864\/revisions"}],"up":[{"embeddable":true,"href":"https:\/\/is-hr.de\/de\/wp-json\/wp\/v2\/pages\/5474"}],"wp:attachment":[{"href":"https:\/\/is-hr.de\/de\/wp-json\/wp\/v2\/media?parent=6864"}],"curies":[{"name":"wp","href":"https:\/\/api.w.org\/{rel}","templated":true}]}}