{"id":6287,"date":"2023-09-13T11:41:27","date_gmt":"2023-09-13T09:41:27","guid":{"rendered":"https:\/\/is-hr.de\/aufnahme\/open-day\/"},"modified":"2026-03-16T16:40:09","modified_gmt":"2026-03-16T15:40:09","slug":"open-days","status":"publish","type":"page","link":"https:\/\/is-hr.de\/de\/aufnahme\/open-days\/","title":{"rendered":"Open Day"},"content":{"rendered":"<div id='max-height-home'  class='avia-fullwidth-slider main_color avia-shadow   avia-builder-el-0  el_before_av_section  avia-builder-el-first   container_wrap fullsize'  ><div  class='avia-slideshow av-lmivbkyu-57e816d24b36a7ad7334923f152c8b55 avia-slideshow-no scaling av_slideshow_full avia-fade-slider av-slideshow-ui av-control-minimal av-slideshow-manual av-loop-once av-loop-manual-endless av-default-height-applied   avia-slideshow-1' data-slideshow-options=\"{&quot;animation&quot;:&quot;fade&quot;,&quot;autoplay&quot;:false,&quot;loop_autoplay&quot;:&quot;once&quot;,&quot;interval&quot;:5,&quot;loop_manual&quot;:&quot;manual-endless&quot;,&quot;autoplay_stopper&quot;:false,&quot;noNavigation&quot;:false,&quot;bg_slider&quot;:false,&quot;keep_padding&quot;:false,&quot;hoverpause&quot;:false,&quot;show_slide_delay&quot;:0}\"  itemprop=\"image\" itemscope=\"itemscope\" itemtype=\"https:\/\/schema.org\/ImageObject\" ><ul class='avia-slideshow-inner ' style='padding-bottom: 29.27807486631%;'><li  class='avia-slideshow-slide av-lmivbkyu-57e816d24b36a7ad7334923f152c8b55__0  av-single-slide slide-1 slide-odd'><div data-rel='slideshow-1' class='avia-slide-wrap '   ><img decoding=\"async\" fetchpriority=\"high\" class=\"wp-image-6336 avia-img-lazy-loading-not-6336\" src=\"https:\/\/is-hr.de\/wp-content\/uploads\/2023\/09\/OpenDays_Slider.png\" width=\"2244\" height=\"657\" title=\"OpenDays_Slider\" alt=\"\" itemprop=\"thumbnailUrl\" srcset=\"https:\/\/is-hr.de\/wp-content\/uploads\/2023\/09\/OpenDays_Slider.png 2244w, https:\/\/is-hr.de\/wp-content\/uploads\/2023\/09\/OpenDays_Slider-300x88.png 300w, https:\/\/is-hr.de\/wp-content\/uploads\/2023\/09\/OpenDays_Slider-1030x302.png 1030w, https:\/\/is-hr.de\/wp-content\/uploads\/2023\/09\/OpenDays_Slider-768x225.png 768w, https:\/\/is-hr.de\/wp-content\/uploads\/2023\/09\/OpenDays_Slider-1536x450.png 1536w, https:\/\/is-hr.de\/wp-content\/uploads\/2023\/09\/OpenDays_Slider-2048x600.png 2048w, https:\/\/is-hr.de\/wp-content\/uploads\/2023\/09\/OpenDays_Slider-1500x439.png 1500w, https:\/\/is-hr.de\/wp-content\/uploads\/2023\/09\/OpenDays_Slider-705x206.png 705w\" sizes=\"(max-width: 2244px) 100vw, 2244px\"><\/div><\/li><\/ul><\/div><\/div>\n<p>\n<style type=\"text\/css\" data-created_by=\"avia_inline_auto\" id=\"style-css-av-mlzaware-8842810facf65bf57361faa0a8a0721f\">\n.avia-section.av-mlzaware-8842810facf65bf57361faa0a8a0721f{\nbackground-color:#ffffff;\nbackground-image:unset;\n}\n<\/style>\n<div id='av_section_1'  class='avia-section av-mlzaware-8842810facf65bf57361faa0a8a0721f main_color avia-section-default avia-no-border-styling  avia-builder-el-1  el_after_av_slideshow_full  el_before_av_section  avia-bg-style-scroll container_wrap fullsize'  ><div class='container av-section-cont-open' ><div class='template-page content  av-content-full alpha units'><div class='post-entry post-entry-type-page post-entry-6287'><div class='entry-content-wrapper clearfix'>\n\n<style type=\"text\/css\" data-created_by=\"avia_inline_auto\" id=\"style-css-av-ljpuhdmy-2529aa5d433b084ab7882ab5b315c04c\">\n#top .av-special-heading.av-ljpuhdmy-2529aa5d433b084ab7882ab5b315c04c{\npadding-bottom:10px;\n}\nbody .av-special-heading.av-ljpuhdmy-2529aa5d433b084ab7882ab5b315c04c .av-special-heading-tag .heading-char{\nfont-size:25px;\n}\n.av-special-heading.av-ljpuhdmy-2529aa5d433b084ab7882ab5b315c04c .av-subheading{\nfont-size:15px;\n}\n<\/style>\n<div  class='av-special-heading av-ljpuhdmy-2529aa5d433b084ab7882ab5b315c04c av-special-heading-h2  avia-builder-el-2  el_before_av_one_half  avia-builder-el-first '><h2 class='av-special-heading-tag '  itemprop=\"headline\"  >Der n\u00e4chste Tag der offenen T\u00fcr steht bald bevor!<\/h2><div class=\"special-heading-border\"><div class=\"special-heading-inner-border\"><\/div><\/div><\/div>\n<div  class='flex_column av-k4iy7e-0faa16b749de3579ee0ced4b68a4c30a av_one_half  avia-builder-el-3  el_after_av_heading  el_before_av_one_half  first flex_column_div  '     ><section  class='av_textblock_section av-mkqyze96-75aa5cf3c5d2ae6ab9d83be6e34a971d '   itemscope=\"itemscope\" itemtype=\"https:\/\/schema.org\/CreativeWork\" ><div class='avia_textblock'  itemprop=\"text\" ><p><span style=\"font-weight: 400;\">Vielen Dank f\u00fcr Ihr Interesse an ISHR.<\/span><\/p>\n<p><span style=\"font-weight: 400;\">Wir haben zwar noch keinen Termin f\u00fcr den n\u00e4chsten Tag der offenen T\u00fcr, aber wir laden Sie herzlich ein, eine pers\u00f6nliche F\u00fchrung durch unseren sch\u00f6nen Campus zu vereinbaren. Unser engagiertes Team freut sich darauf, Ihnen die Umgebung, den Lehrplan und die Einrichtungen unserer Schule vorzustellen.<\/span><\/p>\n<p data-start=\"103\" data-end=\"379\"><span style=\"font-weight: 400;\">Wenn Sie einen Termin f\u00fcr eine pers\u00f6nliche F\u00fchrung vereinbaren oder mehr \u00fcber die Aufnahme erfahren m\u00f6chten, z\u00f6gern Sie bitte nicht <\/span><a href=\"https:\/\/is-hr.de\/de\/aufnahme\/campus-touren\/\"><span style=\"font-weight: 400;\">uns direkt zu kontaktieren<\/span><\/a><span style=\"font-weight: 400;\">.<\/span><\/p>\n<\/div><\/section><\/div><div  class='flex_column av-1xr28q-7ea6672a27263bceefaa5babb2f24b2f av_one_half  avia-builder-el-5  el_after_av_one_half  avia-builder-el-last  flex_column_div  '     ><div  class='avia-slideshow av-hr3obu-b2b91d42239947a9b2d350f4ed56ecfc avia-slideshow-featured av_slideshow avia-slide-slider  avia-builder-el-6  avia-builder-el-no-sibling  av-slideshow-ui av-control-default av-slideshow-autoplay av-loop-endless av-loop-manual-endless av-default-height-applied avia-slideshow-2' data-slideshow-options=\"{&quot;animation&quot;:&quot;slide&quot;,&quot;autoplay&quot;:true,&quot;loop_autoplay&quot;:&quot;endless&quot;,&quot;interval&quot;:3,&quot;loop_manual&quot;:&quot;manual-endless&quot;,&quot;autoplay_stopper&quot;:false,&quot;noNavigation&quot;:false,&quot;bg_slider&quot;:false,&quot;keep_padding&quot;:false,&quot;hoverpause&quot;:false,&quot;show_slide_delay&quot;:0}\"  itemprop=\"image\" itemscope=\"itemscope\" itemtype=\"https:\/\/schema.org\/ImageObject\" ><ul class='avia-slideshow-inner ' style='padding-bottom: 50.887573964497%;'><li  class='avia-slideshow-slide av-hr3obu-b2b91d42239947a9b2d350f4ed56ecfc__0  slide-1 slide-odd'><div data-rel='slideshow-2' class='avia-slide-wrap '   ><div class='av-slideshow-caption av-hr3obu-b2b91d42239947a9b2d350f4ed56ecfc__0 avia-caption'><div class=\"avia-inner-caption\"><h2 class='avia-caption-title '  itemprop=\"name\" >Haupteingang<\/h2><\/div><\/div><img decoding=\"async\" fetchpriority=\"high\" class=\"wp-image-11332 avia-img-lazy-loading-not-11332\" src=\"https:\/\/is-hr.de\/wp-content\/uploads\/2026\/01\/Slider_MainEntrance.png\" width=\"845\" height=\"430\" title=\"Haupteingang\" alt=\"\" itemprop=\"thumbnailUrl\" srcset=\"https:\/\/is-hr.de\/wp-content\/uploads\/2026\/01\/Slider_MainEntrance.png 845w, https:\/\/is-hr.de\/wp-content\/uploads\/2026\/01\/Slider_MainEntrance-300x153.png 300w, https:\/\/is-hr.de\/wp-content\/uploads\/2026\/01\/Slider_MainEntrance-768x391.png 768w, https:\/\/is-hr.de\/wp-content\/uploads\/2026\/01\/Slider_MainEntrance-705x359.png 705w\" sizes=\"(max-width: 845px) 100vw, 845px\"><\/div><\/li><li  class='avia-slideshow-slide av-hr3obu-b2b91d42239947a9b2d350f4ed56ecfc__1  slide-2 slide-even'><div data-rel='slideshow-2' class='avia-slide-wrap '   ><div class='av-slideshow-caption av-hr3obu-b2b91d42239947a9b2d350f4ed56ecfc__1 avia-caption'><div class=\"avia-inner-caption\"><h2 class='avia-caption-title '  itemprop=\"name\" >Kindergarten<\/h2><\/div><\/div><img decoding=\"async\" fetchpriority=\"high\" class=\"wp-image-11333 avia-img-lazy-loading-not-11333\" src=\"https:\/\/is-hr.de\/wp-content\/uploads\/2026\/01\/Slider_KiGa.png\" width=\"845\" height=\"430\" title=\"Kindergarten\" alt=\"\" itemprop=\"thumbnailUrl\" srcset=\"https:\/\/is-hr.de\/wp-content\/uploads\/2026\/01\/Slider_KiGa.png 845w, https:\/\/is-hr.de\/wp-content\/uploads\/2026\/01\/Slider_KiGa-300x153.png 300w, https:\/\/is-hr.de\/wp-content\/uploads\/2026\/01\/Slider_KiGa-768x391.png 768w, https:\/\/is-hr.de\/wp-content\/uploads\/2026\/01\/Slider_KiGa-705x359.png 705w\" sizes=\"(max-width: 845px) 100vw, 845px\"><\/div><\/li><li  class='avia-slideshow-slide av-hr3obu-b2b91d42239947a9b2d350f4ed56ecfc__2  slide-3 slide-odd'><div data-rel='slideshow-2' class='avia-slide-wrap '   ><div class='av-slideshow-caption av-hr3obu-b2b91d42239947a9b2d350f4ed56ecfc__2 avia-caption'><div class=\"avia-inner-caption\"><h2 class='avia-caption-title '  itemprop=\"name\" >ISHR von oben<\/h2><\/div><\/div><img decoding=\"async\" fetchpriority=\"high\" class=\"wp-image-11334 avia-img-lazy-loading-not-11334\" src=\"https:\/\/is-hr.de\/wp-content\/uploads\/2026\/01\/Slider_Hannover-1.png\" width=\"845\" height=\"430\" title=\"Hannover\" alt=\"\" itemprop=\"thumbnailUrl\" srcset=\"https:\/\/is-hr.de\/wp-content\/uploads\/2026\/01\/Slider_Hannover-1.png 845w, https:\/\/is-hr.de\/wp-content\/uploads\/2026\/01\/Slider_Hannover-1-300x153.png 300w, https:\/\/is-hr.de\/wp-content\/uploads\/2026\/01\/Slider_Hannover-1-768x391.png 768w, https:\/\/is-hr.de\/wp-content\/uploads\/2026\/01\/Slider_Hannover-1-705x359.png 705w\" sizes=\"(max-width: 845px) 100vw, 845px\"><\/div><\/li><li  class='avia-slideshow-slide av-hr3obu-b2b91d42239947a9b2d350f4ed56ecfc__3  slide-4 slide-even'><div data-rel='slideshow-2' class='avia-slide-wrap '   ><div class='av-slideshow-caption av-hr3obu-b2b91d42239947a9b2d350f4ed56ecfc__3 avia-caption'><div class=\"avia-inner-caption\"><h2 class='avia-caption-title '  itemprop=\"name\" >Fachbereich Kunst<\/h2><\/div><\/div><img decoding=\"async\" fetchpriority=\"high\" class=\"wp-image-11335 avia-img-lazy-loading-not-11335\" src=\"https:\/\/is-hr.de\/wp-content\/uploads\/2026\/01\/Slider_iWing.png\" width=\"845\" height=\"430\" title=\"I-Wing\" alt=\"\" itemprop=\"thumbnailUrl\" srcset=\"https:\/\/is-hr.de\/wp-content\/uploads\/2026\/01\/Slider_iWing.png 845w, https:\/\/is-hr.de\/wp-content\/uploads\/2026\/01\/Slider_iWing-300x153.png 300w, https:\/\/is-hr.de\/wp-content\/uploads\/2026\/01\/Slider_iWing-768x391.png 768w, https:\/\/is-hr.de\/wp-content\/uploads\/2026\/01\/Slider_iWing-705x359.png 705w\" sizes=\"(max-width: 845px) 100vw, 845px\"><\/div><\/li><li  class='avia-slideshow-slide av-hr3obu-b2b91d42239947a9b2d350f4ed56ecfc__4  slide-5 slide-odd'><div data-rel='slideshow-2' class='avia-slide-wrap '   ><div class='av-slideshow-caption av-hr3obu-b2b91d42239947a9b2d350f4ed56ecfc__4 avia-caption'><div class=\"avia-inner-caption\"><h2 class='avia-caption-title '  itemprop=\"name\" >Schulgarten<\/h2><\/div><\/div><img decoding=\"async\" fetchpriority=\"high\" class=\"wp-image-11336 avia-img-lazy-loading-not-11336\" src=\"https:\/\/is-hr.de\/wp-content\/uploads\/2026\/01\/Slider_Garden.png\" width=\"845\" height=\"430\" title=\"Schulgarten\" alt=\"\" itemprop=\"thumbnailUrl\" srcset=\"https:\/\/is-hr.de\/wp-content\/uploads\/2026\/01\/Slider_Garden.png 845w, https:\/\/is-hr.de\/wp-content\/uploads\/2026\/01\/Slider_Garden-300x153.png 300w, https:\/\/is-hr.de\/wp-content\/uploads\/2026\/01\/Slider_Garden-768x391.png 768w, https:\/\/is-hr.de\/wp-content\/uploads\/2026\/01\/Slider_Garden-705x359.png 705w\" sizes=\"(max-width: 845px) 100vw, 845px\"><\/div><\/li><li  class='avia-slideshow-slide av-hr3obu-b2b91d42239947a9b2d350f4ed56ecfc__5  slide-6 slide-even'><div data-rel='slideshow-2' class='avia-slide-wrap '   ><div class='av-slideshow-caption av-hr3obu-b2b91d42239947a9b2d350f4ed56ecfc__5 avia-caption'><div class=\"avia-inner-caption\"><h2 class='avia-caption-title '  itemprop=\"name\" >Bibliothek<\/h2><\/div><\/div><img decoding=\"async\" fetchpriority=\"high\" class=\"wp-image-11337 avia-img-lazy-loading-not-11337\" src=\"https:\/\/is-hr.de\/wp-content\/uploads\/2026\/01\/Slider_Robotics_Library.png\" width=\"845\" height=\"430\" title=\"Library\" alt=\"\" itemprop=\"thumbnailUrl\" srcset=\"https:\/\/is-hr.de\/wp-content\/uploads\/2026\/01\/Slider_Robotics_Library.png 845w, https:\/\/is-hr.de\/wp-content\/uploads\/2026\/01\/Slider_Robotics_Library-300x153.png 300w, https:\/\/is-hr.de\/wp-content\/uploads\/2026\/01\/Slider_Robotics_Library-768x391.png 768w, https:\/\/is-hr.de\/wp-content\/uploads\/2026\/01\/Slider_Robotics_Library-705x359.png 705w\" sizes=\"(max-width: 845px) 100vw, 845px\"><\/div><\/li><li  class='avia-slideshow-slide av-hr3obu-b2b91d42239947a9b2d350f4ed56ecfc__6  slide-7 slide-odd'><div data-rel='slideshow-2' class='avia-slide-wrap '   ><div class='av-slideshow-caption av-hr3obu-b2b91d42239947a9b2d350f4ed56ecfc__6 avia-caption'><div class=\"avia-inner-caption\"><h2 class='avia-caption-title '  itemprop=\"name\" >Freiluftklassenzimmer<\/h2><\/div><\/div><img decoding=\"async\" fetchpriority=\"high\" class=\"wp-image-11338 avia-img-lazy-loading-not-11338\" src=\"https:\/\/is-hr.de\/wp-content\/uploads\/2026\/01\/Slider_Outdoor-Classroom.png\" width=\"845\" height=\"430\" title=\"Outdoor Klassenzimmer\" alt=\"\" itemprop=\"thumbnailUrl\" srcset=\"https:\/\/is-hr.de\/wp-content\/uploads\/2026\/01\/Slider_Outdoor-Classroom.png 845w, https:\/\/is-hr.de\/wp-content\/uploads\/2026\/01\/Slider_Outdoor-Classroom-300x153.png 300w, https:\/\/is-hr.de\/wp-content\/uploads\/2026\/01\/Slider_Outdoor-Classroom-768x391.png 768w, https:\/\/is-hr.de\/wp-content\/uploads\/2026\/01\/Slider_Outdoor-Classroom-705x359.png 705w\" sizes=\"(max-width: 845px) 100vw, 845px\"><\/div><\/li><li  class='avia-slideshow-slide av-hr3obu-b2b91d42239947a9b2d350f4ed56ecfc__7  slide-8 slide-even'><div data-rel='slideshow-2' class='avia-slide-wrap '   ><div class='av-slideshow-caption av-hr3obu-b2b91d42239947a9b2d350f4ed56ecfc__7 avia-caption'><div class=\"avia-inner-caption\"><h2 class='avia-caption-title '  itemprop=\"name\" >Playground<\/h2><\/div><\/div><img decoding=\"async\" fetchpriority=\"high\" class=\"wp-image-11339 avia-img-lazy-loading-not-11339\" src=\"https:\/\/is-hr.de\/wp-content\/uploads\/2026\/01\/Slider_Playground.png\" width=\"845\" height=\"430\" title=\"Spielplatz\" alt=\"\" itemprop=\"thumbnailUrl\" srcset=\"https:\/\/is-hr.de\/wp-content\/uploads\/2026\/01\/Slider_Playground.png 845w, https:\/\/is-hr.de\/wp-content\/uploads\/2026\/01\/Slider_Playground-300x153.png 300w, https:\/\/is-hr.de\/wp-content\/uploads\/2026\/01\/Slider_Playground-768x391.png 768w, https:\/\/is-hr.de\/wp-content\/uploads\/2026\/01\/Slider_Playground-705x359.png 705w\" sizes=\"(max-width: 845px) 100vw, 845px\"><\/div><\/li><\/ul><div class='avia-slideshow-arrows avia-slideshow-controls' ><a href='#prev' class='prev-slide ' aria-hidden='true' data-av_icon='\ue87c' data-av_iconfont='entypo-fontello'  tabindex='-1'>Zur\u00fcck<\/a><a href='#next' class='next-slide ' aria-hidden='true' data-av_icon='\ue87d' data-av_iconfont='entypo-fontello'  tabindex='-1'>Weiter<\/a><\/div><div class='avia-slideshow-dots avia-slideshow-controls'><a href='#1' class='goto-slide active' >1<\/a><a href='#2' class='goto-slide ' >2<\/a><a href='#3' class='goto-slide ' >3<\/a><a href='#4' class='goto-slide ' >4<\/a><a href='#5' class='goto-slide ' >5<\/a><a href='#6' class='goto-slide ' >6<\/a><a href='#7' class='goto-slide ' >7<\/a><a href='#8' class='goto-slide ' >8<\/a><\/div><\/div><\/div>\n<\/div><\/div><\/div><!-- close content main div --><\/div><\/div>\n<style type=\"text\/css\" data-created_by=\"avia_inline_auto\" id=\"style-css-av-lmhggu96-1aef52cc0bb4732df89a00097e708bd8\">\n.avia-section.av-lmhggu96-1aef52cc0bb4732df89a00097e708bd8{\nbackground-color:#f2f2f2;\nbackground-image:unset;\n}\n<\/style>\n<div id='av_section_2'  class='avia-section av-lmhggu96-1aef52cc0bb4732df89a00097e708bd8 main_color avia-section-default avia-no-border-styling  avia-builder-el-7  el_after_av_section  el_before_av_slideshow_full  avia-bg-style-scroll container_wrap fullsize'  ><div class='container av-section-cont-open' ><div class='template-page content  av-content-full alpha units'><div class='post-entry post-entry-type-page post-entry-6287'><div class='entry-content-wrapper clearfix'>\n<div  class='flex_column av-4uemyi-60e38f8542ae4c066ab7970cd6b77bce av_one_half  avia-builder-el-8  el_before_av_one_half  avia-builder-el-first  first flex_column_div  '     ><p>\n<style type=\"text\/css\" data-created_by=\"avia_inline_auto\" id=\"style-css-av-lmhgbxag-cecf90559b5a2936028fb743f3051343\">\n#top .av-special-heading.av-lmhgbxag-cecf90559b5a2936028fb743f3051343{\npadding-bottom:10px;\ncolor:#ed1c23;\n}\nbody .av-special-heading.av-lmhgbxag-cecf90559b5a2936028fb743f3051343 .av-special-heading-tag .heading-char{\nfont-size:25px;\n}\n.av-special-heading.av-lmhgbxag-cecf90559b5a2936028fb743f3051343 .special-heading-inner-border{\nborder-color:#ed1c23;\n}\n.av-special-heading.av-lmhgbxag-cecf90559b5a2936028fb743f3051343 .av-subheading{\nfont-size:15px;\n}\n<\/style>\n<div  class='av-special-heading av-lmhgbxag-cecf90559b5a2936028fb743f3051343 av-special-heading-h2 custom-color-heading  avia-builder-el-9  el_before_av_textblock  avia-builder-el-first '><h2 class='av-special-heading-tag '  itemprop=\"headline\"  >\u00dcBER UNS<\/h2><div class=\"special-heading-border\"><div class=\"special-heading-inner-border\"><\/div><\/div><\/div><br \/>\n\n<style type=\"text\/css\" data-created_by=\"avia_inline_auto\" id=\"style-css-av-lmgeqksz-b9914c21096b69c6f8d9b3f2e4068af3\">\n#top .av_textblock_section.av-lmgeqksz-b9914c21096b69c6f8d9b3f2e4068af3 .avia_textblock{\ncolor:#ffffff;\n}\n<\/style>\n<section  class='av_textblock_section av-lmgeqksz-b9914c21096b69c6f8d9b3f2e4068af3 '   itemscope=\"itemscope\" itemtype=\"https:\/\/schema.org\/CreativeWork\" ><div class='avia_textblock av_inherit_color'  itemprop=\"text\" ><p><span style=\"color: #333333;\">Die International School Hannover Region ist eine fortschrittliche Bildungseinrichtung im Herzen von Hannover. Wir sind eine International Baccalaureate World School, die akademische Exzellenz mit unz\u00e4hligen Entfaltungsm\u00f6glichkeiten und au\u00dfergew\u00f6hnlichen Lernerfahrungen verbindet.<br \/>\n<br class=\"avia-permanent-lb\">Als ISHR-Sch\u00fcler:in wird dein Kind eine akademisch anspruchsvolle internationale Ausbildung erhalten, bei der erfahrungsbasiertes, forschendes Lernen im Mittelpunkt steht. Sie werden ermutigt, unabh\u00e4ngig und kritisch zu denken, und wachsen mit dem Motto von &#8222;Belong &#8211; Learn &#8211; Thrive&#8220;, indem sie jede Gelegenheit nutzen, das Beste aus sich herauszuholen, was sie k\u00f6nnen.<br \/>\n<\/span><\/p>\n<\/div><\/section><\/p><\/div><div  class='flex_column av-2jfo3e-96779d40246e62094958fd9f3e88c229 av_one_half  avia-builder-el-11  el_after_av_one_half  avia-builder-el-last  flex_column_div  '     ><p>\n<style type=\"text\/css\" data-created_by=\"avia_inline_auto\" id=\"style-css-av-mm0gjjzv-269b8b903fd1d2aa92e6fe8d4f92a8a6\">\n#top .av-special-heading.av-mm0gjjzv-269b8b903fd1d2aa92e6fe8d4f92a8a6{\npadding-bottom:10px;\ncolor:#ed1c23;\n}\nbody .av-special-heading.av-mm0gjjzv-269b8b903fd1d2aa92e6fe8d4f92a8a6 .av-special-heading-tag .heading-char{\nfont-size:25px;\n}\n.av-special-heading.av-mm0gjjzv-269b8b903fd1d2aa92e6fe8d4f92a8a6 .special-heading-inner-border{\nborder-color:#ed1c23;\n}\n.av-special-heading.av-mm0gjjzv-269b8b903fd1d2aa92e6fe8d4f92a8a6 .av-subheading{\nfont-size:15px;\n}\n<\/style>\n<div  class='av-special-heading av-mm0gjjzv-269b8b903fd1d2aa92e6fe8d4f92a8a6 av-special-heading-h2 custom-color-heading  avia-builder-el-12  el_before_av_textblock  avia-builder-el-first '><h2 class='av-special-heading-tag '  itemprop=\"headline\"  >WARUM ISHR<\/h2><div class=\"special-heading-border\"><div class=\"special-heading-inner-border\"><\/div><\/div><\/div><br \/>\n\n<style type=\"text\/css\" data-created_by=\"avia_inline_auto\" id=\"style-css-av-mm0go1ry-470ed1c9fd67336e9bccfc81fb36f58b\">\n#top .av_textblock_section.av-mm0go1ry-470ed1c9fd67336e9bccfc81fb36f58b .avia_textblock{\ncolor:#ffffff;\n}\n<\/style>\n<section  class='av_textblock_section av-mm0go1ry-470ed1c9fd67336e9bccfc81fb36f58b '   itemscope=\"itemscope\" itemtype=\"https:\/\/schema.org\/CreativeWork\" ><div class='avia_textblock av_inherit_color'  itemprop=\"text\" ><ul style=\"color: #333333;\">\n<li>Kindergarten \u2013 12. Klasse: Ein nahtloser Bildungsweg vom Kindergarten bis zum IB-Diplom.<\/li>\n<li>INDIVIDUELLE UNTERST\u00dcTZUNG: Kleine Klassen, 100 % Unterrichtsabdeckung und ein engagiertes Team, das sich um das Wohlbefinden und die F\u00f6rderung der Sch\u00fcler k\u00fcmmert.<\/li>\n<li>INTERNATIONALES SPRUNGBRETT: Ein IB-Diplom, das die T\u00fcren zu den weltweit besten Universit\u00e4ten \u00f6ffnet.<\/li>\n<li>GELEBTE VIELFALT: Eine dynamische, englischsprachige Gemeinschaft, in der \u00fcber 65 Nationen vertreten sind.<\/li>\n<li>FUTURE-READY CAMPUS: Erstklassige digitale Infrastruktur auf einem gr\u00fcnen Campus in zentraler Lage.<\/li>\n<\/ul>\n<\/div><\/section><\/p><\/div>\n<\/p>\n<\/div><\/div><\/div><!-- close content main div --><\/div><\/div><div id='max-height-home'  class='avia-fullwidth-slider main_color avia-shadow   avia-builder-el-14  el_after_av_section  avia-builder-el-last   slider-not-first container_wrap fullsize'  >\n<style type=\"text\/css\" data-created_by=\"avia_inline_auto\" id=\"style-css-av-mm0lzmq0-e1a93f646ff86a2680dd3edef50c96bd\">\n#top #wrap_all .avia-slideshow .av-slideshow-caption.av-mm0lzmq0-e1a93f646ff86a2680dd3edef50c96bd__0 .avia-caption-title{\ncolor:#ffffff;\n}\n#top .avia-slideshow .av-slideshow-caption.av-mm0lzmq0-e1a93f646ff86a2680dd3edef50c96bd__0 .avia-caption-content{\ncolor:#ffffff;\n}\n<\/style>\n<div  class='avia-slideshow av-mm0lzmq0-e1a93f646ff86a2680dd3edef50c96bd avia-slideshow-entry_without_sidebar av_slideshow_full avia-slide-slider av-slideshow-ui av-control-minimal av-slideshow-autoplay av-loop-endless av-loop-manual-endless av-default-height-applied   avia-slideshow-3' data-slideshow-options=\"{&quot;animation&quot;:&quot;slide&quot;,&quot;autoplay&quot;:true,&quot;loop_autoplay&quot;:&quot;endless&quot;,&quot;interval&quot;:10,&quot;loop_manual&quot;:&quot;manual-endless&quot;,&quot;autoplay_stopper&quot;:false,&quot;noNavigation&quot;:false,&quot;bg_slider&quot;:false,&quot;keep_padding&quot;:false,&quot;hoverpause&quot;:false,&quot;show_slide_delay&quot;:0}\"  itemprop=\"image\" itemscope=\"itemscope\" itemtype=\"https:\/\/schema.org\/ImageObject\" ><ul class='avia-slideshow-inner ' style='padding-bottom: 34.95867768595%;'><li  data-controls='aviaTBaviaTBvideo_controls' data-mute='aviaTBaviaTBvideo_mute' data-loop='aviaTBaviaTBvideo_loop' data-disable-autoplay=''  data-mobile-img='https:\/\/is-hr.de\/wp-content\/uploads\/2026\/01\/Websiste_Cover_Pic1-1210x423.jpg' data-fallback-link='https:\/\/' data-video-ratio='2.8605200945626' class='avia-slideshow-slide av-mm0lzmq0-e1a93f646ff86a2680dd3edef50c96bd__0  av-video-slide  av-video-service-youtube  av-hide-video-controls av-mute-video av-loop-video av-mobile-fallback-image  av-single-slide slide-1 slide-odd'><div data-rel='slideshow-3' class='avia-slide-wrap ' style='background-image:url(\"https:\/\/is-hr.de\/wp-content\/uploads\/2026\/01\/Websiste_Cover_Pic1-1210x423.jpg\");'  ><div class='av-slideshow-caption av-mm0lzmq0-e1a93f646ff86a2680dd3edef50c96bd__0 caption_fullwidth caption_left caption_left_framed caption_framed'><div class=\"container caption_container\"><div class=\"slideshow_caption\"><div class=\"slideshow_inner_caption\"><div class=\"slideshow_align_caption\"><h2 class='avia-caption-title '  itemprop=\"name\" >BESUCHE UNSEREN TAG DER OFFENEN T\u00dcR<\/h2><div class='avia-caption-content av_inherit_color'  itemprop=\"description\" ><p>Erlebe die ISHR-Community in Aktion.<\/p>\n<\/div><\/div><\/div><\/div><\/div><\/div><div class='av-click-overlay'><\/div><div class='mejs-mediaelement'  itemprop=\"video\" itemtype=\"https:\/\/schema.org\/VideoObject\" ><div height='1600' width='900' class='av_youtube_frame' id='player_6287_1489936602_1325826575'  data-autoplay='0'  data-videoid='W-MqRGOF_ZA'  data-hd='1'  data-rel='0'  data-wmode='opaque'  data-loop='0'  data-version='3'  data-autohide='1'  data-color='white'  data-controls='0'  data-iv_load_policy='3'  data-original_url='https:\/\/youtu.be\/W-MqRGOF_ZA' ><\/div><\/div><\/div><\/li><\/ul><\/div><\/div>\n","protected":false},"excerpt":{"rendered":"","protected":false},"author":4,"featured_media":0,"parent":5452,"menu_order":0,"comment_status":"closed","ping_status":"closed","template":"","meta":{"footnotes":""},"class_list":["post-6287","page","type-page","status-publish","hentry"],"_links":{"self":[{"href":"https:\/\/is-hr.de\/de\/wp-json\/wp\/v2\/pages\/6287","targetHints":{"allow":["GET"]}}],"collection":[{"href":"https:\/\/is-hr.de\/de\/wp-json\/wp\/v2\/pages"}],"about":[{"href":"https:\/\/is-hr.de\/de\/wp-json\/wp\/v2\/types\/page"}],"author":[{"embeddable":true,"href":"https:\/\/is-hr.de\/de\/wp-json\/wp\/v2\/users\/4"}],"replies":[{"embeddable":true,"href":"https:\/\/is-hr.de\/de\/wp-json\/wp\/v2\/comments?post=6287"}],"version-history":[{"count":0,"href":"https:\/\/is-hr.de\/de\/wp-json\/wp\/v2\/pages\/6287\/revisions"}],"up":[{"embeddable":true,"href":"https:\/\/is-hr.de\/de\/wp-json\/wp\/v2\/pages\/5452"}],"wp:attachment":[{"href":"https:\/\/is-hr.de\/de\/wp-json\/wp\/v2\/media?parent=6287"}],"curies":[{"name":"wp","href":"https:\/\/api.w.org\/{rel}","templated":true}]}}