{"id":5608,"date":"2021-07-02T16:16:07","date_gmt":"2021-07-02T14:16:07","guid":{"rendered":"https:\/\/is-hr.de\/studentisches-leben\/ausserschulische-aktivitaeten\/"},"modified":"2025-07-09T13:39:23","modified_gmt":"2025-07-09T11:39:23","slug":"ausserschulische-aktivitaeten","status":"publish","type":"page","link":"https:\/\/is-hr.de\/de\/studentisches-leben\/ausserschulische-aktivitaeten\/","title":{"rendered":"Erg\u00e4nzende Programme"},"content":{"rendered":"<div id='full_slider_1'  class='avia-fullwidth-slider main_color avia-shadow   avia-builder-el-0  el_before_av_textblock  avia-builder-el-first   container_wrap fullsize'  ><div  class='avia-slideshow av-ks7wkk2t-1efd73ed31f60e9c1114f19bde7f5761 avia-slideshow-featured av_slideshow_full avia-slide-slider av-slideshow-ui av-control-default av-slideshow-manual av-loop-once av-loop-manual-endless av-default-height-applied   avia-slideshow-1' data-slideshow-options=\"{&quot;animation&quot;:&quot;slide&quot;,&quot;autoplay&quot;:false,&quot;loop_autoplay&quot;:&quot;once&quot;,&quot;interval&quot;:5,&quot;loop_manual&quot;:&quot;manual-endless&quot;,&quot;autoplay_stopper&quot;:false,&quot;noNavigation&quot;:false,&quot;bg_slider&quot;:false,&quot;keep_padding&quot;:false,&quot;hoverpause&quot;:false,&quot;show_slide_delay&quot;:0}\"  itemprop=\"image\" itemscope=\"itemscope\" itemtype=\"https:\/\/schema.org\/ImageObject\" ><ul class='avia-slideshow-inner ' style='padding-bottom: 28.666666666667%;'><li  class='avia-slideshow-slide av-ks7wkk2t-1efd73ed31f60e9c1114f19bde7f5761__0  av-single-slide slide-1 slide-odd'><div data-rel='slideshow-1' class='avia-slide-wrap '   ><img decoding=\"async\" fetchpriority=\"high\" class=\"wp-image-4672 avia-img-lazy-loading-not-4672\" src=\"https:\/\/is-hr.de\/wp-content\/uploads\/2021\/08\/header-extracurriculars-1500x430.jpg\" width=\"1500\" height=\"430\" title=\"ISHR sports team cheering\" alt=\"\" itemprop=\"thumbnailUrl\" srcset=\"https:\/\/is-hr.de\/wp-content\/uploads\/2021\/08\/header-extracurriculars.jpg 1500w, https:\/\/is-hr.de\/wp-content\/uploads\/2021\/08\/header-extracurriculars-300x86.jpg 300w, https:\/\/is-hr.de\/wp-content\/uploads\/2021\/08\/header-extracurriculars-1030x295.jpg 1030w, https:\/\/is-hr.de\/wp-content\/uploads\/2021\/08\/header-extracurriculars-768x220.jpg 768w, https:\/\/is-hr.de\/wp-content\/uploads\/2021\/08\/header-extracurriculars-705x202.jpg 705w\" sizes=\"(max-width: 1500px) 100vw, 1500px\"><\/div><\/li><\/ul><\/div><\/div><div id='after_full_slider_1'  class='main_color av_default_container_wrap container_wrap fullsize'  ><div class='container av-section-cont-open' ><div class='template-page content  av-content-full alpha units'><div class='post-entry post-entry-type-page post-entry-5608'><div class='entry-content-wrapper clearfix'>\n<section  class='av_textblock_section av-112c2c-a925ec5890f1c6600d194a8f386f2041 '   itemscope=\"itemscope\" itemtype=\"https:\/\/schema.org\/CreativeWork\" ><div class='avia_textblock'  itemprop=\"text\" ><p style=\"text-align: left;\"><div class=\"breadcrumb breadcrumbs avia-breadcrumbs\"><div class=\"breadcrumb-trail\" ><span class=\"trail-before\"><span class=\"breadcrumb-title\">Du bist hier:<\/span><\/span> <span  itemscope=\"itemscope\" itemtype=\"https:\/\/schema.org\/BreadcrumbList\" ><span  itemscope=\"itemscope\" itemtype=\"https:\/\/schema.org\/ListItem\" itemprop=\"itemListElement\" ><a itemprop=\"url\" href=\"https:\/\/is-hr.de\/de\/\" title=\"ISHR\" rel=\"home\" class=\"trail-begin\"><span itemprop=\"name\">Startseite<\/span><\/a><span itemprop=\"position\" class=\"hidden\">1<\/span><\/span><\/span><\/div><\/div><\/p>\n<\/div><\/section>\n<p>\n<style type=\"text\/css\" data-created_by=\"avia_inline_auto\" id=\"style-css-av-y9qx8-f4e9cb64bf676c1473ea0c5c804786da\">\n#top .flex_column.av-y9qx8-f4e9cb64bf676c1473ea0c5c804786da{\nmargin-top:30px;\nmargin-bottom:0px;\n}\n.flex_column.av-y9qx8-f4e9cb64bf676c1473ea0c5c804786da{\nborder-radius:0px 0px 0px 0px;\npadding:0px 0px 0px 0px;\n}\n.responsive #top #wrap_all .flex_column.av-y9qx8-f4e9cb64bf676c1473ea0c5c804786da{\nmargin-top:30px;\nmargin-bottom:0px;\n}\n<\/style>\n<div  class='flex_column av-y9qx8-f4e9cb64bf676c1473ea0c5c804786da av_one_full  avia-builder-el-2  el_after_av_textblock  el_before_av_hr  first flex_column_div av-zero-column-padding  column-top-margin'     ><p>\n<style type=\"text\/css\" data-created_by=\"avia_inline_auto\" id=\"style-css-av-kr4lhjjf-d9e400cfb9d58be6c0e0dea3c2011c15\">\n#top .av-special-heading.av-kr4lhjjf-d9e400cfb9d58be6c0e0dea3c2011c15{\npadding-bottom:0;\n}\nbody .av-special-heading.av-kr4lhjjf-d9e400cfb9d58be6c0e0dea3c2011c15 .av-special-heading-tag .heading-char{\nfont-size:25px;\n}\n.av-special-heading.av-kr4lhjjf-d9e400cfb9d58be6c0e0dea3c2011c15 .av-subheading{\nfont-size:15px;\n}\n<\/style>\n<div  class='av-special-heading av-kr4lhjjf-d9e400cfb9d58be6c0e0dea3c2011c15 av-special-heading-h1 blockquote modern-quote modern-centered  avia-builder-el-3  el_before_av_hr  avia-builder-el-first '><h1 class='av-special-heading-tag '  itemprop=\"headline\"  >Erg\u00e4nzende Programme<\/h1><div class=\"special-heading-border\"><div class=\"special-heading-inner-border\"><\/div><\/div><\/div><br \/>\n\n<style type=\"text\/css\" data-created_by=\"avia_inline_auto\" id=\"style-css-av-sx8d8-2ecb72fcdbcf053fe4d68f52829f00cc\">\n#top .hr.av-sx8d8-2ecb72fcdbcf053fe4d68f52829f00cc{\nmargin-top:5px;\nmargin-bottom:30px;\n}\n.hr.av-sx8d8-2ecb72fcdbcf053fe4d68f52829f00cc .hr-inner{\nwidth:60px;\nborder-color:#ed1c24;\n}\n<\/style>\n<div  class='hr av-sx8d8-2ecb72fcdbcf053fe4d68f52829f00cc hr-custom  avia-builder-el-4  el_after_av_heading  el_before_av_textblock  hr-center hr-icon-no'><span class='hr-inner inner-border-av-border-fat'><span class=\"hr-inner-style\"><\/span><\/span><\/div><br \/>\n<section  class='av_textblock_section av-kr4lhr13-96e3515ad729c56cb41c0518e74b483f '   itemscope=\"itemscope\" itemtype=\"https:\/\/schema.org\/CreativeWork\" ><div class='avia_textblock'  itemprop=\"text\" ><p>Unser au\u00dferschulisches Programm ist ein gesch\u00e4tzter Teil der ISHR-Community und bietet eine Vielzahl von unterhaltsamen, herausfordernden und sinnvollen Aktivit\u00e4ten, die allen Mitgliedern helfen, ihre individuellen F\u00e4higkeiten zu entwickeln. Folgen Sie den Links am Ende dieser Seite, um zu entdecken, was wir zum Start des Schuljahres 2025\/2026 f\u00fcr Sie bereithalten!<\/p>\n<div class=\"row\">\n<div class=\"small-12 column\">\n<div id=\"c965\" class=\"frame frame-default frame-type-textmedia frame-layout-0\">\n<div class=\"ce-textpic ce-right ce-intext\">\n<div class=\"ce-bodytext\"><\/div>\n<\/div>\n<\/div>\n<\/div>\n<\/div>\n<div class=\"row\"><\/div>\n<\/div><\/section><\/p><\/div>\n<style type=\"text\/css\" data-created_by=\"avia_inline_auto\" id=\"style-css-av-njk58-f041ac5d63af14c818a56c3b89aeb1df\">\n#top .hr.hr-invisible.av-njk58-f041ac5d63af14c818a56c3b89aeb1df{\nheight:20px;\n}\n<\/style>\n<div  class='hr av-njk58-f041ac5d63af14c818a56c3b89aeb1df hr-invisible  avia-builder-el-6  el_after_av_one_full  el_before_av_three_fifth '><span class='hr-inner '><span class=\"hr-inner-style\"><\/span><\/span><\/div><\/p>\n\n<style type=\"text\/css\" data-created_by=\"avia_inline_auto\" id=\"style-css-av-1prkc-20a9f16f8736b53ab68e9fb97967818b\">\n.flex_column.av-1prkc-20a9f16f8736b53ab68e9fb97967818b{\nborder-radius:0px 0px 0px 0px;\npadding:0px 0px 0px 0px;\n}\n<\/style>\n<div  class='flex_column av-1prkc-20a9f16f8736b53ab68e9fb97967818b av_three_fifth  avia-builder-el-7  el_after_av_hr  el_before_av_two_fifth  first flex_column_div av-zero-column-padding  '     ><section  class='av_textblock_section av-kr4llx3n-1d6b8721eb01c703e9136a0128c29065 '   itemscope=\"itemscope\" itemtype=\"https:\/\/schema.org\/CreativeWork\" ><div class='avia_textblock'  itemprop=\"text\" ><p>In diesem Jahr wird der Zeitplan f\u00fcr die au\u00dferschulischen Aktivit\u00e4ten der Grundschule in drei Trimester aufgeteilt, wobei in jedem Trimester \u00c4nderungen am au\u00dferschulischen Programm vorgenommen werden. Dabei kann es sich um die Einf\u00fchrung neuer Aktivit\u00e4ten handeln oder darum, dass bestehende Aktivit\u00e4ten f\u00fcr eine neue Altersgruppe oder einen neuen Jahrgang von Sch\u00fclern angeboten werden. Die Idee dahinter ist, den Sch\u00fcler:innen die M\u00f6glichkeit zu geben, verschiedene Aktivit\u00e4ten auszuprobieren, da wir bei vielen Aktivit\u00e4ten die Pl\u00e4tze begrenzen m\u00fcssen.<\/p>\n<p>Die meisten unserer au\u00dferschulischen Aktivit\u00e4ten sind kostenlos, mit Ausnahme der GISST-Turniere (Unterbringung, Anreise usw.), und einige Aktivit\u00e4ten externer Anbieter k\u00f6nnen von diesen direkt in Rechnung gestellt werden.<\/p>\n<p>Wir sind bestrebt, ein qualitativ hochwertiges Training anzubieten und in all unseren Bem\u00fchungen Spitzenleistungen zu erbringen, indem wir innerhalb einer professionellen, klaren und einheitlichen Struktur arbeiten.<\/p>\n<\/div><\/section><\/div>\n\n<style type=\"text\/css\" data-created_by=\"avia_inline_auto\" id=\"style-css-av-7flac-c4bcb19aa3958c68c6f8a865e13f4b3d\">\n.flex_column.av-7flac-c4bcb19aa3958c68c6f8a865e13f4b3d{\nborder-radius:0px 0px 0px 0px;\npadding:0px 0px 0px 0px;\n}\n<\/style>\n<div  class='flex_column av-7flac-c4bcb19aa3958c68c6f8a865e13f4b3d av_two_fifth  avia-builder-el-9  el_after_av_three_fifth  el_before_av_textblock  flex_column_div av-zero-column-padding  '     ><style type=\"text\/css\" data-created_by=\"avia_inline_auto\" id=\"style-css-av-kr4ll10d-d0bdb3cc3fee7233114c2b93fe2296f2\">\n.avia-image-container.av-kr4ll10d-d0bdb3cc3fee7233114c2b93fe2296f2 img.avia_image{\nbox-shadow:none;\n}\n.avia-image-container.av-kr4ll10d-d0bdb3cc3fee7233114c2b93fe2296f2 .av-image-caption-overlay-center{\ncolor:#ffffff;\n}\n<\/style>\n<div  class='avia-image-container av-kr4ll10d-d0bdb3cc3fee7233114c2b93fe2296f2 av-styling- avia-align-center  avia-builder-el-10  avia-builder-el-no-sibling '   itemprop=\"image\" itemscope=\"itemscope\" itemtype=\"https:\/\/schema.org\/ImageObject\" ><div class=\"avia-image-container-inner\"><div class=\"avia-image-overlay-wrap\"><img decoding=\"async\" fetchpriority=\"high\" class=\"wp-image-5138 avia-img-lazy-loading-not-5138 avia_image \" src=\"https:\/\/is-hr.de\/wp-content\/uploads\/2023\/07\/IMG_1776-scaled.jpg\" alt=\"\" title=\"IMG_1776\" height=\"1920\" width=\"2560\" itemprop=\"thumbnailUrl\" srcset=\"https:\/\/is-hr.de\/wp-content\/uploads\/2023\/07\/IMG_1776-scaled.jpg 2560w, https:\/\/is-hr.de\/wp-content\/uploads\/2023\/07\/IMG_1776-300x225.jpg 300w, https:\/\/is-hr.de\/wp-content\/uploads\/2023\/07\/IMG_1776-1030x773.jpg 1030w, https:\/\/is-hr.de\/wp-content\/uploads\/2023\/07\/IMG_1776-768x576.jpg 768w, https:\/\/is-hr.de\/wp-content\/uploads\/2023\/07\/IMG_1776-1536x1152.jpg 1536w, https:\/\/is-hr.de\/wp-content\/uploads\/2023\/07\/IMG_1776-2048x1536.jpg 2048w, https:\/\/is-hr.de\/wp-content\/uploads\/2023\/07\/IMG_1776-1500x1125.jpg 1500w, https:\/\/is-hr.de\/wp-content\/uploads\/2023\/07\/IMG_1776-705x529.jpg 705w\" sizes=\"(max-width: 2560px) 100vw, 2560px\"><\/div><\/div><\/div><\/div>\n<section  class='av_textblock_section av-kr4lmcdc-9ce8673def01b715715d4067f95f8a53 '   itemscope=\"itemscope\" itemtype=\"https:\/\/schema.org\/CreativeWork\" ><div class='avia_textblock'  itemprop=\"text\" ><p>Klicken Sie auf die untenstehenden Links, um zu erfahren, was wir den Sch\u00fclern unserer Primar- und Sekundarschulen anbieten wollen:<\/p>\n<ul>\n<li style=\"list-style-type: none;\">\n<ul>\n<li><a href=\"https:\/\/drive.google.com\/file\/d\/1JdqQDofAl7X05eX9EWQT_jYUwc3f5F7H\/view?usp=sharing\" target=\"_blank\" rel=\"noopener\">Erg\u00e4nzende Programme 2025\/2026<\/a><\/li>\n<li><a href=\"https:\/\/drive.google.com\/file\/d\/1shhkE8QFVE9IzwRX_RdWmnDx49K1OIBu\/view?usp=sharing\" target=\"_blank\" rel=\"noopener\">Herbst 2025\/2026 Erg\u00e4nzende Programme f\u00fcr die Grundschule<\/a><\/li>\n<li><a href=\"https:\/\/drive.google.com\/file\/d\/1Yss5Odj_qEyWraRhRazmdjpJB7MrYyO6\/view?usp=sharing\" target=\"_blank\" rel=\"noopener\">Herbst 2025\/2026 Erg\u00e4nzende Programme f\u00fcr die Mittel- und Sekundarstufe<\/a><\/li>\n<\/ul>\n<\/li>\n<\/ul>\n<p><strong>Matt Sankey<br \/>\n<\/strong>Au\u00dferschulischer Direktor<br \/>\nmatthew-sankey@is-hr.de<\/p>\n<div class=\"row\">\n<div class=\"small-12 column\">\n<div id=\"c965\" class=\"frame frame-default frame-type-textmedia frame-layout-0\">\n<div class=\"ce-textpic ce-right ce-intext\">\n<div class=\"ce-bodytext\"><\/div>\n<\/div>\n<\/div>\n<\/div>\n<\/div>\n<div class=\"row\"><\/div>\n<\/div><\/section>\n<\/div><\/div><\/div><!-- close content main div --><\/div><\/div><div   class='avia-fullscreen-slider main_color   avia-builder-el-12  el_after_av_textblock  el_before_av_postcontent  slider-not-first container_wrap fullsize'  ><div  class='avia-slideshow av-mcsyx37f-ca5b7859ec0499957e81cd9edfa5e1e4 avia-slideshow-extra_large av_fullscreen avia-slide-slider av-slideshow-ui av-control-default av-slideshow-manual av-loop-once av-loop-manual-endless av-default-height-applied   avia-slideshow-2' data-slideshow-options=\"{&quot;animation&quot;:&quot;slide&quot;,&quot;autoplay&quot;:false,&quot;loop_autoplay&quot;:&quot;once&quot;,&quot;interval&quot;:5,&quot;loop_manual&quot;:&quot;manual-endless&quot;,&quot;autoplay_stopper&quot;:false,&quot;noNavigation&quot;:false,&quot;bg_slider&quot;:true,&quot;keep_padding&quot;:false,&quot;hoverpause&quot;:false,&quot;show_slide_delay&quot;:0,&quot;slide_height&quot;:&quot;100&quot;,&quot;image_attachment&quot;:&quot;&quot;}\"  itemprop=\"image\" itemscope=\"itemscope\" itemtype=\"https:\/\/schema.org\/ImageObject\" ><ul class='avia-slideshow-inner ' style='padding-bottom: 61.533333333333%;'><li style='background-position:center center;' data-img-url='https:\/\/is-hr.de\/wp-content\/uploads\/2025\/07\/IMG_1983-1500x923.jpg' class='avia-slideshow-slide av-mcsyx37f-ca5b7859ec0499957e81cd9edfa5e1e4__0  av-single-slide slide-1 slide-odd'><div data-rel='slideshow-2' class='avia-slide-wrap '   ><\/div><\/li><\/ul><\/div><\/div>\n<p>[av_one_full first min_height='' vertical_alignment='av-align-top' space='' row_boxshadow_color='' row_boxshadow_width='10' custom_margin='aviaTBcustom_margin' margin='50px,0px' mobile_breaking='' border='' border_color='' radius='0px' radius_sync='true' padding='0px' padding_sync='true' column_boxshadow_color='' column_boxshadow_width='10' background='bg_color' background_color='#ffffff' background_gradient_color1='' background_gradient_color2='' background_gradient_direction='vertical' src='' attachment='' attachment_size='' background_position='top left' background_repeat='no-repeat' highlight_size='1.1' animation='' link='' linktarget='' link_hover='' title_attr='' alt_attr='' mobile_display='' id='' custom_class='' template_class='' aria_label='' element_template='' one_element_template='' av_uid='av-dfag3w' sc_version='1.0']<\/p>\n<p>[av_partner heading='' type='slider' columns='8' navigation='no' control_layout='av-control-default' nav_visibility_desktop='' nav_arrow_color='' nav_arrow_bg_color='' nav_dots_color='' nav_dot_active_color='' size='no scaling' img_size_behave='no_stretch' border='av-border-deactivate' img_border='' img_border_width='' img_border_width_sync='true' img_border_color='' border_radius='' border_radius_sync='true' box_shadow='' box_shadow_style='0px,0px,0px,0px' box_shadow_color='' padding='' padding_sync='true' animation='slide' transition_speed='' autoplay='true' interval='5' heading_tag='' heading_class='' img_scrset='' lazy_loading='disabled' el_id='' custom_class='' template_class='' element_template='' one_element_template='' av_uid='av-mj8gwbv0' sc_version='1.0']<br \/>\n[av_partner_logo id='919' hover='' link='manually,https:\/\/www.ecis.org\/' link_target='_blank' linktitle='' element_template='' one_element_template='' av_uid='' sc_version='1.0' id_dynamic='' link_dynamic='' ]<br \/>\n[av_partner_logo id='10967' id_dynamic='' hover='' link='manually,https:\/\/www.ecis.org\/' link_dynamic='' link_target='_blank' linktitle='' element_template='' one_element_template='' av_uid='' sc_version='1.0' ]<br \/>\n[av_partner_logo id='922' hover='' link='manually,https:\/\/www.ibo.org\/' linktitle='' link_target='_blank' element_template='' one_element_template='' av_uid='' sc_version='1.0' id_dynamic='' link_dynamic='' ]<br \/>\n[av_partner_logo id='924' hover='' link='manually,https:\/\/www.theptc.org\/' linktitle='' link_target='_blank' element_template='' one_element_template='' av_uid='' sc_version='1.0' id_dynamic='' link_dynamic='' ]<br \/>\n[av_partner_logo id='10105' id_dynamic='' hover='' link='manually,https:\/\/www.cois.org\/' link_dynamic='' link_target='_blank' linktitle='' element_template='' one_element_template='' av_uid='' sc_version='1.0' ]<br \/>\n[av_partner_logo id='1658' hover='' link='manually,https:\/\/agis-schools.org\/' linktitle='' link_target='_blank' element_template='' one_element_template='' av_uid='' sc_version='1.0' id_dynamic='' link_dynamic='' ]<br \/>\n[av_partner_logo id='10373' id_dynamic='' hover='' link='manually,https:\/\/www.duke-award.de' link_dynamic='' link_target='' linktitle='' element_template='' one_element_template='' av_uid='' sc_version='1.0' ]<br \/>\n[\/av_partner]<\/p>\n<p>[\/av_one_full]<\/p>\n\n","protected":false},"excerpt":{"rendered":"","protected":false},"author":1,"featured_media":0,"parent":5603,"menu_order":0,"comment_status":"closed","ping_status":"closed","template":"","meta":{"footnotes":""},"class_list":["post-5608","page","type-page","status-publish","hentry"],"_links":{"self":[{"href":"https:\/\/is-hr.de\/de\/wp-json\/wp\/v2\/pages\/5608","targetHints":{"allow":["GET"]}}],"collection":[{"href":"https:\/\/is-hr.de\/de\/wp-json\/wp\/v2\/pages"}],"about":[{"href":"https:\/\/is-hr.de\/de\/wp-json\/wp\/v2\/types\/page"}],"author":[{"embeddable":true,"href":"https:\/\/is-hr.de\/de\/wp-json\/wp\/v2\/users\/1"}],"replies":[{"embeddable":true,"href":"https:\/\/is-hr.de\/de\/wp-json\/wp\/v2\/comments?post=5608"}],"version-history":[{"count":0,"href":"https:\/\/is-hr.de\/de\/wp-json\/wp\/v2\/pages\/5608\/revisions"}],"up":[{"embeddable":true,"href":"https:\/\/is-hr.de\/de\/wp-json\/wp\/v2\/pages\/5603"}],"wp:attachment":[{"href":"https:\/\/is-hr.de\/de\/wp-json\/wp\/v2\/media?parent=5608"}],"curies":[{"name":"wp","href":"https:\/\/api.w.org\/{rel}","templated":true}]}}