{"id":5589,"date":"2021-07-02T16:28:02","date_gmt":"2021-07-02T14:28:02","guid":{"rendered":"https:\/\/is-hr.de\/beschaeftigung\/verguetung-und-sozialleistungen\/"},"modified":"2024-07-08T11:19:23","modified_gmt":"2024-07-08T09:19:23","slug":"verguetung-und-sozialleistungen","status":"publish","type":"page","link":"https:\/\/is-hr.de\/de\/beschaeftigung\/verguetung-und-sozialleistungen\/","title":{"rendered":"Verg\u00fctung und Sozialleistungen"},"content":{"rendered":"<div id='full_slider_1'  class='avia-fullwidth-slider main_color avia-shadow   avia-builder-el-0  el_before_av_textblock  avia-builder-el-first   container_wrap fullsize'  ><div  class='avia-slideshow av-ksipcbvh-ca65c0c5c9cf6cdc65f7afdbb4a31476 avia-slideshow-featured av_slideshow_full avia-slide-slider av-slideshow-ui av-control-default av-slideshow-manual av-loop-once av-loop-manual-endless av-default-height-applied   avia-slideshow-1' data-slideshow-options=\"{&quot;animation&quot;:&quot;slide&quot;,&quot;autoplay&quot;:false,&quot;loop_autoplay&quot;:&quot;once&quot;,&quot;interval&quot;:5,&quot;loop_manual&quot;:&quot;manual-endless&quot;,&quot;autoplay_stopper&quot;:false,&quot;noNavigation&quot;:false,&quot;bg_slider&quot;:false,&quot;keep_padding&quot;:false,&quot;hoverpause&quot;:false,&quot;show_slide_delay&quot;:0}\"  itemprop=\"image\" itemscope=\"itemscope\" itemtype=\"https:\/\/schema.org\/ImageObject\" ><ul class='avia-slideshow-inner ' style='padding-bottom: 28.666666666667%;'><li  class='avia-slideshow-slide av-ksipcbvh-ca65c0c5c9cf6cdc65f7afdbb4a31476__0  av-single-slide slide-1 slide-odd'><div data-rel='slideshow-1' class='avia-slide-wrap '   ><img decoding=\"async\" fetchpriority=\"high\" class=\"wp-image-4705 avia-img-lazy-loading-not-4705\" src=\"https:\/\/is-hr.de\/wp-content\/uploads\/2021\/08\/header-benefits-1500x430.jpg\" width=\"1500\" height=\"430\" title=\"Teaching at ISHR\" alt=\"\" itemprop=\"thumbnailUrl\" srcset=\"https:\/\/is-hr.de\/wp-content\/uploads\/2021\/08\/header-benefits.jpg 1500w, https:\/\/is-hr.de\/wp-content\/uploads\/2021\/08\/header-benefits-300x86.jpg 300w, https:\/\/is-hr.de\/wp-content\/uploads\/2021\/08\/header-benefits-1030x295.jpg 1030w, https:\/\/is-hr.de\/wp-content\/uploads\/2021\/08\/header-benefits-768x220.jpg 768w, https:\/\/is-hr.de\/wp-content\/uploads\/2021\/08\/header-benefits-705x202.jpg 705w\" sizes=\"(max-width: 1500px) 100vw, 1500px\"><\/div><\/li><\/ul><\/div><\/div><div id='after_full_slider_1'  class='main_color av_default_container_wrap container_wrap fullsize'  ><div class='container av-section-cont-open' ><div class='template-page content  av-content-full alpha units'><div class='post-entry post-entry-type-page post-entry-5589'><div class='entry-content-wrapper clearfix'>\n<section  class='av_textblock_section av-1gvueo-56558929dc82f41eb2a431031cad0c2a '   itemscope=\"itemscope\" itemtype=\"https:\/\/schema.org\/CreativeWork\" ><div class='avia_textblock'  itemprop=\"text\" ><p style=\"text-align: left;\"><div class=\"breadcrumb breadcrumbs avia-breadcrumbs\"><div class=\"breadcrumb-trail\" ><span class=\"trail-before\"><span class=\"breadcrumb-title\">Du bist hier:<\/span><\/span> <span  itemscope=\"itemscope\" itemtype=\"https:\/\/schema.org\/BreadcrumbList\" ><span  itemscope=\"itemscope\" itemtype=\"https:\/\/schema.org\/ListItem\" itemprop=\"itemListElement\" ><a itemprop=\"url\" href=\"https:\/\/is-hr.de\/de\/\" title=\"ISHR\" rel=\"home\" class=\"trail-begin\"><span itemprop=\"name\">Startseite<\/span><\/a><span itemprop=\"position\" class=\"hidden\">1<\/span><\/span><\/span><\/div><\/div><\/p>\n<\/div><\/section>\n\n<style type=\"text\/css\" data-created_by=\"avia_inline_auto\" id=\"style-css-av-18g4rk-bfdcc5392c15fb5602e7f2b651877f66\">\n#top .flex_column.av-18g4rk-bfdcc5392c15fb5602e7f2b651877f66{\nmargin-top:30px;\nmargin-bottom:0px;\n}\n.flex_column.av-18g4rk-bfdcc5392c15fb5602e7f2b651877f66{\nborder-radius:0px 0px 0px 0px;\npadding:0px 0px 0px 0px;\n}\n.responsive #top #wrap_all .flex_column.av-18g4rk-bfdcc5392c15fb5602e7f2b651877f66{\nmargin-top:30px;\nmargin-bottom:0px;\n}\n<\/style>\n<div  class='flex_column av-18g4rk-bfdcc5392c15fb5602e7f2b651877f66 av_one_full  avia-builder-el-2  el_after_av_textblock  el_before_av_three_fifth  first flex_column_div av-zero-column-padding  column-top-margin'     ><p>\n<style type=\"text\/css\" data-created_by=\"avia_inline_auto\" id=\"style-css-av-kr62nakk-1c92989570c63c490ab2201588ed504b\">\n#top .av-special-heading.av-kr62nakk-1c92989570c63c490ab2201588ed504b{\npadding-bottom:0;\n}\nbody .av-special-heading.av-kr62nakk-1c92989570c63c490ab2201588ed504b .av-special-heading-tag .heading-char{\nfont-size:25px;\n}\n.av-special-heading.av-kr62nakk-1c92989570c63c490ab2201588ed504b .av-subheading{\nfont-size:15px;\n}\n<\/style>\n<div  class='av-special-heading av-kr62nakk-1c92989570c63c490ab2201588ed504b av-special-heading-h1 blockquote modern-quote modern-centered  avia-builder-el-3  el_before_av_hr  avia-builder-el-first '><h1 class='av-special-heading-tag '  itemprop=\"headline\"  >Verg\u00fctung und Sozialleistungen<\/h1><div class=\"special-heading-border\"><div class=\"special-heading-inner-border\"><\/div><\/div><\/div><br \/>\n\n<style type=\"text\/css\" data-created_by=\"avia_inline_auto\" id=\"style-css-av-126e80-e9867f91045c476b6ca4687ebdafc777\">\n#top .hr.av-126e80-e9867f91045c476b6ca4687ebdafc777{\nmargin-top:5px;\nmargin-bottom:0px;\n}\n.hr.av-126e80-e9867f91045c476b6ca4687ebdafc777 .hr-inner{\nwidth:60px;\nborder-color:#ed1c24;\n}\n<\/style>\n<div  class='hr av-126e80-e9867f91045c476b6ca4687ebdafc777 hr-custom  avia-builder-el-4  el_after_av_heading  avia-builder-el-last  hr-center hr-icon-no'><span class='hr-inner inner-border-av-border-fat'><span class=\"hr-inner-style\"><\/span><\/span><\/div><\/p><\/div>\n\n<style type=\"text\/css\" data-created_by=\"avia_inline_auto\" id=\"style-css-av-us314-a8871796089734dc59ae05b8129272f0\">\n#top .flex_column.av-us314-a8871796089734dc59ae05b8129272f0{\nmargin-top:0px;\nmargin-bottom:0px;\n}\n.flex_column.av-us314-a8871796089734dc59ae05b8129272f0{\nborder-radius:0px 0px 0px 0px;\npadding:0px 0px 0px 0px;\n}\n.responsive #top #wrap_all .flex_column.av-us314-a8871796089734dc59ae05b8129272f0{\nmargin-top:0px;\nmargin-bottom:0px;\n}\n<\/style>\n<div  class='flex_column av-us314-a8871796089734dc59ae05b8129272f0 av_three_fifth  avia-builder-el-5  el_after_av_one_full  el_before_av_two_fifth  first flex_column_div av-zero-column-padding  column-top-margin'     ><section  class='av_textblock_section av-kr62nuor-c05e6fc19628ab2811e1a992fda526eb '   itemscope=\"itemscope\" itemtype=\"https:\/\/schema.org\/CreativeWork\" ><div class='avia_textblock'  itemprop=\"text\" ><h3>Geh\u00e4lter<\/h3>\n<p>Die ISHR hat eine Gehaltstabelle mit 30 Stufen f\u00fcr qualifizierte Lehrer. Die Einstiegsstufe und die Einstufung werden durch die Anrechnung der vorangegangenen Jahre des Vollzeitunterrichts bestimmt. Die Lehrkr\u00e4fte steigen nach jedem vollen Besch\u00e4ftigungsjahr eine Stufe in der Gehaltstabelle auf.<\/p>\n<p>Die Besch\u00e4ftigungsbedingungen basieren auf einem Tarifvertrag zwischen dem Betriebsrat, dem Director und dem Business Director.<\/p>\n<h3>Vertr\u00e4ge<\/h3>\n<p>Die Erstvertr\u00e4ge haben in der Regel eine Laufzeit von zwei Jahren. Weitere Vertr\u00e4ge werden im gegenseitigen Einvernehmen unbefristet geschlossen. F\u00fcr alle Teilzeit- und Vollzeitbesch\u00e4ftigte:n gilt zun\u00e4chst eine sechsmonatige Probezeit.<\/p>\n<div class=\"row\">\n<div class=\"small-12 column\">\n<div id=\"c965\" class=\"frame frame-default frame-type-textmedia frame-layout-0\">\n<div class=\"ce-textpic ce-right ce-intext\">\n<div class=\"ce-bodytext\"><\/div>\n<\/div>\n<\/div>\n<\/div>\n<\/div>\n<div class=\"row\"><\/div>\n<\/div><\/section><\/div>\n\n<style type=\"text\/css\" data-created_by=\"avia_inline_auto\" id=\"style-css-av-on1gw-8412b041fff721a91265e06dff6efea3\">\n#top .flex_column.av-on1gw-8412b041fff721a91265e06dff6efea3{\nmargin-top:0px;\nmargin-bottom:0px;\n}\n.flex_column.av-on1gw-8412b041fff721a91265e06dff6efea3{\nborder-radius:0px 0px 0px 0px;\npadding:0px 0px 0px 0px;\n}\n.responsive #top #wrap_all .flex_column.av-on1gw-8412b041fff721a91265e06dff6efea3{\nmargin-top:0px;\nmargin-bottom:0px;\n}\n<\/style>\n<div  class='flex_column av-on1gw-8412b041fff721a91265e06dff6efea3 av_two_fifth  avia-builder-el-7  el_after_av_three_fifth  el_before_av_textblock  flex_column_div av-zero-column-padding  column-top-margin'     ><style type=\"text\/css\" data-created_by=\"avia_inline_auto\" id=\"style-css-av-kr62x089-88a11a5518b63002d09cac1eb9d82ef4\">\n.avia-image-container.av-kr62x089-88a11a5518b63002d09cac1eb9d82ef4 img.avia_image{\nbox-shadow:none;\n}\n.avia-image-container.av-kr62x089-88a11a5518b63002d09cac1eb9d82ef4 .av-image-caption-overlay-center{\ncolor:#ffffff;\n}\n<\/style>\n<div  class='avia-image-container av-kr62x089-88a11a5518b63002d09cac1eb9d82ef4 av-styling- avia-align-center  avia-builder-el-8  avia-builder-el-no-sibling '   itemprop=\"image\" itemscope=\"itemscope\" itemtype=\"https:\/\/schema.org\/ImageObject\" ><div class=\"avia-image-container-inner\"><div class=\"avia-image-overlay-wrap\"><img decoding=\"async\" fetchpriority=\"high\" class=\"wp-image-4641 avia-img-lazy-loading-not-4641 avia_image \" src=\"https:\/\/is-hr.de\/wp-content\/uploads\/2021\/07\/tide-teacher-students.jpg\" alt=\"\" title=\"TIDE teacher with students\" height=\"350\" width=\"450\" itemprop=\"thumbnailUrl\" srcset=\"https:\/\/is-hr.de\/wp-content\/uploads\/2021\/07\/tide-teacher-students.jpg 450w, https:\/\/is-hr.de\/wp-content\/uploads\/2021\/07\/tide-teacher-students-300x233.jpg 300w\" sizes=\"(max-width: 450px) 100vw, 450px\"><\/div><\/div><\/div><\/div>\n<section  class='av_textblock_section av-kr62toan-ae1aca1a18e09b613a11ca7fccd98aab '   itemscope=\"itemscope\" itemtype=\"https:\/\/schema.org\/CreativeWork\" ><div class='avia_textblock'  itemprop=\"text\" ><h3>R\u00fcckerstattung von Transportkosten und Gep\u00e4ck<\/h3>\n<p>Neue Lehrkr\u00e4fte, die von einem Radius von mehr als 100 km nach Hannover ziehen, k\u00f6nnen f\u00fcr sich und ihre unmittelbaren Angeh\u00f6rigen Reisekosten in der Economy-Klasse geltend machen.<\/p>\n<p>Gep\u00e4ck wird wie folgt gezahlt: Lehrkr\u00e4fte &#8211; maximal 1400 Euro, Partner\/Ehepartner &#8211; 700 Euro, begleitende unterhaltsberechtigte Kinder &#8211; 500 Euro.<\/p>\n<h3>Unterkunft<\/h3>\n<p>Bei ihrer Ankunft in Hannover wird den Lehrkr\u00e4ften, die von au\u00dferhalb des 100-km-Radius eingestellt werden und noch keine Wohnung haben, eine m\u00f6blierte Wohnung auf Kosten der Schule f\u00fcr einen Monat zur Verf\u00fcgung gestellt. Dies ist eine steuerpflichtige Leistung. Die Schule hilft neuen Lehrer:innen bei der Wohnungssuche.<\/p>\n<h3>Schulgeld f\u00fcr unterhaltsberechtigte Kinder<\/h3>\n<p>Kinder von Vollzeitbesch\u00e4ftigten k\u00f6nnen die ISHR geb\u00fchrenfrei besuchen. Teilzeitbesch\u00e4ftigte erhalten eine Schulgelderm\u00e4\u00dfigung entsprechend ihrem Anteil an der Arbeitszeit. Die Schule ist gesetzlich verpflichtet, die Einkommensteuer auf diese Leistung abzuziehen.<\/p>\n<h3>Fragen zur ISHR und Hannover<\/h3>\n<div class=\"group\/conversation-turn relative flex w-full min-w-0 flex-col agent-turn\">\n<div class=\"flex-col gap-1 md:gap-3\">\n<div class=\"flex flex-grow flex-col max-w-full\">\n<div class=\"min-h-[20px] text-message flex flex-col items-start whitespace-pre-wrap break-words [.text-message+&amp;]:mt-5 juice:w-full juice:items-end overflow-x-auto gap-2\" dir=\"auto\" data-message-author-role=\"assistant\" data-message-id=\"6d0085fc-00f7-4292-9b13-8b15f3ddfeb5\">\n<div class=\"flex w-full flex-col gap-1 juice:empty:hidden juice:first:pt-[3px]\">\n<div class=\"markdown prose w-full break-words dark:prose-invert light\">\n<p>F\u00fcr weitere Informationen oder Fragen zum Umzug nach Hannover und zur Arbeit an der ISHR kontaktieren Sie uns bitte unter <a href=\"mailto:adminoffice@is-hr.de\" target=\"_blank\" rel=\"noopener\">adminoffice@is-hr.de.<\/a><\/p>\n<\/div>\n<\/div>\n<\/div>\n<\/div>\n<\/div>\n<\/div>\n<\/div><\/section>\n\n<style type=\"text\/css\" data-created_by=\"avia_inline_auto\" id=\"style-css-av-kr7io-1a6a3602776672cd41665beca792139a\">\n.flex_column.av-kr7io-1a6a3602776672cd41665beca792139a{\nborder-radius:0px 0px 0px 0px;\npadding:0px 0px 0px 0px;\n}\n<\/style>\n<div  class='flex_column av-kr7io-1a6a3602776672cd41665beca792139a av_two_fifth  avia-builder-el-10  el_after_av_textblock  el_before_av_three_fifth  first flex_column_div av-zero-column-padding  column-top-margin'     ><style type=\"text\/css\" data-created_by=\"avia_inline_auto\" id=\"style-css-av-kr63lhp6-74db741bf3f46e48f31f3fb93375237e\">\n.avia-image-container.av-kr63lhp6-74db741bf3f46e48f31f3fb93375237e img.avia_image{\nbox-shadow:none;\n}\n.avia-image-container.av-kr63lhp6-74db741bf3f46e48f31f3fb93375237e .av-image-caption-overlay-center{\ncolor:#ffffff;\n}\n<\/style>\n<div  class='avia-image-container av-kr63lhp6-74db741bf3f46e48f31f3fb93375237e av-styling- avia-align-center  avia-builder-el-11  avia-builder-el-no-sibling '   itemprop=\"image\" itemscope=\"itemscope\" itemtype=\"https:\/\/schema.org\/ImageObject\" ><div class=\"avia-image-container-inner\"><div class=\"avia-image-overlay-wrap\"><img decoding=\"async\" fetchpriority=\"high\" class=\"wp-image-4642 avia-img-lazy-loading-not-4642 avia_image \" src=\"https:\/\/is-hr.de\/wp-content\/uploads\/2021\/07\/staff-clay-workshop.jpg\" alt=\"\" title=\"Clay Workshop for Lower Primary Staff\" height=\"350\" width=\"450\" itemprop=\"thumbnailUrl\" srcset=\"https:\/\/is-hr.de\/wp-content\/uploads\/2021\/07\/staff-clay-workshop.jpg 450w, https:\/\/is-hr.de\/wp-content\/uploads\/2021\/07\/staff-clay-workshop-300x233.jpg 300w\" sizes=\"(max-width: 450px) 100vw, 450px\"><\/div><\/div><\/div><\/div>\n\n<style type=\"text\/css\" data-created_by=\"avia_inline_auto\" id=\"style-css-av-famcw-2aa3b81cf0c780cdf6e1301c79cdf265\">\n.flex_column.av-famcw-2aa3b81cf0c780cdf6e1301c79cdf265{\nborder-radius:0px 0px 0px 0px;\npadding:0px 0px 0px 0px;\n}\n<\/style>\n<div  class='flex_column av-famcw-2aa3b81cf0c780cdf6e1301c79cdf265 av_three_fifth  avia-builder-el-12  el_after_av_two_fifth  el_before_av_one_full  flex_column_div av-zero-column-padding  column-top-margin'     ><section  class='av_textblock_section av-kr62z206-946ddc9cfbac7c14f58538d8716eb25e '   itemscope=\"itemscope\" itemtype=\"https:\/\/schema.org\/CreativeWork\" ><div class='avia_textblock'  itemprop=\"text\" ><h3>Berufliche Entwicklung<\/h3>\n<p>ISHR-Mitarbeiter:innen profitieren von einer gesunden Umgebung f\u00fcr die berufliche Entwicklung, die eine reflektierende Unterrichtspraxis f\u00f6rdert und Wert auf Leadership-Training legt. Die Mitarbeiter:innen nehmen an Offsite-, Onsite- und Online-Workshops und Konferenzen teil. Dazu geh\u00f6ren das Principals&#8216; Training Center, Project Zero und die Workshops des Council of International Schools (CIS). Von Workshops zu den Themen F\u00fchrung in der Mittelstufe, Technologieintegration, Erkundung, Kreativit\u00e4t im Klassenzimmer bis hin zu Makerspaces und interdisziplin\u00e4rem Lernen gibt es viele anregende M\u00f6glichkeiten, Ihre berufliche Kompetenz zu erweitern. Mehrere unserer Lehrer:innen haben das angesehene International Teacher Certificate (ITC) erworben. Als IB-Schule bieten wir neuen Lehrer:innen die M\u00f6glichkeit, sich in dem f\u00fcr ihren Bereich spezifischen International Baccalaureate-Programm ausbilden zu lassen, und erfahrene IB-Lehrer:innen profitieren von der Ausbildung auf Stufe 3. Erfahrene Lehrer:innen werden ermutigt, sich als Akkreditierungsbesucher:innen ausbilden zu lassen und Workshops zu leiten. Die j\u00e4hrliche Konferenz der Association of German International Schools (AGIS) wird von Lehrer:innen f\u00fcr Lehrer:innen veranstaltet, und viele unserer Lehrkr\u00e4fte sind als Referent:innen und Teilnehmer:innen dabei.<\/p>\n<div class=\"row\">\n<div class=\"small-12 column\">\n<div id=\"c965\" class=\"frame frame-default frame-type-textmedia frame-layout-0\">\n<div class=\"ce-textpic ce-right ce-intext\">\n<div class=\"ce-bodytext\"><\/div>\n<\/div>\n<\/div>\n<\/div>\n<\/div>\n<div class=\"row\"><\/div>\n<\/div><\/section><\/div>\n\n<style type=\"text\/css\" data-created_by=\"avia_inline_auto\" id=\"style-css-av-1kvmc0-1bcde2542110223e8b1913b07afebec1\">\n#top .flex_column.av-1kvmc0-1bcde2542110223e8b1913b07afebec1{\nmargin-top:50px;\nmargin-bottom:0px;\n}\n.flex_column.av-1kvmc0-1bcde2542110223e8b1913b07afebec1{\nborder-radius:0px 0px 0px 0px;\npadding:0px 0px 0px 0px;\nbackground-color:#ffffff;\n}\n.responsive #top #wrap_all .flex_column.av-1kvmc0-1bcde2542110223e8b1913b07afebec1{\nmargin-top:50px;\nmargin-bottom:0px;\n}\n<\/style>\n<div  class='flex_column av-1kvmc0-1bcde2542110223e8b1913b07afebec1 av_one_full  avia-builder-el-14  el_after_av_three_fifth  avia-builder-el-last  first flex_column_div av-zero-column-padding  '     ><div  class='avia-logo-element-container av-1gysw0-4d3192120e03c6beee0f5de292d098c2 av-border-deactivate avia-logo-grid avia-content-slider avia-smallarrow-slider avia-content-grid-active noHover avia-content-slider-odd  avia-builder-el-15  avia-builder-el-no-sibling  avia-content-slider1' ><div class='avia-smallarrow-slider-heading  no-logo-slider-heading '><\/div><div class=\"avia-content-slider-inner\"><div class=\"slide-entry-wrap\"><div  class='slide-entry av-18v114-84e3c096f34efc3bf7b7e53315d6d779 flex_column no_margin av_one_seventh real-thumbnail post-entry slide-entry-overview slide-loop-1 slide-parity-odd  first'><a href=\"https:\/\/www.ecis.org\/\" data-rel=\"slide-1\" class=\"slide-image\" title=\"\" target=\"_blank\" rel=\"noopener noreferrer\"><img decoding=\"async\" fetchpriority=\"high\" width=\"109\" height=\"88\" src=\"https:\/\/is-hr.de\/wp-content\/uploads\/2021\/07\/partnerlogos-b1.jpg\" class=\"wp-image-4422 avia-img-lazy-loading-not-4422 attachment-no scaling size-no scaling\" alt=\"\" title=\"\"><\/a><\/div><div  class='slide-entry av-124ohs-9cf947d3a969bcdf2a48f59e33ef4a59 flex_column no_margin av_one_seventh real-thumbnail post-entry slide-entry-overview slide-loop-2 slide-parity-even  '><a href=\"https:\/\/www.neasc.org\/\" data-rel=\"slide-1\" class=\"slide-image\" title=\"\" target=\"_blank\" rel=\"noopener noreferrer\"><img decoding=\"async\" fetchpriority=\"high\" width=\"75\" height=\"88\" src=\"https:\/\/is-hr.de\/wp-content\/uploads\/2021\/07\/partnerlogos-b2.jpg\" class=\"wp-image-4423 avia-img-lazy-loading-not-4423 attachment-no scaling size-no scaling\" alt=\"\" title=\"\"><\/a><\/div><div  class='slide-entry av-wr44o-9cc835a0acf76f3ce7e599a0b14736ea flex_column no_margin av_one_seventh real-thumbnail post-entry slide-entry-overview slide-loop-3 slide-parity-odd  '><a href=\"https:\/\/www.ibo.org\/\" data-rel=\"slide-1\" class=\"slide-image\" title=\"\" target=\"_blank\" rel=\"noopener noreferrer\"><img decoding=\"async\" fetchpriority=\"high\" width=\"69\" height=\"88\" src=\"https:\/\/is-hr.de\/wp-content\/uploads\/2021\/07\/partnerlogos-b4.jpg\" class=\"wp-image-4425 avia-img-lazy-loading-not-4425 attachment-no scaling size-no scaling\" alt=\"\" title=\"\"><\/a><\/div><div  class='slide-entry av-pauq0-21e15611dab99a3d1f77e1edef270e79 flex_column no_margin av_one_seventh real-thumbnail post-entry slide-entry-overview slide-loop-4 slide-parity-even  '><img decoding=\"async\" fetchpriority=\"high\" width=\"74\" height=\"88\" src=\"https:\/\/is-hr.de\/wp-content\/uploads\/2021\/07\/partnerlogos-b5.jpg\" class=\"wp-image-4426 avia-img-lazy-loading-not-4426 attachment-no scaling size-no scaling\" alt=\"\" title=\"\"><\/div><div  class='slide-entry av-iiapk-458d5cdf899b42c548d4e49eaf6c3655 flex_column no_margin av_one_seventh real-thumbnail post-entry slide-entry-overview slide-loop-5 slide-parity-odd  '><a href=\"https:\/\/www.theptc.org\/\" data-rel=\"slide-1\" class=\"slide-image\" title=\"\" target=\"_blank\" rel=\"noopener noreferrer\"><img decoding=\"async\" fetchpriority=\"high\" width=\"97\" height=\"88\" src=\"https:\/\/is-hr.de\/wp-content\/uploads\/2021\/07\/partnerlogos-b6.jpg\" class=\"wp-image-4427 avia-img-lazy-loading-not-4427 attachment-no scaling size-no scaling\" alt=\"\" title=\"\"><\/a><\/div><div  class='slide-entry av-5oaw-10a3389ee8ad2962e014b3441e398f30 flex_column no_margin av_one_seventh real-thumbnail post-entry slide-entry-overview slide-loop-6 slide-parity-even  '><a href=\"https:\/\/www.cois.org\/\" data-rel=\"slide-1\" class=\"slide-image\" title=\"\" target=\"_blank\" rel=\"noopener noreferrer\"><img decoding=\"async\" fetchpriority=\"high\" width=\"179\" height=\"88\" src=\"https:\/\/is-hr.de\/wp-content\/uploads\/2021\/07\/partnerlogos-b7.jpg\" class=\"wp-image-4428 avia-img-lazy-loading-not-4428 attachment-no scaling size-no scaling\" alt=\"\" title=\"\"><\/a><\/div><div  class='slide-entry av-9b00g-bcf28063348cf89f31cc7996f2e866cf flex_column no_margin av_one_seventh real-thumbnail post-entry slide-entry-overview slide-loop-7 slide-parity-odd post-entry-last '><a href=\"https:\/\/agis-schools.org\/\" data-rel=\"slide-1\" class=\"slide-image\" title=\"\" target=\"_blank\" rel=\"noopener noreferrer\"><img decoding=\"async\" fetchpriority=\"high\" width=\"97\" height=\"88\" src=\"https:\/\/is-hr.de\/wp-content\/uploads\/2021\/07\/agis-logo.png\" class=\"wp-image-4648 avia-img-lazy-loading-not-4648 attachment-no scaling size-no scaling\" alt=\"\" title=\"\"><\/a><\/div><\/div><\/div><\/div><\/div>\n","protected":false},"excerpt":{"rendered":"","protected":false},"author":1,"featured_media":0,"parent":5569,"menu_order":0,"comment_status":"closed","ping_status":"closed","template":"","meta":{"footnotes":""},"class_list":["post-5589","page","type-page","status-publish","hentry"],"_links":{"self":[{"href":"https:\/\/is-hr.de\/de\/wp-json\/wp\/v2\/pages\/5589","targetHints":{"allow":["GET"]}}],"collection":[{"href":"https:\/\/is-hr.de\/de\/wp-json\/wp\/v2\/pages"}],"about":[{"href":"https:\/\/is-hr.de\/de\/wp-json\/wp\/v2\/types\/page"}],"author":[{"embeddable":true,"href":"https:\/\/is-hr.de\/de\/wp-json\/wp\/v2\/users\/1"}],"replies":[{"embeddable":true,"href":"https:\/\/is-hr.de\/de\/wp-json\/wp\/v2\/comments?post=5589"}],"version-history":[{"count":0,"href":"https:\/\/is-hr.de\/de\/wp-json\/wp\/v2\/pages\/5589\/revisions"}],"up":[{"embeddable":true,"href":"https:\/\/is-hr.de\/de\/wp-json\/wp\/v2\/pages\/5569"}],"wp:attachment":[{"href":"https:\/\/is-hr.de\/de\/wp-json\/wp\/v2\/media?parent=5589"}],"curies":[{"name":"wp","href":"https:\/\/api.w.org\/{rel}","templated":true}]}}