{"id":5587,"date":"2021-07-02T16:30:37","date_gmt":"2021-07-02T14:30:37","guid":{"rendered":"https:\/\/is-hr.de\/beschaeftigung\/praktika-fuer-referendare\/"},"modified":"2025-08-04T13:52:56","modified_gmt":"2025-08-04T11:52:56","slug":"praktika-fuer-referendare","status":"publish","type":"page","link":"https:\/\/is-hr.de\/de\/beschaeftigung\/praktika-fuer-referendare\/","title":{"rendered":"Praktika f\u00fcr Referendar:innen"},"content":{"rendered":"<div id='full_slider_1'  class='avia-fullwidth-slider main_color avia-shadow   avia-builder-el-0  el_before_av_textblock  avia-builder-el-first   container_wrap fullsize'  ><div  class='avia-slideshow av-ksk5r6e6-772ed56b6db0cf2711121ec95dd40156 avia-slideshow-featured av_slideshow_full avia-slide-slider av-slideshow-ui av-control-default av-slideshow-manual av-loop-once av-loop-manual-endless av-default-height-applied   avia-slideshow-1' data-slideshow-options=\"{&quot;animation&quot;:&quot;slide&quot;,&quot;autoplay&quot;:false,&quot;loop_autoplay&quot;:&quot;once&quot;,&quot;interval&quot;:5,&quot;loop_manual&quot;:&quot;manual-endless&quot;,&quot;autoplay_stopper&quot;:false,&quot;noNavigation&quot;:false,&quot;bg_slider&quot;:false,&quot;keep_padding&quot;:false,&quot;hoverpause&quot;:false,&quot;show_slide_delay&quot;:0}\"  itemprop=\"image\" itemscope=\"itemscope\" itemtype=\"https:\/\/schema.org\/ImageObject\" ><ul class='avia-slideshow-inner ' style='padding-bottom: 28.666666666667%;'><li  class='avia-slideshow-slide av-ksk5r6e6-772ed56b6db0cf2711121ec95dd40156__0  av-single-slide slide-1 slide-odd'><div data-rel='slideshow-1' class='avia-slide-wrap '   ><img decoding=\"async\" fetchpriority=\"high\" class=\"wp-image-4713 avia-img-lazy-loading-not-4713\" src=\"https:\/\/is-hr.de\/wp-content\/uploads\/2021\/08\/header-student-teachers-1500x430.jpg\" width=\"1500\" height=\"430\" title=\"Primary students working together\" alt=\"\" itemprop=\"thumbnailUrl\" srcset=\"https:\/\/is-hr.de\/wp-content\/uploads\/2021\/08\/header-student-teachers.jpg 1500w, https:\/\/is-hr.de\/wp-content\/uploads\/2021\/08\/header-student-teachers-300x86.jpg 300w, https:\/\/is-hr.de\/wp-content\/uploads\/2021\/08\/header-student-teachers-1030x295.jpg 1030w, https:\/\/is-hr.de\/wp-content\/uploads\/2021\/08\/header-student-teachers-768x220.jpg 768w, https:\/\/is-hr.de\/wp-content\/uploads\/2021\/08\/header-student-teachers-705x202.jpg 705w\" sizes=\"(max-width: 1500px) 100vw, 1500px\"><\/div><\/li><\/ul><\/div><\/div><div id='after_full_slider_1'  class='main_color av_default_container_wrap container_wrap fullsize'  ><div class='container av-section-cont-open' ><div class='template-page content  av-content-full alpha units'><div class='post-entry post-entry-type-page post-entry-5587'><div class='entry-content-wrapper clearfix'>\n<section  class='av_textblock_section av-1aeo4i-7759fd50ba11c270df994e9f35e8d9b3 '   itemscope=\"itemscope\" itemtype=\"https:\/\/schema.org\/CreativeWork\" ><div class='avia_textblock'  itemprop=\"text\" ><p style=\"text-align: left;\"><div class=\"breadcrumb breadcrumbs avia-breadcrumbs\"><div class=\"breadcrumb-trail\" ><span class=\"trail-before\"><span class=\"breadcrumb-title\">Du bist hier:<\/span><\/span> <span  itemscope=\"itemscope\" itemtype=\"https:\/\/schema.org\/BreadcrumbList\" ><span  itemscope=\"itemscope\" itemtype=\"https:\/\/schema.org\/ListItem\" itemprop=\"itemListElement\" ><a itemprop=\"url\" href=\"https:\/\/is-hr.de\/de\/\" title=\"ISHR\" rel=\"home\" class=\"trail-begin\"><span itemprop=\"name\">Startseite<\/span><\/a><span itemprop=\"position\" class=\"hidden\">1<\/span><\/span><\/span><\/div><\/div><\/p>\n<\/div><\/section>\n\n<style type=\"text\/css\" data-created_by=\"avia_inline_auto\" id=\"style-css-av-15ncoq-84d3107cd035dfcf268f3bb12085defd\">\n#top .flex_column.av-15ncoq-84d3107cd035dfcf268f3bb12085defd{\nmargin-top:30px;\nmargin-bottom:0px;\n}\n.flex_column.av-15ncoq-84d3107cd035dfcf268f3bb12085defd{\nborder-radius:0px 0px 0px 0px;\npadding:0px 0px 0px 0px;\n}\n.responsive #top #wrap_all .flex_column.av-15ncoq-84d3107cd035dfcf268f3bb12085defd{\nmargin-top:30px;\nmargin-bottom:0px;\n}\n<\/style>\n<div  class='flex_column av-15ncoq-84d3107cd035dfcf268f3bb12085defd av_one_full  avia-builder-el-2  el_after_av_textblock  el_before_av_three_fifth  first flex_column_div av-zero-column-padding  column-top-margin'     ><p>\n<style type=\"text\/css\" data-created_by=\"avia_inline_auto\" id=\"style-css-av-kr64ikez-a3471ecebbed98dc8326222f156e7139\">\n#top .av-special-heading.av-kr64ikez-a3471ecebbed98dc8326222f156e7139{\npadding-bottom:0;\n}\nbody .av-special-heading.av-kr64ikez-a3471ecebbed98dc8326222f156e7139 .av-special-heading-tag .heading-char{\nfont-size:25px;\n}\n.av-special-heading.av-kr64ikez-a3471ecebbed98dc8326222f156e7139 .av-subheading{\nfont-size:15px;\n}\n<\/style>\n<div  class='av-special-heading av-kr64ikez-a3471ecebbed98dc8326222f156e7139 av-special-heading-h1 blockquote modern-quote modern-centered  avia-builder-el-3  el_before_av_hr  avia-builder-el-first '><h1 class='av-special-heading-tag '  itemprop=\"headline\"  >Pflichtpraktika<\/h1><div class=\"special-heading-border\"><div class=\"special-heading-inner-border\"><\/div><\/div><\/div><br \/>\n\n<style type=\"text\/css\" data-created_by=\"avia_inline_auto\" id=\"style-css-av-y1736-357e7776bd6e26e3a690baf1df66986d\">\n#top .hr.av-y1736-357e7776bd6e26e3a690baf1df66986d{\nmargin-top:5px;\nmargin-bottom:30px;\n}\n.hr.av-y1736-357e7776bd6e26e3a690baf1df66986d .hr-inner{\nwidth:60px;\nborder-color:#ed1c24;\n}\n<\/style>\n<div  class='hr av-y1736-357e7776bd6e26e3a690baf1df66986d hr-custom  avia-builder-el-4  el_after_av_heading  el_before_av_textblock  hr-center hr-icon-no'><span class='hr-inner inner-border-av-border-fat'><span class=\"hr-inner-style\"><\/span><\/span><\/div><br \/>\n<section  class='av_textblock_section av-kr64iywk-ef6ef09dffd4ab7d5915b624d0388688 '   itemscope=\"itemscope\" itemtype=\"https:\/\/schema.org\/CreativeWork\" ><div class='avia_textblock'  itemprop=\"text\" ><p data-pm-slice=\"0 0 &#091;&#093;\">An der ISHR freuen wir uns besonders \u00fcber Praktikumsbewerbungen f\u00fcr unsere Grundschule. Dort erwarten Dich viele praktische M\u00f6glichkeiten und ein unterst\u00fctzendes Umfeld. Auch Praktika in der Sekundarstufe sind uns wichtig \u2013 bitte beachte jedoch, dass diese Pl\u00e4tze aufgrund des spezialisierten und vielf\u00e4ltigen Lehrplans begrenzter und wettbewerbsintensiver sein k\u00f6nnen. <\/p>\n<p>Wir suchen st\u00e4ndig qualifizierte Lehramtsstudierende, die gerne mit Kindern arbeiten und Verantwortung f\u00fcr ihre Betreuung \u00fcbernehmen. Wenn Du Erfahrung in einem internationalen Umfeld mit Menschen aus \u00fcber 65 verschiedenen L\u00e4ndern sammeln m\u00f6chtest, k\u00f6nnte das hier genau der richtige Praktikumsplatz f\u00fcr Dich sein! <\/p>\n<div class=\"row\">\n<div class=\"small-12 column\">\n<div id=\"c965\" class=\"frame frame-default frame-type-textmedia frame-layout-0\">\n<div class=\"ce-textpic ce-right ce-intext\">\n<div class=\"ce-bodytext\"><\/div>\n<\/div>\n<\/div>\n<\/div>\n<\/div>\n<div class=\"row\"><\/div>\n<\/div><\/section><\/p><\/div>\n\n<style type=\"text\/css\" data-created_by=\"avia_inline_auto\" id=\"style-css-av-sb6f6-36d6e5ca78e594ab90bc0f4968f7393d\">\n.flex_column.av-sb6f6-36d6e5ca78e594ab90bc0f4968f7393d{\nborder-radius:0px 0px 0px 0px;\npadding:0px 0px 0px 0px;\n}\n<\/style>\n<div  class='flex_column av-sb6f6-36d6e5ca78e594ab90bc0f4968f7393d av_three_fifth  avia-builder-el-6  el_after_av_one_full  el_before_av_two_fifth  first flex_column_div av-zero-column-padding  column-top-margin'     ><section  class='av_textblock_section av-kr64j9wb-0ee5e993f0ae7145d8e1cc9a388531d9 '   itemscope=\"itemscope\" itemtype=\"https:\/\/schema.org\/CreativeWork\" ><div class='avia_textblock'  itemprop=\"text\" ><p>Idealerweise sollten die Bewerber die folgenden Kriterien erf\u00fcllen:<\/p>\n<ul>\n<li>Englische Muttersprachler oder Nicht-Muttersprachler mit guten Englischkenntnissen<\/li>\n<li>Aufgeschlossen<\/li>\n<li>Selbstst\u00e4ndig<\/li>\n<li>Teamplayer<\/li>\n<li>Kollaborativ<\/li>\n<li>Flexibel<\/li>\n<\/ul>\n<p>Es gibt viele Vorteile, wenn Du Dein Praktikum an der ISHR absolvierst. Mit \u00fcber 60 vertretenen Nationalit\u00e4ten bietet die Arbeit an der ISHR auch eine tolle kulturelle Erfahrung.<\/p>\n<\/div><\/section><\/div>\n\n<style type=\"text\/css\" data-created_by=\"avia_inline_auto\" id=\"style-css-av-m1wuq-21d2af1e0c87409e58240bfba43152fd\">\n.flex_column.av-m1wuq-21d2af1e0c87409e58240bfba43152fd{\nborder-radius:0px 0px 0px 0px;\npadding:0px 0px 0px 0px;\n}\n<\/style>\n<div  class='flex_column av-m1wuq-21d2af1e0c87409e58240bfba43152fd av_two_fifth  avia-builder-el-8  el_after_av_three_fifth  el_before_av_hr  flex_column_div av-zero-column-padding  column-top-margin'     ><style type=\"text\/css\" data-created_by=\"avia_inline_auto\" id=\"style-css-av-kr64ldym-5be37b6b4a96b013dab9771dfe5dd04b\">\n.avia-image-container.av-kr64ldym-5be37b6b4a96b013dab9771dfe5dd04b img.avia_image{\nbox-shadow:none;\n}\n.avia-image-container.av-kr64ldym-5be37b6b4a96b013dab9771dfe5dd04b .av-image-caption-overlay-center{\ncolor:#ffffff;\n}\n<\/style>\n<div  class='avia-image-container av-kr64ldym-5be37b6b4a96b013dab9771dfe5dd04b av-styling- avia-align-center  avia-builder-el-9  avia-builder-el-no-sibling '   itemprop=\"image\" itemscope=\"itemscope\" itemtype=\"https:\/\/schema.org\/ImageObject\" ><div class=\"avia-image-container-inner\"><div class=\"avia-image-overlay-wrap\"><img decoding=\"async\" fetchpriority=\"high\" class=\"wp-image-4644 avia-img-lazy-loading-not-4644 avia_image \" src=\"https:\/\/is-hr.de\/wp-content\/uploads\/2021\/07\/student-teaching-placement.jpg\" alt=\"\" title=\"Student Teaching Placement\" height=\"350\" width=\"450\" itemprop=\"thumbnailUrl\" srcset=\"https:\/\/is-hr.de\/wp-content\/uploads\/2021\/07\/student-teaching-placement.jpg 450w, https:\/\/is-hr.de\/wp-content\/uploads\/2021\/07\/student-teaching-placement-300x233.jpg 300w\" sizes=\"(max-width: 450px) 100vw, 450px\"><\/div><\/div><\/div><\/div>\n\n<style type=\"text\/css\" data-created_by=\"avia_inline_auto\" id=\"style-css-av-fd00i-6a7445b54ab945275a0cf4c351ff5c59\">\n#top .hr.hr-invisible.av-fd00i-6a7445b54ab945275a0cf4c351ff5c59{\nheight:20px;\n}\n<\/style>\n<div  class='hr av-fd00i-6a7445b54ab945275a0cf4c351ff5c59 hr-invisible  avia-builder-el-10  el_after_av_two_fifth  el_before_av_one_full '><span class='hr-inner '><span class=\"hr-inner-style\"><\/span><\/span><\/div>\n\n<style type=\"text\/css\" data-created_by=\"avia_inline_auto\" id=\"style-css-av-812gy-99c1ef0361e13bfa71c56dec2c9e4f43\">\n.flex_column.av-812gy-99c1ef0361e13bfa71c56dec2c9e4f43{\nborder-radius:0px 0px 0px 0px;\npadding:0px 0px 0px 0px;\n}\n<\/style>\n<div  class='flex_column av-812gy-99c1ef0361e13bfa71c56dec2c9e4f43 av_one_full  avia-builder-el-11  el_after_av_hr  el_before_av_one_full  first flex_column_div av-zero-column-padding  '     ><section  class='av_textblock_section av-kr64ky75-80f0beb9659bf32983669f7430d9210a '   itemscope=\"itemscope\" itemtype=\"https:\/\/schema.org\/CreativeWork\" ><div class='avia_textblock'  itemprop=\"text\" ><h3><span style=\"font-size: 20px; font-weight: 600;\">Wie man sich bewirbt<\/span><\/h3>\n<p>Wenn Du denkst, dass die ISHR gut zu Dir passt, freuen wir uns auf Deine Bewerbung.<\/p>\n<p>Das sind die Schritte, die Du f\u00fcr Deine Bewerbung befolgen musst:<\/p>\n<ol>\n<li>Bitte sende Deinen Lebenslauf (inklusive Deiner Handynummer) und ein kurzes Motivationsschreiben an <a href=\"mailto:recruitment@is-hr.de\" target=\"_blank\" rel=\"noopener\">recruitment(at)is-hr.de<\/a>.<\/li>\n<li>Nach der Bearbeitung Deiner Bewerbung melden wir uns bei Dir, um einen Termin f\u00fcr ein Vorstellungsgespr\u00e4ch zu vereinbaren.<\/li>\n<li>Wenn Deine Bewerbung und Dein Vorstellungsgespr\u00e4ch erfolgreich sind, bieten wir Dir einen Praktikumsplatz an.<\/li>\n<\/ol>\n<p>Wir hoffen, dass Du die ISHR f\u00fcr Dein Lehramtsstudium in Betracht ziehst und freuen uns auf Deine Bewerbung!<\/p>\n<p>Solltest Du Fragen haben, z\u00f6gere bitte nicht, uns unter <a href=\"mailto:recruitment@is-hr.de\" target=\"_blank\" rel=\"noopener\">recruitment(at)is-hr.de<\/a> zu kontaktieren.<\/p>\n<\/div><\/section><\/div>\n<p>\n<style type=\"text\/css\" data-created_by=\"avia_inline_auto\" id=\"style-css-av-87b0a-ee50e0bce8bced77635f62d2b465bc53\">\n.flex_column.av-87b0a-ee50e0bce8bced77635f62d2b465bc53{\nborder-radius:0px 0px 0px 0px;\npadding:0px 0px 0px 0px;\n}\n<\/style>\n<div  class='flex_column av-87b0a-ee50e0bce8bced77635f62d2b465bc53 av_one_full  avia-builder-el-13  el_after_av_one_full  el_before_av_postcontent  avia-builder-el-last  first flex_column_div av-zero-column-padding  column-top-margin'     ><section  class='av_textblock_section av-mcvrs2sh-ccaed557ce83159c9b412de76fceabbc '   itemscope=\"itemscope\" itemtype=\"https:\/\/schema.org\/CreativeWork\" ><div class='avia_textblock'  itemprop=\"text\" ><p>Um eine verbindliche Praktikumsbest\u00e4tigung f\u00fcr ein Lehramtspraktikum zu erhalten, sind die folgenden Unterlagen zwingend erforderlich:<\/p>\n<ul>\n<li>Nachweis der verbindlichen Praktikumsanforderungen durch einen Auszug aus dem Curriculum\/Studienanforderungen.<\/li>\n<li>Nachweis der Immatrikulation an einer Bildungseinrichtung (d. h. Hochschule\/Universit\u00e4t)<\/li>\n<li>Wenn Du nicht aus der EU kommst: Visum und Arbeitserlaubnis oder Aufenthaltstitel f\u00fcr bestimmte Zwecke (Deutsch: EAT)<\/li>\n<li>Erweitertes polizeiliches F\u00fchrungszeugnis, das vor Beginn des Lehrpraktikums vorzulegen ist<\/li>\n<\/ul>\n<\/div><\/section><\/div><p>[av_one_full first min_height='' vertical_alignment='av-align-top' space='' row_boxshadow_color='' row_boxshadow_width='10' custom_margin='aviaTBcustom_margin' margin='50px,0px' mobile_breaking='' border='' border_color='' radius='0px' radius_sync='true' padding='0px' padding_sync='true' column_boxshadow_color='' column_boxshadow_width='10' background='bg_color' background_color='#ffffff' background_gradient_color1='' background_gradient_color2='' background_gradient_direction='vertical' src='' attachment='' attachment_size='' background_position='top left' background_repeat='no-repeat' highlight_size='1.1' animation='' link='' linktarget='' link_hover='' title_attr='' alt_attr='' mobile_display='' id='' custom_class='' template_class='' aria_label='' element_template='' one_element_template='' av_uid='av-dfag3w' sc_version='1.0']<\/p>\n<p>[av_partner heading='' type='slider' columns='8' navigation='no' control_layout='av-control-default' nav_visibility_desktop='' nav_arrow_color='' nav_arrow_bg_color='' nav_dots_color='' nav_dot_active_color='' size='no scaling' img_size_behave='no_stretch' border='av-border-deactivate' img_border='' img_border_width='' img_border_width_sync='true' img_border_color='' border_radius='' border_radius_sync='true' box_shadow='' box_shadow_style='0px,0px,0px,0px' box_shadow_color='' padding='' padding_sync='true' animation='slide' transition_speed='' autoplay='true' interval='5' heading_tag='' heading_class='' img_scrset='' lazy_loading='disabled' el_id='' custom_class='' template_class='' element_template='' one_element_template='' av_uid='av-mj8gwbv0' sc_version='1.0']<br \/>\n[av_partner_logo id='919' hover='' link='manually,https:\/\/www.ecis.org\/' link_target='_blank' linktitle='' element_template='' one_element_template='' av_uid='' sc_version='1.0' id_dynamic='' link_dynamic='' ]<br \/>\n[av_partner_logo id='10967' id_dynamic='' hover='' link='manually,https:\/\/www.ecis.org\/' link_dynamic='' link_target='_blank' linktitle='' element_template='' one_element_template='' av_uid='' sc_version='1.0' ]<br \/>\n[av_partner_logo id='922' hover='' link='manually,https:\/\/www.ibo.org\/' linktitle='' link_target='_blank' element_template='' one_element_template='' av_uid='' sc_version='1.0' id_dynamic='' link_dynamic='' ]<br \/>\n[av_partner_logo id='924' hover='' link='manually,https:\/\/www.theptc.org\/' linktitle='' link_target='_blank' element_template='' one_element_template='' av_uid='' sc_version='1.0' id_dynamic='' link_dynamic='' ]<br \/>\n[av_partner_logo id='10105' id_dynamic='' hover='' link='manually,https:\/\/www.cois.org\/' link_dynamic='' link_target='_blank' linktitle='' element_template='' one_element_template='' av_uid='' sc_version='1.0' ]<br \/>\n[av_partner_logo id='1658' hover='' link='manually,https:\/\/agis-schools.org\/' linktitle='' link_target='_blank' element_template='' one_element_template='' av_uid='' sc_version='1.0' id_dynamic='' link_dynamic='' ]<br \/>\n[av_partner_logo id='10373' id_dynamic='' hover='' link='manually,https:\/\/www.duke-award.de' link_dynamic='' link_target='' linktitle='' element_template='' one_element_template='' av_uid='' sc_version='1.0' ]<br \/>\n[\/av_partner]<\/p>\n<p>[\/av_one_full]<\/p>\n<\/p>\n","protected":false},"excerpt":{"rendered":"","protected":false},"author":1,"featured_media":0,"parent":5569,"menu_order":0,"comment_status":"closed","ping_status":"closed","template":"","meta":{"footnotes":""},"class_list":["post-5587","page","type-page","status-publish","hentry"],"_links":{"self":[{"href":"https:\/\/is-hr.de\/de\/wp-json\/wp\/v2\/pages\/5587","targetHints":{"allow":["GET"]}}],"collection":[{"href":"https:\/\/is-hr.de\/de\/wp-json\/wp\/v2\/pages"}],"about":[{"href":"https:\/\/is-hr.de\/de\/wp-json\/wp\/v2\/types\/page"}],"author":[{"embeddable":true,"href":"https:\/\/is-hr.de\/de\/wp-json\/wp\/v2\/users\/1"}],"replies":[{"embeddable":true,"href":"https:\/\/is-hr.de\/de\/wp-json\/wp\/v2\/comments?post=5587"}],"version-history":[{"count":0,"href":"https:\/\/is-hr.de\/de\/wp-json\/wp\/v2\/pages\/5587\/revisions"}],"up":[{"embeddable":true,"href":"https:\/\/is-hr.de\/de\/wp-json\/wp\/v2\/pages\/5569"}],"wp:attachment":[{"href":"https:\/\/is-hr.de\/de\/wp-json\/wp\/v2\/media?parent=5587"}],"curies":[{"name":"wp","href":"https:\/\/api.w.org\/{rel}","templated":true}]}}