{"id":5571,"date":"2021-07-02T16:29:08","date_gmt":"2021-07-02T14:29:08","guid":{"rendered":"https:\/\/is-hr.de\/beschaeftigung\/bfd\/"},"modified":"2025-10-28T13:37:50","modified_gmt":"2025-10-28T12:37:50","slug":"bfd","status":"publish","type":"page","link":"https:\/\/is-hr.de\/de\/beschaeftigung\/bfd\/","title":{"rendered":"FSJ"},"content":{"rendered":"<div id='full_slider_1'  class='avia-fullwidth-slider main_color avia-shadow   avia-builder-el-0  el_before_av_textblock  avia-builder-el-first   container_wrap fullsize'  ><div  class='avia-slideshow av-ksip11t0-c3f3f02bdea38075b0669da1b659bc64 avia-slideshow-featured av_slideshow_full avia-slide-slider av-slideshow-ui av-control-default av-slideshow-manual av-loop-once av-loop-manual-endless av-default-height-applied   avia-slideshow-1' data-slideshow-options=\"{&quot;animation&quot;:&quot;slide&quot;,&quot;autoplay&quot;:false,&quot;loop_autoplay&quot;:&quot;once&quot;,&quot;interval&quot;:5,&quot;loop_manual&quot;:&quot;manual-endless&quot;,&quot;autoplay_stopper&quot;:false,&quot;noNavigation&quot;:false,&quot;bg_slider&quot;:false,&quot;keep_padding&quot;:false,&quot;hoverpause&quot;:false,&quot;show_slide_delay&quot;:0}\"  itemprop=\"image\" itemscope=\"itemscope\" itemtype=\"https:\/\/schema.org\/ImageObject\" ><ul class='avia-slideshow-inner ' style='padding-bottom: 28.666666666667%;'><li  class='avia-slideshow-slide av-ksip11t0-c3f3f02bdea38075b0669da1b659bc64__0  av-single-slide slide-1 slide-odd'><div data-rel='slideshow-1' class='avia-slide-wrap '   ><img decoding=\"async\" fetchpriority=\"high\" class=\"wp-image-4703 avia-img-lazy-loading-not-4703\" src=\"https:\/\/is-hr.de\/wp-content\/uploads\/2021\/08\/header-bfd-1500x430.jpg\" width=\"1500\" height=\"430\" title=\"Primary students breakfast\" alt=\"\" itemprop=\"thumbnailUrl\" srcset=\"https:\/\/is-hr.de\/wp-content\/uploads\/2021\/08\/header-bfd.jpg 1500w, https:\/\/is-hr.de\/wp-content\/uploads\/2021\/08\/header-bfd-300x86.jpg 300w, https:\/\/is-hr.de\/wp-content\/uploads\/2021\/08\/header-bfd-1030x295.jpg 1030w, https:\/\/is-hr.de\/wp-content\/uploads\/2021\/08\/header-bfd-768x220.jpg 768w, https:\/\/is-hr.de\/wp-content\/uploads\/2021\/08\/header-bfd-705x202.jpg 705w\" sizes=\"(max-width: 1500px) 100vw, 1500px\"><\/div><\/li><\/ul><\/div><\/div><div id='after_full_slider_1'  class='main_color av_default_container_wrap container_wrap fullsize'  ><div class='container av-section-cont-open' ><div class='template-page content  av-content-full alpha units'><div class='post-entry post-entry-type-page post-entry-5571'><div class='entry-content-wrapper clearfix'>\n<section  class='av_textblock_section av-1a0e8c-74a7532c9ee6d26a17d74bfa1bfcb997 '   itemscope=\"itemscope\" itemtype=\"https:\/\/schema.org\/CreativeWork\" ><div class='avia_textblock'  itemprop=\"text\" ><p style=\"text-align: left;\"><div class=\"breadcrumb breadcrumbs avia-breadcrumbs\"><div class=\"breadcrumb-trail\" ><span class=\"trail-before\"><span class=\"breadcrumb-title\">Du bist hier:<\/span><\/span> <span  itemscope=\"itemscope\" itemtype=\"https:\/\/schema.org\/BreadcrumbList\" ><span  itemscope=\"itemscope\" itemtype=\"https:\/\/schema.org\/ListItem\" itemprop=\"itemListElement\" ><a itemprop=\"url\" href=\"https:\/\/is-hr.de\/de\/\" title=\"ISHR\" rel=\"home\" class=\"trail-begin\"><span itemprop=\"name\">Startseite<\/span><\/a><span itemprop=\"position\" class=\"hidden\">1<\/span><\/span><\/span><\/div><\/div><\/p>\n<\/div><\/section>\n<p><\/div><\/div><\/div><!-- close content main div --><\/div><\/div>\n<style type=\"text\/css\" data-created_by=\"avia_inline_auto\" id=\"style-css-av-a3pys-1eea36a881e7b5732f2bb35b718f3ad1\">\n.avia-section.av-a3pys-1eea36a881e7b5732f2bb35b718f3ad1{\nbackground-color:#b02b2c;\nbackground-image:unset;\n}\n<\/style>\n<div id='av_section_1'  class='avia-section av-a3pys-1eea36a881e7b5732f2bb35b718f3ad1 main_color avia-section-default avia-no-border-styling  avia-builder-el-2  el_after_av_textblock  el_before_av_one_full  avia-bg-style-scroll container_wrap fullsize'  ><div class='container av-section-cont-open' ><div class='template-page content  av-content-full alpha units'><div class='post-entry post-entry-type-page post-entry-5571'><div class='entry-content-wrapper clearfix'>\n\n<style type=\"text\/css\" data-created_by=\"avia_inline_auto\" id=\"style-css-av-mgp1wzht-df6479946f687ff7caa5daacfb43a5f8\">\n#top .av-special-heading.av-mgp1wzht-df6479946f687ff7caa5daacfb43a5f8{\npadding-bottom:10px;\ncolor:#ffffff;\n}\nbody .av-special-heading.av-mgp1wzht-df6479946f687ff7caa5daacfb43a5f8 .av-special-heading-tag .heading-char{\nfont-size:25px;\n}\n.av-special-heading.av-mgp1wzht-df6479946f687ff7caa5daacfb43a5f8 .special-heading-inner-border{\nborder-color:#ffffff;\n}\n.av-special-heading.av-mgp1wzht-df6479946f687ff7caa5daacfb43a5f8 .av-subheading{\nfont-size:15px;\n}\n<\/style>\n<div  class='av-special-heading av-mgp1wzht-df6479946f687ff7caa5daacfb43a5f8 av-special-heading-h2 custom-color-heading blockquote modern-quote modern-centered  avia-builder-el-3  avia-builder-el-no-sibling '><h2 class='av-special-heading-tag '  itemprop=\"headline\"  >Vielen Dank f\u00fcr Ihr Interesse an einem Freiwilligen Sozialen Jahr! Alle FSJ\/BFD-Stellen f\u00fcr 2025\/26 sind nun besetzt. <\/h2><div class=\"special-heading-border\"><div class=\"special-heading-inner-border\"><\/div><\/div><\/div>\n<\/div><\/div><\/div><!-- close content main div --><\/div><\/div><div id='after_section_1'  class='main_color av_default_container_wrap container_wrap fullsize'  ><div class='container av-section-cont-open' ><div class='template-page content  av-content-full alpha units'><div class='post-entry post-entry-type-page post-entry-5571'><div class='entry-content-wrapper clearfix'>\n<style type=\"text\/css\" data-created_by=\"avia_inline_auto\" id=\"style-css-av-1409d8-085f43d1a0f2362441b0f0a1d3051bc3\">\n#top .flex_column.av-1409d8-085f43d1a0f2362441b0f0a1d3051bc3{\nmargin-top:30px;\nmargin-bottom:0px;\n}\n.flex_column.av-1409d8-085f43d1a0f2362441b0f0a1d3051bc3{\nborder-radius:0px 0px 0px 0px;\npadding:0px 0px 0px 0px;\n}\n.responsive #top #wrap_all .flex_column.av-1409d8-085f43d1a0f2362441b0f0a1d3051bc3{\nmargin-top:30px;\nmargin-bottom:0px;\n}\n<\/style>\n<div  class='flex_column av-1409d8-085f43d1a0f2362441b0f0a1d3051bc3 av_one_full  avia-builder-el-4  el_after_av_section  el_before_av_three_fifth  avia-builder-el-first  first flex_column_div av-zero-column-padding  '     ><p>\n<style type=\"text\/css\" data-created_by=\"avia_inline_auto\" id=\"style-css-av-kr63vpiu-96a985e3f6240ed27f215ae16d894883\">\n#top .av-special-heading.av-kr63vpiu-96a985e3f6240ed27f215ae16d894883{\npadding-bottom:0;\n}\nbody .av-special-heading.av-kr63vpiu-96a985e3f6240ed27f215ae16d894883 .av-special-heading-tag .heading-char{\nfont-size:25px;\n}\n.av-special-heading.av-kr63vpiu-96a985e3f6240ed27f215ae16d894883 .av-subheading{\nfont-size:15px;\n}\n<\/style>\n<div  class='av-special-heading av-kr63vpiu-96a985e3f6240ed27f215ae16d894883 av-special-heading-h1 blockquote modern-quote modern-centered  avia-builder-el-5  el_before_av_hr  avia-builder-el-first '><h1 class='av-special-heading-tag '  itemprop=\"headline\"  >Freiwilligendienste<\/h1><div class='av-subheading av-subheading_below'><p>FSJ\/BFD (Freiwilliges Soziales Jahr\/Bundesfreiwilligendienst)<\/p>\n<\/div><div class=\"special-heading-border\"><div class=\"special-heading-inner-border\"><\/div><\/div><\/div><br \/>\n\n<style type=\"text\/css\" data-created_by=\"avia_inline_auto\" id=\"style-css-av-ydtk4-1763a3aff13f2968c21f6d7d742a2c30\">\n#top .hr.av-ydtk4-1763a3aff13f2968c21f6d7d742a2c30{\nmargin-top:5px;\nmargin-bottom:30px;\n}\n.hr.av-ydtk4-1763a3aff13f2968c21f6d7d742a2c30 .hr-inner{\nwidth:60px;\nborder-color:#ed1c24;\n}\n<\/style>\n<div  class='hr av-ydtk4-1763a3aff13f2968c21f6d7d742a2c30 hr-custom  avia-builder-el-6  el_after_av_heading  el_before_av_textblock  hr-center hr-icon-no'><span class='hr-inner inner-border-av-border-fat'><span class=\"hr-inner-style\"><\/span><\/span><\/div><br \/>\n<section  class='av_textblock_section av-kr63w7xv-3063ca5ac4a1e5c209cabfd57eaf57b1 '   itemscope=\"itemscope\" itemtype=\"https:\/\/schema.org\/CreativeWork\" ><div class='avia_textblock'  itemprop=\"text\" ><p>Bei ISHR sind wir st\u00e4ndig auf der Suche nach qualifizierten FSJ-\/BFD-Freiwilligen. Hast Du Freude an der Arbeit mit Kindern und daran, Verantwortung f\u00fcr ihre Betreuung zu \u00fcbernehmen? M\u00f6chtest Du in einem internationalen Umfeld mit Menschen aus \u00fcber 65 verschiedenen L\u00e4ndern arbeiten? Dann bist Du bei uns genau richtig, wenn Du dich engagieren und dabei wertvolle Erfahrungen im internationalen Schulumfeld sammeln m\u00f6chtest!<\/p>\n<div class=\"row\">\n<div class=\"small-12 column\">\n<div id=\"c965\" class=\"frame frame-default frame-type-textmedia frame-layout-0\">\n<div class=\"ce-textpic ce-right ce-intext\">\n<div class=\"ce-bodytext\"><\/div>\n<\/div>\n<\/div>\n<\/div>\n<\/div>\n<div class=\"row\"><\/div>\n<\/div><\/section><\/p><\/div>\n<style type=\"text\/css\" data-created_by=\"avia_inline_auto\" id=\"style-css-av-or6e4-e4fc172a83d2011c239016b952cff995\">\n.flex_column.av-or6e4-e4fc172a83d2011c239016b952cff995{\nborder-radius:0px 0px 0px 0px;\npadding:0px 0px 0px 0px;\n}\n<\/style>\n<div  class='flex_column av-or6e4-e4fc172a83d2011c239016b952cff995 av_three_fifth  avia-builder-el-8  el_after_av_one_full  el_before_av_two_fifth  first flex_column_div av-zero-column-padding  column-top-margin'     ><section  class='av_textblock_section av-kr64bp9p-2e95b86d81789934c09cc863ef14132f '   itemscope=\"itemscope\" itemtype=\"https:\/\/schema.org\/CreativeWork\" ><div class='avia_textblock'  itemprop=\"text\" ><p>Ein FSJ\/BFD-Jahr bei ISHR bietet viele Vorteile. Du wirst sofort mit Lehrer:innen, Mitarbeiter:innen und Sch\u00fcler:innen zusammenarbeiten und schon fr\u00fch Verantwortung \u00fcbernehmen. Mit \u00fcber 65 vertretenen Nationalit\u00e4ten bietet die Arbeit an der ISHR auch eine gro\u00dfartige kulturelle Erfahrung.<\/p>\n<p>Eine unserer letzten Teilnehmerinnen hat so von ihren Erfahrungen erz\u00e4hlt: <br class=\"avia-permanent-lb\"><br class=\"avia-permanent-lb\"><\/p>\n<blockquote>\n<p><em>&#8222;Ich habe mich direkt integriert gef\u00fchlt im German Team. Man hat mich von Anfang an ernst genommen und mir Aufgaben gegeben, um einzeln oder in kleinen Gruppen mit Kindern zu arbeiten. Es macht echt richtig Spa\u00df!&#8220;<\/em><\/p>\n<\/blockquote>\n<\/div><\/section><\/div>\n<style type=\"text\/css\" data-created_by=\"avia_inline_auto\" id=\"style-css-av-lw6tw-c60c84293ffbf1c8bb0916493ee4d32f\">\n.flex_column.av-lw6tw-c60c84293ffbf1c8bb0916493ee4d32f{\nborder-radius:0px 0px 0px 0px;\npadding:0px 0px 0px 0px;\n}\n<\/style>\n<div  class='flex_column av-lw6tw-c60c84293ffbf1c8bb0916493ee4d32f av_two_fifth  avia-builder-el-10  el_after_av_three_fifth  el_before_av_one_full  flex_column_div av-zero-column-padding  column-top-margin'     ><style type=\"text\/css\" data-created_by=\"avia_inline_auto\" id=\"style-css-av-kr64bbwz-e8ed6cc4b152537996492a866024f125\">\n.avia-image-container.av-kr64bbwz-e8ed6cc4b152537996492a866024f125 img.avia_image{\nbox-shadow:none;\n}\n.avia-image-container.av-kr64bbwz-e8ed6cc4b152537996492a866024f125 .av-image-caption-overlay-center{\ncolor:#ffffff;\n}\n<\/style>\n<div  class='avia-image-container av-kr64bbwz-e8ed6cc4b152537996492a866024f125 av-styling- avia-align-center  avia-builder-el-11  avia-builder-el-no-sibling '   itemprop=\"image\" itemscope=\"itemscope\" itemtype=\"https:\/\/schema.org\/ImageObject\" ><div class=\"avia-image-container-inner\"><div class=\"avia-image-overlay-wrap\"><img decoding=\"async\" fetchpriority=\"high\" class=\"wp-image-4643 avia-img-lazy-loading-not-4643 avia_image \" src=\"https:\/\/is-hr.de\/wp-content\/uploads\/2021\/07\/fsj-german-team.jpg\" alt=\"\" title=\"FSJ in German Team\" height=\"350\" width=\"450\" itemprop=\"thumbnailUrl\" srcset=\"https:\/\/is-hr.de\/wp-content\/uploads\/2021\/07\/fsj-german-team.jpg 450w, https:\/\/is-hr.de\/wp-content\/uploads\/2021\/07\/fsj-german-team-300x233.jpg 300w\" sizes=\"(max-width: 450px) 100vw, 450px\"><\/div><\/div><\/div><\/div><\/p>\n\n<style type=\"text\/css\" data-created_by=\"avia_inline_auto\" id=\"style-css-av-cucw4-ae811727bfdae1d5b6e22452ace07424\">\n.flex_column.av-cucw4-ae811727bfdae1d5b6e22452ace07424{\nborder-radius:0px 0px 0px 0px;\npadding:0px 0px 0px 0px;\n}\n<\/style>\n<div  class='flex_column av-cucw4-ae811727bfdae1d5b6e22452ace07424 av_one_full  avia-builder-el-12  el_after_av_two_fifth  el_before_av_one_full  first flex_column_div av-zero-column-padding  '     ><section  class='av_textblock_section av-kr64g0fw-c7037405189cc4a66bab6a04096f4006 '   itemscope=\"itemscope\" itemtype=\"https:\/\/schema.org\/CreativeWork\" ><div class='avia_textblock'  itemprop=\"text\" ><h3>Wie man sich bewirbt<\/h3>\n<p>Wenn Du denkst, dass die ISHR gut zu Dir passt, ruf uns einfach an (+49 (0) 511 &#8211; 270 416 67) oder kontaktiere uns unter <a href=\"mailto:recruitment@is-hr.de\" target=\"_blank\" rel=\"noopener\">recruitment(at)is-hr.de<\/a>.<\/p>\n<\/div><\/section><\/div>\n<p>\n<style type=\"text\/css\" data-created_by=\"avia_inline_auto\" id=\"style-css-av-720w4-60c245d3eea2d6c9d801eeac7851db57\">\n.flex_column.av-720w4-60c245d3eea2d6c9d801eeac7851db57{\nborder-radius:0px 0px 0px 0px;\npadding:0px 0px 0px 0px;\n}\n<\/style>\n<div  class='flex_column av-720w4-60c245d3eea2d6c9d801eeac7851db57 av_one_full  avia-builder-el-14  el_after_av_one_full  el_before_av_postcontent  avia-builder-el-last  first flex_column_div av-zero-column-padding  column-top-margin'     ><section  class='av_textblock_section av-mcvrcwoc-50f97370dfdb667cb1595ee3fcef81eb '   itemscope=\"itemscope\" itemtype=\"https:\/\/schema.org\/CreativeWork\" ><div class='avia_textblock'  itemprop=\"text\" ><h3>Bitte beachten<\/h3>\n<p data-start=\"119\" data-end=\"488\">Die im Rahmen des FSJ\/BFD gezahlte monatliche Verg\u00fctung ist eine unterst\u00fctzende Leistung, reicht jedoch nicht aus, um die Lebenshaltungskosten in Deutschland zu decken, es sei denn, Sie wohnen beispielsweise kostenlos bei Familie oder Freunden oder verf\u00fcgen \u00fcber andere bedeutende Einkommensquellen. Wir empfehlen Bewerbern, dies bei der Planung ihres Aufenthalts bei uns zu ber\u00fccksichtigen. Dennoch empfinden viele Freiwillige das FSJ\/BFD als eine lohnende und bereichernde Erfahrung, sowohl pers\u00f6nlich als auch beruflich.  <\/p>\n<\/div><\/section><\/div><p>[av_one_full first min_height='' vertical_alignment='av-align-top' space='' row_boxshadow_color='' row_boxshadow_width='10' custom_margin='aviaTBcustom_margin' margin='50px,0px' mobile_breaking='' border='' border_color='' radius='0px' radius_sync='true' padding='0px' padding_sync='true' column_boxshadow_color='' column_boxshadow_width='10' background='bg_color' background_color='#ffffff' background_gradient_color1='' background_gradient_color2='' background_gradient_direction='vertical' src='' attachment='' attachment_size='' background_position='top left' background_repeat='no-repeat' highlight_size='1.1' animation='' link='' linktarget='' link_hover='' title_attr='' alt_attr='' mobile_display='' id='' custom_class='' template_class='' aria_label='' element_template='' one_element_template='' av_uid='av-dfag3w' sc_version='1.0']<\/p>\n<p>[av_partner heading='' type='slider' columns='8' navigation='no' control_layout='av-control-default' nav_visibility_desktop='' nav_arrow_color='' nav_arrow_bg_color='' nav_dots_color='' nav_dot_active_color='' size='no scaling' img_size_behave='no_stretch' border='av-border-deactivate' img_border='' img_border_width='' img_border_width_sync='true' img_border_color='' border_radius='' border_radius_sync='true' box_shadow='' box_shadow_style='0px,0px,0px,0px' box_shadow_color='' padding='' padding_sync='true' animation='slide' transition_speed='' autoplay='true' interval='5' heading_tag='' heading_class='' img_scrset='' lazy_loading='disabled' el_id='' custom_class='' template_class='' element_template='' one_element_template='' av_uid='av-mj8gwbv0' sc_version='1.0']<br \/>\n[av_partner_logo id='919' hover='' link='manually,https:\/\/www.ecis.org\/' link_target='_blank' linktitle='' element_template='' one_element_template='' av_uid='' sc_version='1.0' id_dynamic='' link_dynamic='' ]<br \/>\n[av_partner_logo id='10967' id_dynamic='' hover='' link='manually,https:\/\/www.ecis.org\/' link_dynamic='' link_target='_blank' linktitle='' element_template='' one_element_template='' av_uid='' sc_version='1.0' ]<br \/>\n[av_partner_logo id='922' hover='' link='manually,https:\/\/www.ibo.org\/' linktitle='' link_target='_blank' element_template='' one_element_template='' av_uid='' sc_version='1.0' id_dynamic='' link_dynamic='' ]<br \/>\n[av_partner_logo id='924' hover='' link='manually,https:\/\/www.theptc.org\/' linktitle='' link_target='_blank' element_template='' one_element_template='' av_uid='' sc_version='1.0' id_dynamic='' link_dynamic='' ]<br \/>\n[av_partner_logo id='10105' id_dynamic='' hover='' link='manually,https:\/\/www.cois.org\/' link_dynamic='' link_target='_blank' linktitle='' element_template='' one_element_template='' av_uid='' sc_version='1.0' ]<br \/>\n[av_partner_logo id='1658' hover='' link='manually,https:\/\/agis-schools.org\/' linktitle='' link_target='_blank' element_template='' one_element_template='' av_uid='' sc_version='1.0' id_dynamic='' link_dynamic='' ]<br \/>\n[av_partner_logo id='10373' id_dynamic='' hover='' link='manually,https:\/\/www.duke-award.de' link_dynamic='' link_target='' linktitle='' element_template='' one_element_template='' av_uid='' sc_version='1.0' ]<br \/>\n[\/av_partner]<\/p>\n<p>[\/av_one_full]<\/p>\n<\/p>\n","protected":false},"excerpt":{"rendered":"","protected":false},"author":1,"featured_media":0,"parent":5569,"menu_order":0,"comment_status":"closed","ping_status":"closed","template":"","meta":{"footnotes":""},"class_list":["post-5571","page","type-page","status-publish","hentry"],"_links":{"self":[{"href":"https:\/\/is-hr.de\/de\/wp-json\/wp\/v2\/pages\/5571","targetHints":{"allow":["GET"]}}],"collection":[{"href":"https:\/\/is-hr.de\/de\/wp-json\/wp\/v2\/pages"}],"about":[{"href":"https:\/\/is-hr.de\/de\/wp-json\/wp\/v2\/types\/page"}],"author":[{"embeddable":true,"href":"https:\/\/is-hr.de\/de\/wp-json\/wp\/v2\/users\/1"}],"replies":[{"embeddable":true,"href":"https:\/\/is-hr.de\/de\/wp-json\/wp\/v2\/comments?post=5571"}],"version-history":[{"count":0,"href":"https:\/\/is-hr.de\/de\/wp-json\/wp\/v2\/pages\/5571\/revisions"}],"up":[{"embeddable":true,"href":"https:\/\/is-hr.de\/de\/wp-json\/wp\/v2\/pages\/5569"}],"wp:attachment":[{"href":"https:\/\/is-hr.de\/de\/wp-json\/wp\/v2\/media?parent=5571"}],"curies":[{"name":"wp","href":"https:\/\/api.w.org\/{rel}","templated":true}]}}