{"id":5565,"date":"2021-07-02T16:07:11","date_gmt":"2021-07-02T14:07:11","guid":{"rendered":"https:\/\/is-hr.de\/bildung\/whole-school-support-services-wsst-ganzheitliche-unterstuetzung\/muttersprache\/"},"modified":"2024-07-08T11:17:18","modified_gmt":"2024-07-08T09:17:18","slug":"muttersprache","status":"publish","type":"page","link":"https:\/\/is-hr.de\/de\/bildung\/whole-school-support-services-wsst-ganzheitliche-unterstuetzung\/muttersprache\/","title":{"rendered":"Muttersprachliches Programm"},"content":{"rendered":"<div id='full_slider_1'  class='avia-fullwidth-slider main_color avia-shadow   avia-builder-el-0  el_before_av_textblock  avia-builder-el-first   container_wrap fullsize'  ><div  class='avia-slideshow av-ksk55z6d-163a82e1940f21edc017c239af96a4bc avia-slideshow-featured av_slideshow_full avia-slide-slider av-slideshow-ui av-control-default av-slideshow-manual av-loop-once av-loop-manual-endless av-default-height-applied   avia-slideshow-1' data-slideshow-options=\"{&quot;animation&quot;:&quot;slide&quot;,&quot;autoplay&quot;:false,&quot;loop_autoplay&quot;:&quot;once&quot;,&quot;interval&quot;:5,&quot;loop_manual&quot;:&quot;manual-endless&quot;,&quot;autoplay_stopper&quot;:false,&quot;noNavigation&quot;:false,&quot;bg_slider&quot;:false,&quot;keep_padding&quot;:false,&quot;hoverpause&quot;:false,&quot;show_slide_delay&quot;:0}\"  itemprop=\"image\" itemscope=\"itemscope\" itemtype=\"https:\/\/schema.org\/ImageObject\" ><ul class='avia-slideshow-inner ' style='padding-bottom: 28.666666666667%;'><li  class='avia-slideshow-slide av-ksk55z6d-163a82e1940f21edc017c239af96a4bc__0  av-single-slide slide-1 slide-odd'><div data-rel='slideshow-1' class='avia-slide-wrap '   ><img decoding=\"async\" fetchpriority=\"high\" class=\"wp-image-4712 avia-img-lazy-loading-not-4712\" src=\"https:\/\/is-hr.de\/wp-content\/uploads\/2021\/08\/header-mothertongue-1500x430.jpg\" width=\"1500\" height=\"430\" title=\"header-mothertongue\" alt=\"\" itemprop=\"thumbnailUrl\" srcset=\"https:\/\/is-hr.de\/wp-content\/uploads\/2021\/08\/header-mothertongue.jpg 1500w, https:\/\/is-hr.de\/wp-content\/uploads\/2021\/08\/header-mothertongue-300x86.jpg 300w, https:\/\/is-hr.de\/wp-content\/uploads\/2021\/08\/header-mothertongue-1030x295.jpg 1030w, https:\/\/is-hr.de\/wp-content\/uploads\/2021\/08\/header-mothertongue-768x220.jpg 768w, https:\/\/is-hr.de\/wp-content\/uploads\/2021\/08\/header-mothertongue-705x202.jpg 705w\" sizes=\"(max-width: 1500px) 100vw, 1500px\"><\/div><\/li><\/ul><\/div><\/div><div id='after_full_slider_1'  class='main_color av_default_container_wrap container_wrap fullsize'  ><div class='container av-section-cont-open' ><div class='template-page content  av-content-full alpha units'><div class='post-entry post-entry-type-page post-entry-5565'><div class='entry-content-wrapper clearfix'>\n<section  class='av_textblock_section av-w4oz5-72dda49157e42772078955836c41dde4 '   itemscope=\"itemscope\" itemtype=\"https:\/\/schema.org\/CreativeWork\" ><div class='avia_textblock'  itemprop=\"text\" ><p style=\"text-align: left;\"><div class=\"breadcrumb breadcrumbs avia-breadcrumbs\"><div class=\"breadcrumb-trail\" ><span class=\"trail-before\"><span class=\"breadcrumb-title\">Du bist hier:<\/span><\/span> <span  itemscope=\"itemscope\" itemtype=\"https:\/\/schema.org\/BreadcrumbList\" ><span  itemscope=\"itemscope\" itemtype=\"https:\/\/schema.org\/ListItem\" itemprop=\"itemListElement\" ><a itemprop=\"url\" href=\"https:\/\/is-hr.de\/de\/\" title=\"ISHR\" rel=\"home\" class=\"trail-begin\"><span itemprop=\"name\">Startseite<\/span><\/a><span itemprop=\"position\" class=\"hidden\">1<\/span><\/span><\/span><\/div><\/div><\/p>\n<\/div><\/section>\n\n<style type=\"text\/css\" data-created_by=\"avia_inline_auto\" id=\"style-css-av-rlkah-cc0ad76859ac48eebfbcb9e538943391\">\n#top .flex_column.av-rlkah-cc0ad76859ac48eebfbcb9e538943391{\nmargin-top:30px;\nmargin-bottom:0px;\n}\n.flex_column.av-rlkah-cc0ad76859ac48eebfbcb9e538943391{\nborder-radius:0px 0px 0px 0px;\npadding:0px 0px 0px 0px;\n}\n.responsive #top #wrap_all .flex_column.av-rlkah-cc0ad76859ac48eebfbcb9e538943391{\nmargin-top:30px;\nmargin-bottom:0px;\n}\n<\/style>\n<div  class='flex_column av-rlkah-cc0ad76859ac48eebfbcb9e538943391 av_one_full  avia-builder-el-2  el_after_av_textblock  el_before_av_three_fifth  first flex_column_div av-zero-column-padding  column-top-margin'     ><p>\n<style type=\"text\/css\" data-created_by=\"avia_inline_auto\" id=\"style-css-av-kr3yiebx-12b02ceeec0ba01211c2995422c04f57\">\n#top .av-special-heading.av-kr3yiebx-12b02ceeec0ba01211c2995422c04f57{\npadding-bottom:0;\n}\nbody .av-special-heading.av-kr3yiebx-12b02ceeec0ba01211c2995422c04f57 .av-special-heading-tag .heading-char{\nfont-size:25px;\n}\n.av-special-heading.av-kr3yiebx-12b02ceeec0ba01211c2995422c04f57 .av-subheading{\nfont-size:15px;\n}\n<\/style>\n<div  class='av-special-heading av-kr3yiebx-12b02ceeec0ba01211c2995422c04f57 av-special-heading-h1 blockquote modern-quote modern-centered  avia-builder-el-3  el_before_av_hr  avia-builder-el-first '><h1 class='av-special-heading-tag '  itemprop=\"headline\"  >Muttersprachliches Programm<\/h1><div class=\"special-heading-border\"><div class=\"special-heading-inner-border\"><\/div><\/div><\/div><br \/>\n\n<style type=\"text\/css\" data-created_by=\"avia_inline_auto\" id=\"style-css-av-ld39t-4ed72e201f298e3c508a302fcea0deed\">\n#top .hr.av-ld39t-4ed72e201f298e3c508a302fcea0deed{\nmargin-top:5px;\nmargin-bottom:30px;\n}\n.hr.av-ld39t-4ed72e201f298e3c508a302fcea0deed .hr-inner{\nwidth:60px;\nborder-color:#ed1c24;\n}\n<\/style>\n<div  class='hr av-ld39t-4ed72e201f298e3c508a302fcea0deed hr-custom  avia-builder-el-4  el_after_av_heading  el_before_av_textblock  hr-center hr-icon-no'><span class='hr-inner inner-border-av-border-fat'><span class=\"hr-inner-style\"><\/span><\/span><\/div><br \/>\n<section  class='av_textblock_section av-kr3yiqek-d5bf15c7d2bc9e39239675b3f0ff701a '   itemscope=\"itemscope\" itemtype=\"https:\/\/schema.org\/CreativeWork\" ><div class='avia_textblock'  itemprop=\"text\" ><p>Die Pflege der Muttersprache ist ein wichtiger Teil des IB-Lehrplans und integraler Bestandteil der Sprachphilosophie der ISHR. In Zusammenarbeit mit den Lehrern Ihres Kindes k\u00f6nnen wir w\u00e4hrend des Schultages oder nach der Schule im Rahmen unseres LAP-Programms Unterst\u00fctzung in der Muttersprache anbieten.<\/p>\n<div class=\"row\">\n<div class=\"small-12 column\">\n<div id=\"c965\" class=\"frame frame-default frame-type-textmedia frame-layout-0\">\n<div class=\"ce-textpic ce-right ce-intext\">\n<div class=\"ce-bodytext\"><\/div>\n<\/div>\n<\/div>\n<\/div>\n<\/div>\n<div class=\"row\"><\/div>\n<\/div><\/section><\/p><\/div>\n<p>\n<style type=\"text\/css\" data-created_by=\"avia_inline_auto\" id=\"style-css-av-dr0rd-0ced3f7417e43edff4a916386f47128d\">\n.flex_column.av-dr0rd-0ced3f7417e43edff4a916386f47128d{\nborder-radius:0px 0px 0px 0px;\npadding:0px 0px 0px 0px;\n}\n<\/style>\n<div  class='flex_column av-dr0rd-0ced3f7417e43edff4a916386f47128d av_three_fifth  avia-builder-el-6  el_after_av_one_full  el_before_av_two_fifth  first flex_column_div av-zero-column-padding  column-top-margin'     ><section  class='av_textblock_section av-kr3ykuap-755250915e0e8bf5074612162719add6 '   itemscope=\"itemscope\" itemtype=\"https:\/\/schema.org\/CreativeWork\" ><div class='avia_textblock'  itemprop=\"text\" ><h4>&#8222;Wenn du mit einem Menschen in einer Sprache sprichst, die er versteht, geht das in seinen Kopf. Wenn du mit ihm in seiner Sprache sprichst, geht das in sein Herz.&#8220;<\/h4>\n<p><em>&#8211; Nelson Mandela<\/em><\/p>\n<p>Die Pflege und Entwicklung der Muttersprache ist nicht nur ein wichtiger Teil des IB-Lehrplans, sondern auch ein integraler Bestandteil der Sprachphilosophie der ISHR. Die Forschung hat gezeigt, dass Sch\u00fcler, die ihre Muttersprache beibehalten und weiterentwickeln:<\/p>\n<ul>\n<li>ihre einsprachigen Altersgenossen in Bezug auf die kognitive Entwicklung und die schulischen Leistungen \u00fcberholen.<\/li>\n<li>die Unterrichtssprache besser beherrschen.<\/li>\n<li>mit h\u00f6heren Geh\u00e4ltern rechnen k\u00f6nnen, sobald sie ins Berufsleben eintreten.<\/li>\n<li>leichter zus\u00e4tzliche Sprachen erwerben k\u00f6nnen.<\/li>\n<\/ul>\n<p>Unser Muttersprachliches Programm bietet Unterst\u00fctzung in verschiedenen Sprachen, wie z.B. Arabisch, Japanisch, Russisch, Spanisch, etc.<\/p>\n<p>Bitte wenden Sie sich per <a href=\"mailto:gloria-fernandez@is-hr.de\" target=\"_blank\" rel=\"noopener\">E-Mail<\/a> an unseren Koordinator f\u00fcr die Heimatsprache, wenn Sie mehr erfahren m\u00f6chten.<\/p>\n<\/div><\/section><\/div>\n<style type=\"text\/css\" data-created_by=\"avia_inline_auto\" id=\"style-css-av-8pi1d-72143ba0ea32dd88ce2521adb9d3ca8e\">\n.flex_column.av-8pi1d-72143ba0ea32dd88ce2521adb9d3ca8e{\nborder-radius:0px 0px 0px 0px;\npadding:0px 0px 0px 0px;\n}\n<\/style>\n<div  class='flex_column av-8pi1d-72143ba0ea32dd88ce2521adb9d3ca8e av_two_fifth  avia-builder-el-8  el_after_av_three_fifth  el_before_av_postcontent  avia-builder-el-last  flex_column_div av-zero-column-padding  column-top-margin'     ><style type=\"text\/css\" data-created_by=\"avia_inline_auto\" id=\"style-css-av-kr3ymuvk-0bf285c2527321c6f6aa25c4e47d65f9\">\n.avia-image-container.av-kr3ymuvk-0bf285c2527321c6f6aa25c4e47d65f9 img.avia_image{\nbox-shadow:none;\n}\n.avia-image-container.av-kr3ymuvk-0bf285c2527321c6f6aa25c4e47d65f9 .av-image-caption-overlay-center{\ncolor:#ffffff;\n}\n<\/style>\n<div  class='avia-image-container av-kr3ymuvk-0bf285c2527321c6f6aa25c4e47d65f9 av-styling- avia-align-center  avia-builder-el-9  avia-builder-el-no-sibling '   itemprop=\"image\" itemscope=\"itemscope\" itemtype=\"https:\/\/schema.org\/ImageObject\" ><div class=\"avia-image-container-inner\"><div class=\"avia-image-overlay-wrap\"><img decoding=\"async\" fetchpriority=\"high\" class=\"wp-image-4557 avia-img-lazy-loading-not-4557 avia_image \" src=\"https:\/\/is-hr.de\/wp-content\/uploads\/2021\/07\/mothertongue-japanese.jpg\" alt=\"\" title=\"Students reading a book in their mother tongue\" height=\"350\" width=\"450\" itemprop=\"thumbnailUrl\" srcset=\"https:\/\/is-hr.de\/wp-content\/uploads\/2021\/07\/mothertongue-japanese.jpg 450w, https:\/\/is-hr.de\/wp-content\/uploads\/2021\/07\/mothertongue-japanese-300x233.jpg 300w\" sizes=\"(max-width: 450px) 100vw, 450px\"><\/div><\/div><\/div><\/div><\/p>\n<p>[av_one_full first min_height='' vertical_alignment='av-align-top' space='' row_boxshadow_color='' row_boxshadow_width='10' custom_margin='aviaTBcustom_margin' margin='50px,0px' mobile_breaking='' border='' border_color='' radius='0px' radius_sync='true' padding='0px' padding_sync='true' column_boxshadow_color='' column_boxshadow_width='10' background='bg_color' background_color='#ffffff' background_gradient_color1='' background_gradient_color2='' background_gradient_direction='vertical' src='' attachment='' attachment_size='' background_position='top left' background_repeat='no-repeat' highlight_size='1.1' animation='' link='' linktarget='' link_hover='' title_attr='' alt_attr='' mobile_display='' id='' custom_class='' template_class='' aria_label='' element_template='' one_element_template='' av_uid='av-dfag3w' sc_version='1.0']<\/p>\n<p>[av_partner heading='' type='slider' columns='8' navigation='no' control_layout='av-control-default' nav_visibility_desktop='' nav_arrow_color='' nav_arrow_bg_color='' nav_dots_color='' nav_dot_active_color='' size='no scaling' img_size_behave='no_stretch' border='av-border-deactivate' img_border='' img_border_width='' img_border_width_sync='true' img_border_color='' border_radius='' border_radius_sync='true' box_shadow='' box_shadow_style='0px,0px,0px,0px' box_shadow_color='' padding='' padding_sync='true' animation='slide' transition_speed='' autoplay='true' interval='5' heading_tag='' heading_class='' img_scrset='' lazy_loading='disabled' el_id='' custom_class='' template_class='' element_template='' one_element_template='' av_uid='av-mj8gwbv0' sc_version='1.0']<br \/>\n[av_partner_logo id='919' hover='' link='manually,https:\/\/www.ecis.org\/' link_target='_blank' linktitle='' element_template='' one_element_template='' av_uid='' sc_version='1.0' id_dynamic='' link_dynamic='' ]<br \/>\n[av_partner_logo id='10967' id_dynamic='' hover='' link='manually,https:\/\/www.ecis.org\/' link_dynamic='' link_target='_blank' linktitle='' element_template='' one_element_template='' av_uid='' sc_version='1.0' ]<br \/>\n[av_partner_logo id='922' hover='' link='manually,https:\/\/www.ibo.org\/' linktitle='' link_target='_blank' element_template='' one_element_template='' av_uid='' sc_version='1.0' id_dynamic='' link_dynamic='' ]<br \/>\n[av_partner_logo id='924' hover='' link='manually,https:\/\/www.theptc.org\/' linktitle='' link_target='_blank' element_template='' one_element_template='' av_uid='' sc_version='1.0' id_dynamic='' link_dynamic='' ]<br \/>\n[av_partner_logo id='10105' id_dynamic='' hover='' link='manually,https:\/\/www.cois.org\/' link_dynamic='' link_target='_blank' linktitle='' element_template='' one_element_template='' av_uid='' sc_version='1.0' ]<br \/>\n[av_partner_logo id='1658' hover='' link='manually,https:\/\/agis-schools.org\/' linktitle='' link_target='_blank' element_template='' one_element_template='' av_uid='' sc_version='1.0' id_dynamic='' link_dynamic='' ]<br \/>\n[av_partner_logo id='10373' id_dynamic='' hover='' link='manually,https:\/\/www.duke-award.de' link_dynamic='' link_target='' linktitle='' element_template='' one_element_template='' av_uid='' sc_version='1.0' ]<br \/>\n[\/av_partner]<\/p>\n<p>[\/av_one_full]<\/p>\n\n","protected":false},"excerpt":{"rendered":"","protected":false},"author":1,"featured_media":0,"parent":5553,"menu_order":0,"comment_status":"closed","ping_status":"closed","template":"","meta":{"footnotes":""},"class_list":["post-5565","page","type-page","status-publish","hentry"],"_links":{"self":[{"href":"https:\/\/is-hr.de\/de\/wp-json\/wp\/v2\/pages\/5565","targetHints":{"allow":["GET"]}}],"collection":[{"href":"https:\/\/is-hr.de\/de\/wp-json\/wp\/v2\/pages"}],"about":[{"href":"https:\/\/is-hr.de\/de\/wp-json\/wp\/v2\/types\/page"}],"author":[{"embeddable":true,"href":"https:\/\/is-hr.de\/de\/wp-json\/wp\/v2\/users\/1"}],"replies":[{"embeddable":true,"href":"https:\/\/is-hr.de\/de\/wp-json\/wp\/v2\/comments?post=5565"}],"version-history":[{"count":0,"href":"https:\/\/is-hr.de\/de\/wp-json\/wp\/v2\/pages\/5565\/revisions"}],"up":[{"embeddable":true,"href":"https:\/\/is-hr.de\/de\/wp-json\/wp\/v2\/pages\/5553"}],"wp:attachment":[{"href":"https:\/\/is-hr.de\/de\/wp-json\/wp\/v2\/media?parent=5565"}],"curies":[{"name":"wp","href":"https:\/\/api.w.org\/{rel}","templated":true}]}}