{"id":5563,"date":"2021-07-02T16:06:39","date_gmt":"2021-07-02T14:06:39","guid":{"rendered":"https:\/\/is-hr.de\/bildung\/whole-school-support-services-wsst-ganzheitliche-unterstuetzung\/lernfoerderung\/"},"modified":"2026-03-16T16:50:21","modified_gmt":"2026-03-16T15:50:21","slug":"lernfoerderung","status":"publish","type":"page","link":"https:\/\/is-hr.de\/de\/bildung\/whole-school-support-services-wsst-ganzheitliche-unterstuetzung\/lernfoerderung\/","title":{"rendered":"Gezielte Lernf\u00f6rderung"},"content":{"rendered":"<div id='full_slider_1'  class='avia-fullwidth-slider main_color avia-shadow   avia-builder-el-0  el_before_av_textblock  avia-builder-el-first   container_wrap fullsize'  ><div  class='avia-slideshow av-ku6q64rt-cd66661e26507101b01b4c207823ad41 avia-slideshow-featured av_slideshow_full avia-slide-slider av-slideshow-ui av-control-default av-slideshow-manual av-loop-once av-loop-manual-endless av-default-height-applied   avia-slideshow-1' data-slideshow-options=\"{&quot;animation&quot;:&quot;slide&quot;,&quot;autoplay&quot;:false,&quot;loop_autoplay&quot;:&quot;once&quot;,&quot;interval&quot;:5,&quot;loop_manual&quot;:&quot;manual-endless&quot;,&quot;autoplay_stopper&quot;:false,&quot;noNavigation&quot;:false,&quot;bg_slider&quot;:false,&quot;keep_padding&quot;:false,&quot;hoverpause&quot;:false,&quot;show_slide_delay&quot;:0}\"  itemprop=\"image\" itemscope=\"itemscope\" itemtype=\"https:\/\/schema.org\/ImageObject\" ><ul class='avia-slideshow-inner ' style='padding-bottom: 28.666666666667%;'><li  class='avia-slideshow-slide av-ku6q64rt-cd66661e26507101b01b4c207823ad41__0  av-single-slide slide-1 slide-odd'><div data-rel='slideshow-1' class='avia-slide-wrap '   ><img decoding=\"async\" fetchpriority=\"high\" class=\"wp-image-4762 avia-img-lazy-loading-not-4762\" src=\"https:\/\/is-hr.de\/wp-content\/uploads\/2021\/09\/header-le-1500x430.jpg\" width=\"1500\" height=\"430\" title=\"header-le\" alt=\"\" itemprop=\"thumbnailUrl\" srcset=\"https:\/\/is-hr.de\/wp-content\/uploads\/2021\/09\/header-le.jpg 1500w, https:\/\/is-hr.de\/wp-content\/uploads\/2021\/09\/header-le-300x86.jpg 300w, https:\/\/is-hr.de\/wp-content\/uploads\/2021\/09\/header-le-1030x295.jpg 1030w, https:\/\/is-hr.de\/wp-content\/uploads\/2021\/09\/header-le-768x220.jpg 768w, https:\/\/is-hr.de\/wp-content\/uploads\/2021\/09\/header-le-705x202.jpg 705w\" sizes=\"(max-width: 1500px) 100vw, 1500px\"><\/div><\/li><\/ul><\/div><\/div><div id='after_full_slider_1'  class='main_color av_default_container_wrap container_wrap fullsize'  ><div class='container av-section-cont-open' ><div class='template-page content  av-content-full alpha units'><div class='post-entry post-entry-type-page post-entry-5563'><div class='entry-content-wrapper clearfix'>\n<section  class='av_textblock_section av-1ky1gv-e87b1006a6740f0c94ba483f41af70e1 '   itemscope=\"itemscope\" itemtype=\"https:\/\/schema.org\/CreativeWork\" ><div class='avia_textblock'  itemprop=\"text\" ><p style=\"text-align: left;\"><div class=\"breadcrumb breadcrumbs avia-breadcrumbs\"><div class=\"breadcrumb-trail\" ><span class=\"trail-before\"><span class=\"breadcrumb-title\">Du bist hier:<\/span><\/span> <span  itemscope=\"itemscope\" itemtype=\"https:\/\/schema.org\/BreadcrumbList\" ><span  itemscope=\"itemscope\" itemtype=\"https:\/\/schema.org\/ListItem\" itemprop=\"itemListElement\" ><a itemprop=\"url\" href=\"https:\/\/is-hr.de\/de\/\" title=\"ISHR\" rel=\"home\" class=\"trail-begin\"><span itemprop=\"name\">Startseite<\/span><\/a><span itemprop=\"position\" class=\"hidden\">1<\/span><\/span><\/span><\/div><\/div><\/p>\n<\/div><\/section>\n\n<style type=\"text\/css\" data-created_by=\"avia_inline_auto\" id=\"style-css-av-1fjyl3-3fcc79942ac3f915a80fb84068e43b40\">\n#top .flex_column.av-1fjyl3-3fcc79942ac3f915a80fb84068e43b40{\nmargin-top:30px;\nmargin-bottom:0px;\n}\n.flex_column.av-1fjyl3-3fcc79942ac3f915a80fb84068e43b40{\nborder-radius:0px 0px 0px 0px;\npadding:0px 0px 0px 0px;\n}\n.responsive #top #wrap_all .flex_column.av-1fjyl3-3fcc79942ac3f915a80fb84068e43b40{\nmargin-top:30px;\nmargin-bottom:0px;\n}\n<\/style>\n<div  class='flex_column av-1fjyl3-3fcc79942ac3f915a80fb84068e43b40 av_one_full  avia-builder-el-2  el_after_av_textblock  el_before_av_one_third  first flex_column_div av-zero-column-padding  column-top-margin'     ><p>\n<style type=\"text\/css\" data-created_by=\"avia_inline_auto\" id=\"style-css-av-kr3xyhlp-8061de8c9bb288bc843d4bf3b3eee4f0\">\n#top .av-special-heading.av-kr3xyhlp-8061de8c9bb288bc843d4bf3b3eee4f0{\npadding-bottom:0;\n}\nbody .av-special-heading.av-kr3xyhlp-8061de8c9bb288bc843d4bf3b3eee4f0 .av-special-heading-tag .heading-char{\nfont-size:25px;\n}\n.av-special-heading.av-kr3xyhlp-8061de8c9bb288bc843d4bf3b3eee4f0 .av-subheading{\nfont-size:15px;\n}\n<\/style>\n<div  class='av-special-heading av-kr3xyhlp-8061de8c9bb288bc843d4bf3b3eee4f0 av-special-heading-h1 blockquote modern-quote modern-centered  avia-builder-el-3  el_before_av_hr  avia-builder-el-first '><h1 class='av-special-heading-tag '  itemprop=\"headline\"  >Gezielte Lernf\u00f6rderung<\/h1><div class=\"special-heading-border\"><div class=\"special-heading-inner-border\"><\/div><\/div><\/div><br \/>\n\n<style type=\"text\/css\" data-created_by=\"avia_inline_auto\" id=\"style-css-av-179luf-867b0aae330bead21152cf2d0f9e4f4e\">\n#top .hr.av-179luf-867b0aae330bead21152cf2d0f9e4f4e{\nmargin-top:5px;\nmargin-bottom:30px;\n}\n.hr.av-179luf-867b0aae330bead21152cf2d0f9e4f4e .hr-inner{\nwidth:60px;\nborder-color:#ed1c24;\n}\n<\/style>\n<div  class='hr av-179luf-867b0aae330bead21152cf2d0f9e4f4e hr-custom  avia-builder-el-4  el_after_av_heading  el_before_av_textblock  hr-center hr-icon-no'><span class='hr-inner inner-border-av-border-fat'><span class=\"hr-inner-style\"><\/span><\/span><\/div><br \/>\n<section  class='av_textblock_section av-kr3xyncb-fc8df51acbc6387268e8378a62f4ac3d '   itemscope=\"itemscope\" itemtype=\"https:\/\/schema.org\/CreativeWork\" ><div class='avia_textblock'  itemprop=\"text\" ><p>Unsere drei Lehrkr\u00e4fte f\u00fcr Lernf\u00f6rderung (Learning Enrichment, LE) arbeiten eng mit den Lehrkr\u00e4ften, den Counselors und den Eltern zusammen, um sicherzustellen, dass die akademischen Bed\u00fcrfnisse der Sch\u00fclerinnen und Sch\u00fcler der ISHR optimal unterst\u00fctzt werden. Das Programm bietet ein breites Spektrum an Leistungen an, darunter die Beratung von Klassenlehrkr\u00e4ften, Evaluationen, Unterrichtshospitationen sowie Unterst\u00fctzung direkt im Unterricht oder in Kleingruppen. Das LE-Programm ist darauf ausgerichtet, eine begrenzte Anzahl von Sch\u00fclern mit akademischem F\u00f6rderbedarf oder leichten Lernschwierigkeiten zu begleiten. Die Aufnahme in das Learning-Enrichment-Programm erfolgt durch die Empfehlung einer vorherigen Schule, einen bestehenden individuellen F\u00f6rderplan (IEP) oder eine \u00dcberweisung durch eine Klassenlehrkraft. Eine solche \u00dcberweisung leitet den Prozess ein, um einen individuellen F\u00f6rderplan zur gezielten Unterst\u00fctzung des Kindes zu erstellen.    <\/p>\n<p>When a student is not meeting grade level expectations within the classroom, there is the potential to receive more intensive educational support outside the general education classroom with a Learning Enrichment teacher. This support could be on an individual basis or with a small group of similar-aged students, with similar educational and\/or behavioral needs. This level of support will be reviewed on a regular basis to ensure it continues to be appropriate.  <\/p>\n<p>Die Bereiche, in denen unsere Lehrkr\u00e4fte f\u00fcr Lernf\u00f6rderung (Learning Enrichment Teachers) an der ISHR gezielte Unterst\u00fctzung und Hilfestellung leisten, umfassen unter anderem:<\/p>\n<ol>\n<li>Aufmerksamkeit und Konzentration im Unterricht<\/li>\n<li>Lerntechniken und Organisation<\/li>\n<li>Schwierigkeiten beim Zugang zum Lehrplan<\/li>\n<li>Schwierigkeiten, Informationen im Ged\u00e4chtnis zu behalten<\/li>\n<li>Verarbeitung von Informationen<\/li>\n<li>F\u00e4higkeiten im Verfassen von Aufs\u00e4tzen<\/li>\n<li>Verhaltensweisen, die das Lernen behindern.<\/li>\n<\/ol>\n<p>Dies ist keine vollst\u00e4ndige Liste. Sollten Sie Fragen haben, wenden Sie sich bitte per E-Mail an ein Mitglied des WSST oder an den Klassenlehrer, den Berater oder den Jahrgangsleiter Ihres Kindes.<\/p>\n<div class=\"row\">\n<div class=\"small-12 column\">\n<div id=\"c965\" class=\"frame frame-default frame-type-textmedia frame-layout-0\">\n<div class=\"ce-textpic ce-right ce-intext\">\n<div class=\"ce-bodytext\"><\/div>\n<\/div>\n<\/div>\n<\/div>\n<\/div>\n<div class=\"row\"><\/div>\n<\/div><\/section><\/p><\/div>\n<p>\n<style type=\"text\/css\" data-created_by=\"avia_inline_auto\" id=\"style-css-av-431r3-f8c44cc4c10fe9a65c7f1a2e463064a9\">\n.flex_column.av-431r3-f8c44cc4c10fe9a65c7f1a2e463064a9{\nborder-radius:0px 0px 0px 0px;\npadding:0px 0px 0px 0px;\n}\n<\/style>\n<div  class='flex_column av-431r3-f8c44cc4c10fe9a65c7f1a2e463064a9 av_one_third  avia-builder-el-6  el_after_av_one_full  el_before_av_one_third  first flex_column_div av-zero-column-padding  column-top-margin'     ><p>\n<style type=\"text\/css\" data-created_by=\"avia_inline_auto\" id=\"style-css-av-o6wv-4b2d2f068da01ec0659bca9d72cbebf1\">\n#top .hr.hr-invisible.av-o6wv-4b2d2f068da01ec0659bca9d72cbebf1{\nheight:20px;\n}\n<\/style>\n<div  class='hr av-o6wv-4b2d2f068da01ec0659bca9d72cbebf1 hr-invisible  avia-builder-el-7  el_before_av_textblock  avia-builder-el-first '><span class='hr-inner '><span class=\"hr-inner-style\"><\/span><\/span><\/div><br \/>\n<section  class='av_textblock_section av-kr3xzn7b-0f58c6da9d17c26211cbb72536e16640 '   itemscope=\"itemscope\" itemtype=\"https:\/\/schema.org\/CreativeWork\" ><div class='avia_textblock'  itemprop=\"text\" ><h4 style=\"text-align: left;\">Fachkraft f\u00fcr Lernf\u00f6rderung<br \/>\nf\u00fcr die Vorschule bis zur 2. Klasse<\/h4>\n<p style=\"text-align: left;\">Rika Boroski<\/p>\n<p><a href=\"mailto:Rika-Boroski@is-hr.de\" target=\"_blank\" rel=\"noopener\">Rika-Boroski@is-hr.de<\/a><\/p>\n<\/div><\/section><\/p><\/div>\n<style type=\"text\/css\" data-created_by=\"avia_inline_auto\" id=\"style-css-av-fmd53-77bea05b9f91815d04087a2da94275f5\">\n.flex_column.av-fmd53-77bea05b9f91815d04087a2da94275f5{\nborder-radius:0px 0px 0px 0px;\npadding:0px 0px 0px 0px;\n}\n<\/style>\n<div  class='flex_column av-fmd53-77bea05b9f91815d04087a2da94275f5 av_one_third  avia-builder-el-9  el_after_av_one_third  el_before_av_one_third  flex_column_div av-zero-column-padding  column-top-margin'     ><p>\n<style type=\"text\/css\" data-created_by=\"avia_inline_auto\" id=\"style-css-av-9vfan-3d0e2e708824ac75ab676b0665ca4da7\">\n#top .hr.hr-invisible.av-9vfan-3d0e2e708824ac75ab676b0665ca4da7{\nheight:20px;\n}\n<\/style>\n<div  class='hr av-9vfan-3d0e2e708824ac75ab676b0665ca4da7 hr-invisible  avia-builder-el-10  el_before_av_textblock  avia-builder-el-first '><span class='hr-inner '><span class=\"hr-inner-style\"><\/span><\/span><\/div><br \/>\n<section  class='av_textblock_section av-lxsp6lo5-c725acde9df35b2815a2db68234ae304 '   itemscope=\"itemscope\" itemtype=\"https:\/\/schema.org\/CreativeWork\" ><div class='avia_textblock'  itemprop=\"text\" ><h4 style=\"text-align: left;\">Fachkraft f\u00fcr Lernf\u00f6rderung<br \/>\nf\u00fcr die 3. bis 6. Klasse<\/h4>\n<p style=\"text-align: left;\">Zoe Suleiman<\/p>\n<p><a href=\"mailto:Zoe-Suleiman@is-hr.de\" target=\"_blank\" rel=\"noopener\">Zoe-Suleiman@is-hr.de<\/a><\/p>\n<\/div><\/section><\/p><\/div>\n<style type=\"text\/css\" data-created_by=\"avia_inline_auto\" id=\"style-css-av-s29db-fe478ea0830e9250e237051b45a28101\">\n.flex_column.av-s29db-fe478ea0830e9250e237051b45a28101{\nborder-radius:0px 0px 0px 0px;\npadding:0px 0px 0px 0px;\n}\n<\/style>\n<div  class='flex_column av-s29db-fe478ea0830e9250e237051b45a28101 av_one_third  avia-builder-el-12  el_after_av_one_third  el_before_av_one_third  flex_column_div av-zero-column-padding  column-top-margin'     ><p>\n<style type=\"text\/css\" data-created_by=\"avia_inline_auto\" id=\"style-css-av-k59c7-62bf9accbf881eb24daa10d24ef5700b\">\n#top .hr.hr-invisible.av-k59c7-62bf9accbf881eb24daa10d24ef5700b{\nheight:20px;\n}\n<\/style>\n<div  class='hr av-k59c7-62bf9accbf881eb24daa10d24ef5700b hr-invisible  avia-builder-el-13  el_before_av_textblock  avia-builder-el-first '><span class='hr-inner '><span class=\"hr-inner-style\"><\/span><\/span><\/div><br \/>\n<section  class='av_textblock_section av-kr3y8r4e-9aef1caaa16fa82ff349fbfdd6bf5381 '   itemscope=\"itemscope\" itemtype=\"https:\/\/schema.org\/CreativeWork\" ><div class='avia_textblock'  itemprop=\"text\" ><h4 style=\"text-align: left;\">Fachkraft f\u00fcr F\u00f6rderunterricht<br \/>\nf\u00fcr die 7. bis 10. Klasse<\/h4>\n<p style=\"text-align: left;\">Andreas Kidane<\/p>\n<p style=\"text-align: left;\"><a href=\"mailto:Andreas-Kidane@is-hr.de\">Andreas-Kidane@is-hr.de<\/a><\/p>\n<\/div><\/section><\/p><\/div>\n<style type=\"text\/css\" data-created_by=\"avia_inline_auto\" id=\"style-css-av-d5rbr-f0ac0d8be0afc2491cbe781e8b0159ab\">\n.flex_column.av-d5rbr-f0ac0d8be0afc2491cbe781e8b0159ab{\nborder-radius:0px 0px 0px 0px;\npadding:0px 0px 0px 0px;\n}\n<\/style>\n<div  class='flex_column av-d5rbr-f0ac0d8be0afc2491cbe781e8b0159ab av_one_third  avia-builder-el-15  el_after_av_one_third  el_before_av_postcontent  avia-builder-el-last  first flex_column_div av-zero-column-padding  column-top-margin'     ><p>\n<style type=\"text\/css\" data-created_by=\"avia_inline_auto\" id=\"style-css-av-892zj-7ed7082a0cc36c3be27ad80f1e67592f\">\n#top .hr.hr-invisible.av-892zj-7ed7082a0cc36c3be27ad80f1e67592f{\nheight:20px;\n}\n<\/style>\n<div  class='hr av-892zj-7ed7082a0cc36c3be27ad80f1e67592f hr-invisible  avia-builder-el-16  el_before_av_textblock  avia-builder-el-first '><span class='hr-inner '><span class=\"hr-inner-style\"><\/span><\/span><\/div><br \/>\n<section  class='av_textblock_section av-kr3y9jit-c5e663dc632575725714eca6ef18f1fb '   itemscope=\"itemscope\" itemtype=\"https:\/\/schema.org\/CreativeWork\" ><div class='avia_textblock'  itemprop=\"text\" ><h4 style=\"text-align: left;\">Fachkraft f\u00fcr F\u00f6rderunterricht<br \/>\nf\u00fcr die 11. und 12. Klasse<\/h4>\n<p style=\"text-align: left;\">Susan Axenbeck<\/p>\n<p style=\"text-align: left;\"><a href=\"mailto:Susan-Axenbeck@is-hr.de\" target=\"_blank\" rel=\"noopener\">Susan-Axenbeck@is-hr.de<\/a><\/p>\n<\/div><\/section><\/p><\/div><p>[av_one_full first min_height='' vertical_alignment='av-align-top' space='' row_boxshadow_color='' row_boxshadow_width='10' custom_margin='aviaTBcustom_margin' margin='50px,0px' mobile_breaking='' border='' border_color='' radius='0px' radius_sync='true' padding='0px' padding_sync='true' column_boxshadow_color='' column_boxshadow_width='10' background='bg_color' background_color='#ffffff' background_gradient_color1='' background_gradient_color2='' background_gradient_direction='vertical' src='' attachment='' attachment_size='' background_position='top left' background_repeat='no-repeat' highlight_size='1.1' animation='' link='' linktarget='' link_hover='' title_attr='' alt_attr='' mobile_display='' id='' custom_class='' template_class='' aria_label='' element_template='' one_element_template='' av_uid='av-dfag3w' sc_version='1.0']<\/p>\n<p>[av_partner heading='' type='slider' columns='8' navigation='no' control_layout='av-control-default' nav_visibility_desktop='' nav_arrow_color='' nav_arrow_bg_color='' nav_dots_color='' nav_dot_active_color='' size='no scaling' img_size_behave='no_stretch' border='av-border-deactivate' img_border='' img_border_width='' img_border_width_sync='true' img_border_color='' border_radius='' border_radius_sync='true' box_shadow='' box_shadow_style='0px,0px,0px,0px' box_shadow_color='' padding='' padding_sync='true' animation='slide' transition_speed='' autoplay='true' interval='5' heading_tag='' heading_class='' img_scrset='' lazy_loading='disabled' el_id='' custom_class='' template_class='' element_template='' one_element_template='' av_uid='av-mj8gwbv0' sc_version='1.0']<br \/>\n[av_partner_logo id='919' hover='' link='manually,https:\/\/www.ecis.org\/' link_target='_blank' linktitle='' element_template='' one_element_template='' av_uid='' sc_version='1.0' id_dynamic='' link_dynamic='' ]<br \/>\n[av_partner_logo id='10967' id_dynamic='' hover='' link='manually,https:\/\/www.ecis.org\/' link_dynamic='' link_target='_blank' linktitle='' element_template='' one_element_template='' av_uid='' sc_version='1.0' ]<br \/>\n[av_partner_logo id='922' hover='' link='manually,https:\/\/www.ibo.org\/' linktitle='' link_target='_blank' element_template='' one_element_template='' av_uid='' sc_version='1.0' id_dynamic='' link_dynamic='' ]<br \/>\n[av_partner_logo id='924' hover='' link='manually,https:\/\/www.theptc.org\/' linktitle='' link_target='_blank' element_template='' one_element_template='' av_uid='' sc_version='1.0' id_dynamic='' link_dynamic='' ]<br \/>\n[av_partner_logo id='10105' id_dynamic='' hover='' link='manually,https:\/\/www.cois.org\/' link_dynamic='' link_target='_blank' linktitle='' element_template='' one_element_template='' av_uid='' sc_version='1.0' ]<br \/>\n[av_partner_logo id='1658' hover='' link='manually,https:\/\/agis-schools.org\/' linktitle='' link_target='_blank' element_template='' one_element_template='' av_uid='' sc_version='1.0' id_dynamic='' link_dynamic='' ]<br \/>\n[av_partner_logo id='10373' id_dynamic='' hover='' link='manually,https:\/\/www.duke-award.de' link_dynamic='' link_target='' linktitle='' element_template='' one_element_template='' av_uid='' sc_version='1.0' ]<br \/>\n[\/av_partner]<\/p>\n<p>[\/av_one_full]<\/p>\n<\/p>\n","protected":false},"excerpt":{"rendered":"","protected":false},"author":1,"featured_media":0,"parent":5553,"menu_order":0,"comment_status":"closed","ping_status":"closed","template":"","meta":{"footnotes":""},"class_list":["post-5563","page","type-page","status-publish","hentry"],"_links":{"self":[{"href":"https:\/\/is-hr.de\/de\/wp-json\/wp\/v2\/pages\/5563","targetHints":{"allow":["GET"]}}],"collection":[{"href":"https:\/\/is-hr.de\/de\/wp-json\/wp\/v2\/pages"}],"about":[{"href":"https:\/\/is-hr.de\/de\/wp-json\/wp\/v2\/types\/page"}],"author":[{"embeddable":true,"href":"https:\/\/is-hr.de\/de\/wp-json\/wp\/v2\/users\/1"}],"replies":[{"embeddable":true,"href":"https:\/\/is-hr.de\/de\/wp-json\/wp\/v2\/comments?post=5563"}],"version-history":[{"count":0,"href":"https:\/\/is-hr.de\/de\/wp-json\/wp\/v2\/pages\/5563\/revisions"}],"up":[{"embeddable":true,"href":"https:\/\/is-hr.de\/de\/wp-json\/wp\/v2\/pages\/5553"}],"wp:attachment":[{"href":"https:\/\/is-hr.de\/de\/wp-json\/wp\/v2\/media?parent=5563"}],"curies":[{"name":"wp","href":"https:\/\/api.w.org\/{rel}","templated":true}]}}