{"id":5558,"date":"2021-07-02T16:05:50","date_gmt":"2021-07-02T14:05:50","guid":{"rendered":"https:\/\/is-hr.de\/bildung\/whole-school-support-services-wsst-ganzheitliche-unterstuetzung\/eal\/"},"modified":"2025-03-10T14:36:35","modified_gmt":"2025-03-10T13:36:35","slug":"eal","status":"publish","type":"page","link":"https:\/\/is-hr.de\/de\/bildung\/whole-school-support-services-wsst-ganzheitliche-unterstuetzung\/eal\/","title":{"rendered":"EAL"},"content":{"rendered":"<div id='full_slider_1'  class='avia-fullwidth-slider main_color avia-shadow   avia-builder-el-0  el_before_av_textblock  avia-builder-el-first   container_wrap fullsize'  ><div  class='avia-slideshow av-cqtij-7152342cad33400996ebc37ddb3554ad avia-slideshow-featured av_slideshow_full avia-slide-slider av-slideshow-ui av-control-default av-slideshow-manual av-loop-once av-loop-manual-endless av-default-height-applied   avia-slideshow-1' data-slideshow-options=\"{&quot;animation&quot;:&quot;slide&quot;,&quot;autoplay&quot;:false,&quot;loop_autoplay&quot;:&quot;once&quot;,&quot;interval&quot;:5,&quot;loop_manual&quot;:&quot;manual-endless&quot;,&quot;autoplay_stopper&quot;:false,&quot;noNavigation&quot;:false,&quot;bg_slider&quot;:false,&quot;keep_padding&quot;:false,&quot;hoverpause&quot;:false,&quot;show_slide_delay&quot;:0}\"  itemprop=\"image\" itemscope=\"itemscope\" itemtype=\"https:\/\/schema.org\/ImageObject\" ><ul class='avia-slideshow-inner ' style='padding-bottom: 28.666666666667%;'><li  class='avia-slideshow-slide av-cqtij-7152342cad33400996ebc37ddb3554ad__0  av-single-slide slide-1 slide-odd'><div data-rel='slideshow-1' class='avia-slide-wrap '   ><img decoding=\"async\" fetchpriority=\"high\" class=\"wp-image-4706 avia-img-lazy-loading-not-4706\" src=\"https:\/\/is-hr.de\/wp-content\/uploads\/2021\/08\/header-wsst-1500x430.jpg\" width=\"1500\" height=\"430\" title=\"Whole School Student Support at ISHR\" alt=\"\" itemprop=\"thumbnailUrl\" srcset=\"https:\/\/is-hr.de\/wp-content\/uploads\/2021\/08\/header-wsst.jpg 1500w, https:\/\/is-hr.de\/wp-content\/uploads\/2021\/08\/header-wsst-300x86.jpg 300w, https:\/\/is-hr.de\/wp-content\/uploads\/2021\/08\/header-wsst-1030x295.jpg 1030w, https:\/\/is-hr.de\/wp-content\/uploads\/2021\/08\/header-wsst-768x220.jpg 768w, https:\/\/is-hr.de\/wp-content\/uploads\/2021\/08\/header-wsst-705x202.jpg 705w\" sizes=\"(max-width: 1500px) 100vw, 1500px\"><\/div><\/li><\/ul><\/div><\/div><div id='after_full_slider_1'  class='main_color av_default_container_wrap container_wrap fullsize'  ><div class='container av-section-cont-open' ><div class='template-page content  av-content-full alpha units'><div class='post-entry post-entry-type-page post-entry-5558'><div class='entry-content-wrapper clearfix'>\n<section  class='av_textblock_section av-1vaze3-2c1d0bcfa5c68137e432b9524474f8e2 '   itemscope=\"itemscope\" itemtype=\"https:\/\/schema.org\/CreativeWork\" ><div class='avia_textblock'  itemprop=\"text\" ><p style=\"text-align: left;\"><div class=\"breadcrumb breadcrumbs avia-breadcrumbs\"><div class=\"breadcrumb-trail\" ><span class=\"trail-before\"><span class=\"breadcrumb-title\">Du bist hier:<\/span><\/span> <span  itemscope=\"itemscope\" itemtype=\"https:\/\/schema.org\/BreadcrumbList\" ><span  itemscope=\"itemscope\" itemtype=\"https:\/\/schema.org\/ListItem\" itemprop=\"itemListElement\" ><a itemprop=\"url\" href=\"https:\/\/is-hr.de\/de\/\" title=\"ISHR\" rel=\"home\" class=\"trail-begin\"><span itemprop=\"name\">Startseite<\/span><\/a><span itemprop=\"position\" class=\"hidden\">1<\/span><\/span><\/span><\/div><\/div><\/p>\n<\/div><\/section>\n\n<style type=\"text\/css\" data-created_by=\"avia_inline_auto\" id=\"style-css-av-1tgjez-1ff02c7a1098fcf0705e969d64aa4f24\">\n#top .flex_column.av-1tgjez-1ff02c7a1098fcf0705e969d64aa4f24{\nmargin-top:30px;\nmargin-bottom:0px;\n}\n.flex_column.av-1tgjez-1ff02c7a1098fcf0705e969d64aa4f24{\nborder-radius:0px 0px 0px 0px;\npadding:0px 0px 0px 0px;\n}\n.responsive #top #wrap_all .flex_column.av-1tgjez-1ff02c7a1098fcf0705e969d64aa4f24{\nmargin-top:30px;\nmargin-bottom:0px;\n}\n<\/style>\n<div  class='flex_column av-1tgjez-1ff02c7a1098fcf0705e969d64aa4f24 av_one_full  avia-builder-el-2  el_after_av_textblock  el_before_av_image  first flex_column_div av-zero-column-padding  column-top-margin'     ><p>\n<style type=\"text\/css\" data-created_by=\"avia_inline_auto\" id=\"style-css-av-kr3xircg-4046f85d554c5e777b38cc4befdc2e98\">\n#top .av-special-heading.av-kr3xircg-4046f85d554c5e777b38cc4befdc2e98{\npadding-bottom:0;\n}\nbody .av-special-heading.av-kr3xircg-4046f85d554c5e777b38cc4befdc2e98 .av-special-heading-tag .heading-char{\nfont-size:25px;\n}\n.av-special-heading.av-kr3xircg-4046f85d554c5e777b38cc4befdc2e98 .av-subheading{\nfont-size:15px;\n}\n<\/style>\n<div  class='av-special-heading av-kr3xircg-4046f85d554c5e777b38cc4befdc2e98 av-special-heading-h1 blockquote modern-quote modern-centered  avia-builder-el-3  el_before_av_hr  avia-builder-el-first '><h1 class='av-special-heading-tag '  itemprop=\"headline\"  >English as an Additional Language (EAL) \/ Englisch als Zusatzsprache<\/h1><div class=\"special-heading-border\"><div class=\"special-heading-inner-border\"><\/div><\/div><\/div><br \/>\n\n<style type=\"text\/css\" data-created_by=\"avia_inline_auto\" id=\"style-css-av-1kdriz-aa9fd5051d2006141c14ae38055550b4\">\n#top .hr.av-1kdriz-aa9fd5051d2006141c14ae38055550b4{\nmargin-top:5px;\nmargin-bottom:30px;\n}\n.hr.av-1kdriz-aa9fd5051d2006141c14ae38055550b4 .hr-inner{\nwidth:60px;\nborder-color:#ed1c24;\n}\n<\/style>\n<div  class='hr av-1kdriz-aa9fd5051d2006141c14ae38055550b4 hr-custom  avia-builder-el-4  el_after_av_heading  el_before_av_textblock  hr-center hr-icon-no'><span class='hr-inner inner-border-av-border-fat'><span class=\"hr-inner-style\"><\/span><\/span><\/div><br \/>\n<section  class='av_textblock_section av-kr3xiyn5-b66d8dd9680c57838a9cc1cd67783c61 '   itemscope=\"itemscope\" itemtype=\"https:\/\/schema.org\/CreativeWork\" ><div class='avia_textblock'  itemprop=\"text\" ><p><span style=\"font-weight: 400;\">Wenn Sch\u00fcler:innen an unsere Schule kommen<\/span><span style=\"font-weight: 400;\">beurteilen wir ihre sprachlichen F\u00e4higkeiten, und wenn n\u00f6tig, arbeiten unsere Lehrer:innen und unsere EAL-Spezialist:innen zusammen, um einen Plan f\u00fcr den Erfolg der Sch\u00fcler:innen zu erstellen. Wir verwenden die standardisierten WIDA-MODEL-Bewertungen, um j\u00e4hrlich die Fortschritte bei den Englischkenntnissen zu verfolgen <\/span><span style=\"font-weight: 400;\">von der 1. Klasse an aufw\u00e4rts, zus\u00e4tzlich zu Unterrichtsbeobachtungen und der Zusammenarbeit von Lehrer:innen in der gesamten Schule. Wir ber\u00fccksichtigen,<\/span><span style=\"font-weight: 400;\"> dass alle Sch\u00fcler:innen auf ihrem eigenen Lernweg ist. Daher gibt es zahlreiche Faktoren, die die Geschwindigkeit des Spracherwerbs und der Entwicklung von F\u00e4higkeiten beeinflussen k\u00f6nnen. Wenn die Sch\u00fcler:innen ein bestimmtes Leistungsniveau erreicht haben, verlassen sie das Programm und werden in der Regel ein Jahr lang beobachtet, um ihre Fortschritte zu verfolgen. Wir arbeiten auch mit dem Learning Enrichment Team zusammen, wenn es \u00dcberschneidungen bei den Bed\u00fcrfnissen gibt.<\/span><\/p>\n<div class=\"row\">\n<div class=\"small-12 column\">\n<div id=\"c965\" class=\"frame frame-default frame-type-textmedia frame-layout-0\">\n<div class=\"ce-textpic ce-right ce-intext\">\n<div class=\"ce-bodytext\"><\/div>\n<\/div>\n<\/div>\n<\/div>\n<\/div>\n<div class=\"row\"><\/div>\n<\/div><\/section><\/p><\/div>\n\n<style type=\"text\/css\" data-created_by=\"avia_inline_auto\" id=\"style-css-av-l50r7dyh-c90a320d7b0d71c0811013c87b8ffe4f\">\n.avia-image-container.av-l50r7dyh-c90a320d7b0d71c0811013c87b8ffe4f img.avia_image{\nbox-shadow:none;\n}\n.avia-image-container.av-l50r7dyh-c90a320d7b0d71c0811013c87b8ffe4f .av-image-caption-overlay-center{\ncolor:#ffffff;\n}\n<\/style>\n<div  class='avia-image-container av-l50r7dyh-c90a320d7b0d71c0811013c87b8ffe4f av-styling- avia-align-center  avia-builder-el-6  el_after_av_one_full  el_before_av_hr '   itemprop=\"image\" itemscope=\"itemscope\" itemtype=\"https:\/\/schema.org\/ImageObject\" ><div class=\"avia-image-container-inner\"><div class=\"avia-image-overlay-wrap\"><img decoding=\"async\" fetchpriority=\"high\" class=\"wp-image-4553 avia-img-lazy-loading-not-4553 avia_image \" src=\"https:\/\/is-hr.de\/wp-content\/uploads\/2021\/07\/kindergarten-eal-content.jpg\" alt=\"\" title=\"EAL in Kindergarten\" height=\"350\" width=\"450\" itemprop=\"thumbnailUrl\" srcset=\"https:\/\/is-hr.de\/wp-content\/uploads\/2021\/07\/kindergarten-eal-content.jpg 450w, https:\/\/is-hr.de\/wp-content\/uploads\/2021\/07\/kindergarten-eal-content-300x233.jpg 300w\" sizes=\"(max-width: 450px) 100vw, 450px\"><\/div><\/div><\/div>\n<div  class='hr av-1oo6xv-2e19ba41c5cb8681f6bee20cf0614024 hr-default  avia-builder-el-7  el_after_av_image  el_before_av_one_full '><span class='hr-inner '><span class=\"hr-inner-style\"><\/span><\/span><\/div>\n<p>\n<style type=\"text\/css\" data-created_by=\"avia_inline_auto\" id=\"style-css-av-psshv-3db15ddf5f35a7f540eaec64dd4397cc\">\n#top .flex_column.av-psshv-3db15ddf5f35a7f540eaec64dd4397cc{\nmargin-top:30px;\nmargin-bottom:0px;\n}\n.flex_column.av-psshv-3db15ddf5f35a7f540eaec64dd4397cc{\nborder-radius:0px 0px 0px 0px;\npadding:0px 0px 0px 0px;\n}\n.responsive #top #wrap_all .flex_column.av-psshv-3db15ddf5f35a7f540eaec64dd4397cc{\nmargin-top:30px;\nmargin-bottom:0px;\n}\n<\/style>\n<div  class='flex_column av-psshv-3db15ddf5f35a7f540eaec64dd4397cc av_one_full  avia-builder-el-8  el_after_av_hr  el_before_av_hr  first flex_column_div av-zero-column-padding  '     ><p>\n<style type=\"text\/css\" data-created_by=\"avia_inline_auto\" id=\"style-css-av-kr3xohhe-6222802188a7f325aa7cc89ca1f8acc5\">\n#top .av-special-heading.av-kr3xohhe-6222802188a7f325aa7cc89ca1f8acc5{\npadding-bottom:0;\n}\nbody .av-special-heading.av-kr3xohhe-6222802188a7f325aa7cc89ca1f8acc5 .av-special-heading-tag .heading-char{\nfont-size:25px;\n}\n.av-special-heading.av-kr3xohhe-6222802188a7f325aa7cc89ca1f8acc5 .av-subheading{\nfont-size:15px;\n}\n<\/style>\n<div  class='av-special-heading av-kr3xohhe-6222802188a7f325aa7cc89ca1f8acc5 av-special-heading-h2 blockquote modern-quote modern-centered  avia-builder-el-9  el_before_av_hr  avia-builder-el-first '><h2 class='av-special-heading-tag '  itemprop=\"headline\"  >EAL im Kindergarten<\/h2><div class=\"special-heading-border\"><div class=\"special-heading-inner-border\"><\/div><\/div><\/div><br \/>\n\n<style type=\"text\/css\" data-created_by=\"avia_inline_auto\" id=\"style-css-av-ixuu3-28d4d5f1a7778bdd29b64423d8b2b1d1\">\n#top .hr.av-ixuu3-28d4d5f1a7778bdd29b64423d8b2b1d1{\nmargin-top:5px;\nmargin-bottom:30px;\n}\n.hr.av-ixuu3-28d4d5f1a7778bdd29b64423d8b2b1d1 .hr-inner{\nwidth:60px;\nborder-color:#ed1c24;\n}\n<\/style>\n<div  class='hr av-ixuu3-28d4d5f1a7778bdd29b64423d8b2b1d1 hr-custom  avia-builder-el-10  el_after_av_heading  el_before_av_textblock  hr-center hr-icon-no'><span class='hr-inner inner-border-av-border-fat'><span class=\"hr-inner-style\"><\/span><\/span><\/div><br \/>\n<section  class='av_textblock_section av-kr3xosqk-def860c47fc026824ea532b034cd22c3 '   itemscope=\"itemscope\" itemtype=\"https:\/\/schema.org\/CreativeWork\" ><div class='avia_textblock'  itemprop=\"text\" ><p>Das Kindergartenprogramm ist auf den m\u00fcndlichen Spracherwerb ausgerichtet, d.h. die Kinder lernen die englische Sprache durch B\u00fccher und Geschichten, Spiele, Karteikarten, Lieder, Spiele und viele andere nichtschriftliche Aktivit\u00e4ten kennen.<\/p>\n<p>Um eine starke Unterst\u00fctzung f\u00fcr Sprachsch\u00fcler zu gew\u00e4hrleisten, hat die Mehrheit der Erzieherinnen die TYCEMC-Ausbildung (Teaching Young Children in English in Multilingual Contexts) absolviert. Dieses spezialisierte Programm vermittelt den Erziehern Strategien, um ein sprachreiches Umfeld zu schaffen, die Kommunikationsf\u00e4higkeiten zu f\u00f6rdern und die Kinder dabei zu unterst\u00fctzen, Selbstvertrauen als Englischlerner zu entwickeln.<\/p>\n<\/div><\/section><\/p><\/div><div  class='hr av-1kbk1v-4eabdf9dbdf44a38cf00ad97be5e99e8 hr-default  avia-builder-el-12  el_after_av_one_full  el_before_av_one_full '><span class='hr-inner '><span class=\"hr-inner-style\"><\/span><\/span><\/div><\/p>\n\n<style type=\"text\/css\" data-created_by=\"avia_inline_auto\" id=\"style-css-av-1fgg1f-1e8011a95ed2e7637400b35ab120c55f\">\n#top .flex_column.av-1fgg1f-1e8011a95ed2e7637400b35ab120c55f{\nmargin-top:30px;\nmargin-bottom:0px;\n}\n.flex_column.av-1fgg1f-1e8011a95ed2e7637400b35ab120c55f{\nborder-radius:0px 0px 0px 0px;\npadding:0px 0px 0px 0px;\n}\n.responsive #top #wrap_all .flex_column.av-1fgg1f-1e8011a95ed2e7637400b35ab120c55f{\nmargin-top:30px;\nmargin-bottom:0px;\n}\n<\/style>\n<div  class='flex_column av-1fgg1f-1e8011a95ed2e7637400b35ab120c55f av_one_full  avia-builder-el-13  el_after_av_hr  el_before_av_hr  first flex_column_div av-zero-column-padding  '     ><p>\n<style type=\"text\/css\" data-created_by=\"avia_inline_auto\" id=\"style-css-av-19a81f-ae38c53daa2f0601017c6916f0687119\">\n#top .av-special-heading.av-19a81f-ae38c53daa2f0601017c6916f0687119{\npadding-bottom:0;\n}\nbody .av-special-heading.av-19a81f-ae38c53daa2f0601017c6916f0687119 .av-special-heading-tag .heading-char{\nfont-size:25px;\n}\n.av-special-heading.av-19a81f-ae38c53daa2f0601017c6916f0687119 .av-subheading{\nfont-size:15px;\n}\n<\/style>\n<div  class='av-special-heading av-19a81f-ae38c53daa2f0601017c6916f0687119 av-special-heading-h2 blockquote modern-quote modern-centered  avia-builder-el-14  el_before_av_hr  avia-builder-el-first '><h2 class='av-special-heading-tag '  itemprop=\"headline\"  >EAL in der Grundschule<\/h2><div class=\"special-heading-border\"><div class=\"special-heading-inner-border\"><\/div><\/div><\/div><br \/>\n\n<style type=\"text\/css\" data-created_by=\"avia_inline_auto\" id=\"style-css-av-11lytn-e848af5318e364b2f35a954c167c2f27\">\n#top .hr.av-11lytn-e848af5318e364b2f35a954c167c2f27{\nmargin-top:5px;\nmargin-bottom:30px;\n}\n.hr.av-11lytn-e848af5318e364b2f35a954c167c2f27 .hr-inner{\nwidth:60px;\nborder-color:#ed1c24;\n}\n<\/style>\n<div  class='hr av-11lytn-e848af5318e364b2f35a954c167c2f27 hr-custom  avia-builder-el-15  el_after_av_heading  el_before_av_textblock  hr-center hr-icon-no'><span class='hr-inner inner-border-av-border-fat'><span class=\"hr-inner-style\"><\/span><\/span><\/div><br \/>\n<section  class='av_textblock_section av-w4udf-232e72935aa91f11b19ff9fcbf74c7d4 '   itemscope=\"itemscope\" itemtype=\"https:\/\/schema.org\/CreativeWork\" ><div class='avia_textblock'  itemprop=\"text\" ><p><span style=\"font-weight: 400;\">Sch\u00fcler:innen mit unterschiedlichen Englischkenntnissen besuchen die Grundschule von der 1. bis 5. Klasse. Anf\u00e4nger werden drei- bis viermal pro Woche in kleinen Gruppen herausgenommen, um sowohl die Sprache als auch den Inhalt des Lehrplans zu lernen. Auch Lernende in sehr fr\u00fchen Entwicklungsstadien k\u00f6nnen individuelle Einzelunterrichtseinheiten erhalten um <\/span><span style=\"font-weight: 400;\">den<\/span> f\u00fcr den Schulalltag notwendigen <span style=\"font-weight: 400;\">Wortschatz<\/span> aufzubauen. <\/p>\n<p><span style=\"font-weight: 400;\">Wenn die Sch\u00fcler ein mittleres Sprachniveau erreichen, wollen wir mit ihnen mehr im normalen Klassenzimmer arbeiten.<\/span><span style=\"font-weight: 400;\"> obwohl sie auch weiterhin an gezielten Kleingruppenstunden au\u00dferhalb des Klassenzimmers teilnehmen k\u00f6nnen<\/span><span style=\"font-weight: 400;\">. <\/span><span style=\"font-weight: 400;\">EAL-Spezialisten arbeiten auch <\/span><span style=\"font-weight: 400;\">arbeiten mit den Klassenlehrern zusammen, um das Lernen in Bereichen des Lehrplans wie Writer&#8217;s Workshop und Units of Inquiry zu unterst\u00fctzen.<\/span><\/p>\n<\/div><\/section><\/p><\/div>\n<div  class='hr av-ti9a3-ccda893a9ebdc8416906530f698541a0 hr-default  avia-builder-el-17  el_after_av_one_full  el_before_av_one_full '><span class='hr-inner '><span class=\"hr-inner-style\"><\/span><\/span><\/div>\n\n<style type=\"text\/css\" data-created_by=\"avia_inline_auto\" id=\"style-css-av-kt77v-82553241dc6dbb1e72b8b21d787ce5bb\">\n#top .flex_column.av-kt77v-82553241dc6dbb1e72b8b21d787ce5bb{\nmargin-top:30px;\nmargin-bottom:0px;\n}\n.flex_column.av-kt77v-82553241dc6dbb1e72b8b21d787ce5bb{\nborder-radius:0px 0px 0px 0px;\npadding:0px 0px 0px 0px;\n}\n.responsive #top #wrap_all .flex_column.av-kt77v-82553241dc6dbb1e72b8b21d787ce5bb{\nmargin-top:30px;\nmargin-bottom:0px;\n}\n<\/style>\n<div  class='flex_column av-kt77v-82553241dc6dbb1e72b8b21d787ce5bb av_one_full  avia-builder-el-18  el_after_av_hr  el_before_av_postcontent  avia-builder-el-last  first flex_column_div av-zero-column-padding  '     ><p>\n<style type=\"text\/css\" data-created_by=\"avia_inline_auto\" id=\"style-css-av-d3mxn-bd8ab92ade308af067231089b6eb17a9\">\n#top .av-special-heading.av-d3mxn-bd8ab92ade308af067231089b6eb17a9{\npadding-bottom:0;\n}\nbody .av-special-heading.av-d3mxn-bd8ab92ade308af067231089b6eb17a9 .av-special-heading-tag .heading-char{\nfont-size:25px;\n}\n.av-special-heading.av-d3mxn-bd8ab92ade308af067231089b6eb17a9 .av-subheading{\nfont-size:15px;\n}\n<\/style>\n<div  class='av-special-heading av-d3mxn-bd8ab92ade308af067231089b6eb17a9 av-special-heading-h2 blockquote modern-quote modern-centered  avia-builder-el-19  el_before_av_hr  avia-builder-el-first '><h2 class='av-special-heading-tag '  itemprop=\"headline\"  >EAL in der Sekundarschule<\/h2><div class=\"special-heading-border\"><div class=\"special-heading-inner-border\"><\/div><\/div><\/div><br \/>\n\n<style type=\"text\/css\" data-created_by=\"avia_inline_auto\" id=\"style-css-av-9p1cr-bd0f17dec97e1e83cf50571ddc493536\">\n#top .hr.av-9p1cr-bd0f17dec97e1e83cf50571ddc493536{\nmargin-top:5px;\nmargin-bottom:30px;\n}\n.hr.av-9p1cr-bd0f17dec97e1e83cf50571ddc493536 .hr-inner{\nwidth:60px;\nborder-color:#ed1c24;\n}\n<\/style>\n<div  class='hr av-9p1cr-bd0f17dec97e1e83cf50571ddc493536 hr-custom  avia-builder-el-20  el_after_av_heading  el_before_av_textblock  hr-center hr-icon-no'><span class='hr-inner inner-border-av-border-fat'><span class=\"hr-inner-style\"><\/span><\/span><\/div><br \/>\n<section  class='av_textblock_section av-l50qxr3o-1e797e7ed06d2f92820e7a1653346714 '   itemscope=\"itemscope\" itemtype=\"https:\/\/schema.org\/CreativeWork\" ><div class='avia_textblock'  itemprop=\"text\" ><p><span style=\"font-weight: 400;\">Sch\u00fcler:innen<\/span>, die die Mittelstufe besuchen (Klassen 6, 7 und 8), <span style=\"font-weight: 400;\">absolvieren den<\/span> Oxford-<span style=\"font-weight: 400;\">Einstufungstest<\/span>, <span style=\"font-weight: 400;\">der<\/span> <span style=\"font-weight: 400;\">online<\/span> <span style=\"font-weight: 400;\">durchgef\u00fchrt<\/span> werden kann, <span style=\"font-weight: 400;\">oder auch aus der Ferne. In der 9. und 10. Klasse bitten wir die Sch\u00fcler:innen, den WIDA Screener vor Ort zu absolvieren. <\/span>In einigen <span style=\"font-weight: 400;\">F\u00e4llen<\/span> k\u00f6nnen sie auch aufgefordert werden, den <span style=\"font-weight: 400;\">Oxford<\/span> Placement Test zu machen.<\/p>\n<p><span style=\"font-weight: 400;\">Sch\u00fcler:innen, die EAL-Unterricht und -Unterst\u00fctzung ben\u00f6tigen, werden dreimal w\u00f6chentlich einer Klassenstufe zugewiesen. In der Mittelstufe findet dieser Unterricht zur gleichen Zeit wie Franz\u00f6sisch oder Spanisch statt. In der Oberstufe, <\/span><span style=\"font-weight: 400;\">findet EAL <\/span><span style=\"font-weight: 400;\">in einem Wahlfachblock statt. Dar\u00fcber hinaus arbeitet das EAL-Team mit Lehrer:innen aus allen Bereichen des Lehrplans zusammen <\/span><span style=\"font-weight: 400;\">und unterst\u00fctzt<\/span> somit das <span style=\"font-weight: 400;\">Erlernen<\/span> der englischen Sprache und arbeitet nach M\u00f6glichkeit mit den Sch\u00fcler:innen in den Klassenr\u00e4umen.<\/p>\n<\/div><\/section><\/p><\/div>\n<p>[av_one_full first min_height='' vertical_alignment='av-align-top' space='' row_boxshadow_color='' row_boxshadow_width='10' custom_margin='aviaTBcustom_margin' margin='50px,0px' mobile_breaking='' border='' border_color='' radius='0px' radius_sync='true' padding='0px' padding_sync='true' column_boxshadow_color='' column_boxshadow_width='10' background='bg_color' background_color='#ffffff' background_gradient_color1='' background_gradient_color2='' background_gradient_direction='vertical' src='' attachment='' attachment_size='' background_position='top left' background_repeat='no-repeat' highlight_size='1.1' animation='' link='' linktarget='' link_hover='' title_attr='' alt_attr='' mobile_display='' id='' custom_class='' template_class='' aria_label='' element_template='' one_element_template='' av_uid='av-dfag3w' sc_version='1.0']<\/p>\n<p>[av_partner heading='' type='slider' columns='8' navigation='no' control_layout='av-control-default' nav_visibility_desktop='' nav_arrow_color='' nav_arrow_bg_color='' nav_dots_color='' nav_dot_active_color='' size='no scaling' img_size_behave='no_stretch' border='av-border-deactivate' img_border='' img_border_width='' img_border_width_sync='true' img_border_color='' border_radius='' border_radius_sync='true' box_shadow='' box_shadow_style='0px,0px,0px,0px' box_shadow_color='' padding='' padding_sync='true' animation='slide' transition_speed='' autoplay='true' interval='5' heading_tag='' heading_class='' img_scrset='' lazy_loading='disabled' el_id='' custom_class='' template_class='' element_template='' one_element_template='' av_uid='av-mj8gwbv0' sc_version='1.0']<br \/>\n[av_partner_logo id='919' hover='' link='manually,https:\/\/www.ecis.org\/' link_target='_blank' linktitle='' element_template='' one_element_template='' av_uid='' sc_version='1.0' id_dynamic='' link_dynamic='' ]<br \/>\n[av_partner_logo id='10967' id_dynamic='' hover='' link='manually,https:\/\/www.ecis.org\/' link_dynamic='' link_target='_blank' linktitle='' element_template='' one_element_template='' av_uid='' sc_version='1.0' ]<br \/>\n[av_partner_logo id='922' hover='' link='manually,https:\/\/www.ibo.org\/' linktitle='' link_target='_blank' element_template='' one_element_template='' av_uid='' sc_version='1.0' id_dynamic='' link_dynamic='' ]<br \/>\n[av_partner_logo id='924' hover='' link='manually,https:\/\/www.theptc.org\/' linktitle='' link_target='_blank' element_template='' one_element_template='' av_uid='' sc_version='1.0' id_dynamic='' link_dynamic='' ]<br \/>\n[av_partner_logo id='10105' id_dynamic='' hover='' link='manually,https:\/\/www.cois.org\/' link_dynamic='' link_target='_blank' linktitle='' element_template='' one_element_template='' av_uid='' sc_version='1.0' ]<br \/>\n[av_partner_logo id='1658' hover='' link='manually,https:\/\/agis-schools.org\/' linktitle='' link_target='_blank' element_template='' one_element_template='' av_uid='' sc_version='1.0' id_dynamic='' link_dynamic='' ]<br \/>\n[av_partner_logo id='10373' id_dynamic='' hover='' link='manually,https:\/\/www.duke-award.de' link_dynamic='' link_target='' linktitle='' element_template='' one_element_template='' av_uid='' sc_version='1.0' ]<br \/>\n[\/av_partner]<\/p>\n<p>[\/av_one_full]<\/p>\n\n","protected":false},"excerpt":{"rendered":"","protected":false},"author":1,"featured_media":0,"parent":5553,"menu_order":0,"comment_status":"closed","ping_status":"closed","template":"","meta":{"footnotes":""},"class_list":["post-5558","page","type-page","status-publish","hentry"],"_links":{"self":[{"href":"https:\/\/is-hr.de\/de\/wp-json\/wp\/v2\/pages\/5558","targetHints":{"allow":["GET"]}}],"collection":[{"href":"https:\/\/is-hr.de\/de\/wp-json\/wp\/v2\/pages"}],"about":[{"href":"https:\/\/is-hr.de\/de\/wp-json\/wp\/v2\/types\/page"}],"author":[{"embeddable":true,"href":"https:\/\/is-hr.de\/de\/wp-json\/wp\/v2\/users\/1"}],"replies":[{"embeddable":true,"href":"https:\/\/is-hr.de\/de\/wp-json\/wp\/v2\/comments?post=5558"}],"version-history":[{"count":0,"href":"https:\/\/is-hr.de\/de\/wp-json\/wp\/v2\/pages\/5558\/revisions"}],"up":[{"embeddable":true,"href":"https:\/\/is-hr.de\/de\/wp-json\/wp\/v2\/pages\/5553"}],"wp:attachment":[{"href":"https:\/\/is-hr.de\/de\/wp-json\/wp\/v2\/media?parent=5558"}],"curies":[{"name":"wp","href":"https:\/\/api.w.org\/{rel}","templated":true}]}}