{"id":5534,"date":"2021-07-02T16:03:14","date_gmt":"2021-07-02T14:03:14","guid":{"rendered":"https:\/\/is-hr.de\/bildung\/ib-programm\/deutsche-anerkennung\/"},"modified":"2025-02-20T12:55:18","modified_gmt":"2025-02-20T11:55:18","slug":"deutsche-anerkennung","status":"publish","type":"page","link":"https:\/\/is-hr.de\/de\/bildung\/ib-programm\/deutsche-anerkennung\/","title":{"rendered":"Deutsche Anerkennung"},"content":{"rendered":"<div id='full_slider_1'  class='avia-fullwidth-slider main_color avia-shadow   avia-builder-el-0  el_before_av_textblock  avia-builder-el-first   container_wrap fullsize'  ><div  class='avia-slideshow av-kt1b1a2p-aca119ad33844fb45024cb7e3afced2a avia-slideshow-featured av_slideshow_full avia-slide-slider av-slideshow-ui av-control-default av-slideshow-manual av-loop-once av-loop-manual-endless av-default-height-applied   avia-slideshow-1' data-slideshow-options=\"{&quot;animation&quot;:&quot;slide&quot;,&quot;autoplay&quot;:false,&quot;loop_autoplay&quot;:&quot;once&quot;,&quot;interval&quot;:5,&quot;loop_manual&quot;:&quot;manual-endless&quot;,&quot;autoplay_stopper&quot;:false,&quot;noNavigation&quot;:false,&quot;bg_slider&quot;:false,&quot;keep_padding&quot;:false,&quot;hoverpause&quot;:false,&quot;show_slide_delay&quot;:0}\"  itemprop=\"image\" itemscope=\"itemscope\" itemtype=\"https:\/\/schema.org\/ImageObject\" ><ul class='avia-slideshow-inner ' style='padding-bottom: 28.666666666667%;'><li  class='avia-slideshow-slide av-kt1b1a2p-aca119ad33844fb45024cb7e3afced2a__0  av-single-slide slide-1 slide-odd'><div data-rel='slideshow-1' class='avia-slide-wrap '   ><img decoding=\"async\" fetchpriority=\"high\" class=\"wp-image-4741 avia-img-lazy-loading-not-4741\" src=\"https:\/\/is-hr.de\/wp-content\/uploads\/2021\/09\/header-geman-rec-1500x430.jpg\" width=\"1500\" height=\"430\" title=\"Paintings by ISHR Alumni\" alt=\"\" itemprop=\"thumbnailUrl\" srcset=\"https:\/\/is-hr.de\/wp-content\/uploads\/2021\/09\/header-geman-rec.jpg 1500w, https:\/\/is-hr.de\/wp-content\/uploads\/2021\/09\/header-geman-rec-300x86.jpg 300w, https:\/\/is-hr.de\/wp-content\/uploads\/2021\/09\/header-geman-rec-1030x295.jpg 1030w, https:\/\/is-hr.de\/wp-content\/uploads\/2021\/09\/header-geman-rec-768x220.jpg 768w, https:\/\/is-hr.de\/wp-content\/uploads\/2021\/09\/header-geman-rec-705x202.jpg 705w\" sizes=\"(max-width: 1500px) 100vw, 1500px\"><\/div><\/li><\/ul><\/div><\/div><div id='after_full_slider_1'  class='main_color av_default_container_wrap container_wrap fullsize'  ><div class='container av-section-cont-open' ><div class='template-page content  av-content-full alpha units'><div class='post-entry post-entry-type-page post-entry-5534'><div class='entry-content-wrapper clearfix'>\n<section  class='av_textblock_section av-nij2j-2f88b6d65de0ef8282cc7d9fd917a133 '   itemscope=\"itemscope\" itemtype=\"https:\/\/schema.org\/CreativeWork\" ><div class='avia_textblock'  itemprop=\"text\" ><p style=\"text-align: left;\"><div class=\"breadcrumb breadcrumbs avia-breadcrumbs\"><div class=\"breadcrumb-trail\" ><span class=\"trail-before\"><span class=\"breadcrumb-title\">Du bist hier:<\/span><\/span> <span  itemscope=\"itemscope\" itemtype=\"https:\/\/schema.org\/BreadcrumbList\" ><span  itemscope=\"itemscope\" itemtype=\"https:\/\/schema.org\/ListItem\" itemprop=\"itemListElement\" ><a itemprop=\"url\" href=\"https:\/\/is-hr.de\/de\/\" title=\"ISHR\" rel=\"home\" class=\"trail-begin\"><span itemprop=\"name\">Startseite<\/span><\/a><span itemprop=\"position\" class=\"hidden\">1<\/span><\/span><\/span><\/div><\/div><\/p>\n<\/div><\/section>\n<p>\n<style type=\"text\/css\" data-created_by=\"avia_inline_auto\" id=\"style-css-av-dvl3n-036987730525c4b2e66d1bcf12c9ef64\">\n#top .flex_column.av-dvl3n-036987730525c4b2e66d1bcf12c9ef64{\nmargin-top:30px;\nmargin-bottom:0px;\n}\n.flex_column.av-dvl3n-036987730525c4b2e66d1bcf12c9ef64{\nborder-radius:0px 0px 0px 0px;\npadding:0px 0px 0px 0px;\n}\n.responsive #top #wrap_all .flex_column.av-dvl3n-036987730525c4b2e66d1bcf12c9ef64{\nmargin-top:30px;\nmargin-bottom:0px;\n}\n<\/style>\n<div  class='flex_column av-dvl3n-036987730525c4b2e66d1bcf12c9ef64 av_one_full  avia-builder-el-2  el_after_av_textblock  el_before_av_postcontent  avia-builder-el-last  first flex_column_div av-zero-column-padding  column-top-margin'     ><p>\n<style type=\"text\/css\" data-created_by=\"avia_inline_auto\" id=\"style-css-av-kr34mcwm-c9c163dec8152c2cebf045470d163918\">\n#top .av-special-heading.av-kr34mcwm-c9c163dec8152c2cebf045470d163918{\npadding-bottom:0;\n}\nbody .av-special-heading.av-kr34mcwm-c9c163dec8152c2cebf045470d163918 .av-special-heading-tag .heading-char{\nfont-size:25px;\n}\n.av-special-heading.av-kr34mcwm-c9c163dec8152c2cebf045470d163918 .av-subheading{\nfont-size:15px;\n}\n<\/style>\n<div  class='av-special-heading av-kr34mcwm-c9c163dec8152c2cebf045470d163918 av-special-heading-h1 blockquote modern-quote modern-centered  avia-builder-el-3  el_before_av_hr  avia-builder-el-first '><h1 class='av-special-heading-tag '  itemprop=\"headline\"  >Deutsche Anerkennung<\/h1><div class=\"special-heading-border\"><div class=\"special-heading-inner-border\"><\/div><\/div><\/div><br \/>\n\n<style type=\"text\/css\" data-created_by=\"avia_inline_auto\" id=\"style-css-av-b03sj-a67540d1be135b93d0816ad6332ebbfc\">\n#top .hr.av-b03sj-a67540d1be135b93d0816ad6332ebbfc{\nmargin-top:5px;\nmargin-bottom:30px;\n}\n.hr.av-b03sj-a67540d1be135b93d0816ad6332ebbfc .hr-inner{\nwidth:60px;\nborder-color:#ed1c24;\n}\n<\/style>\n<div  class='hr av-b03sj-a67540d1be135b93d0816ad6332ebbfc hr-custom  avia-builder-el-4  el_after_av_heading  el_before_av_textblock  hr-center hr-icon-no'><span class='hr-inner inner-border-av-border-fat'><span class=\"hr-inner-style\"><\/span><\/span><\/div><br \/>\n<section  class='av_textblock_section av-kr34ppvd-e06333a675188f9e9f3702ad357c985d '   itemscope=\"itemscope\" itemtype=\"https:\/\/schema.org\/CreativeWork\" ><div class='avia_textblock'  itemprop=\"text\" ><p>In Deutschland ist das International Baccalaureate Diploma von der Kultusministerkonferenz offiziell als Hochschulzugangsberechtigung anerkannt.<\/p>\n<p>Alle Voraussetzungen f\u00fcr die Anerkennung eines IB-Diploms in Deutschland sind in der <em>Vereinbarung \u00fcber die Anerkennung des &#8222;International Baccalaureate Diploma&#8220;<\/em> aufgef\u00fchrt, die zuletzt von der Kultusministerkonferenz im Juni 2023 ge\u00e4ndert wurde:<\/p>\n<p><span style=\"text-decoration: underline;\"><strong><a class=\"external-link-new-window\" title=\"\u00d6ffnet den internen Link im aktuellen Fenster\" href=\"https:\/\/www.kmk.org\/fileadmin\/pdf\/ZAB\/Hochschulzugang_Beschluesse_der_KMK\/283_Vereinb_Anerkenn_Int_Baccalaureate_Diploma-2023-06-15_Liste1-2023-10-01_Liste2-2023-03-01_DE.pdf\" target=\"_blank\" rel=\"noopener\">Vereinbarung \u00fcber die Anerkennung des &#8222;International Baccalaureate Diploma\/Dipl\u00f4me du Baccalaur\u00e9at International&#8220;<\/a> (Originaldokument)<\/strong><\/span><\/p>\n<p><span style=\"text-decoration: underline;\"><strong><a href=\"https:\/\/is-hr.de\/wp-content\/uploads\/2025\/02\/283_Vereinb_Anerkenn_Int_Baccalaureate_Diploma-2023-06-15_Liste1-2023-03-01_Liste2-2023-03-01-en.pdf\" target=\"_blank\" rel=\"noopener\">Abkommen \u00fcber die Anerkennung des &#8222;International Baccalaureate Diploma \/Dipl\u00f4me du<\/a><a href=\"https:\/\/is-hr.de\/wp-content\/uploads\/2025\/02\/283_Vereinb_Anerkenn_Int_Baccalaureate_Diploma-2023-06-15_Liste1-2023-03-01_Liste2-2023-03-01-en.pdf\" target=\"_blank\" rel=\"noopener\">Baccalaur\u00e9at<\/a><a href=\"https:\/\/is-hr.de\/wp-content\/uploads\/2025\/02\/283_Vereinb_Anerkenn_Int_Baccalaureate_Diploma-2023-06-15_Liste1-2023-03-01_Liste2-2023-03-01-en.pdf\" target=\"_blank\" rel=\"noopener\"> International&#8220;<\/a> (inoffizielle englische \u00dcbersetzung &gt; DeepL)<\/strong><\/span><\/p>\n<p>ISHR-Sch\u00fcler:innen erhalten bei der Auswahl ihrer Diplomkurse umfangreiche Unterst\u00fctzung durch den IB-Diplom-Koordinator und den Berater f\u00fcr akademische und universit\u00e4re Angelegenheiten. Die Anerkennung der deutschen Sprache ist einer von mehreren wichtigen Aspekten, die bei der Kursauswahl ber\u00fccksichtigt werden.<\/p>\n<\/div><\/section><\/p><\/div><p>[av_one_full first min_height='' vertical_alignment='av-align-top' space='' row_boxshadow_color='' row_boxshadow_width='10' custom_margin='aviaTBcustom_margin' margin='50px,0px' mobile_breaking='' border='' border_color='' radius='0px' radius_sync='true' padding='0px' padding_sync='true' column_boxshadow_color='' column_boxshadow_width='10' background='bg_color' background_color='#ffffff' background_gradient_color1='' background_gradient_color2='' background_gradient_direction='vertical' src='' attachment='' attachment_size='' background_position='top left' background_repeat='no-repeat' highlight_size='1.1' animation='' link='' linktarget='' link_hover='' title_attr='' alt_attr='' mobile_display='' id='' custom_class='' template_class='' aria_label='' element_template='' one_element_template='' av_uid='av-dfag3w' sc_version='1.0']<\/p>\n<p>[av_partner heading='' type='slider' columns='8' navigation='no' control_layout='av-control-default' nav_visibility_desktop='' nav_arrow_color='' nav_arrow_bg_color='' nav_dots_color='' nav_dot_active_color='' size='no scaling' img_size_behave='no_stretch' border='av-border-deactivate' img_border='' img_border_width='' img_border_width_sync='true' img_border_color='' border_radius='' border_radius_sync='true' box_shadow='' box_shadow_style='0px,0px,0px,0px' box_shadow_color='' padding='' padding_sync='true' animation='slide' transition_speed='' autoplay='true' interval='5' heading_tag='' heading_class='' img_scrset='' lazy_loading='disabled' el_id='' custom_class='' template_class='' element_template='' one_element_template='' av_uid='av-mj8gwbv0' sc_version='1.0']<br \/>\n[av_partner_logo id='919' hover='' link='manually,https:\/\/www.ecis.org\/' link_target='_blank' linktitle='' element_template='' one_element_template='' av_uid='' sc_version='1.0' id_dynamic='' link_dynamic='' ]<br \/>\n[av_partner_logo id='10967' id_dynamic='' hover='' link='manually,https:\/\/www.ecis.org\/' link_dynamic='' link_target='_blank' linktitle='' element_template='' one_element_template='' av_uid='' sc_version='1.0' ]<br \/>\n[av_partner_logo id='922' hover='' link='manually,https:\/\/www.ibo.org\/' linktitle='' link_target='_blank' element_template='' one_element_template='' av_uid='' sc_version='1.0' id_dynamic='' link_dynamic='' ]<br \/>\n[av_partner_logo id='924' hover='' link='manually,https:\/\/www.theptc.org\/' linktitle='' link_target='_blank' element_template='' one_element_template='' av_uid='' sc_version='1.0' id_dynamic='' link_dynamic='' ]<br \/>\n[av_partner_logo id='10105' id_dynamic='' hover='' link='manually,https:\/\/www.cois.org\/' link_dynamic='' link_target='_blank' linktitle='' element_template='' one_element_template='' av_uid='' sc_version='1.0' ]<br \/>\n[av_partner_logo id='1658' hover='' link='manually,https:\/\/agis-schools.org\/' linktitle='' link_target='_blank' element_template='' one_element_template='' av_uid='' sc_version='1.0' id_dynamic='' link_dynamic='' ]<br \/>\n[av_partner_logo id='10373' id_dynamic='' hover='' link='manually,https:\/\/www.duke-award.de' link_dynamic='' link_target='' linktitle='' element_template='' one_element_template='' av_uid='' sc_version='1.0' ]<br \/>\n[\/av_partner]<\/p>\n<p>[\/av_one_full]<\/p>\n<\/p>\n","protected":false},"excerpt":{"rendered":"","protected":false},"author":1,"featured_media":0,"parent":5532,"menu_order":0,"comment_status":"closed","ping_status":"closed","template":"","meta":{"footnotes":""},"class_list":["post-5534","page","type-page","status-publish","hentry"],"_links":{"self":[{"href":"https:\/\/is-hr.de\/de\/wp-json\/wp\/v2\/pages\/5534","targetHints":{"allow":["GET"]}}],"collection":[{"href":"https:\/\/is-hr.de\/de\/wp-json\/wp\/v2\/pages"}],"about":[{"href":"https:\/\/is-hr.de\/de\/wp-json\/wp\/v2\/types\/page"}],"author":[{"embeddable":true,"href":"https:\/\/is-hr.de\/de\/wp-json\/wp\/v2\/users\/1"}],"replies":[{"embeddable":true,"href":"https:\/\/is-hr.de\/de\/wp-json\/wp\/v2\/comments?post=5534"}],"version-history":[{"count":0,"href":"https:\/\/is-hr.de\/de\/wp-json\/wp\/v2\/pages\/5534\/revisions"}],"up":[{"embeddable":true,"href":"https:\/\/is-hr.de\/de\/wp-json\/wp\/v2\/pages\/5532"}],"wp:attachment":[{"href":"https:\/\/is-hr.de\/de\/wp-json\/wp\/v2\/media?parent=5534"}],"curies":[{"name":"wp","href":"https:\/\/api.w.org\/{rel}","templated":true}]}}