{"id":5522,"date":"2021-07-02T16:00:13","date_gmt":"2021-07-02T14:00:13","guid":{"rendered":"https:\/\/is-hr.de\/bildung\/diploma-programme\/2022-ib-diplom-ergebnisse\/"},"modified":"2025-08-04T13:45:38","modified_gmt":"2025-08-04T11:45:38","slug":"2022-ib-diplom-ergebnisse","status":"publish","type":"page","link":"https:\/\/is-hr.de\/de\/bildung\/diploma-programme\/2022-ib-diplom-ergebnisse\/","title":{"rendered":"IB-Diplom-Ergebnisse"},"content":{"rendered":"<div id='full_slider_1'  class='avia-fullwidth-slider main_color avia-shadow   avia-builder-el-0  el_before_av_textblock  avia-builder-el-first   container_wrap fullsize'  ><div  class='avia-slideshow av-llw1w6l2-d7109c9b924ade370843542e7e5b989b avia-slideshow-featured av_slideshow_full avia-slide-slider av-slideshow-ui av-control-default av-slideshow-manual av-loop-once av-loop-manual-endless av-default-height-applied   avia-slideshow-1' data-slideshow-options=\"{&quot;animation&quot;:&quot;slide&quot;,&quot;autoplay&quot;:false,&quot;loop_autoplay&quot;:&quot;once&quot;,&quot;interval&quot;:5,&quot;loop_manual&quot;:&quot;manual-endless&quot;,&quot;autoplay_stopper&quot;:false,&quot;noNavigation&quot;:false,&quot;bg_slider&quot;:false,&quot;keep_padding&quot;:false,&quot;hoverpause&quot;:false,&quot;show_slide_delay&quot;:0}\"  itemprop=\"image\" itemscope=\"itemscope\" itemtype=\"https:\/\/schema.org\/ImageObject\" ><ul class='avia-slideshow-inner ' style='padding-bottom: 28.666666666667%;'><li  class='avia-slideshow-slide av-llw1w6l2-d7109c9b924ade370843542e7e5b989b__0  av-single-slide slide-1 slide-odd'><div data-rel='slideshow-1' class='avia-slide-wrap '   ><img decoding=\"async\" fetchpriority=\"high\" class=\"wp-image-6014 avia-img-lazy-loading-not-6014\" src=\"https:\/\/is-hr.de\/wp-content\/uploads\/2023\/08\/ISHR23_GC273-1500x430.jpg\" width=\"1500\" height=\"430\" title=\"ISHR23_GC273\" alt=\"\" itemprop=\"thumbnailUrl\"><\/div><\/li><\/ul><\/div><\/div><div id='after_full_slider_1'  class='main_color av_default_container_wrap container_wrap fullsize'  ><div class='container av-section-cont-open' ><div class='template-page content  av-content-full alpha units'><div class='post-entry post-entry-type-page post-entry-5522'><div class='entry-content-wrapper clearfix'>\n<section  class='av_textblock_section av-94nz59-0cc2debc8ef305297d3b1129586deac9 '   itemscope=\"itemscope\" itemtype=\"https:\/\/schema.org\/CreativeWork\" ><div class='avia_textblock'  itemprop=\"text\" ><p style=\"text-align: left;\"><div class=\"breadcrumb breadcrumbs avia-breadcrumbs\"><div class=\"breadcrumb-trail\" ><span class=\"trail-before\"><span class=\"breadcrumb-title\">Du bist hier:<\/span><\/span> <span  itemscope=\"itemscope\" itemtype=\"https:\/\/schema.org\/BreadcrumbList\" ><span  itemscope=\"itemscope\" itemtype=\"https:\/\/schema.org\/ListItem\" itemprop=\"itemListElement\" ><a itemprop=\"url\" href=\"https:\/\/is-hr.de\/de\/\" title=\"ISHR\" rel=\"home\" class=\"trail-begin\"><span itemprop=\"name\">Startseite<\/span><\/a><span itemprop=\"position\" class=\"hidden\">1<\/span><\/span><\/span><\/div><\/div><\/p>\n<\/div><\/section>\n<p>\n<style type=\"text\/css\" data-created_by=\"avia_inline_auto\" id=\"style-css-av-90hrql-177b7324fa0f2d863df55d166d9c32be\">\n#top .flex_column.av-90hrql-177b7324fa0f2d863df55d166d9c32be{\nmargin-top:30px;\nmargin-bottom:0px;\n}\n.flex_column.av-90hrql-177b7324fa0f2d863df55d166d9c32be{\nborder-radius:0px 0px 0px 0px;\npadding:0px 0px 0px 0px;\n}\n.responsive #top #wrap_all .flex_column.av-90hrql-177b7324fa0f2d863df55d166d9c32be{\nmargin-top:30px;\nmargin-bottom:0px;\n}\n<\/style>\n<div  class='flex_column av-90hrql-177b7324fa0f2d863df55d166d9c32be av_one_full  avia-builder-el-2  el_after_av_textblock  el_before_av_one_full  first flex_column_div av-zero-column-padding  column-top-margin'     ><p>\n<style type=\"text\/css\" data-created_by=\"avia_inline_auto\" id=\"style-css-av-kr3rvjzf-b28c6484a00358d2ba5a2d48c34304d6\">\n#top .av-special-heading.av-kr3rvjzf-b28c6484a00358d2ba5a2d48c34304d6{\npadding-bottom:0;\n}\nbody .av-special-heading.av-kr3rvjzf-b28c6484a00358d2ba5a2d48c34304d6 .av-special-heading-tag .heading-char{\nfont-size:25px;\n}\n.av-special-heading.av-kr3rvjzf-b28c6484a00358d2ba5a2d48c34304d6 .av-subheading{\nfont-size:15px;\n}\n<\/style>\n<div  class='av-special-heading av-kr3rvjzf-b28c6484a00358d2ba5a2d48c34304d6 av-special-heading-h1 blockquote modern-quote modern-centered  avia-builder-el-3  el_before_av_hr  avia-builder-el-first '><h1 class='av-special-heading-tag '  itemprop=\"headline\"  >2025 IB-Diplom-Ergebnisse<\/h1><div class=\"special-heading-border\"><div class=\"special-heading-inner-border\"><\/div><\/div><\/div><br \/>\n\n<style type=\"text\/css\" data-created_by=\"avia_inline_auto\" id=\"style-css-av-8s91n1-9ac5e41bec1bc6912fb84f7b64e805df\">\n#top .hr.av-8s91n1-9ac5e41bec1bc6912fb84f7b64e805df{\nmargin-top:5px;\nmargin-bottom:30px;\n}\n.hr.av-8s91n1-9ac5e41bec1bc6912fb84f7b64e805df .hr-inner{\nwidth:60px;\nborder-color:#ed1c24;\n}\n<\/style>\n<div  class='hr av-8s91n1-9ac5e41bec1bc6912fb84f7b64e805df hr-custom  avia-builder-el-4  el_after_av_heading  el_before_av_textblock  hr-center hr-icon-no'><span class='hr-inner inner-border-av-border-fat'><span class=\"hr-inner-style\"><\/span><\/span><\/div><br \/>\n<section  class='av_textblock_section av-kr3rw5x0-09d38bb91d4012b2aae1e1aba8221b5d '   itemscope=\"itemscope\" itemtype=\"https:\/\/schema.org\/CreativeWork\" ><div class='avia_textblock'  itemprop=\"text\" ><p><span style=\"font-weight: 400;\">Die International School Hannover Region ist stolz darauf, die hervorragenden Ergebnisse unseres Abschlussjahrgangs 2025 bekanntzugeben. 55 Sch\u00fcler:innen haben im Jahr 2025 erfolgreich das vollst\u00e4ndige IB Diploma Programme abgeschlossen. <\/span><\/p>\n<p><span style=\"font-weight: 400;\">Die Absolventen, die das IB-Diplom-Programm absolviert haben, erreichten im Durchschnitt 32,72 Punkte, verglichen mit dem weltweiten Durchschnitt von <\/span><span style=\"font-weight: 400;\">30,58 <\/span>Punkten.<span style=\"font-weight: 400;\">. Um das Diplom zu erhalten, m\u00fcssen die Absolvent:innen mindestens 24 Punkte erreichen. Die H\u00f6chstpunktzahl, die vergeben werden kann, betr\u00e4gt 45 Punkte. An der ISHR reichten die Ergebnisse der IB Diploma-Absolvent:innen von 25 bis 43 Punkten. 69\u202f% unserer IB Diploma-Absolvent:innen erhielten ein Bilingual Diploma. Die durchschnittliche Einzelnotenbewertung der Absolvent:innen lag bei 5,19. Unsere Absolvent:innen des IB-Diplomprogramms sind f\u00fcr ihre individuellen und gemeinschaftlichen Leistungen zu loben.<\/span><\/p>\n<p><span style=\"font-weight: 400;\">An der ISHR sind wir als Schule ohne Auswahlverfahren stolz darauf, dass alle unsere Absolvent:innen den Erfolg hatten, das IB-Diplom zu erlangen. Wir gratulieren allen Absolvent:innen und danken allen Lehrer:innen, die unsere Sch\u00fcler:innen w\u00e4hrend ihrer akademischen Reise an der ISHR unterrichtet, unterst\u00fctzt und begleitet haben.<\/span><\/p>\n<\/div><\/section><\/p><\/div><div  class='flex_column av-blzlh-5fa12d1e2a33e258d548a5b0b03ad0e0 av_one_full  avia-builder-el-6  el_after_av_one_full  el_before_av_postcontent  avia-builder-el-last  first flex_column_div  column-top-margin'     ><style type=\"text\/css\" data-created_by=\"avia_inline_auto\" id=\"style-css-av-lycpufp0-cb12a06faff19cd53257cfd0a4e7f76b\">\n.avia-image-container.av-lycpufp0-cb12a06faff19cd53257cfd0a4e7f76b img.avia_image{\nbox-shadow:none;\n}\n.avia-image-container.av-lycpufp0-cb12a06faff19cd53257cfd0a4e7f76b .av-image-caption-overlay-center{\ncolor:#ffffff;\n}\n<\/style>\n<div  class='avia-image-container av-lycpufp0-cb12a06faff19cd53257cfd0a4e7f76b av-styling- avia-align-center  avia-builder-el-7  avia-builder-el-no-sibling '   itemprop=\"image\" itemscope=\"itemscope\" itemtype=\"https:\/\/schema.org\/ImageObject\" ><div class=\"avia-image-container-inner\"><div class=\"avia-image-overlay-wrap\"><img decoding=\"async\" fetchpriority=\"high\" class=\"wp-image-10533 avia-img-lazy-loading-not-10533 avia_image \" src=\"https:\/\/is-hr.de\/wp-content\/uploads\/2025\/07\/Graduation-2025.jpg\" alt=\"\" title=\"Graduation-2025\" height=\"1440\" width=\"2560\" itemprop=\"thumbnailUrl\" srcset=\"https:\/\/is-hr.de\/wp-content\/uploads\/2025\/07\/Graduation-2025.jpg 2560w, https:\/\/is-hr.de\/wp-content\/uploads\/2025\/07\/Graduation-2025-300x169.jpg 300w, https:\/\/is-hr.de\/wp-content\/uploads\/2025\/07\/Graduation-2025-1030x579.jpg 1030w, https:\/\/is-hr.de\/wp-content\/uploads\/2025\/07\/Graduation-2025-768x432.jpg 768w, https:\/\/is-hr.de\/wp-content\/uploads\/2025\/07\/Graduation-2025-1536x864.jpg 1536w, https:\/\/is-hr.de\/wp-content\/uploads\/2025\/07\/Graduation-2025-2048x1152.jpg 2048w, https:\/\/is-hr.de\/wp-content\/uploads\/2025\/07\/Graduation-2025-1500x844.jpg 1500w, https:\/\/is-hr.de\/wp-content\/uploads\/2025\/07\/Graduation-2025-705x397.jpg 705w\" sizes=\"(max-width: 2560px) 100vw, 2560px\"><\/div><\/div><\/div><\/div><\/p>\n<p>[av_one_full first min_height='' vertical_alignment='av-align-top' space='' row_boxshadow_color='' row_boxshadow_width='10' custom_margin='aviaTBcustom_margin' margin='50px,0px' mobile_breaking='' border='' border_color='' radius='0px' radius_sync='true' padding='0px' padding_sync='true' column_boxshadow_color='' column_boxshadow_width='10' background='bg_color' background_color='#ffffff' background_gradient_color1='' background_gradient_color2='' background_gradient_direction='vertical' src='' attachment='' attachment_size='' background_position='top left' background_repeat='no-repeat' highlight_size='1.1' animation='' link='' linktarget='' link_hover='' title_attr='' alt_attr='' mobile_display='' id='' custom_class='' template_class='' aria_label='' element_template='' one_element_template='' av_uid='av-dfag3w' sc_version='1.0']<\/p>\n<p>[av_partner heading='' type='slider' columns='8' navigation='no' control_layout='av-control-default' nav_visibility_desktop='' nav_arrow_color='' nav_arrow_bg_color='' nav_dots_color='' nav_dot_active_color='' size='no scaling' img_size_behave='no_stretch' border='av-border-deactivate' img_border='' img_border_width='' img_border_width_sync='true' img_border_color='' border_radius='' border_radius_sync='true' box_shadow='' box_shadow_style='0px,0px,0px,0px' box_shadow_color='' padding='' padding_sync='true' animation='slide' transition_speed='' autoplay='true' interval='5' heading_tag='' heading_class='' img_scrset='' lazy_loading='disabled' el_id='' custom_class='' template_class='' element_template='' one_element_template='' av_uid='av-mj8gwbv0' sc_version='1.0']<br \/>\n[av_partner_logo id='919' hover='' link='manually,https:\/\/www.ecis.org\/' link_target='_blank' linktitle='' element_template='' one_element_template='' av_uid='' sc_version='1.0' id_dynamic='' link_dynamic='' ]<br \/>\n[av_partner_logo id='10967' id_dynamic='' hover='' link='manually,https:\/\/www.ecis.org\/' link_dynamic='' link_target='_blank' linktitle='' element_template='' one_element_template='' av_uid='' sc_version='1.0' ]<br \/>\n[av_partner_logo id='922' hover='' link='manually,https:\/\/www.ibo.org\/' linktitle='' link_target='_blank' element_template='' one_element_template='' av_uid='' sc_version='1.0' id_dynamic='' link_dynamic='' ]<br \/>\n[av_partner_logo id='924' hover='' link='manually,https:\/\/www.theptc.org\/' linktitle='' link_target='_blank' element_template='' one_element_template='' av_uid='' sc_version='1.0' id_dynamic='' link_dynamic='' ]<br \/>\n[av_partner_logo id='10105' id_dynamic='' hover='' link='manually,https:\/\/www.cois.org\/' link_dynamic='' link_target='_blank' linktitle='' element_template='' one_element_template='' av_uid='' sc_version='1.0' ]<br \/>\n[av_partner_logo id='1658' hover='' link='manually,https:\/\/agis-schools.org\/' linktitle='' link_target='_blank' element_template='' one_element_template='' av_uid='' sc_version='1.0' id_dynamic='' link_dynamic='' ]<br \/>\n[av_partner_logo id='10373' id_dynamic='' hover='' link='manually,https:\/\/www.duke-award.de' link_dynamic='' link_target='' linktitle='' element_template='' one_element_template='' av_uid='' sc_version='1.0' ]<br \/>\n[\/av_partner]<\/p>\n<p>[\/av_one_full]<\/p>\n\n","protected":false},"excerpt":{"rendered":"","protected":false},"author":1,"featured_media":0,"parent":5519,"menu_order":0,"comment_status":"closed","ping_status":"closed","template":"","meta":{"footnotes":""},"class_list":["post-5522","page","type-page","status-publish","hentry"],"_links":{"self":[{"href":"https:\/\/is-hr.de\/de\/wp-json\/wp\/v2\/pages\/5522","targetHints":{"allow":["GET"]}}],"collection":[{"href":"https:\/\/is-hr.de\/de\/wp-json\/wp\/v2\/pages"}],"about":[{"href":"https:\/\/is-hr.de\/de\/wp-json\/wp\/v2\/types\/page"}],"author":[{"embeddable":true,"href":"https:\/\/is-hr.de\/de\/wp-json\/wp\/v2\/users\/1"}],"replies":[{"embeddable":true,"href":"https:\/\/is-hr.de\/de\/wp-json\/wp\/v2\/comments?post=5522"}],"version-history":[{"count":0,"href":"https:\/\/is-hr.de\/de\/wp-json\/wp\/v2\/pages\/5522\/revisions"}],"up":[{"embeddable":true,"href":"https:\/\/is-hr.de\/de\/wp-json\/wp\/v2\/pages\/5519"}],"wp:attachment":[{"href":"https:\/\/is-hr.de\/de\/wp-json\/wp\/v2\/media?parent=5522"}],"curies":[{"name":"wp","href":"https:\/\/api.w.org\/{rel}","templated":true}]}}