{"id":5510,"date":"2021-07-05T09:49:39","date_gmt":"2021-07-05T07:49:39","guid":{"rendered":"https:\/\/is-hr.de\/datenschutz\/"},"modified":"2024-05-06T16:22:57","modified_gmt":"2024-05-06T14:22:57","slug":"datenschutz","status":"publish","type":"page","link":"https:\/\/is-hr.de\/de\/datenschutz\/","title":{"rendered":"Datenschutz"},"content":{"rendered":"<section  class='av_textblock_section av-m4tve-90cd495457559960fee42ec7f24c1530 '   itemscope=\"itemscope\" itemtype=\"https:\/\/schema.org\/CreativeWork\" ><div class='avia_textblock'  itemprop=\"text\" ><p style=\"text-align: left;\"><div class=\"breadcrumb breadcrumbs avia-breadcrumbs\"><div class=\"breadcrumb-trail\" ><span class=\"trail-before\"><span class=\"breadcrumb-title\">Du bist hier:<\/span><\/span> <span  itemscope=\"itemscope\" itemtype=\"https:\/\/schema.org\/BreadcrumbList\" ><span  itemscope=\"itemscope\" itemtype=\"https:\/\/schema.org\/ListItem\" itemprop=\"itemListElement\" ><a itemprop=\"url\" href=\"https:\/\/is-hr.de\/de\/\" title=\"ISHR\" rel=\"home\" class=\"trail-begin\"><span itemprop=\"name\">Startseite<\/span><\/a><span itemprop=\"position\" class=\"hidden\">1<\/span><\/span><\/span><\/div><\/div><\/p>\n<\/div><\/section>\n\n<style type=\"text\/css\" data-created_by=\"avia_inline_auto\" id=\"style-css-av-czhe2-52288d1fe0b90165ca8711046cbd27b6\">\n#top .flex_column.av-czhe2-52288d1fe0b90165ca8711046cbd27b6{\nmargin-top:30px;\nmargin-bottom:0px;\n}\n.flex_column.av-czhe2-52288d1fe0b90165ca8711046cbd27b6{\nborder-radius:0px 0px 0px 0px;\npadding:0px 0px 0px 0px;\n}\n.responsive #top #wrap_all .flex_column.av-czhe2-52288d1fe0b90165ca8711046cbd27b6{\nmargin-top:30px;\nmargin-bottom:0px;\n}\n<\/style>\n<div  class='flex_column av-czhe2-52288d1fe0b90165ca8711046cbd27b6 av_one_full  avia-builder-el-1  el_after_av_textblock  el_before_av_one_full  first flex_column_div av-zero-column-padding  column-top-margin'     ><p>\n<style type=\"text\/css\" data-created_by=\"avia_inline_auto\" id=\"style-css-av-kr11sp96-e037cbe04ce51007c8c25048584139c1\">\n#top .av-special-heading.av-kr11sp96-e037cbe04ce51007c8c25048584139c1{\npadding-bottom:0;\n}\nbody .av-special-heading.av-kr11sp96-e037cbe04ce51007c8c25048584139c1 .av-special-heading-tag .heading-char{\nfont-size:25px;\n}\n.av-special-heading.av-kr11sp96-e037cbe04ce51007c8c25048584139c1 .av-subheading{\nfont-size:15px;\n}\n<\/style>\n<div  class='av-special-heading av-kr11sp96-e037cbe04ce51007c8c25048584139c1 av-special-heading-h1 blockquote modern-quote modern-centered  avia-builder-el-2  el_before_av_hr  avia-builder-el-first '><h1 class='av-special-heading-tag '  itemprop=\"headline\"  >Impressum<\/h1><div class=\"special-heading-border\"><div class=\"special-heading-inner-border\"><\/div><\/div><\/div><br \/>\n\n<style type=\"text\/css\" data-created_by=\"avia_inline_auto\" id=\"style-css-av-9ieay-ff5f6575bbc422371f7f73dce083b043\">\n#top .hr.av-9ieay-ff5f6575bbc422371f7f73dce083b043{\nmargin-top:5px;\nmargin-bottom:0px;\n}\n.hr.av-9ieay-ff5f6575bbc422371f7f73dce083b043 .hr-inner{\nwidth:60px;\nborder-color:#ed1c24;\n}\n<\/style>\n<div  class='hr av-9ieay-ff5f6575bbc422371f7f73dce083b043 hr-custom  avia-builder-el-3  el_after_av_heading  el_before_av_textblock  hr-center hr-icon-no'><span class='hr-inner inner-border-av-border-fat'><span class=\"hr-inner-style\"><\/span><\/span><\/div><br \/>\n<section  class='av_textblock_section av-kr11tf29-7fb547d8538b5a3b8fb0b154fd299b46 '   itemscope=\"itemscope\" itemtype=\"https:\/\/schema.org\/CreativeWork\" ><div class='avia_textblock'  itemprop=\"text\" ><p>Internationale Schule Hannover Region GmbH<br \/>\nBruchmeisterallee 6<br \/>\nD-30169 Hanover<br \/>\nDeutschland <br class=\"avia-permanent-lb\"><br \/>\nTelefon: +49 (0) 511 &#8211; 270 416 50<br \/>\nTelefax: +49 (0) 511 &#8211; 270 416 51<br \/>\nEmail: <a title=\"\u00d6ffnet den internen Link im aktuellen Fenster\" href=\"mailto:adminoffice@is-hr.de\" target=\"_blank\" rel=\"noopener\">adminoffice<\/a><\/p>\n<\/div><\/section><\/p><\/div>\n<p>\n<style type=\"text\/css\" data-created_by=\"avia_inline_auto\" id=\"style-css-av-rcv5u-7e29b050950b58c81e4e6e3da9dd1a89\">\n#top .flex_column.av-rcv5u-7e29b050950b58c81e4e6e3da9dd1a89{\nmargin-top:30px;\nmargin-bottom:0px;\n}\n.flex_column.av-rcv5u-7e29b050950b58c81e4e6e3da9dd1a89{\nborder-radius:0px 0px 0px 0px;\npadding:0px 0px 0px 0px;\n}\n.responsive #top #wrap_all .flex_column.av-rcv5u-7e29b050950b58c81e4e6e3da9dd1a89{\nmargin-top:30px;\nmargin-bottom:0px;\n}\n<\/style>\n<div  class='flex_column av-rcv5u-7e29b050950b58c81e4e6e3da9dd1a89 av_one_full  avia-builder-el-5  el_after_av_one_full  el_before_av_postcontent  avia-builder-el-last  first flex_column_div av-zero-column-padding  column-top-margin'     ><p>\n<style type=\"text\/css\" data-created_by=\"avia_inline_auto\" id=\"style-css-av-izx22-71244348c67c1b737c47418105b1b064\">\n#top .av-special-heading.av-izx22-71244348c67c1b737c47418105b1b064{\npadding-bottom:0;\n}\nbody .av-special-heading.av-izx22-71244348c67c1b737c47418105b1b064 .av-special-heading-tag .heading-char{\nfont-size:25px;\n}\n.av-special-heading.av-izx22-71244348c67c1b737c47418105b1b064 .av-subheading{\nfont-size:15px;\n}\n<\/style>\n<div  class='av-special-heading av-izx22-71244348c67c1b737c47418105b1b064 av-special-heading-h1 blockquote modern-quote modern-centered  avia-builder-el-6  el_before_av_hr  avia-builder-el-first '><h1 class='av-special-heading-tag '  itemprop=\"headline\"  >Datenschutz<\/h1><div class=\"special-heading-border\"><div class=\"special-heading-inner-border\"><\/div><\/div><\/div><br \/>\n\n<style type=\"text\/css\" data-created_by=\"avia_inline_auto\" id=\"style-css-av-d174a-4d971bc5698a2f6f95e621ef58d4b454\">\n#top .hr.av-d174a-4d971bc5698a2f6f95e621ef58d4b454{\nmargin-top:5px;\nmargin-bottom:0px;\n}\n.hr.av-d174a-4d971bc5698a2f6f95e621ef58d4b454 .hr-inner{\nwidth:60px;\nborder-color:#ed1c24;\n}\n<\/style>\n<div  class='hr av-d174a-4d971bc5698a2f6f95e621ef58d4b454 hr-custom  avia-builder-el-7  el_after_av_heading  el_before_av_textblock  hr-center hr-icon-no'><span class='hr-inner inner-border-av-border-fat'><span class=\"hr-inner-style\"><\/span><\/span><\/div><br \/>\n<section  class='av_textblock_section av-113ka-3391e7bd4a194de9b13fc6323b4453e5 '   itemscope=\"itemscope\" itemtype=\"https:\/\/schema.org\/CreativeWork\" ><div class='avia_textblock'  itemprop=\"text\" ><h4>Datenschutzerkl\u00e4rung<\/h4>\n<p>Der Schutz Ihrer Daten wird von uns sehr ernst genommen. Ihre pers\u00f6nlichen Daten werden<br \/>\nvertraulich, entsprechend der gesetzlichen Datenschutzvorschriften sowie dieser<br \/>\nDatenschutzerkl\u00e4rung behandelt. Ein l\u00fcckenloser Schutz der Daten vor dem Zugriff durch Dritte ist<br \/>\nnicht m\u00f6glich.<\/p>\n<h4>Verantwortliche Stelle<\/h4>\n<p>Verantwortlicher im Sinne der DSGVO und anderer nationaler Datenschutzgesetze der EU-<br \/>\nMitgliedstaaten sowie sonstiger datenschutzrechtlicher Bestimmungen ist:<\/p>\n<p>Internationale Schule Hannover Region GmbH<br \/>\nBruchmeisterallee 6<br \/>\n30169 Hannover<br \/>\n+49 (0) 511 &#8211; 270 416 50<br \/>\nadminoffice@is-hr.de<\/p>\n<h4>Verarbeitung personenbezogener Daten<\/h4>\n<p>Bei jedem Aufruf unserer Internetseite erfasst unser System automatisiert Daten und Informationen<br \/>\nvom Computersystem des aufrufenden Rechners. Folgende Daten werden hierbei erhoben:<\/p>\n<p>&#8211; Informationen \u00fcber den Browsertyp und die verwendete Version<br \/>\n&#8211; Das Betriebssystem des Nutzers<\/p>\n<p>&#8211; Der Internet-Service-Provider des Nutzers<br \/>\n&#8211; Die IP-Adresse des Nutzers<br \/>\n&#8211; Datum und Uhrzeit des Zugriffs<br \/>\n&#8211; Websites, von denen das System des Nutzers auf unsere Website gelangt<br \/>\n&#8211; Websites, die vom System des Nutzers \u00fcber unsere Website aufgerufen werden<\/p>\n<p>Die Daten werden ebenfalls in den Logfiles unseres Systems gespeichert.<br \/>\nEine Speicherung dieser Daten zusammen mit anderen personenbezogenen Daten des Nutzers findet<br \/>\nnicht statt.<\/p>\n<p>Rechtsgrundlage f\u00fcr die vor\u00fcbergehende Speicherung der Daten ist Art. 6 Abs. 1 Lit. f DSGVO. Die<br \/>\nvor\u00fcbergehende Speicherung der IP-Adresse durch das System ist notwendig, um eine Auslieferung<br \/>\nder Website an den Rechner des Nutzers zu erm\u00f6glichen. Hierf\u00fcr muss die IP-Adresse des Nutzers<br \/>\nf\u00fcr die Dauer der Sitzung gespeichert bleiben.<br \/>\nIn diesen Zwecken liegt auch unser berechtigtes Interesse an der Datenverarbeitung nach Art. 6 Abs.<br \/>\n1 Lit. f DSGVO.<\/p>\n<p>Die Daten werden gel\u00f6scht, sobald sie f\u00fcr die Erreichung des Zweckes ihrer Erhebung nicht mehr<br \/>\nerforderlich sind. Im Falle der Erfassung der Daten zur Bereitstellung der Website ist dies der Fall,<br \/>\nwenn die jeweilige Sitzung beendet ist.<\/p>\n<h4>Formulare<\/h4>\n<p>Die in den Formularen angegebenen, personenbezogenen Daten werden entsprechend des geltenden<br \/>\nZwecks verarbeitet und intern gespeichert. Rechtsgrundlage f\u00fcr diese stattfindende Verarbeitung<br \/>\npersonenbezogener Daten ist Art. 6 Abs. 1 Lit. a) DSGVO.<\/p>\n<h4>Google Analytics<\/h4>\n<p>Der Internetauftritt verwendet Google Analytics, einen Webanalysedienst der Google Inc. (&#8222;Google&#8220;).<br \/>\nGoogle Analytics verwendet sog. &#8222;Cookies&#8220;, Textdateien, die auf Ihrem Computer gespeichert werden<\/p>\n<p>und die eine Analyse der Benutzung der Website durch Sie erm\u00f6glichen. Die durch den Cookie<br \/>\nerzeugten Informationen \u00fcber Ihre Benutzung dieser Website werden in der Regel an einen Server von<br \/>\nGoogle in den USA \u00fcbertragen und dort gespeichert. Ihre IP-Adresse wird von Google innerhalb von<br \/>\nMitgliedstaaten der Europ\u00e4ischen Union und in anderen Vertragsstaaten des Abkommens \u00fcber den<br \/>\nEurop\u00e4ischen Wirtschaftsraum zuvor gek\u00fcrzt. Nur in Ausnahmef\u00e4llen wird die volle IP-Adresse an<br \/>\neinen Server von Google in den USA \u00fcbertragen und dort gek\u00fcrzt. Im Auftrag des Betreibers dieser<br \/>\nWebsite wird Google diese Informationen benutzen, um Ihre Nutzung der Website auszuwerten, um<br \/>\nBerichte \u00fcber die Websiteaktivit\u00e4ten zusammenstellen und um weitere mit der Websitenutzung und<br \/>\nder Internetnutzung verbundene Dienstleistungen gegen\u00fcber dem Websitebetreiber zu erbringen.<br \/>\nNach Aussage von Google wird die im Rahmen von Google Analytics von Ihrem Browser \u00fcbermittelte<br \/>\nIP-Adresse nicht mit anderen Daten von Google zusammengef\u00fchrt. Rechtsgrundlage f\u00fcr die hier<br \/>\nDie beschriebene Verarbeitung personenbezogener Daten ist Art. 6 Abs. 1 Lit. a) DSGVO.<br \/>\nWeitere Informationen hierzu finden Sie unter https:\/\/policies.google.com\/privacy?hl=de.<\/p>\n<h4>Google Maps<\/h4>\n<p>Diese Webseite verwendet Google Maps, einen Dienst der Google Inc. (&#8222;Google&#8220;), 1600 Amphitheatre<br \/>\nParkway, Mountain View, CA 94043, USA, zur Darstellung interaktiver Karten. Google erhebt ggf.<br \/>\nInformationen (auch personenbezogene Daten, wie z.B. Ihre IP-Adresse, verwendeter Browser und<br \/>\nBetriebssystem, Datum, Uhrzeit sowie Referrer-URL) und verarbeitet diese. Dabei kann nicht<br \/>\nausgeschlossen werden, dass Google die Informationen auch an einen Server in einem Drittland<br \/>\n\u00fcbermittelt.<\/p>\n<p>Rechtsgrundlage f\u00fcr die hier beschriebene Verarbeitung personenbezogener Daten ist Art. 6 Abs. 1 Lit.<br \/>\nf) DSGVO, bei Vorliegen einer Einwilligung des Nutzers Art. 6 Abs. 1 Lit. eine DSGVO. Es ist unser<br \/>\nBerechtigtes Interesse, unsere Website nutzerfreundlich zu gestalten und Ihnen den Weg zu uns zu weisen<br \/>\nso einfach wie m\u00f6glich zu machen.<\/p>\n<h4>Instagram Plug-In<\/h4>\n<p>Das Instagram Plug-In ist Teil von Instagram Inc., 1601 Willow Road, Menlo Park, CA, 94025, USA. Wenn<br \/>\nSie in Ihrem Instagram-Account eingeloggt sind, k\u00f6nnen Sie durch Anklicken des Instagram-Buttons die<br \/>\nInhalte unserer Seiten mit Ihrem Instagram-Profil verlinken. Dadurch kann Instagram den Besuch<br \/>\nunserer Seiten Ihrem Benutzerkonto zuordnen. Weitere Informationen finden Sie unter<br \/>\nhttp:\/\/instagram.com\/about\/legal\/privacy\/ entnehmen. Rechtsgrundlage f\u00fcr die hier beschriebene<br \/>\nDie Verarbeitung personenbezogener Daten ist Art. 6 Abs. 1 Lit. f) DSGVO, bei Vorliegen einer Einwilligung<br \/>\ndes Nutzers Art. 6 Abs. 1 Lit. eine DSGVO.<\/p>\n<h4>Cookies<\/h4>\n<p>Die Internetseiten verwenden so genannte Cookies. Cookies dienen dazu, unser Angebot<br \/>\nnutzerfreundlicher, effektiver und sicherer zu machen. Cookies sind kleine Textdateien, die auf Ihrem<br \/>\nRechner abgelegt werden und die Ihren Browser speichert.<\/p>\n<p>Weitere Informationen \u00fcber die verwendeten Cookies finden Sie in den Einstellungen des Cookie-.<br \/>\nBanner.<\/p>\n<h4>Sicherheit<\/h4>\n<p>Diese Website besitzt ein Sicherheitszertifikat und eine SSL-Verschl\u00fcsselung.<\/p>\n<h4>Ihre Rechte<\/h4>\n<p>Ihnen steht ein Auskunftsrecht \u00fcber alle personenbezogenen Daten zu, welche \u00fcber Sie gespeichert sind.<br \/>\nwurden. Ferner haben Sie einen Anspruch auf Berichtigung unrichtiger Daten, sowie die L\u00f6schung von<br \/>\nnicht mehr ben\u00f6tigten Daten, sofern sich aus anderen gesetzlichen Regelungen nicht eine Pflicht zur<br \/>\nAufbewahrung ergibt. In diesen F\u00e4llen steht Ihnen das Recht auf Widerruf zu. Au\u00dferdem steht Ihnen<br \/>\ndas Recht auf Beschwerde bei einer Aufsichtsbeh\u00f6rde, insbesondere in dem Mitgliedstaat Ihrer<br \/>\nAufenthaltsorts, Ihres Arbeitsplatzes oder des Orts des mutma\u00dflichen Versto\u00dfes, zu, wenn Sie der<\/p>\n<p>Ansicht sind, dass die Verarbeitung der Sie betreffenden personenbezogenen Daten gegen<br \/>\ndatenschutzrechtliche Vorschriften verst\u00f6\u00dft.<\/p>\n<p>Diese Datenschutzerkl\u00e4rung wurde von der interev GmbH erstellt.<\/p>\n<p>Bei Fragen zu unserem Datenschutz nehmen Sie bitte mit unserem externen Datenschutzbeauftragten Kontakt auf.<br \/>\nKontakt zu:<\/p>\n<p>Herr J\u00fcrgen Recha,<br \/>\nc\/o interev GmbH<br \/>\nRobert-Koch-Stra\u00dfe 55<br \/>\n30853 Langenhagen<br \/>\n05 11 \/ 89 79 84 10<br \/>\n<a href=\"mailto:datenschutz@interev.de\">datenschutz@interev.de<\/a><\/p>\n<\/div><\/section><\/p><\/div><p>[av_one_full first min_height='' vertical_alignment='av-align-top' space='' row_boxshadow_color='' row_boxshadow_width='10' custom_margin='aviaTBcustom_margin' margin='50px,0px' mobile_breaking='' border='' border_color='' radius='0px' radius_sync='true' padding='0px' padding_sync='true' column_boxshadow_color='' column_boxshadow_width='10' background='bg_color' background_color='#ffffff' background_gradient_color1='' background_gradient_color2='' background_gradient_direction='vertical' src='' attachment='' attachment_size='' background_position='top left' background_repeat='no-repeat' highlight_size='1.1' animation='' link='' linktarget='' link_hover='' title_attr='' alt_attr='' mobile_display='' id='' custom_class='' template_class='' aria_label='' element_template='' one_element_template='' av_uid='av-dfag3w' sc_version='1.0']<\/p>\n<p>[av_partner heading='' type='slider' columns='8' navigation='no' control_layout='av-control-default' nav_visibility_desktop='' nav_arrow_color='' nav_arrow_bg_color='' nav_dots_color='' nav_dot_active_color='' size='no scaling' img_size_behave='no_stretch' border='av-border-deactivate' img_border='' img_border_width='' img_border_width_sync='true' img_border_color='' border_radius='' border_radius_sync='true' box_shadow='' box_shadow_style='0px,0px,0px,0px' box_shadow_color='' padding='' padding_sync='true' animation='slide' transition_speed='' autoplay='true' interval='5' heading_tag='' heading_class='' img_scrset='' lazy_loading='disabled' el_id='' custom_class='' template_class='' element_template='' one_element_template='' av_uid='av-mj8gwbv0' sc_version='1.0']<br \/>\n[av_partner_logo id='919' hover='' link='manually,https:\/\/www.ecis.org\/' link_target='_blank' linktitle='' element_template='' one_element_template='' av_uid='' sc_version='1.0' id_dynamic='' link_dynamic='' ]<br \/>\n[av_partner_logo id='10967' id_dynamic='' hover='' link='manually,https:\/\/www.ecis.org\/' link_dynamic='' link_target='_blank' linktitle='' element_template='' one_element_template='' av_uid='' sc_version='1.0' ]<br \/>\n[av_partner_logo id='922' hover='' link='manually,https:\/\/www.ibo.org\/' linktitle='' link_target='_blank' element_template='' one_element_template='' av_uid='' sc_version='1.0' id_dynamic='' link_dynamic='' ]<br \/>\n[av_partner_logo id='924' hover='' link='manually,https:\/\/www.theptc.org\/' linktitle='' link_target='_blank' element_template='' one_element_template='' av_uid='' sc_version='1.0' id_dynamic='' link_dynamic='' ]<br \/>\n[av_partner_logo id='10105' id_dynamic='' hover='' link='manually,https:\/\/www.cois.org\/' link_dynamic='' link_target='_blank' linktitle='' element_template='' one_element_template='' av_uid='' sc_version='1.0' ]<br \/>\n[av_partner_logo id='1658' hover='' link='manually,https:\/\/agis-schools.org\/' linktitle='' link_target='_blank' element_template='' one_element_template='' av_uid='' sc_version='1.0' id_dynamic='' link_dynamic='' ]<br \/>\n[av_partner_logo id='10373' id_dynamic='' hover='' link='manually,https:\/\/www.duke-award.de' link_dynamic='' link_target='' linktitle='' element_template='' one_element_template='' av_uid='' sc_version='1.0' ]<br \/>\n[\/av_partner]<\/p>\n<p>[\/av_one_full]<\/p>\n<\/p>\n","protected":false},"excerpt":{"rendered":"","protected":false},"author":1,"featured_media":0,"parent":0,"menu_order":0,"comment_status":"closed","ping_status":"closed","template":"","meta":{"footnotes":""},"class_list":["post-5510","page","type-page","status-publish","hentry"],"_links":{"self":[{"href":"https:\/\/is-hr.de\/de\/wp-json\/wp\/v2\/pages\/5510","targetHints":{"allow":["GET"]}}],"collection":[{"href":"https:\/\/is-hr.de\/de\/wp-json\/wp\/v2\/pages"}],"about":[{"href":"https:\/\/is-hr.de\/de\/wp-json\/wp\/v2\/types\/page"}],"author":[{"embeddable":true,"href":"https:\/\/is-hr.de\/de\/wp-json\/wp\/v2\/users\/1"}],"replies":[{"embeddable":true,"href":"https:\/\/is-hr.de\/de\/wp-json\/wp\/v2\/comments?post=5510"}],"version-history":[{"count":0,"href":"https:\/\/is-hr.de\/de\/wp-json\/wp\/v2\/pages\/5510\/revisions"}],"wp:attachment":[{"href":"https:\/\/is-hr.de\/de\/wp-json\/wp\/v2\/media?parent=5510"}],"curies":[{"name":"wp","href":"https:\/\/api.w.org\/{rel}","templated":true}]}}