{"id":5496,"date":"2021-07-02T16:21:34","date_gmt":"2021-07-02T14:21:34","guid":{"rendered":"https:\/\/is-hr.de\/schulgemeinschaft\/elternbeirat\/"},"modified":"2023-08-28T10:46:44","modified_gmt":"2023-08-28T08:46:44","slug":"elternbeirat","status":"publish","type":"page","link":"https:\/\/is-hr.de\/de\/schulgemeinschaft\/elternbeirat\/","title":{"rendered":"Elternbeirat"},"content":{"rendered":"<div id='full_slider_1'  class='avia-fullwidth-slider main_color avia-shadow   avia-builder-el-0  el_before_av_textblock  avia-builder-el-first   container_wrap fullsize'  ><div  class='avia-slideshow av-kshch9wo-4af2edb41c07cbdf228dbdde18dad176 avia-slideshow-featured av_slideshow_full avia-slide-slider av-slideshow-ui av-control-default av-slideshow-manual av-loop-once av-loop-manual-endless av-default-height-applied   avia-slideshow-1' data-slideshow-options=\"{&quot;animation&quot;:&quot;slide&quot;,&quot;autoplay&quot;:false,&quot;loop_autoplay&quot;:&quot;once&quot;,&quot;interval&quot;:5,&quot;loop_manual&quot;:&quot;manual-endless&quot;,&quot;autoplay_stopper&quot;:false,&quot;noNavigation&quot;:false,&quot;bg_slider&quot;:false,&quot;keep_padding&quot;:false,&quot;hoverpause&quot;:false,&quot;show_slide_delay&quot;:0}\"  itemprop=\"image\" itemscope=\"itemscope\" itemtype=\"https:\/\/schema.org\/ImageObject\" ><ul class='avia-slideshow-inner ' style='padding-bottom: 28.666666666667%;'><li  class='avia-slideshow-slide av-kshch9wo-4af2edb41c07cbdf228dbdde18dad176__0  av-single-slide slide-1 slide-odd'><div data-rel='slideshow-1' class='avia-slide-wrap '   ><img decoding=\"async\" fetchpriority=\"high\" class=\"wp-image-4700 avia-img-lazy-loading-not-4700\" src=\"https:\/\/is-hr.de\/wp-content\/uploads\/2021\/08\/header-pta-1500x430.jpg\" width=\"1500\" height=\"430\" title=\"ISHR Shirts and gym bags\" alt=\"\" itemprop=\"thumbnailUrl\" srcset=\"https:\/\/is-hr.de\/wp-content\/uploads\/2021\/08\/header-pta.jpg 1500w, https:\/\/is-hr.de\/wp-content\/uploads\/2021\/08\/header-pta-300x86.jpg 300w, https:\/\/is-hr.de\/wp-content\/uploads\/2021\/08\/header-pta-1030x295.jpg 1030w, https:\/\/is-hr.de\/wp-content\/uploads\/2021\/08\/header-pta-768x220.jpg 768w, https:\/\/is-hr.de\/wp-content\/uploads\/2021\/08\/header-pta-705x202.jpg 705w\" sizes=\"(max-width: 1500px) 100vw, 1500px\"><\/div><\/li><\/ul><\/div><\/div><div id='after_full_slider_1'  class='main_color av_default_container_wrap container_wrap fullsize'  ><div class='container av-section-cont-open' ><div class='template-page content  av-content-full alpha units'><div class='post-entry post-entry-type-page post-entry-5496'><div class='entry-content-wrapper clearfix'>\n<section  class='av_textblock_section av-1f2g8a-8f3ade3554469468a10e005ee9d03c0e '   itemscope=\"itemscope\" itemtype=\"https:\/\/schema.org\/CreativeWork\" ><div class='avia_textblock'  itemprop=\"text\" ><p style=\"text-align: left;\"><div class=\"breadcrumb breadcrumbs avia-breadcrumbs\"><div class=\"breadcrumb-trail\" ><span class=\"trail-before\"><span class=\"breadcrumb-title\">Du bist hier:<\/span><\/span> <span  itemscope=\"itemscope\" itemtype=\"https:\/\/schema.org\/BreadcrumbList\" ><span  itemscope=\"itemscope\" itemtype=\"https:\/\/schema.org\/ListItem\" itemprop=\"itemListElement\" ><a itemprop=\"url\" href=\"https:\/\/is-hr.de\/de\/\" title=\"ISHR\" rel=\"home\" class=\"trail-begin\"><span itemprop=\"name\">Startseite<\/span><\/a><span itemprop=\"position\" class=\"hidden\">1<\/span><\/span><\/span><\/div><\/div><\/p>\n<\/div><\/section>\n\n<style type=\"text\/css\" data-created_by=\"avia_inline_auto\" id=\"style-css-av-19vc4a-bb0b368d10bc98bebeb3f902ec8b6370\">\n#top .flex_column.av-19vc4a-bb0b368d10bc98bebeb3f902ec8b6370{\nmargin-top:30px;\nmargin-bottom:0px;\n}\n.flex_column.av-19vc4a-bb0b368d10bc98bebeb3f902ec8b6370{\nborder-radius:0px 0px 0px 0px;\npadding:0px 0px 0px 0px;\n}\n.responsive #top #wrap_all .flex_column.av-19vc4a-bb0b368d10bc98bebeb3f902ec8b6370{\nmargin-top:30px;\nmargin-bottom:0px;\n}\n<\/style>\n<div  class='flex_column av-19vc4a-bb0b368d10bc98bebeb3f902ec8b6370 av_one_full  avia-builder-el-2  el_after_av_textblock  el_before_av_one_third  first flex_column_div av-zero-column-padding  column-top-margin'     ><p>\n<style type=\"text\/css\" data-created_by=\"avia_inline_auto\" id=\"style-css-av-kr4z3qab-64fda164f782c0e5fc9e34f038ca26ca\">\n#top .av-special-heading.av-kr4z3qab-64fda164f782c0e5fc9e34f038ca26ca{\npadding-bottom:0;\n}\nbody .av-special-heading.av-kr4z3qab-64fda164f782c0e5fc9e34f038ca26ca .av-special-heading-tag .heading-char{\nfont-size:25px;\n}\n.av-special-heading.av-kr4z3qab-64fda164f782c0e5fc9e34f038ca26ca .av-subheading{\nfont-size:15px;\n}\n<\/style>\n<div  class='av-special-heading av-kr4z3qab-64fda164f782c0e5fc9e34f038ca26ca av-special-heading-h1 blockquote modern-quote modern-centered  avia-builder-el-3  el_before_av_hr  avia-builder-el-first '><h1 class='av-special-heading-tag '  itemprop=\"headline\"  >Elternbeirat<\/h1><div class='av-subheading av-subheading_below'><p>(Parent Teacher Association)<\/p>\n<\/div><div class=\"special-heading-border\"><div class=\"special-heading-inner-border\"><\/div><\/div><\/div><br \/>\n\n<style type=\"text\/css\" data-created_by=\"avia_inline_auto\" id=\"style-css-av-12d0my-70080b65afb8586c678cf453d466ddee\">\n#top .hr.av-12d0my-70080b65afb8586c678cf453d466ddee{\nmargin-top:5px;\nmargin-bottom:30px;\n}\n.hr.av-12d0my-70080b65afb8586c678cf453d466ddee .hr-inner{\nwidth:60px;\nborder-color:#ed1c24;\n}\n<\/style>\n<div  class='hr av-12d0my-70080b65afb8586c678cf453d466ddee hr-custom  avia-builder-el-4  el_after_av_heading  el_before_av_textblock  hr-center hr-icon-no'><span class='hr-inner inner-border-av-border-fat'><span class=\"hr-inner-style\"><\/span><\/span><\/div><br \/>\n<section  class='av_textblock_section av-kr4z5t9g-1a2a2387399b0e0486ca4d2c72e3be6a '   itemscope=\"itemscope\" itemtype=\"https:\/\/schema.org\/CreativeWork\" ><div class='avia_textblock'  itemprop=\"text\" ><p>Der Elternbeirat der ISHR ist eine aktive und engagierte Organisation. W\u00e4hrend des Schuljahres unterst\u00fctzen und organisieren wir zahlreiche Veranstaltungen, um die Schulgemeinschaft zu f\u00f6rdern und Geld f\u00fcr die Schule zu sammeln. Die Mitgliedschaft im Elternbeirat erm\u00f6glicht es den Eltern, sich an der Bereicherung der Ausbildung ihres Kindes zu beteiligen.<\/p>\n<p>Wir sind eine Gruppe von Eltern, Lehrer:innen und Sch\u00fcler:innen, die sich aktiv an der Planung von Veranstaltungen f\u00fcr unsere Kinder und die Schule beteiligen. Wir sind immer auf der Suche nach motivierten Freiwilligen, die uns beim Ausbau unserer Schulgemeinschaft unterst\u00fctzen m\u00f6chten.<\/p>\n<p>Zwei unserer j\u00e4hrlichen Aktivit\u00e4ten sind das Pumpkin Patch und das Winter Wonderland. Der H\u00f6hepunkt unseres Jahres ist das Internationale Festival, mit dem wir die Vielfalt unserer Schulgemeinschaft feiern. Dazu geh\u00f6ren wunderbare internationale Speisen und Getr\u00e4nke, Spiele, Unterhaltung und eine Auktion. Diese Veranstaltung ist f\u00fcr alle offen, nicht nur f\u00fcr ISHR-Familien.<\/p>\n<p>Aktuelle Informationen zu unseren Aktivit\u00e4ten und Treffen finden Sie in unserem Newsletter oder in unserer Classlist-App.<\/p>\n<p>ZUSAMMEN mit Ihnen k\u00f6nnen wir Gro\u00dfes bewirken!<\/p>\n<p>Wenn Sie Fragen oder Anregungen haben oder unserer Classlist-Gruppe beitreten m\u00f6chten, senden Sie uns bitte eine <a href=\"mailto:pta@is-hr.de\" target=\"_blank\" rel=\"noopener\">E-Mail<\/a>.<\/p>\n<\/div><\/section><\/p><\/div>\n\n<style type=\"text\/css\" data-created_by=\"avia_inline_auto\" id=\"style-css-av-voigi-db820cf5a8c14f10d6ebacb9ca7fecbd\">\n.flex_column.av-voigi-db820cf5a8c14f10d6ebacb9ca7fecbd{\nborder-radius:0px 0px 0px 0px;\npadding:0px 0px 0px 0px;\n}\n<\/style>\n<div  class='flex_column av-voigi-db820cf5a8c14f10d6ebacb9ca7fecbd av_one_third  avia-builder-el-6  el_after_av_one_full  el_before_av_one_third  first flex_column_div av-zero-column-padding  column-top-margin'     ><style type=\"text\/css\" data-created_by=\"avia_inline_auto\" id=\"style-css-av-kr50mjds-ff9b98df5d69ae3de32dddcfd42c3778\">\n.avia-image-container.av-kr50mjds-ff9b98df5d69ae3de32dddcfd42c3778 img.avia_image{\nbox-shadow:none;\n}\n.avia-image-container.av-kr50mjds-ff9b98df5d69ae3de32dddcfd42c3778 .av-image-caption-overlay-center{\ncolor:#ffffff;\n}\n<\/style>\n<div  class='avia-image-container av-kr50mjds-ff9b98df5d69ae3de32dddcfd42c3778 av-styling- avia-align-center  avia-builder-el-7  avia-builder-el-no-sibling '   itemprop=\"image\" itemscope=\"itemscope\" itemtype=\"https:\/\/schema.org\/ImageObject\" ><div class=\"avia-image-container-inner\"><div class=\"avia-image-overlay-wrap\"><img decoding=\"async\" fetchpriority=\"high\" class=\"wp-image-4625 avia-img-lazy-loading-not-4625 avia_image \" src=\"https:\/\/is-hr.de\/wp-content\/uploads\/2021\/07\/pumpkin-patch-2019.jpg\" alt=\"\" title=\"Pumpkin Patch 2019\" height=\"350\" width=\"450\" itemprop=\"thumbnailUrl\" srcset=\"https:\/\/is-hr.de\/wp-content\/uploads\/2021\/07\/pumpkin-patch-2019.jpg 450w, https:\/\/is-hr.de\/wp-content\/uploads\/2021\/07\/pumpkin-patch-2019-300x233.jpg 300w\" sizes=\"(max-width: 450px) 100vw, 450px\"><\/div><\/div><\/div><\/div>\n\n<style type=\"text\/css\" data-created_by=\"avia_inline_auto\" id=\"style-css-av-qwt4q-99569bc1f33990ca31b4809aa31a3de3\">\n.flex_column.av-qwt4q-99569bc1f33990ca31b4809aa31a3de3{\nborder-radius:0px 0px 0px 0px;\npadding:0px 0px 0px 0px;\n}\n<\/style>\n<div  class='flex_column av-qwt4q-99569bc1f33990ca31b4809aa31a3de3 av_one_third  avia-builder-el-8  el_after_av_one_third  el_before_av_one_third  flex_column_div av-zero-column-padding  column-top-margin'     ><style type=\"text\/css\" data-created_by=\"avia_inline_auto\" id=\"style-css-av-kr50prrg-b16bf2ecbab22861ccd6d8fc398fa869\">\n.avia-image-container.av-kr50prrg-b16bf2ecbab22861ccd6d8fc398fa869 img.avia_image{\nbox-shadow:none;\n}\n.avia-image-container.av-kr50prrg-b16bf2ecbab22861ccd6d8fc398fa869 .av-image-caption-overlay-center{\ncolor:#ffffff;\n}\n<\/style>\n<div  class='avia-image-container av-kr50prrg-b16bf2ecbab22861ccd6d8fc398fa869 av-styling- avia-align-center  avia-builder-el-9  avia-builder-el-no-sibling '   itemprop=\"image\" itemscope=\"itemscope\" itemtype=\"https:\/\/schema.org\/ImageObject\" ><div class=\"avia-image-container-inner\"><div class=\"avia-image-overlay-wrap\"><img decoding=\"async\" fetchpriority=\"high\" class=\"wp-image-4626 avia-img-lazy-loading-not-4626 avia_image \" src=\"https:\/\/is-hr.de\/wp-content\/uploads\/2021\/07\/winter-wonderland-2019.jpg\" alt=\"\" title=\"Winter Wonderland 2019\" height=\"350\" width=\"450\" itemprop=\"thumbnailUrl\" srcset=\"https:\/\/is-hr.de\/wp-content\/uploads\/2021\/07\/winter-wonderland-2019.jpg 450w, https:\/\/is-hr.de\/wp-content\/uploads\/2021\/07\/winter-wonderland-2019-300x233.jpg 300w\" sizes=\"(max-width: 450px) 100vw, 450px\"><\/div><\/div><\/div><\/div>\n<p>\n<style type=\"text\/css\" data-created_by=\"avia_inline_auto\" id=\"style-css-av-7na2-052494ee2cf3c412644d540f6e30bede\">\n.flex_column.av-7na2-052494ee2cf3c412644d540f6e30bede{\nborder-radius:0px 0px 0px 0px;\npadding:0px 0px 0px 0px;\n}\n<\/style>\n<div  class='flex_column av-7na2-052494ee2cf3c412644d540f6e30bede av_one_third  avia-builder-el-10  el_after_av_one_third  el_before_av_one_full  flex_column_div av-zero-column-padding  column-top-margin'     ><style type=\"text\/css\" data-created_by=\"avia_inline_auto\" id=\"style-css-av-kr5114wx-f9ecdf4282e392935b7984b159eb2aa6\">\n.avia-image-container.av-kr5114wx-f9ecdf4282e392935b7984b159eb2aa6 img.avia_image{\nbox-shadow:none;\n}\n.avia-image-container.av-kr5114wx-f9ecdf4282e392935b7984b159eb2aa6 .av-image-caption-overlay-center{\ncolor:#ffffff;\n}\n<\/style>\n<div  class='avia-image-container av-kr5114wx-f9ecdf4282e392935b7984b159eb2aa6 av-styling- avia-align-center  avia-builder-el-11  avia-builder-el-no-sibling '   itemprop=\"image\" itemscope=\"itemscope\" itemtype=\"https:\/\/schema.org\/ImageObject\" ><div class=\"avia-image-container-inner\"><div class=\"avia-image-overlay-wrap\"><img decoding=\"async\" fetchpriority=\"high\" class=\"wp-image-5505 avia-img-lazy-loading-not-5505 avia_image \" src=\"https:\/\/is-hr.de\/wp-content\/uploads\/2023\/07\/IMG_5169-scaled.jpg\" alt=\"\" title=\"IMG_5169\" height=\"1920\" width=\"2560\" itemprop=\"thumbnailUrl\" srcset=\"https:\/\/is-hr.de\/wp-content\/uploads\/2023\/07\/IMG_5169-scaled.jpg 2560w, https:\/\/is-hr.de\/wp-content\/uploads\/2023\/07\/IMG_5169-300x225.jpg 300w, https:\/\/is-hr.de\/wp-content\/uploads\/2023\/07\/IMG_5169-1030x773.jpg 1030w, https:\/\/is-hr.de\/wp-content\/uploads\/2023\/07\/IMG_5169-768x576.jpg 768w, https:\/\/is-hr.de\/wp-content\/uploads\/2023\/07\/IMG_5169-1536x1152.jpg 1536w, https:\/\/is-hr.de\/wp-content\/uploads\/2023\/07\/IMG_5169-2048x1536.jpg 2048w, https:\/\/is-hr.de\/wp-content\/uploads\/2023\/07\/IMG_5169-1500x1125.jpg 1500w, https:\/\/is-hr.de\/wp-content\/uploads\/2023\/07\/IMG_5169-705x529.jpg 705w\" sizes=\"(max-width: 2560px) 100vw, 2560px\"><\/div><\/div><\/div><\/div>\n<style type=\"text\/css\" data-created_by=\"avia_inline_auto\" id=\"style-css-av-1qpj6-3496663370752e5abb7a135876815316\">\n.flex_column.av-1qpj6-3496663370752e5abb7a135876815316{\nborder-radius:0px 0px 0px 0px;\npadding:0px 0px 0px 0px;\n}\n<\/style>\n<div  class='flex_column av-1qpj6-3496663370752e5abb7a135876815316 av_one_full  avia-builder-el-12  el_after_av_one_third  el_before_av_hr  first flex_column_div av-zero-column-padding  column-top-margin'     ><section  class='av_textblock_section av-kr50nm94-0924defaf26fe1fd7ba804f22288a68e '   itemscope=\"itemscope\" itemtype=\"https:\/\/schema.org\/CreativeWork\" ><div class='avia_textblock'  itemprop=\"text\" ><p style=\"text-align: center;\"><em><strong>Nehmen Sie gerne an unseren monatlichen Treffen teil und bringen Sie Ihre Ideen und Ratschl\u00e4ge ein! <\/strong><\/em><\/p>\n<p style=\"text-align: center;\"><em><strong>Wir freuen uns darauf, gemeinsam daran zu arbeiten, unsere ISHR-Schulgemeinschaft st\u00e4rker denn je zu machen!<\/strong><\/em><\/p>\n<\/div><\/section><\/div><\/p>\n\n<style type=\"text\/css\" data-created_by=\"avia_inline_auto\" id=\"style-css-av-8lqa2-51e304f345e67d475044d5ac7f1eacfd\">\n#top .hr.hr-invisible.av-8lqa2-51e304f345e67d475044d5ac7f1eacfd{\nheight:20px;\n}\n<\/style>\n<div  class='hr av-8lqa2-51e304f345e67d475044d5ac7f1eacfd hr-invisible  avia-builder-el-14  el_after_av_one_full  el_before_av_postcontent  avia-builder-el-last '><span class='hr-inner '><span class=\"hr-inner-style\"><\/span><\/span><\/div>\n<p>[av_one_full first min_height='' vertical_alignment='av-align-top' space='' row_boxshadow_color='' row_boxshadow_width='10' custom_margin='aviaTBcustom_margin' margin='50px,0px' mobile_breaking='' border='' border_color='' radius='0px' radius_sync='true' padding='0px' padding_sync='true' column_boxshadow_color='' column_boxshadow_width='10' background='bg_color' background_color='#ffffff' background_gradient_color1='' background_gradient_color2='' background_gradient_direction='vertical' src='' attachment='' attachment_size='' background_position='top left' background_repeat='no-repeat' highlight_size='1.1' animation='' link='' linktarget='' link_hover='' title_attr='' alt_attr='' mobile_display='' id='' custom_class='' template_class='' aria_label='' element_template='' one_element_template='' av_uid='av-dfag3w' sc_version='1.0']<\/p>\n<p>[av_partner heading='' type='slider' columns='8' navigation='no' control_layout='av-control-default' nav_visibility_desktop='' nav_arrow_color='' nav_arrow_bg_color='' nav_dots_color='' nav_dot_active_color='' size='no scaling' img_size_behave='no_stretch' border='av-border-deactivate' img_border='' img_border_width='' img_border_width_sync='true' img_border_color='' border_radius='' border_radius_sync='true' box_shadow='' box_shadow_style='0px,0px,0px,0px' box_shadow_color='' padding='' padding_sync='true' animation='slide' transition_speed='' autoplay='true' interval='5' heading_tag='' heading_class='' img_scrset='' lazy_loading='disabled' el_id='' custom_class='' template_class='' element_template='' one_element_template='' av_uid='av-mj8gwbv0' sc_version='1.0']<br \/>\n[av_partner_logo id='919' hover='' link='manually,https:\/\/www.ecis.org\/' link_target='_blank' linktitle='' element_template='' one_element_template='' av_uid='' sc_version='1.0' id_dynamic='' link_dynamic='' ]<br \/>\n[av_partner_logo id='10967' id_dynamic='' hover='' link='manually,https:\/\/www.ecis.org\/' link_dynamic='' link_target='_blank' linktitle='' element_template='' one_element_template='' av_uid='' sc_version='1.0' ]<br \/>\n[av_partner_logo id='922' hover='' link='manually,https:\/\/www.ibo.org\/' linktitle='' link_target='_blank' element_template='' one_element_template='' av_uid='' sc_version='1.0' id_dynamic='' link_dynamic='' ]<br \/>\n[av_partner_logo id='924' hover='' link='manually,https:\/\/www.theptc.org\/' linktitle='' link_target='_blank' element_template='' one_element_template='' av_uid='' sc_version='1.0' id_dynamic='' link_dynamic='' ]<br \/>\n[av_partner_logo id='10105' id_dynamic='' hover='' link='manually,https:\/\/www.cois.org\/' link_dynamic='' link_target='_blank' linktitle='' element_template='' one_element_template='' av_uid='' sc_version='1.0' ]<br \/>\n[av_partner_logo id='1658' hover='' link='manually,https:\/\/agis-schools.org\/' linktitle='' link_target='_blank' element_template='' one_element_template='' av_uid='' sc_version='1.0' id_dynamic='' link_dynamic='' ]<br \/>\n[av_partner_logo id='10373' id_dynamic='' hover='' link='manually,https:\/\/www.duke-award.de' link_dynamic='' link_target='' linktitle='' element_template='' one_element_template='' av_uid='' sc_version='1.0' ]<br \/>\n[\/av_partner]<\/p>\n<p>[\/av_one_full]<\/p>\n\n","protected":false},"excerpt":{"rendered":"","protected":false},"author":1,"featured_media":0,"parent":5474,"menu_order":0,"comment_status":"closed","ping_status":"closed","template":"","meta":{"footnotes":""},"class_list":["post-5496","page","type-page","status-publish","hentry"],"_links":{"self":[{"href":"https:\/\/is-hr.de\/de\/wp-json\/wp\/v2\/pages\/5496","targetHints":{"allow":["GET"]}}],"collection":[{"href":"https:\/\/is-hr.de\/de\/wp-json\/wp\/v2\/pages"}],"about":[{"href":"https:\/\/is-hr.de\/de\/wp-json\/wp\/v2\/types\/page"}],"author":[{"embeddable":true,"href":"https:\/\/is-hr.de\/de\/wp-json\/wp\/v2\/users\/1"}],"replies":[{"embeddable":true,"href":"https:\/\/is-hr.de\/de\/wp-json\/wp\/v2\/comments?post=5496"}],"version-history":[{"count":0,"href":"https:\/\/is-hr.de\/de\/wp-json\/wp\/v2\/pages\/5496\/revisions"}],"up":[{"embeddable":true,"href":"https:\/\/is-hr.de\/de\/wp-json\/wp\/v2\/pages\/5474"}],"wp:attachment":[{"href":"https:\/\/is-hr.de\/de\/wp-json\/wp\/v2\/media?parent=5496"}],"curies":[{"name":"wp","href":"https:\/\/api.w.org\/{rel}","templated":true}]}}