{"id":5491,"date":"2021-07-20T11:07:34","date_gmt":"2021-07-20T09:07:34","guid":{"rendered":"https:\/\/is-hr.de\/schulgemeinschaft\/foerderverein\/"},"modified":"2024-03-04T12:21:04","modified_gmt":"2024-03-04T11:21:04","slug":"foerderverein","status":"publish","type":"page","link":"https:\/\/is-hr.de\/de\/schulgemeinschaft\/foerderverein\/","title":{"rendered":"Friends of ISHR"},"content":{"rendered":"<div id='full_slider_1'  class='avia-fullwidth-slider main_color avia-shadow   avia-builder-el-0  el_before_av_textblock  avia-builder-el-first   container_wrap fullsize'  ><div  class='avia-slideshow av-ljo1nqfy-cfc30ad7d4107788522e50de2955bd72 avia-slideshow-featured av_slideshow_full avia-slide-slider av-slideshow-ui av-control-default av-slideshow-manual av-loop-once av-loop-manual-endless av-default-height-applied   avia-slideshow-1' data-slideshow-options=\"{&quot;animation&quot;:&quot;slide&quot;,&quot;autoplay&quot;:false,&quot;loop_autoplay&quot;:&quot;once&quot;,&quot;interval&quot;:5,&quot;loop_manual&quot;:&quot;manual-endless&quot;,&quot;autoplay_stopper&quot;:false,&quot;noNavigation&quot;:false,&quot;bg_slider&quot;:false,&quot;keep_padding&quot;:false,&quot;hoverpause&quot;:false,&quot;show_slide_delay&quot;:0}\"  itemprop=\"image\" itemscope=\"itemscope\" itemtype=\"https:\/\/schema.org\/ImageObject\" ><ul class='avia-slideshow-inner ' style='padding-bottom: 28.666666666667%;'><li  class='avia-slideshow-slide av-ljo1nqfy-cfc30ad7d4107788522e50de2955bd72__0  slide-1 slide-odd'><div data-rel='slideshow-1' class='avia-slide-wrap '   ><img decoding=\"async\" fetchpriority=\"high\" class=\"wp-image-5158 avia-img-lazy-loading-not-5158\" src=\"https:\/\/is-hr.de\/wp-content\/uploads\/2023\/07\/Forderverein.jpeg\" width=\"1500\" height=\"430\" title=\"Fo\u0308rderverein\" alt=\"\" itemprop=\"thumbnailUrl\" srcset=\"https:\/\/is-hr.de\/wp-content\/uploads\/2023\/07\/Forderverein.jpeg 1500w, https:\/\/is-hr.de\/wp-content\/uploads\/2023\/07\/Forderverein-300x86.jpeg 300w, https:\/\/is-hr.de\/wp-content\/uploads\/2023\/07\/Forderverein-1030x295.jpeg 1030w, https:\/\/is-hr.de\/wp-content\/uploads\/2023\/07\/Forderverein-768x220.jpeg 768w, https:\/\/is-hr.de\/wp-content\/uploads\/2023\/07\/Forderverein-705x202.jpeg 705w\" sizes=\"(max-width: 1500px) 100vw, 1500px\"><\/div><\/li><li  class='avia-slideshow-slide av-ljo1nqfy-cfc30ad7d4107788522e50de2955bd72__1  slide-2 slide-even'><div data-rel='slideshow-1' class='avia-slide-wrap '   ><img decoding=\"async\" fetchpriority=\"high\" class=\"wp-image-4704 avia-img-lazy-loading-not-4704\" src=\"https:\/\/is-hr.de\/wp-content\/uploads\/2021\/08\/header-foerderverein-1500x430.jpg\" width=\"1500\" height=\"430\" title=\"Primary students constructing\" alt=\"\" itemprop=\"thumbnailUrl\" srcset=\"https:\/\/is-hr.de\/wp-content\/uploads\/2021\/08\/header-foerderverein.jpg 1500w, https:\/\/is-hr.de\/wp-content\/uploads\/2021\/08\/header-foerderverein-300x86.jpg 300w, https:\/\/is-hr.de\/wp-content\/uploads\/2021\/08\/header-foerderverein-1030x295.jpg 1030w, https:\/\/is-hr.de\/wp-content\/uploads\/2021\/08\/header-foerderverein-768x220.jpg 768w, https:\/\/is-hr.de\/wp-content\/uploads\/2021\/08\/header-foerderverein-705x202.jpg 705w\" sizes=\"(max-width: 1500px) 100vw, 1500px\"><\/div><\/li><\/ul><div class='avia-slideshow-arrows avia-slideshow-controls' ><a href='#prev' class='prev-slide ' aria-hidden='true' data-av_icon='\ue87c' data-av_iconfont='entypo-fontello'  tabindex='-1'>Zur\u00fcck<\/a><a href='#next' class='next-slide ' aria-hidden='true' data-av_icon='\ue87d' data-av_iconfont='entypo-fontello'  tabindex='-1'>Weiter<\/a><\/div><div class='avia-slideshow-dots avia-slideshow-controls'><a href='#1' class='goto-slide active' >1<\/a><a href='#2' class='goto-slide ' >2<\/a><\/div><\/div><\/div><div id='after_full_slider_1'  class='main_color av_default_container_wrap container_wrap fullsize'  ><div class='container av-section-cont-open' ><div class='template-page content  av-content-full alpha units'><div class='post-entry post-entry-type-page post-entry-5491'><div class='entry-content-wrapper clearfix'>\n<section  class='av_textblock_section av-20bnam-681cdf1c2b543485f615391f4b99271c '   itemscope=\"itemscope\" itemtype=\"https:\/\/schema.org\/CreativeWork\" ><div class='avia_textblock'  itemprop=\"text\" ><p style=\"text-align: left;\"><div class=\"breadcrumb breadcrumbs avia-breadcrumbs\"><div class=\"breadcrumb-trail\" ><span class=\"trail-before\"><span class=\"breadcrumb-title\">Du bist hier:<\/span><\/span> <span  itemscope=\"itemscope\" itemtype=\"https:\/\/schema.org\/BreadcrumbList\" ><span  itemscope=\"itemscope\" itemtype=\"https:\/\/schema.org\/ListItem\" itemprop=\"itemListElement\" ><a itemprop=\"url\" href=\"https:\/\/is-hr.de\/de\/\" title=\"ISHR\" rel=\"home\" class=\"trail-begin\"><span itemprop=\"name\">Startseite<\/span><\/a><span itemprop=\"position\" class=\"hidden\">1<\/span><\/span><\/span><\/div><\/div><\/p>\n<\/div><\/section>\n\n<style type=\"text\/css\" data-created_by=\"avia_inline_auto\" id=\"style-css-av-1whyi6-20e579eef36b29d760328744d03abfde\">\n#top .flex_column.av-1whyi6-20e579eef36b29d760328744d03abfde{\nmargin-top:30px;\nmargin-bottom:0px;\n}\n.flex_column.av-1whyi6-20e579eef36b29d760328744d03abfde{\nborder-radius:0px 0px 0px 0px;\npadding:0px 0px 0px 0px;\n}\n.responsive #top #wrap_all .flex_column.av-1whyi6-20e579eef36b29d760328744d03abfde{\nmargin-top:30px;\nmargin-bottom:0px;\n}\n<\/style>\n<div  class='flex_column av-1whyi6-20e579eef36b29d760328744d03abfde av_one_full  avia-builder-el-2  el_after_av_textblock  el_before_av_hr  first flex_column_div av-zero-column-padding  column-top-margin'     ><p>\n<style type=\"text\/css\" data-created_by=\"avia_inline_auto\" id=\"style-css-av-kr51416k-a821d2903248cfa5e1bef35e6a34a003\">\n#top .av-special-heading.av-kr51416k-a821d2903248cfa5e1bef35e6a34a003{\npadding-bottom:0;\n}\nbody .av-special-heading.av-kr51416k-a821d2903248cfa5e1bef35e6a34a003 .av-special-heading-tag .heading-char{\nfont-size:25px;\n}\n.av-special-heading.av-kr51416k-a821d2903248cfa5e1bef35e6a34a003 .av-subheading{\nfont-size:15px;\n}\n<\/style>\n<div  class='av-special-heading av-kr51416k-a821d2903248cfa5e1bef35e6a34a003 av-special-heading-h1 blockquote modern-quote modern-centered  avia-builder-el-3  el_before_av_hr  avia-builder-el-first '><h1 class='av-special-heading-tag '  itemprop=\"headline\"  >Friends of ISHR<\/h1><div class=\"special-heading-border\"><div class=\"special-heading-inner-border\"><\/div><\/div><\/div><br \/>\n\n<style type=\"text\/css\" data-created_by=\"avia_inline_auto\" id=\"style-css-av-1srpxy-2c7059d6171623f515fd9b5b7f87b510\">\n#top .hr.av-1srpxy-2c7059d6171623f515fd9b5b7f87b510{\nmargin-top:5px;\nmargin-bottom:30px;\n}\n.hr.av-1srpxy-2c7059d6171623f515fd9b5b7f87b510 .hr-inner{\nwidth:60px;\nborder-color:#ed1c24;\n}\n<\/style>\n<div  class='hr av-1srpxy-2c7059d6171623f515fd9b5b7f87b510 hr-custom  avia-builder-el-4  el_after_av_heading  el_before_av_textblock  hr-center hr-icon-no'><span class='hr-inner inner-border-av-border-fat'><span class=\"hr-inner-style\"><\/span><\/span><\/div><br \/>\n<section  class='av_textblock_section av-kr514t3y-159077dd9edacbf850a4749fc7685e9c '   itemscope=\"itemscope\" itemtype=\"https:\/\/schema.org\/CreativeWork\" ><div class='avia_textblock'  itemprop=\"text\" ><p>&#8222;Friends of ISHR&#8220; ist eine gemeinn\u00fctzige Organisation, die sich der Verbesserung unserer Schule und des Lebens der Sch\u00fcler widmet. Unabh\u00e4ngig davon, ob die Spende 10 oder 100 Euro betr\u00e4gt, haben alle Gelder einen direkten Einfluss auf den Unterricht und das Lernen an unserer Schule. Sie unterst\u00fctzen Familien mit Stipendien und finanzieren den Bau unseres MakerSpace oder unterst\u00fctzen neue Projekte. Bitte erw\u00e4gen Sie, in beliebiger H\u00f6he an &#8222;Friends of ISHR&#8220; zu spenden; es macht einen Unterschied!<\/p>\n<div class=\"row\">\n<div class=\"small-12 column\">\n<div id=\"c965\" class=\"frame frame-default frame-type-textmedia frame-layout-0\">\n<div class=\"ce-textpic ce-right ce-intext\">\n<div class=\"ce-bodytext\"><\/div>\n<\/div>\n<\/div>\n<\/div>\n<\/div>\n<div class=\"row\"><\/div>\n<\/div><\/section><\/p><\/div>\n\n<style type=\"text\/css\" data-created_by=\"avia_inline_auto\" id=\"style-css-av-1kcv5y-c1045b97ee724fac40ca49e552956687\">\n#top .hr.hr-invisible.av-1kcv5y-c1045b97ee724fac40ca49e552956687{\nheight:20px;\n}\n<\/style>\n<div  class='hr av-1kcv5y-c1045b97ee724fac40ca49e552956687 hr-invisible  avia-builder-el-6  el_after_av_one_full  el_before_av_one_full '><span class='hr-inner '><span class=\"hr-inner-style\"><\/span><\/span><\/div>\n\n<style type=\"text\/css\" data-created_by=\"avia_inline_auto\" id=\"style-css-av-1cyapq-15a1bfb09e4c4240ec25f97e07b22db0\">\n#top .flex_column.av-1cyapq-15a1bfb09e4c4240ec25f97e07b22db0{\nmargin-top:30px;\nmargin-bottom:0px;\n}\n.flex_column.av-1cyapq-15a1bfb09e4c4240ec25f97e07b22db0{\nborder-radius:0px 0px 0px 0px;\npadding:0px 0px 0px 0px;\n}\n.responsive #top #wrap_all .flex_column.av-1cyapq-15a1bfb09e4c4240ec25f97e07b22db0{\nmargin-top:30px;\nmargin-bottom:0px;\n}\n<\/style>\n<div  class='flex_column av-1cyapq-15a1bfb09e4c4240ec25f97e07b22db0 av_one_full  avia-builder-el-7  el_after_av_hr  el_before_av_hr  first flex_column_div av-zero-column-padding  '     ><p>\n<style type=\"text\/css\" data-created_by=\"avia_inline_auto\" id=\"style-css-av-4ky32-834d5b4076c0f943b4330aa0a15a1e04\">\n#top .hr.av-4ky32-834d5b4076c0f943b4330aa0a15a1e04{\nmargin-top:5px;\nmargin-bottom:30px;\n}\n.hr.av-4ky32-834d5b4076c0f943b4330aa0a15a1e04 .hr-inner{\nwidth:60px;\nborder-color:#ed1c24;\n}\n<\/style>\n<div  class='hr av-4ky32-834d5b4076c0f943b4330aa0a15a1e04 hr-custom  avia-builder-el-8  el_before_av_textblock  avia-builder-el-first  hr-center hr-icon-no'><span class='hr-inner inner-border-av-border-fat'><span class=\"hr-inner-style\"><\/span><\/span><\/div><br \/>\n<section  class='av_textblock_section av-kr5169im-99221eabdbe52ec0169da54ee876ff6a '   itemscope=\"itemscope\" itemtype=\"https:\/\/schema.org\/CreativeWork\" ><div class='avia_textblock'  itemprop=\"text\" ><p>Der F\u00f6rderverein hilft der ISHR auf vielf\u00e4ltige Weise: Er hat den Bau unseres MakerSpace in der Grundschule, die Ausstattung des HANOLE-Gartens, die naturwissenschaftlich-technische Ausstattung unserer Klassenzimmer und die Vergabe von Sch\u00fclerstipendien f\u00fcr bed\u00fcrftige Familien erm\u00f6glicht. Lesen Sie hier mehr \u00fcber den F\u00f6rderverein.<\/p>\n<\/div><\/section><br \/>\n<\/p><\/div>\n\n<style type=\"text\/css\" data-created_by=\"avia_inline_auto\" id=\"style-css-av-135ufy-b5daad5d159796a63b5c44b6c032cf4c\">\n#top .hr.hr-invisible.av-135ufy-b5daad5d159796a63b5c44b6c032cf4c{\nheight:20px;\n}\n<\/style>\n<div  class='hr av-135ufy-b5daad5d159796a63b5c44b6c032cf4c hr-invisible  avia-builder-el-11  el_after_av_one_full  el_before_av_one_full '><span class='hr-inner '><span class=\"hr-inner-style\"><\/span><\/span><\/div>\n\n<style type=\"text\/css\" data-created_by=\"avia_inline_auto\" id=\"style-css-av-xgljy-da6d11aabb208850beb4ce1fbdfca815\">\n#top .flex_column.av-xgljy-da6d11aabb208850beb4ce1fbdfca815{\nmargin-top:30px;\nmargin-bottom:0px;\n}\n.flex_column.av-xgljy-da6d11aabb208850beb4ce1fbdfca815{\nborder-radius:0px 0px 0px 0px;\npadding:0px 0px 0px 0px;\n}\n.responsive #top #wrap_all .flex_column.av-xgljy-da6d11aabb208850beb4ce1fbdfca815{\nmargin-top:30px;\nmargin-bottom:0px;\n}\n<\/style>\n<div  class='flex_column av-xgljy-da6d11aabb208850beb4ce1fbdfca815 av_one_full  avia-builder-el-12  el_after_av_hr  el_before_av_one_half  first flex_column_div av-zero-column-padding  '     ><section  class='av_textblock_section av-kr519mhq-25fa7685d7532e639e8e58b68a8ba6b0 '   itemscope=\"itemscope\" itemtype=\"https:\/\/schema.org\/CreativeWork\" ><div class='avia_textblock'  itemprop=\"text\" ><h3>WIE KANN ICH MITGLIED WERDEN?<\/h3>\n<p>Sie sind herzlich eingeladen, Mitglied der internationalen Community zu werden, indem Sie sich &#8222;Friends of ISHR&#8220; anschlie\u00dfen. Sie werden nicht nur das kontinuierliche Wachstum der Schule unterst\u00fctzen und einen wichtigen Beitrag zur wirtschaftlichen Infrastruktur der Region leisten, sondern auch Teil eines dynamischen Netzwerks international ausgerichteter Menschen werden.<\/p>\n<h3>MITGLIEDSCHAFTSANTRAG<\/h3>\n<p>Mitgliedsbeitr\u00e4ge pro Jahr: (1. August &#8211; 31. Juli des Folgejahres)<\/p>\n<ul>\n<li>Einzelne Mitglieder: 100 \u20ac (min.); 200 \u20ac; 300 \u20ac; 400 \u20ac; anderer Betrag<\/li>\n<li>Gemeinn\u00fctzige Organisationen: 400 \u20ac (mindestens); anderer Betrag<\/li>\n<li>Unternehmen: 800 \u20ac (mindestens); 2.000 \u20ac; 5.000 \u20ac; anderer Betrag<\/li>\n<li>ISHR Alumni (bis zu 10 Jahre nach Abschluss): 25 \u20ac; anderer Betrag<\/li>\n<\/ul>\n<p>Der Beitrag pro Gesch\u00e4ftsjahr: (1. August &#8211; 31. Juli des folgenden Jahres)<\/p>\n<ul>\n<li>Nat\u00fcrliche Personen \u20ac 100,- (min.); 200 \u20ac; 300 \u20ac; 400 \u20ac; anderer Betrag<\/li>\n<li>Juristische Personen des Privatrechts, die als gemeinn\u00fctzig anerkannt sind, sowie juristische Personen des \u00d6ffentlichen Rechts ohne Gewinnerzielungsabsicht \u20ac 400 (min); anderer Betrag<\/li>\n<li>Juristische Personen des Privatrechts und Handelsgesellschaften 800 \u20ac (min); 2.000 \u20ac; 5.000 \u20ac; anderer Betrag<\/li>\n<li>ISHR Alumni (bis zu 10 Jahre nach Schulabschluss): 25 \u20ac; anderer Betrag<\/li>\n<\/ul>\n<p><em>Um Mitglied zu werden, laden Sie bitte das untenstehende Beitrittsformular herunter und geben Sie das ausgef\u00fcllte Formular in unserem Verwaltungsb\u00fcro ab:<\/em><\/p>\n<p><a href=\"https:\/\/is-hr.de\/wp-content\/uploads\/2021\/07\/foerderverein-membership-form.pdf\" target=\"_blank\" rel=\"noopener\">Mitgliedschaftsformular f\u00fcr &#8222;Friends of ISHR&#8220;<\/a><\/p>\n<\/div><\/section><\/div>\n<p>\n<style type=\"text\/css\" data-created_by=\"avia_inline_auto\" id=\"style-css-av-fomz2-acd97cdbafafc940ddedcf322f313da0\">\n.flex_column.av-fomz2-acd97cdbafafc940ddedcf322f313da0{\nborder-radius:0px 0px 0px 0px;\npadding:0px 0px 0px 0px;\n}\n<\/style>\n<div  class='flex_column av-fomz2-acd97cdbafafc940ddedcf322f313da0 av_one_half  avia-builder-el-14  el_after_av_one_full  el_before_av_one_half  first flex_column_div av-zero-column-padding  column-top-margin'     ><section  class='av_textblock_section av-kr51d8d1-1889d504f1d8e72a090d6403d53f2c34 '   itemscope=\"itemscope\" itemtype=\"https:\/\/schema.org\/CreativeWork\" ><div class='avia_textblock'  itemprop=\"text\" ><h3>Kontakt<\/h3>\n<p><a href=\"mailto:friends-of-ISHR@is-hr.de\" target=\"_blank\" rel=\"noopener\">friends-of-ISHR(at)is-hr.de<\/a><\/p>\n<\/div><\/section><\/div>\n<style type=\"text\/css\" data-created_by=\"avia_inline_auto\" id=\"style-css-av-7f2s6-ff8155ef8bbfa101b5400b13931edd0f\">\n.flex_column.av-7f2s6-ff8155ef8bbfa101b5400b13931edd0f{\nborder-radius:0px 0px 0px 0px;\npadding:0px 0px 0px 0px;\n}\n<\/style>\n<div  class='flex_column av-7f2s6-ff8155ef8bbfa101b5400b13931edd0f av_one_half  avia-builder-el-16  el_after_av_one_half  el_before_av_postcontent  avia-builder-el-last  flex_column_div av-zero-column-padding  column-top-margin'     ><section  class='av_textblock_section av-kr51e0z3-60b0d184878fe1094087d224e8842208 '   itemscope=\"itemscope\" itemtype=\"https:\/\/schema.org\/CreativeWork\" ><div class='avia_textblock'  itemprop=\"text\" ><h3>Bankkonto<\/h3>\n<h3>F\u00f6rderverein der Internationalen Schule e. V.<\/h3>\n<p>IBAN DE 33 2505 0000 0101 4739 16<br \/>\nBIC NOLADE2HXXX<br \/>\nBank: NordLB<\/p>\n<\/div><\/section><\/div><\/p>\n<p>[av_one_full first min_height='' vertical_alignment='av-align-top' space='' row_boxshadow_color='' row_boxshadow_width='10' custom_margin='aviaTBcustom_margin' margin='50px,0px' mobile_breaking='' border='' border_color='' radius='0px' radius_sync='true' padding='0px' padding_sync='true' column_boxshadow_color='' column_boxshadow_width='10' background='bg_color' background_color='#ffffff' background_gradient_color1='' background_gradient_color2='' background_gradient_direction='vertical' src='' attachment='' attachment_size='' background_position='top left' background_repeat='no-repeat' highlight_size='1.1' animation='' link='' linktarget='' link_hover='' title_attr='' alt_attr='' mobile_display='' id='' custom_class='' template_class='' aria_label='' element_template='' one_element_template='' av_uid='av-dfag3w' sc_version='1.0']<\/p>\n<p>[av_partner heading='' type='slider' columns='8' navigation='no' control_layout='av-control-default' nav_visibility_desktop='' nav_arrow_color='' nav_arrow_bg_color='' nav_dots_color='' nav_dot_active_color='' size='no scaling' img_size_behave='no_stretch' border='av-border-deactivate' img_border='' img_border_width='' img_border_width_sync='true' img_border_color='' border_radius='' border_radius_sync='true' box_shadow='' box_shadow_style='0px,0px,0px,0px' box_shadow_color='' padding='' padding_sync='true' animation='slide' transition_speed='' autoplay='true' interval='5' heading_tag='' heading_class='' img_scrset='' lazy_loading='disabled' el_id='' custom_class='' template_class='' element_template='' one_element_template='' av_uid='av-mj8gwbv0' sc_version='1.0']<br \/>\n[av_partner_logo id='919' hover='' link='manually,https:\/\/www.ecis.org\/' link_target='_blank' linktitle='' element_template='' one_element_template='' av_uid='' sc_version='1.0' id_dynamic='' link_dynamic='' ]<br \/>\n[av_partner_logo id='10967' id_dynamic='' hover='' link='manually,https:\/\/www.ecis.org\/' link_dynamic='' link_target='_blank' linktitle='' element_template='' one_element_template='' av_uid='' sc_version='1.0' ]<br \/>\n[av_partner_logo id='922' hover='' link='manually,https:\/\/www.ibo.org\/' linktitle='' link_target='_blank' element_template='' one_element_template='' av_uid='' sc_version='1.0' id_dynamic='' link_dynamic='' ]<br \/>\n[av_partner_logo id='924' hover='' link='manually,https:\/\/www.theptc.org\/' linktitle='' link_target='_blank' element_template='' one_element_template='' av_uid='' sc_version='1.0' id_dynamic='' link_dynamic='' ]<br \/>\n[av_partner_logo id='10105' id_dynamic='' hover='' link='manually,https:\/\/www.cois.org\/' link_dynamic='' link_target='_blank' linktitle='' element_template='' one_element_template='' av_uid='' sc_version='1.0' ]<br \/>\n[av_partner_logo id='1658' hover='' link='manually,https:\/\/agis-schools.org\/' linktitle='' link_target='_blank' element_template='' one_element_template='' av_uid='' sc_version='1.0' id_dynamic='' link_dynamic='' ]<br \/>\n[av_partner_logo id='10373' id_dynamic='' hover='' link='manually,https:\/\/www.duke-award.de' link_dynamic='' link_target='' linktitle='' element_template='' one_element_template='' av_uid='' sc_version='1.0' ]<br \/>\n[\/av_partner]<\/p>\n<p>[\/av_one_full]<\/p>\n\n","protected":false},"excerpt":{"rendered":"","protected":false},"author":4,"featured_media":0,"parent":5474,"menu_order":0,"comment_status":"closed","ping_status":"closed","template":"","meta":{"footnotes":""},"class_list":["post-5491","page","type-page","status-publish","hentry"],"_links":{"self":[{"href":"https:\/\/is-hr.de\/de\/wp-json\/wp\/v2\/pages\/5491","targetHints":{"allow":["GET"]}}],"collection":[{"href":"https:\/\/is-hr.de\/de\/wp-json\/wp\/v2\/pages"}],"about":[{"href":"https:\/\/is-hr.de\/de\/wp-json\/wp\/v2\/types\/page"}],"author":[{"embeddable":true,"href":"https:\/\/is-hr.de\/de\/wp-json\/wp\/v2\/users\/4"}],"replies":[{"embeddable":true,"href":"https:\/\/is-hr.de\/de\/wp-json\/wp\/v2\/comments?post=5491"}],"version-history":[{"count":0,"href":"https:\/\/is-hr.de\/de\/wp-json\/wp\/v2\/pages\/5491\/revisions"}],"up":[{"embeddable":true,"href":"https:\/\/is-hr.de\/de\/wp-json\/wp\/v2\/pages\/5474"}],"wp:attachment":[{"href":"https:\/\/is-hr.de\/de\/wp-json\/wp\/v2\/media?parent=5491"}],"curies":[{"name":"wp","href":"https:\/\/api.w.org\/{rel}","templated":true}]}}