{"id":5482,"date":"2021-07-02T16:20:32","date_gmt":"2021-07-02T14:20:32","guid":{"rendered":"https:\/\/is-hr.de\/schulgemeinschaft\/accelerators\/"},"modified":"2023-08-28T10:20:15","modified_gmt":"2023-08-28T08:20:15","slug":"accelerators","status":"publish","type":"page","link":"https:\/\/is-hr.de\/de\/schulgemeinschaft\/accelerators\/","title":{"rendered":"Accelerators"},"content":{"rendered":"<div id='full_slider_1'  class='avia-fullwidth-slider main_color avia-shadow   avia-builder-el-0  el_before_av_textblock  avia-builder-el-first   container_wrap fullsize'  ><div  class='avia-slideshow av-ksinp3v3-2f6449afc5e959ed99e65ce674db8343 avia-slideshow-featured av_slideshow_full avia-slide-slider av-slideshow-ui av-control-default av-slideshow-manual av-loop-once av-loop-manual-endless av-default-height-applied   avia-slideshow-1' data-slideshow-options=\"{&quot;animation&quot;:&quot;slide&quot;,&quot;autoplay&quot;:false,&quot;loop_autoplay&quot;:&quot;once&quot;,&quot;interval&quot;:5,&quot;loop_manual&quot;:&quot;manual-endless&quot;,&quot;autoplay_stopper&quot;:false,&quot;noNavigation&quot;:false,&quot;bg_slider&quot;:false,&quot;keep_padding&quot;:false,&quot;hoverpause&quot;:false,&quot;show_slide_delay&quot;:0}\"  itemprop=\"image\" itemscope=\"itemscope\" itemtype=\"https:\/\/schema.org\/ImageObject\" ><ul class='avia-slideshow-inner ' style='padding-bottom: 28.666666666667%;'><li  class='avia-slideshow-slide av-ksinp3v3-2f6449afc5e959ed99e65ce674db8343__0  av-single-slide slide-1 slide-odd'><div data-rel='slideshow-1' class='avia-slide-wrap '   ><img decoding=\"async\" fetchpriority=\"high\" class=\"wp-image-4702 avia-img-lazy-loading-not-4702\" src=\"https:\/\/is-hr.de\/wp-content\/uploads\/2021\/08\/header-accelerators-1-1500x430.jpg\" width=\"1500\" height=\"430\" title=\"Students in Maker Space\" alt=\"\" itemprop=\"thumbnailUrl\" srcset=\"https:\/\/is-hr.de\/wp-content\/uploads\/2021\/08\/header-accelerators-1.jpg 1500w, https:\/\/is-hr.de\/wp-content\/uploads\/2021\/08\/header-accelerators-1-300x86.jpg 300w, https:\/\/is-hr.de\/wp-content\/uploads\/2021\/08\/header-accelerators-1-1030x295.jpg 1030w, https:\/\/is-hr.de\/wp-content\/uploads\/2021\/08\/header-accelerators-1-768x220.jpg 768w, https:\/\/is-hr.de\/wp-content\/uploads\/2021\/08\/header-accelerators-1-705x202.jpg 705w\" sizes=\"(max-width: 1500px) 100vw, 1500px\"><\/div><\/li><\/ul><\/div><\/div><div id='after_full_slider_1'  class='main_color av_default_container_wrap container_wrap fullsize'  ><div class='container av-section-cont-open' ><div class='template-page content  av-content-full alpha units'><div class='post-entry post-entry-type-page post-entry-5482'><div class='entry-content-wrapper clearfix'>\n<section  class='av_textblock_section av-20bnam-681cdf1c2b543485f615391f4b99271c '   itemscope=\"itemscope\" itemtype=\"https:\/\/schema.org\/CreativeWork\" ><div class='avia_textblock'  itemprop=\"text\" ><p style=\"text-align: left;\"><div class=\"breadcrumb breadcrumbs avia-breadcrumbs\"><div class=\"breadcrumb-trail\" ><span class=\"trail-before\"><span class=\"breadcrumb-title\">Du bist hier:<\/span><\/span> <span  itemscope=\"itemscope\" itemtype=\"https:\/\/schema.org\/BreadcrumbList\" ><span  itemscope=\"itemscope\" itemtype=\"https:\/\/schema.org\/ListItem\" itemprop=\"itemListElement\" ><a itemprop=\"url\" href=\"https:\/\/is-hr.de\/de\/\" title=\"ISHR\" rel=\"home\" class=\"trail-begin\"><span itemprop=\"name\">Startseite<\/span><\/a><span itemprop=\"position\" class=\"hidden\">1<\/span><\/span><\/span><\/div><\/div><\/p>\n<\/div><\/section>\n\n<style type=\"text\/css\" data-created_by=\"avia_inline_auto\" id=\"style-css-av-1whyi6-20e579eef36b29d760328744d03abfde\">\n#top .flex_column.av-1whyi6-20e579eef36b29d760328744d03abfde{\nmargin-top:30px;\nmargin-bottom:0px;\n}\n.flex_column.av-1whyi6-20e579eef36b29d760328744d03abfde{\nborder-radius:0px 0px 0px 0px;\npadding:0px 0px 0px 0px;\n}\n.responsive #top #wrap_all .flex_column.av-1whyi6-20e579eef36b29d760328744d03abfde{\nmargin-top:30px;\nmargin-bottom:0px;\n}\n<\/style>\n<div  class='flex_column av-1whyi6-20e579eef36b29d760328744d03abfde av_one_full  avia-builder-el-2  el_after_av_textblock  el_before_av_hr  first flex_column_div av-zero-column-padding  column-top-margin'     ><p>\n<style type=\"text\/css\" data-created_by=\"avia_inline_auto\" id=\"style-css-av-kr51416k-dc65bbb634f047da54b92661e94347f9\">\n#top .av-special-heading.av-kr51416k-dc65bbb634f047da54b92661e94347f9{\npadding-bottom:0;\n}\nbody .av-special-heading.av-kr51416k-dc65bbb634f047da54b92661e94347f9 .av-special-heading-tag .heading-char{\nfont-size:25px;\n}\n.av-special-heading.av-kr51416k-dc65bbb634f047da54b92661e94347f9 .av-subheading{\nfont-size:15px;\n}\n<\/style>\n<div  class='av-special-heading av-kr51416k-dc65bbb634f047da54b92661e94347f9 av-special-heading-h1 blockquote modern-quote modern-centered  avia-builder-el-3  el_before_av_hr  avia-builder-el-first '><h1 class='av-special-heading-tag '  itemprop=\"headline\"  >Accelerators<\/h1><div class=\"special-heading-border\"><div class=\"special-heading-inner-border\"><\/div><\/div><\/div><br \/>\n\n<style type=\"text\/css\" data-created_by=\"avia_inline_auto\" id=\"style-css-av-1srpxy-2c7059d6171623f515fd9b5b7f87b510\">\n#top .hr.av-1srpxy-2c7059d6171623f515fd9b5b7f87b510{\nmargin-top:5px;\nmargin-bottom:30px;\n}\n.hr.av-1srpxy-2c7059d6171623f515fd9b5b7f87b510 .hr-inner{\nwidth:60px;\nborder-color:#ed1c24;\n}\n<\/style>\n<div  class='hr av-1srpxy-2c7059d6171623f515fd9b5b7f87b510 hr-custom  avia-builder-el-4  el_after_av_heading  el_before_av_textblock  hr-center hr-icon-no'><span class='hr-inner inner-border-av-border-fat'><span class=\"hr-inner-style\"><\/span><\/span><\/div><br \/>\n<section  class='av_textblock_section av-kr514t3y-3b030a0ba7b3106454b4308c573305f8 '   itemscope=\"itemscope\" itemtype=\"https:\/\/schema.org\/CreativeWork\" ><div class='avia_textblock'  itemprop=\"text\" ><p>Accelerators sind unterst\u00fctzende Programme und Unterrichtsressourcen, die das Lernen der Sch\u00fcler:innen f\u00f6rdern. Die vier Accelerator-Projekte der ISHR werden unsere Schule um neue und renovierte Lernr\u00e4ume, neue Programme und neue Ausr\u00fcstung erweitern. Diese werden zu neuen Unterrichtsangeboten, sowohl w\u00e4hrend als auch au\u00dferhalb des Schultages f\u00fchren, die die ISHR-Bildung erweitern und bereichern werden.<\/p>\n<div class=\"row\">\n<div class=\"small-12 column\">\n<div id=\"c965\" class=\"frame frame-default frame-type-textmedia frame-layout-0\">\n<div class=\"ce-textpic ce-right ce-intext\">\n<div class=\"ce-bodytext\"><\/div>\n<\/div>\n<\/div>\n<\/div>\n<\/div>\n<div class=\"row\"><\/div>\n<\/div><\/section><br \/>\n\n<style type=\"text\/css\" data-created_by=\"avia_inline_auto\" id=\"style-css-av-abbva-e121cb6024692ab2b2dc33a86e2a369f\">\n#top .hr.hr-invisible.av-abbva-e121cb6024692ab2b2dc33a86e2a369f{\nheight:20px;\n}\n<\/style>\n<div  class='hr av-abbva-e121cb6024692ab2b2dc33a86e2a369f hr-invisible  avia-builder-el-6  el_after_av_textblock  el_before_av_codeblock '><span class='hr-inner '><span class=\"hr-inner-style\"><\/span><\/span><\/div><br \/>\n<\/p><\/div>\n\n<style type=\"text\/css\" data-created_by=\"avia_inline_auto\" id=\"style-css-av-1kcv5y-c1045b97ee724fac40ca49e552956687\">\n#top .hr.hr-invisible.av-1kcv5y-c1045b97ee724fac40ca49e552956687{\nheight:20px;\n}\n<\/style>\n<div  class='hr av-1kcv5y-c1045b97ee724fac40ca49e552956687 hr-invisible  avia-builder-el-8  el_after_av_one_full  el_before_av_one_full '><span class='hr-inner '><span class=\"hr-inner-style\"><\/span><\/span><\/div>\n\n<style type=\"text\/css\" data-created_by=\"avia_inline_auto\" id=\"style-css-av-1cyapq-15a1bfb09e4c4240ec25f97e07b22db0\">\n#top .flex_column.av-1cyapq-15a1bfb09e4c4240ec25f97e07b22db0{\nmargin-top:30px;\nmargin-bottom:0px;\n}\n.flex_column.av-1cyapq-15a1bfb09e4c4240ec25f97e07b22db0{\nborder-radius:0px 0px 0px 0px;\npadding:0px 0px 0px 0px;\n}\n.responsive #top #wrap_all .flex_column.av-1cyapq-15a1bfb09e4c4240ec25f97e07b22db0{\nmargin-top:30px;\nmargin-bottom:0px;\n}\n<\/style>\n<div  class='flex_column av-1cyapq-15a1bfb09e4c4240ec25f97e07b22db0 av_one_full  avia-builder-el-9  el_after_av_hr  el_before_av_hr  first flex_column_div av-zero-column-padding  '     ><p>\n<style type=\"text\/css\" data-created_by=\"avia_inline_auto\" id=\"style-css-av-kr5159jc-a5060d9357858e226f8acda912fd0b71\">\n#top .av-special-heading.av-kr5159jc-a5060d9357858e226f8acda912fd0b71{\npadding-bottom:0;\n}\nbody .av-special-heading.av-kr5159jc-a5060d9357858e226f8acda912fd0b71 .av-special-heading-tag .heading-char{\nfont-size:25px;\n}\n.av-special-heading.av-kr5159jc-a5060d9357858e226f8acda912fd0b71 .av-subheading{\nfont-size:15px;\n}\n<\/style>\n<div  class='av-special-heading av-kr5159jc-a5060d9357858e226f8acda912fd0b71 av-special-heading-h2 blockquote modern-quote modern-centered  avia-builder-el-10  el_before_av_hr  avia-builder-el-first '><h2 class='av-special-heading-tag '  itemprop=\"headline\"  >Wie k\u00f6nnen Sie helfen, das Lernen an der ISHR zu f\u00f6rdern?<\/h2><div class=\"special-heading-border\"><div class=\"special-heading-inner-border\"><\/div><\/div><\/div><br \/>\n\n<style type=\"text\/css\" data-created_by=\"avia_inline_auto\" id=\"style-css-av-4ky32-834d5b4076c0f943b4330aa0a15a1e04\">\n#top .hr.av-4ky32-834d5b4076c0f943b4330aa0a15a1e04{\nmargin-top:5px;\nmargin-bottom:30px;\n}\n.hr.av-4ky32-834d5b4076c0f943b4330aa0a15a1e04 .hr-inner{\nwidth:60px;\nborder-color:#ed1c24;\n}\n<\/style>\n<div  class='hr av-4ky32-834d5b4076c0f943b4330aa0a15a1e04 hr-custom  avia-builder-el-11  el_after_av_heading  el_before_av_textblock  hr-center hr-icon-no'><span class='hr-inner inner-border-av-border-fat'><span class=\"hr-inner-style\"><\/span><\/span><\/div><br \/>\n<section  class='av_textblock_section av-kr5169im-e3ca963601974b7676468a743727d495 '   itemscope=\"itemscope\" itemtype=\"https:\/\/schema.org\/CreativeWork\" ><div class='avia_textblock'  itemprop=\"text\" ><p>Alle vier Accelerator-Projekte &#8211; die Green Machine, Outdoor Learning, ein Musikaufnahmestudio und Maker\/Robotics Learning &#8211; sind auf die Unterst\u00fctzung durch unsere j\u00e4hrliche Spendenorganisation, die <a class=\"external-link-new-window\" title=\"&#xD6;ffnet den internen Link im aktuellen Fenster\" href=\"https:\/\/is-hr.de\/community\/friends-of-the-school\/\" target=\"_blank\" rel=\"noopener\">F\u00f6rderverein<b>.<\/b><\/a> Eine Vollmitgliedschaft im F\u00f6rderverein kostet 100 Euro pro Jahr, aber auch jede Einzelspende hilft uns, diese Projekte zu finanzieren.<\/p>\n<\/div><\/section><\/p><\/div>\n<style type=\"text\/css\" data-created_by=\"avia_inline_auto\" id=\"style-css-av-135ufy-b5daad5d159796a63b5c44b6c032cf4c\">\n#top .hr.hr-invisible.av-135ufy-b5daad5d159796a63b5c44b6c032cf4c{\nheight:20px;\n}\n<\/style>\n<div  class='hr av-135ufy-b5daad5d159796a63b5c44b6c032cf4c hr-invisible  avia-builder-el-13  el_after_av_one_full  el_before_av_one_half '><span class='hr-inner '><span class=\"hr-inner-style\"><\/span><\/span><\/div><\/p>\n\n<style type=\"text\/css\" data-created_by=\"avia_inline_auto\" id=\"style-css-av-fomz2-acd97cdbafafc940ddedcf322f313da0\">\n.flex_column.av-fomz2-acd97cdbafafc940ddedcf322f313da0{\nborder-radius:0px 0px 0px 0px;\npadding:0px 0px 0px 0px;\n}\n<\/style>\n<div  class='flex_column av-fomz2-acd97cdbafafc940ddedcf322f313da0 av_one_half  avia-builder-el-14  el_after_av_hr  el_before_av_one_half  first flex_column_div av-zero-column-padding  '     ><section  class='av_textblock_section av-kr51d8d1-8b660ce1fc483c39106dcc9862501fcd '   itemscope=\"itemscope\" itemtype=\"https:\/\/schema.org\/CreativeWork\" ><div class='avia_textblock'  itemprop=\"text\" ><h3>Kontakt<\/h3>\n<p><a href=\"mailto:Foerderverein@is-hr.de\" target=\"_blank\" rel=\"noopener\">Foerderverein(at)is-hr.de<\/a><\/p>\n<\/div><\/section><\/div>\n\n<style type=\"text\/css\" data-created_by=\"avia_inline_auto\" id=\"style-css-av-7f2s6-ff8155ef8bbfa101b5400b13931edd0f\">\n.flex_column.av-7f2s6-ff8155ef8bbfa101b5400b13931edd0f{\nborder-radius:0px 0px 0px 0px;\npadding:0px 0px 0px 0px;\n}\n<\/style>\n<div  class='flex_column av-7f2s6-ff8155ef8bbfa101b5400b13931edd0f av_one_half  avia-builder-el-16  el_after_av_one_half  el_before_av_postcontent  avia-builder-el-last  flex_column_div av-zero-column-padding  '     ><section  class='av_textblock_section av-kr51e0z3-60b0d184878fe1094087d224e8842208 '   itemscope=\"itemscope\" itemtype=\"https:\/\/schema.org\/CreativeWork\" ><div class='avia_textblock'  itemprop=\"text\" ><h3>Bankkonto<\/h3>\n<h3>F\u00f6rderverein der Internationalen Schule e. V.<\/h3>\n<p>IBAN DE 33 2505 0000 0101 4739 16<br \/>\nBIC NOLADE2HXXX<br \/>\nBank: NordLB<\/p>\n<\/div><\/section><\/div>\n<p>[av_one_full first min_height='' vertical_alignment='av-align-top' space='' row_boxshadow_color='' row_boxshadow_width='10' custom_margin='aviaTBcustom_margin' margin='50px,0px' mobile_breaking='' border='' border_color='' radius='0px' radius_sync='true' padding='0px' padding_sync='true' column_boxshadow_color='' column_boxshadow_width='10' background='bg_color' background_color='#ffffff' background_gradient_color1='' background_gradient_color2='' background_gradient_direction='vertical' src='' attachment='' attachment_size='' background_position='top left' background_repeat='no-repeat' highlight_size='1.1' animation='' link='' linktarget='' link_hover='' title_attr='' alt_attr='' mobile_display='' id='' custom_class='' template_class='' aria_label='' element_template='' one_element_template='' av_uid='av-dfag3w' sc_version='1.0']<\/p>\n<p>[av_partner heading='' type='slider' columns='8' navigation='no' control_layout='av-control-default' nav_visibility_desktop='' nav_arrow_color='' nav_arrow_bg_color='' nav_dots_color='' nav_dot_active_color='' size='no scaling' img_size_behave='no_stretch' border='av-border-deactivate' img_border='' img_border_width='' img_border_width_sync='true' img_border_color='' border_radius='' border_radius_sync='true' box_shadow='' box_shadow_style='0px,0px,0px,0px' box_shadow_color='' padding='' padding_sync='true' animation='slide' transition_speed='' autoplay='true' interval='5' heading_tag='' heading_class='' img_scrset='' lazy_loading='disabled' el_id='' custom_class='' template_class='' element_template='' one_element_template='' av_uid='av-mj8gwbv0' sc_version='1.0']<br \/>\n[av_partner_logo id='919' hover='' link='manually,https:\/\/www.ecis.org\/' link_target='_blank' linktitle='' element_template='' one_element_template='' av_uid='' sc_version='1.0' id_dynamic='' link_dynamic='' ]<br \/>\n[av_partner_logo id='10967' id_dynamic='' hover='' link='manually,https:\/\/www.ecis.org\/' link_dynamic='' link_target='_blank' linktitle='' element_template='' one_element_template='' av_uid='' sc_version='1.0' ]<br \/>\n[av_partner_logo id='922' hover='' link='manually,https:\/\/www.ibo.org\/' linktitle='' link_target='_blank' element_template='' one_element_template='' av_uid='' sc_version='1.0' id_dynamic='' link_dynamic='' ]<br \/>\n[av_partner_logo id='924' hover='' link='manually,https:\/\/www.theptc.org\/' linktitle='' link_target='_blank' element_template='' one_element_template='' av_uid='' sc_version='1.0' id_dynamic='' link_dynamic='' ]<br \/>\n[av_partner_logo id='10105' id_dynamic='' hover='' link='manually,https:\/\/www.cois.org\/' link_dynamic='' link_target='_blank' linktitle='' element_template='' one_element_template='' av_uid='' sc_version='1.0' ]<br \/>\n[av_partner_logo id='1658' hover='' link='manually,https:\/\/agis-schools.org\/' linktitle='' link_target='_blank' element_template='' one_element_template='' av_uid='' sc_version='1.0' id_dynamic='' link_dynamic='' ]<br \/>\n[av_partner_logo id='10373' id_dynamic='' hover='' link='manually,https:\/\/www.duke-award.de' link_dynamic='' link_target='' linktitle='' element_template='' one_element_template='' av_uid='' sc_version='1.0' ]<br \/>\n[\/av_partner]<\/p>\n<p>[\/av_one_full]<\/p>\n\n","protected":false},"excerpt":{"rendered":"","protected":false},"author":1,"featured_media":0,"parent":5474,"menu_order":0,"comment_status":"closed","ping_status":"closed","template":"","meta":{"footnotes":""},"class_list":["post-5482","page","type-page","status-publish","hentry"],"_links":{"self":[{"href":"https:\/\/is-hr.de\/de\/wp-json\/wp\/v2\/pages\/5482","targetHints":{"allow":["GET"]}}],"collection":[{"href":"https:\/\/is-hr.de\/de\/wp-json\/wp\/v2\/pages"}],"about":[{"href":"https:\/\/is-hr.de\/de\/wp-json\/wp\/v2\/types\/page"}],"author":[{"embeddable":true,"href":"https:\/\/is-hr.de\/de\/wp-json\/wp\/v2\/users\/1"}],"replies":[{"embeddable":true,"href":"https:\/\/is-hr.de\/de\/wp-json\/wp\/v2\/comments?post=5482"}],"version-history":[{"count":0,"href":"https:\/\/is-hr.de\/de\/wp-json\/wp\/v2\/pages\/5482\/revisions"}],"up":[{"embeddable":true,"href":"https:\/\/is-hr.de\/de\/wp-json\/wp\/v2\/pages\/5474"}],"wp:attachment":[{"href":"https:\/\/is-hr.de\/de\/wp-json\/wp\/v2\/media?parent=5482"}],"curies":[{"name":"wp","href":"https:\/\/api.w.org\/{rel}","templated":true}]}}