{"id":5469,"date":"2021-07-02T16:13:48","date_gmt":"2021-07-02T14:13:48","guid":{"rendered":"https:\/\/is-hr.de\/aufnahme\/schulgeld-und-gebuehren\/"},"modified":"2025-05-22T10:37:52","modified_gmt":"2025-05-22T08:37:52","slug":"schulgeld-und-gebuehren","status":"publish","type":"page","link":"https:\/\/is-hr.de\/de\/aufnahme\/schulgeld-und-gebuehren\/","title":{"rendered":"Schulgeld und Geb\u00fchren"},"content":{"rendered":"<div id='full_slider_1'  class='avia-fullwidth-slider main_color avia-shadow   avia-builder-el-0  el_before_av_textblock  avia-builder-el-first   container_wrap fullsize'  ><div  class='avia-slideshow av-kshb3wnn-199c0ef99d05bcb57d5185243405a959 avia-slideshow-featured av_slideshow_full avia-slide-slider av-slideshow-ui av-control-default av-slideshow-manual av-loop-once av-loop-manual-endless av-default-height-applied   avia-slideshow-1' data-slideshow-options=\"{&quot;animation&quot;:&quot;slide&quot;,&quot;autoplay&quot;:false,&quot;loop_autoplay&quot;:&quot;once&quot;,&quot;interval&quot;:5,&quot;loop_manual&quot;:&quot;manual-endless&quot;,&quot;autoplay_stopper&quot;:false,&quot;noNavigation&quot;:false,&quot;bg_slider&quot;:false,&quot;keep_padding&quot;:false,&quot;hoverpause&quot;:false,&quot;show_slide_delay&quot;:0}\"  itemprop=\"image\" itemscope=\"itemscope\" itemtype=\"https:\/\/schema.org\/ImageObject\" ><ul class='avia-slideshow-inner ' style='padding-bottom: 28.666666666667%;'><li  class='avia-slideshow-slide av-kshb3wnn-199c0ef99d05bcb57d5185243405a959__0  av-single-slide slide-1 slide-odd'><div data-rel='slideshow-1' class='avia-slide-wrap '   ><img decoding=\"async\" fetchpriority=\"high\" class=\"wp-image-4695 avia-img-lazy-loading-not-4695\" src=\"https:\/\/is-hr.de\/wp-content\/uploads\/2021\/08\/header-fees-1500x430.jpg\" width=\"1500\" height=\"430\" title=\"Playground and A Block\" alt=\"\" itemprop=\"thumbnailUrl\" srcset=\"https:\/\/is-hr.de\/wp-content\/uploads\/2021\/08\/header-fees.jpg 1500w, https:\/\/is-hr.de\/wp-content\/uploads\/2021\/08\/header-fees-300x86.jpg 300w, https:\/\/is-hr.de\/wp-content\/uploads\/2021\/08\/header-fees-1030x295.jpg 1030w, https:\/\/is-hr.de\/wp-content\/uploads\/2021\/08\/header-fees-768x220.jpg 768w, https:\/\/is-hr.de\/wp-content\/uploads\/2021\/08\/header-fees-705x202.jpg 705w\" sizes=\"(max-width: 1500px) 100vw, 1500px\"><\/div><\/li><\/ul><\/div><\/div><div id='after_full_slider_1'  class='main_color av_default_container_wrap container_wrap fullsize'  ><div class='container av-section-cont-open' ><div class='template-page content  av-content-full alpha units'><div class='post-entry post-entry-type-page post-entry-5469'><div class='entry-content-wrapper clearfix'>\n<section  class='av_textblock_section av-c58ox2-45d92ce58a72848b3f82c1b0c5fafdb4 '   itemscope=\"itemscope\" itemtype=\"https:\/\/schema.org\/CreativeWork\" ><div class='avia_textblock'  itemprop=\"text\" ><p style=\"text-align: left;\"><div class=\"breadcrumb breadcrumbs avia-breadcrumbs\"><div class=\"breadcrumb-trail\" ><span class=\"trail-before\"><span class=\"breadcrumb-title\">Du bist hier:<\/span><\/span> <span  itemscope=\"itemscope\" itemtype=\"https:\/\/schema.org\/BreadcrumbList\" ><span  itemscope=\"itemscope\" itemtype=\"https:\/\/schema.org\/ListItem\" itemprop=\"itemListElement\" ><a itemprop=\"url\" href=\"https:\/\/is-hr.de\/de\/\" title=\"ISHR\" rel=\"home\" class=\"trail-begin\"><span itemprop=\"name\">Startseite<\/span><\/a><span itemprop=\"position\" class=\"hidden\">1<\/span><\/span><\/span><\/div><\/div><\/p>\n<\/div><\/section>\n\n<style type=\"text\/css\" data-created_by=\"avia_inline_auto\" id=\"style-css-av-c08y8m-05dfbe6ffc089cbecd9b3e5913a0265c\">\n#top .flex_column.av-c08y8m-05dfbe6ffc089cbecd9b3e5913a0265c{\nmargin-top:30px;\nmargin-bottom:0px;\n}\n.flex_column.av-c08y8m-05dfbe6ffc089cbecd9b3e5913a0265c{\nborder-radius:0px 0px 0px 0px;\npadding:0px 0px 0px 0px;\n}\n.responsive #top #wrap_all .flex_column.av-c08y8m-05dfbe6ffc089cbecd9b3e5913a0265c{\nmargin-top:30px;\nmargin-bottom:0px;\n}\n<\/style>\n<div  class='flex_column av-c08y8m-05dfbe6ffc089cbecd9b3e5913a0265c av_one_full  avia-builder-el-2  el_after_av_textblock  el_before_av_one_full  first flex_column_div av-zero-column-padding  column-top-margin'     ><p>\n<style type=\"text\/css\" data-created_by=\"avia_inline_auto\" id=\"style-css-av-kr0p0vjy-daaaf14c5832096d02a7e673c6b5778d\">\n#top .av-special-heading.av-kr0p0vjy-daaaf14c5832096d02a7e673c6b5778d{\npadding-bottom:0;\n}\nbody .av-special-heading.av-kr0p0vjy-daaaf14c5832096d02a7e673c6b5778d .av-special-heading-tag .heading-char{\nfont-size:25px;\n}\n.av-special-heading.av-kr0p0vjy-daaaf14c5832096d02a7e673c6b5778d .av-subheading{\nfont-size:15px;\n}\n<\/style>\n<div  class='av-special-heading av-kr0p0vjy-daaaf14c5832096d02a7e673c6b5778d av-special-heading-h1 blockquote modern-quote modern-centered  avia-builder-el-3  el_before_av_hr  avia-builder-el-first '><h1 class='av-special-heading-tag '  itemprop=\"headline\"  >Schulgeld und Geb\u00fchren<\/h1><div class='av-subheading av-subheading_below'><p>2025\/2026<\/p>\n<\/div><div class=\"special-heading-border\"><div class=\"special-heading-inner-border\"><\/div><\/div><\/div><br \/>\n\n<style type=\"text\/css\" data-created_by=\"avia_inline_auto\" id=\"style-css-av-bug7ku-270b34f0b4cc97c625fc064858a23f37\">\n#top .hr.av-bug7ku-270b34f0b4cc97c625fc064858a23f37{\nmargin-top:5px;\nmargin-bottom:0px;\n}\n.hr.av-bug7ku-270b34f0b4cc97c625fc064858a23f37 .hr-inner{\nwidth:60px;\nborder-color:#ed1c24;\n}\n<\/style>\n<div  class='hr av-bug7ku-270b34f0b4cc97c625fc064858a23f37 hr-custom  avia-builder-el-4  el_after_av_heading  avia-builder-el-last  hr-center hr-icon-no'><span class='hr-inner inner-border-av-border-fat'><span class=\"hr-inner-style\"><\/span><\/span><\/div><\/p><\/div>\n\n<style type=\"text\/css\" data-created_by=\"avia_inline_auto\" id=\"style-css-av-bn2gg6-4a4bbe98bc0f5f9994864a92f900b68e\">\n#top .flex_column.av-bn2gg6-4a4bbe98bc0f5f9994864a92f900b68e{\nmargin-top:50px;\nmargin-bottom:0px;\n}\n.flex_column.av-bn2gg6-4a4bbe98bc0f5f9994864a92f900b68e{\nborder-radius:0px 0px 0px 0px;\npadding:0px 0px 0px 0px;\n}\n.responsive #top #wrap_all .flex_column.av-bn2gg6-4a4bbe98bc0f5f9994864a92f900b68e{\nmargin-top:50px;\nmargin-bottom:0px;\n}\n<\/style>\n<div  class='flex_column av-bn2gg6-4a4bbe98bc0f5f9994864a92f900b68e av_one_full  avia-builder-el-5  el_after_av_one_full  el_before_av_one_full  first flex_column_div av-zero-column-padding  column-top-margin'     ><section  class='av_textblock_section av-kr0p26oe-3d648e3b04af7789451650a8a0584b1b '   itemscope=\"itemscope\" itemtype=\"https:\/\/schema.org\/CreativeWork\" ><div class='avia_textblock'  itemprop=\"text\" ><h5>Aufnahmegeb\u00fchr<\/h5>\n<p>4.500,00 \u20ac, zahlbar bei der Ersteinschreibung f\u00fcr jedes Kind vom Kindergarten bis zur 10. Klasse, nicht r\u00fcckerstattbar.<\/p>\n<h5><\/h5>\n<h5>Abschluss- und Pr\u00fcfungsgeb\u00fchren<\/h5>\n<p>F\u00fcr die Klassen 11 und 12 wird eine gesonderte Pr\u00fcfungs- und Abschlussgeb\u00fchr erhoben.<\/p>\n<h5><br class=\"avia-permanent-lb\">Kapitalentwicklungsbeitrag<\/h5>\n<p>\u20ac 500,00 Jahresgeb\u00fchr f\u00fcr jedes Kind<\/p>\n<\/div><\/section><br \/>\n\n<style type=\"text\/css\" data-created_by=\"avia_inline_auto\" id=\"style-css-av-kr0p78nh-98da7de0d7dbdcc5ffb6ed1b6b26770b\">\n#top .hr.hr-invisible.av-kr0p78nh-98da7de0d7dbdcc5ffb6ed1b6b26770b{\nheight:20px;\n}\n<\/style>\n<div  class='hr av-kr0p78nh-98da7de0d7dbdcc5ffb6ed1b6b26770b hr-invisible  avia-builder-el-7  el_after_av_textblock  el_before_av_textblock '><span class='hr-inner '><span class=\"hr-inner-style\"><\/span><\/span><\/div><br \/>\n<section  class='av_textblock_section av-kr0p2okq-79642f2111c3ae3da108f4edd58c5886 '   itemscope=\"itemscope\" itemtype=\"https:\/\/schema.org\/CreativeWork\" ><div class='avia_textblock'  itemprop=\"text\" ><h5>Schulgeb\u00fchren<\/h5>\n<\/div><\/section><br \/>\n<div class='avia-data-table-wrap av-bafzc6-c3363cf4b0145b2bf83645077ca30672 avia_responsive_table avia-table-1'><table  class='avia-table avia-data-table avia_pricing_minimal  avia-builder-el-9  el_after_av_textblock  el_before_av_textblock '  itemscope=\"itemscope\" itemtype=\"https:\/\/schema.org\/Table\" ><tbody><tr class=''><td class=''><br \/>\nKindergarten (Pre- und Junior-Gruppe)<br \/>\n<\/td><td class=''><br \/>\n\u20ac 11.970,00<br \/>\n<\/td><\/tr><tr class=''><td class=''><br \/>\nKindergarten (Senior-Gruppe)<br \/>\n<\/td><td class=''><br \/>\n\u20ac 14.300,00<br \/>\n<\/td><\/tr><tr class=''><td class=''><br \/>\nGrundschule Klasse 1-2<br \/>\n<\/td><td class=''><br \/>\n\u20ac 17.060,00<br \/>\n<\/td><\/tr><tr class=''><td class=''><br \/>\nGrundschule Klasse 3-5<br \/>\n<\/td><td class=''><br \/>\n\u20ac 17.230,00<br \/>\n<\/td><\/tr><tr class=''><td class=''><br \/>\nSekundarbereich Klasse 6-8<br \/>\n<\/td><td class=''><br \/>\n\u20ac 18.900,00<br \/>\n<\/td><\/tr><tr class=''><td class=''><br \/>\nSekundarstufe Klasse 9<br \/>\n<\/td><td class=''><br \/>\n\u20ac 19.260,00<br \/>\n<\/td><\/tr><tr class=''><td class=''><br \/>\nSekundarstufe Klasse 10<br \/>\n<\/td><td class=''><br \/>\n\u20ac 19.660,00<br \/>\n<\/td><\/tr><tr class=''><td class=''><br \/>\nIB-Diploma Program Klasse 11-12<\/p>\n<p>Pr\u00fcfungs- und Abschlussgeb\u00fchren<br \/>\n<\/td><td class=''><br \/>\n\u20ac 20.850,00<\/p>\n<p>\u20ac 2.000,00 (payable in 2 instalments)<br \/>\n<\/td><\/tr><\/tbody><\/table><\/div><br \/>\n<section  class='av_textblock_section av-kr0yty6f-8058f26d77ced0042624c9d4b4817c6d '   itemscope=\"itemscope\" itemtype=\"https:\/\/schema.org\/CreativeWork\" ><div class='avia_textblock'  itemprop=\"text\" ><p>Im Schulgeld sind die meisten Kosten enthalten, einschlie\u00dflich der meisten B\u00fccher, au\u00dfer im Diploma Program in den Klassen 11 und 12. Die Sch\u00fcler:innen werden gebeten, ihr eigenes Verbrauchsmaterial mitzubringen.<\/p>\n<h5>K\u00fcndigungsfrist<\/h5>\n<p>Bitte beachten Sie, dass bei einem Ausscheiden w\u00e4hrend des Schuljahres eine K\u00fcndigungsfrist von zwei Monaten einzuhalten ist. Bei Abmeldungen nach dem 31. Mai werden 25 % des Schulgeldes f\u00fcr das <strong>n\u00e4chste Jahr<\/strong> berechnet. Dem Vertragspartner ist es gestattet, nachzuweisen, dass keinerlei Sch\u00e4den oder Wertminderungen entstanden sind oder dass diese wesentlich geringer sind als die Pauschalzahlung.<\/p>\n<h5>Nichtzahlung<\/h5>\n<p>Die Schule ist auf die p\u00fcnktliche Zahlung der Geb\u00fchren angewiesen, um ihren eigenen Verpflichtungen nachzukommen. Bei einem R\u00fcckstand der Rechnungen kann die Berechtigung zum Schulbesuch entzogen werden. Solange sich ein Konto in einem unbefriedigenden Zustand befindet, werden keine Unterlagen an andere Schulen weitergeleitet oder den Eltern ausgeh\u00e4ndigt.<\/p>\n<h5>Finanzielle Hilfe<\/h5>\n<p>Finanzielle Unterst\u00fctzung ist auf schriftlichen Antrag und unter Beif\u00fcgung der entsprechenden finanziellen Unterlagen m\u00f6glich.<\/p>\n<h5>Anteilige Geb\u00fchr<\/h5>\n<p>F\u00fcr Sch\u00fcler:innen, die sich versp\u00e4tet einschreiben oder vorzeitig abmelden, gelten anteilige Geb\u00fchren gem\u00e4\u00df der folgenden Tabelle:<\/p>\n<\/div><\/section><br \/>\n<div class='avia-data-table-wrap av-773066-135e643dfb5a7987d1e52702b258b6c1 avia_responsive_table avia-table-2'><table  class='avia-table avia-data-table avia_pricing_minimal  avia-builder-el-11  el_after_av_textblock  el_before_av_textblock '  itemscope=\"itemscope\" itemtype=\"https:\/\/schema.org\/Table\" ><tbody><tr class=''><td class=''><br \/>\n% Zahlbar<br \/>\n<\/td><td class=''><br \/>\nSep.<br \/>\n<\/td><td class=''><br \/>\nOkt.<br \/>\n<\/td><td class=''><br \/>\nNov.<br \/>\n<\/td><td class=''><br \/>\nDez.<br \/>\n<\/td><td class=''><br \/>\nJan.<br \/>\n<\/td><td class=''><br \/>\nFeb.<br \/>\n<\/td><td class=''><br \/>\nM\u00e4rz<br \/>\n<\/td><td class=''><br \/>\nApr.<br \/>\n<\/td><td class=''><br \/>\nMai<br \/>\n<\/td><td class=''><br \/>\nJun.<br \/>\n<\/td><\/tr><tr class=''><td class=''><br \/>\nVersp\u00e4tet eingeschriebene Sch\u00fcler:innen<br \/>\n<\/td><td class=''><br \/>\n100<br \/>\n<\/td><td class=''><br \/>\n95<br \/>\n<\/td><td class=''><br \/>\n85<br \/>\n<\/td><td class=''><br \/>\n75<br \/>\n<\/td><td class=''><br \/>\n65<br \/>\n<\/td><td class=''><br \/>\n55<br \/>\n<\/td><td class=''><br \/>\n45<br \/>\n<\/td><td class=''><br \/>\n35<br \/>\n<\/td><td class=''><br \/>\n25<br \/>\n<\/td><td class=''><br \/>\n15<br \/>\n<\/td><\/tr><tr class=''><td class=''><br \/>\nSch\u00fcler:innen, die vorzeitig abreisen<br \/>\n<\/td><td class=''><br \/>\n50<br \/>\n<\/td><td class=''><br \/>\n50<br \/>\n<\/td><td class=''><br \/>\n55<br \/>\n<\/td><td class=''><br \/>\n60<br \/>\n<\/td><td class=''><br \/>\n65<br \/>\n<\/td><td class=''><br \/>\n70<br \/>\n<\/td><td class=''><br \/>\n85<br \/>\n<\/td><td class=''><br \/>\n100<br \/>\n<\/td><td class=''><br \/>\n100<br \/>\n<\/td><td class=''><br \/>\n100<br \/>\n<\/td><\/tr><\/tbody><\/table><\/div><br \/>\n<section  class='av_textblock_section av-kr0z8pkm-421fe7ac132b9a98f1258c80a155db57 '   itemscope=\"itemscope\" itemtype=\"https:\/\/schema.org\/CreativeWork\" ><div class='avia_textblock'  itemprop=\"text\" ><h5 style=\"margin-top: 20px;\"><strong>Sabbaticals<\/strong><\/h5>\n<p>Sch\u00fcler:innen k\u00f6nnen ein Sabbatical nehmen. Bei einer Beurlaubung von mehr als 3 Monaten wird eine Geb\u00fchr von 1.000,00 \u20ac pro Schuljahr und Sch\u00fcler:in erhoben, um den Platz des\/der Sch\u00fcler:in in der Klasse zu erhalten. Ein Sabbatical muss schriftlich beantragt werden, wobei eine Frist von zwei Monaten einzuhalten ist. Bei der R\u00fcckkehr wird kein Aufnahmebeitrag erhoben.<\/p>\n<h5><strong>Geb\u00fchr f\u00fcr warmes Mittagessen<\/strong><\/h5>\n<p>Die Sch\u00fcler:innen k\u00f6nnen entweder ihr Mittagessen von zu Hause mitbringen oder, nach vorheriger Absprache, an einem warmen Schulmittagessen teilnehmen. Die Kosten und die Vereinbarung sind bei der Schule erh\u00e4ltlich.<\/p>\n<\/div><\/section><\/p><\/div>\n\n<style type=\"text\/css\" data-created_by=\"avia_inline_auto\" id=\"style-css-av-13pjj2-66f4462b0454c3307add3d62399f6026\">\n#top .flex_column.av-13pjj2-66f4462b0454c3307add3d62399f6026{\nmargin-top:50px;\nmargin-bottom:0px;\n}\n.flex_column.av-13pjj2-66f4462b0454c3307add3d62399f6026{\nborder-radius:0px 0px 0px 0px;\npadding:0px 0px 0px 0px;\n}\n.responsive #top #wrap_all .flex_column.av-13pjj2-66f4462b0454c3307add3d62399f6026{\nmargin-top:50px;\nmargin-bottom:0px;\n}\n<\/style>\n<div  class='flex_column av-13pjj2-66f4462b0454c3307add3d62399f6026 av_one_full  avia-builder-el-13  el_after_av_one_full  el_before_av_one_full  first flex_column_div av-zero-column-padding  column-top-margin'     ><p>\n<style type=\"text\/css\" data-created_by=\"avia_inline_auto\" id=\"style-css-av-kr0z959q-85dd57e15e03acb33ddf1fa9d590e2ad\">\n#top .av-special-heading.av-kr0z959q-85dd57e15e03acb33ddf1fa9d590e2ad{\npadding-bottom:0;\n}\nbody .av-special-heading.av-kr0z959q-85dd57e15e03acb33ddf1fa9d590e2ad .av-special-heading-tag .heading-char{\nfont-size:25px;\n}\n.av-special-heading.av-kr0z959q-85dd57e15e03acb33ddf1fa9d590e2ad .av-subheading{\nfont-size:15px;\n}\n<\/style>\n<div  class='av-special-heading av-kr0z959q-85dd57e15e03acb33ddf1fa9d590e2ad av-special-heading-h2 blockquote modern-quote modern-centered  avia-builder-el-14  el_before_av_hr  avia-builder-el-first '><h2 class='av-special-heading-tag '  itemprop=\"headline\"  >Downloads<\/h2><div class=\"special-heading-border\"><div class=\"special-heading-inner-border\"><\/div><\/div><\/div><br \/>\n\n<style type=\"text\/css\" data-created_by=\"avia_inline_auto\" id=\"style-css-av-yd4ty-c528f9dfe50b9c473db28d14d9fe08d3\">\n#top .hr.av-yd4ty-c528f9dfe50b9c473db28d14d9fe08d3{\nmargin-top:5px;\nmargin-bottom:0px;\n}\n.hr.av-yd4ty-c528f9dfe50b9c473db28d14d9fe08d3 .hr-inner{\nwidth:60px;\nborder-color:#ed1c24;\n}\n<\/style>\n<div  class='hr av-yd4ty-c528f9dfe50b9c473db28d14d9fe08d3 hr-custom  avia-builder-el-15  el_after_av_heading  avia-builder-el-last  hr-center hr-icon-no'><span class='hr-inner inner-border-av-border-fat'><span class=\"hr-inner-style\"><\/span><\/span><\/div><\/p><\/div>\n<p>\n<style type=\"text\/css\" data-created_by=\"avia_inline_auto\" id=\"style-css-av-s8sqe-3cd7d903ae7e9da1be282d72333d9428\">\n#top .flex_column.av-s8sqe-3cd7d903ae7e9da1be282d72333d9428{\nmargin-top:0px;\nmargin-bottom:0px;\n}\n.flex_column.av-s8sqe-3cd7d903ae7e9da1be282d72333d9428{\nborder-radius:0px 0px 0px 0px;\npadding:0px 0px 0px 0px;\n}\n.responsive #top #wrap_all .flex_column.av-s8sqe-3cd7d903ae7e9da1be282d72333d9428{\nmargin-top:0px;\nmargin-bottom:0px;\n}\n<\/style>\n<div  class='flex_column av-s8sqe-3cd7d903ae7e9da1be282d72333d9428 av_one_full  avia-builder-el-16  el_after_av_one_full  el_before_av_one_full  first flex_column_div av-zero-column-padding  column-top-margin'     ><section  class='av_textblock_section av-kr0zbtt3-290377b5b5021f8c0a0dcc1b8d910126 '   itemscope=\"itemscope\" itemtype=\"https:\/\/schema.org\/CreativeWork\" ><div class='avia_textblock'  itemprop=\"text\" ><ul>\n<li><a href=\"https:\/\/is-hr.de\/wp-content\/uploads\/2025\/05\/School-Fees-2025-2026.pdf\" target=\"_blank\" rel=\"noopener\">Schulgelder 2025-2026<\/a><\/li>\n<li><a href=\"https:\/\/is-hr.de\/wp-content\/uploads\/2023\/04\/SEPA_Lastschriftmandat.pdf\" target=\"_blank\" rel=\"noopener\">SEPA-Formular<\/a><\/li>\n<li><a href=\"https:\/\/is-hr.de\/wp-content\/uploads\/2023\/04\/Application-Financial-Aid.pdf\" target=\"_blank\" rel=\"noopener\">Antrag auf finanzielle Hilfe<\/a><\/li>\n<\/ul>\n<\/div><\/section><\/div>\n<style type=\"text\/css\" data-created_by=\"avia_inline_auto\" id=\"style-css-av-j3qa6-230a98de55ea1565b7cacc74024d143b\">\n#top .flex_column.av-j3qa6-230a98de55ea1565b7cacc74024d143b{\nmargin-top:50px;\nmargin-bottom:0px;\n}\n.flex_column.av-j3qa6-230a98de55ea1565b7cacc74024d143b{\nborder-radius:0px 0px 0px 0px;\npadding:0px 0px 0px 0px;\n}\n.responsive #top #wrap_all .flex_column.av-j3qa6-230a98de55ea1565b7cacc74024d143b{\nmargin-top:50px;\nmargin-bottom:0px;\n}\n<\/style>\n<div  class='flex_column av-j3qa6-230a98de55ea1565b7cacc74024d143b av_one_full  avia-builder-el-18  el_after_av_one_full  el_before_av_postcontent  avia-builder-el-last  first flex_column_div av-zero-column-padding  column-top-margin'     ><p>\n<style type=\"text\/css\" data-created_by=\"avia_inline_auto\" id=\"style-css-av-kr0ze8p3-6947d85806ef99229b6b69bee43c52a5\">\n#top .av-special-heading.av-kr0ze8p3-6947d85806ef99229b6b69bee43c52a5{\npadding-bottom:0;\n}\nbody .av-special-heading.av-kr0ze8p3-6947d85806ef99229b6b69bee43c52a5 .av-special-heading-tag .heading-char{\nfont-size:25px;\n}\n.av-special-heading.av-kr0ze8p3-6947d85806ef99229b6b69bee43c52a5 .av-subheading{\nfont-size:15px;\n}\n<\/style>\n<div  class='av-special-heading av-kr0ze8p3-6947d85806ef99229b6b69bee43c52a5 av-special-heading-h2 blockquote modern-quote modern-centered  avia-builder-el-19  el_before_av_hr  avia-builder-el-first '><h2 class='av-special-heading-tag '  itemprop=\"headline\"  >Antr\u00e4ge auf finanzielle Unterst\u00fctzung<\/h2><div class=\"special-heading-border\"><div class=\"special-heading-inner-border\"><\/div><\/div><\/div><br \/>\n\n<style type=\"text\/css\" data-created_by=\"avia_inline_auto\" id=\"style-css-av-fywjy-283fd2f7fb9dfb223235d1f0d9e57cb9\">\n#top .hr.av-fywjy-283fd2f7fb9dfb223235d1f0d9e57cb9{\nmargin-top:5px;\nmargin-bottom:30px;\n}\n.hr.av-fywjy-283fd2f7fb9dfb223235d1f0d9e57cb9 .hr-inner{\nwidth:60px;\nborder-color:#ed1c24;\n}\n<\/style>\n<div  class='hr av-fywjy-283fd2f7fb9dfb223235d1f0d9e57cb9 hr-custom  avia-builder-el-20  el_after_av_heading  el_before_av_textblock  hr-center hr-icon-no'><span class='hr-inner inner-border-av-border-fat'><span class=\"hr-inner-style\"><\/span><\/span><\/div><br \/>\n<section  class='av_textblock_section av-kr0zd52m-ed23076e9bb1c2dee35eb4e37145eb8c '   itemscope=\"itemscope\" itemtype=\"https:\/\/schema.org\/CreativeWork\" ><div class='avia_textblock'  itemprop=\"text\" ><header><span style=\"font-size: 16px;\">F\u00fcr Antr\u00e4ge auf finanzielle Unterst\u00fctzung laden Sie bitte das obige Formular herunter, f\u00fcllen es aus und senden es zusammen mit den entsprechenden Unterlagen an folgende Adresse:<\/span><\/p>\n<\/header>\n<div class=\"ce-textpic ce-right ce-intext\">\n<div class=\"ce-bodytext\">\n<p>ISHR Accounting<br \/>\nFax +49 (0) 511 270 416 51<br \/>\nE-Mail: <a class=\"mail\" title=\"\u00d6ffnet den internen Link im aktuellen Fenster\" href=\"mailto:accounting@is-hr.de\" target=\"_blank\" rel=\"noopener\">accounting(t)is-hr.de<\/a><\/p>\n<\/div>\n<\/div>\n<\/div><\/section><\/p><\/div><\/p>\n<p>[av_one_full first min_height='' vertical_alignment='av-align-top' space='' row_boxshadow_color='' row_boxshadow_width='10' custom_margin='aviaTBcustom_margin' margin='50px,0px' mobile_breaking='' border='' border_color='' radius='0px' radius_sync='true' padding='0px' padding_sync='true' column_boxshadow_color='' column_boxshadow_width='10' background='bg_color' background_color='#ffffff' background_gradient_color1='' background_gradient_color2='' background_gradient_direction='vertical' src='' attachment='' attachment_size='' background_position='top left' background_repeat='no-repeat' highlight_size='1.1' animation='' link='' linktarget='' link_hover='' title_attr='' alt_attr='' mobile_display='' id='' custom_class='' template_class='' aria_label='' element_template='' one_element_template='' av_uid='av-dfag3w' sc_version='1.0']<\/p>\n<p>[av_partner heading='' type='slider' columns='8' navigation='no' control_layout='av-control-default' nav_visibility_desktop='' nav_arrow_color='' nav_arrow_bg_color='' nav_dots_color='' nav_dot_active_color='' size='no scaling' img_size_behave='no_stretch' border='av-border-deactivate' img_border='' img_border_width='' img_border_width_sync='true' img_border_color='' border_radius='' border_radius_sync='true' box_shadow='' box_shadow_style='0px,0px,0px,0px' box_shadow_color='' padding='' padding_sync='true' animation='slide' transition_speed='' autoplay='true' interval='5' heading_tag='' heading_class='' img_scrset='' lazy_loading='disabled' el_id='' custom_class='' template_class='' element_template='' one_element_template='' av_uid='av-mj8gwbv0' sc_version='1.0']<br \/>\n[av_partner_logo id='919' hover='' link='manually,https:\/\/www.ecis.org\/' link_target='_blank' linktitle='' element_template='' one_element_template='' av_uid='' sc_version='1.0' id_dynamic='' link_dynamic='' ]<br \/>\n[av_partner_logo id='10967' id_dynamic='' hover='' link='manually,https:\/\/www.ecis.org\/' link_dynamic='' link_target='_blank' linktitle='' element_template='' one_element_template='' av_uid='' sc_version='1.0' ]<br \/>\n[av_partner_logo id='922' hover='' link='manually,https:\/\/www.ibo.org\/' linktitle='' link_target='_blank' element_template='' one_element_template='' av_uid='' sc_version='1.0' id_dynamic='' link_dynamic='' ]<br \/>\n[av_partner_logo id='924' hover='' link='manually,https:\/\/www.theptc.org\/' linktitle='' link_target='_blank' element_template='' one_element_template='' av_uid='' sc_version='1.0' id_dynamic='' link_dynamic='' ]<br \/>\n[av_partner_logo id='10105' id_dynamic='' hover='' link='manually,https:\/\/www.cois.org\/' link_dynamic='' link_target='_blank' linktitle='' element_template='' one_element_template='' av_uid='' sc_version='1.0' ]<br \/>\n[av_partner_logo id='1658' hover='' link='manually,https:\/\/agis-schools.org\/' linktitle='' link_target='_blank' element_template='' one_element_template='' av_uid='' sc_version='1.0' id_dynamic='' link_dynamic='' ]<br \/>\n[av_partner_logo id='10373' id_dynamic='' hover='' link='manually,https:\/\/www.duke-award.de' link_dynamic='' link_target='' linktitle='' element_template='' one_element_template='' av_uid='' sc_version='1.0' ]<br \/>\n[\/av_partner]<\/p>\n<p>[\/av_one_full]<\/p>\n\n","protected":false},"excerpt":{"rendered":"","protected":false},"author":1,"featured_media":0,"parent":5452,"menu_order":0,"comment_status":"closed","ping_status":"closed","template":"","meta":{"footnotes":""},"class_list":["post-5469","page","type-page","status-publish","hentry"],"_links":{"self":[{"href":"https:\/\/is-hr.de\/de\/wp-json\/wp\/v2\/pages\/5469","targetHints":{"allow":["GET"]}}],"collection":[{"href":"https:\/\/is-hr.de\/de\/wp-json\/wp\/v2\/pages"}],"about":[{"href":"https:\/\/is-hr.de\/de\/wp-json\/wp\/v2\/types\/page"}],"author":[{"embeddable":true,"href":"https:\/\/is-hr.de\/de\/wp-json\/wp\/v2\/users\/1"}],"replies":[{"embeddable":true,"href":"https:\/\/is-hr.de\/de\/wp-json\/wp\/v2\/comments?post=5469"}],"version-history":[{"count":0,"href":"https:\/\/is-hr.de\/de\/wp-json\/wp\/v2\/pages\/5469\/revisions"}],"up":[{"embeddable":true,"href":"https:\/\/is-hr.de\/de\/wp-json\/wp\/v2\/pages\/5452"}],"wp:attachment":[{"href":"https:\/\/is-hr.de\/de\/wp-json\/wp\/v2\/media?parent=5469"}],"curies":[{"name":"wp","href":"https:\/\/api.w.org\/{rel}","templated":true}]}}