{"id":5462,"date":"2021-07-02T16:12:39","date_gmt":"2021-07-02T14:12:39","guid":{"rendered":"https:\/\/is-hr.de\/aufnahme\/anmeldung\/"},"modified":"2025-01-14T13:19:16","modified_gmt":"2025-01-14T12:19:16","slug":"anmeldung","status":"publish","type":"page","link":"https:\/\/is-hr.de\/de\/aufnahme\/anmeldung\/","title":{"rendered":"Anmeldung"},"content":{"rendered":"<div id='full_slider_1'  class='avia-fullwidth-slider main_color avia-shadow   avia-builder-el-0  el_before_av_textblock  avia-builder-el-first   container_wrap fullsize'  ><div  class='avia-slideshow av-ksha64c6-05b313024a0251da50ab4c8bbac8516f avia-slideshow-featured av_slideshow_full avia-slide-slider av-slideshow-ui av-control-default av-slideshow-manual av-loop-once av-loop-manual-endless av-default-height-applied   avia-slideshow-1' data-slideshow-options=\"{&quot;animation&quot;:&quot;slide&quot;,&quot;autoplay&quot;:false,&quot;loop_autoplay&quot;:&quot;once&quot;,&quot;interval&quot;:5,&quot;loop_manual&quot;:&quot;manual-endless&quot;,&quot;autoplay_stopper&quot;:false,&quot;noNavigation&quot;:false,&quot;bg_slider&quot;:false,&quot;keep_padding&quot;:false,&quot;hoverpause&quot;:false,&quot;show_slide_delay&quot;:0}\"  itemprop=\"image\" itemscope=\"itemscope\" itemtype=\"https:\/\/schema.org\/ImageObject\" ><ul class='avia-slideshow-inner ' style='padding-bottom: 28.666666666667%;'><li  class='avia-slideshow-slide av-ksha64c6-05b313024a0251da50ab4c8bbac8516f__0  av-single-slide slide-1 slide-odd'><div data-rel='slideshow-1' class='avia-slide-wrap '   ><img decoding=\"async\" fetchpriority=\"high\" class=\"wp-image-4691 avia-img-lazy-loading-not-4691\" src=\"https:\/\/is-hr.de\/wp-content\/uploads\/2021\/08\/header-application-1500x430.jpg\" width=\"1500\" height=\"430\" title=\"Primary students working together\" alt=\"\" itemprop=\"thumbnailUrl\" srcset=\"https:\/\/is-hr.de\/wp-content\/uploads\/2021\/08\/header-application.jpg 1500w, https:\/\/is-hr.de\/wp-content\/uploads\/2021\/08\/header-application-300x86.jpg 300w, https:\/\/is-hr.de\/wp-content\/uploads\/2021\/08\/header-application-1030x295.jpg 1030w, https:\/\/is-hr.de\/wp-content\/uploads\/2021\/08\/header-application-768x220.jpg 768w, https:\/\/is-hr.de\/wp-content\/uploads\/2021\/08\/header-application-705x202.jpg 705w\" sizes=\"(max-width: 1500px) 100vw, 1500px\"><\/div><\/li><\/ul><\/div><\/div><div id='after_full_slider_1'  class='main_color av_default_container_wrap container_wrap fullsize'  ><div class='container av-section-cont-open' ><div class='template-page content  av-content-full alpha units'><div class='post-entry post-entry-type-page post-entry-5462'><div class='entry-content-wrapper clearfix'>\n<section  class='av_textblock_section av-5ftkig-359463079998bf6530d67f7f8e09e6e9 '   itemscope=\"itemscope\" itemtype=\"https:\/\/schema.org\/CreativeWork\" ><div class='avia_textblock'  itemprop=\"text\" ><p style=\"text-align: left;\"><div class=\"breadcrumb breadcrumbs avia-breadcrumbs\"><div class=\"breadcrumb-trail\" ><span class=\"trail-before\"><span class=\"breadcrumb-title\">Du bist hier:<\/span><\/span> <span  itemscope=\"itemscope\" itemtype=\"https:\/\/schema.org\/BreadcrumbList\" ><span  itemscope=\"itemscope\" itemtype=\"https:\/\/schema.org\/ListItem\" itemprop=\"itemListElement\" ><a itemprop=\"url\" href=\"https:\/\/is-hr.de\/de\/\" title=\"ISHR\" rel=\"home\" class=\"trail-begin\"><span itemprop=\"name\">Startseite<\/span><\/a><span itemprop=\"position\" class=\"hidden\">1<\/span><\/span><\/span><\/div><\/div><\/p>\n<\/div><\/section>\n\n<style type=\"text\/css\" data-created_by=\"avia_inline_auto\" id=\"style-css-av-iszpc-1b29e7fef41ca7867162a1f8a244e546\">\n#top .flex_column.av-iszpc-1b29e7fef41ca7867162a1f8a244e546{\nmargin-top:30px;\nmargin-bottom:0px;\n}\n.flex_column.av-iszpc-1b29e7fef41ca7867162a1f8a244e546{\nborder-radius:0px 0px 0px 0px;\npadding:0px 0px 0px 0px;\n}\n.responsive #top #wrap_all .flex_column.av-iszpc-1b29e7fef41ca7867162a1f8a244e546{\nmargin-top:30px;\nmargin-bottom:0px;\n}\n<\/style>\n<div  class='flex_column av-iszpc-1b29e7fef41ca7867162a1f8a244e546 av_one_full  avia-builder-el-2  el_after_av_textblock  el_before_av_hr  first flex_column_div av-zero-column-padding  column-top-margin'     ><p>\n<style type=\"text\/css\" data-created_by=\"avia_inline_auto\" id=\"style-css-av-kqt3arvm-b66c6f63f5e0cfacd7c7df8aa12fb222\">\n#top .av-special-heading.av-kqt3arvm-b66c6f63f5e0cfacd7c7df8aa12fb222{\npadding-bottom:0;\n}\nbody .av-special-heading.av-kqt3arvm-b66c6f63f5e0cfacd7c7df8aa12fb222 .av-special-heading-tag .heading-char{\nfont-size:25px;\n}\n.av-special-heading.av-kqt3arvm-b66c6f63f5e0cfacd7c7df8aa12fb222 .av-subheading{\nfont-size:15px;\n}\n<\/style>\n<div  class='av-special-heading av-kqt3arvm-b66c6f63f5e0cfacd7c7df8aa12fb222 av-special-heading-h1 blockquote modern-quote modern-centered  avia-builder-el-3  el_before_av_hr  avia-builder-el-first '><h1 class='av-special-heading-tag '  itemprop=\"headline\"  >Anmeldung<\/h1><div class=\"special-heading-border\"><div class=\"special-heading-inner-border\"><\/div><\/div><\/div><br \/>\n\n<style type=\"text\/css\" data-created_by=\"avia_inline_auto\" id=\"style-css-av-ic5zs-155d235662a26caf5b2970ec1ab6d696\">\n#top .hr.av-ic5zs-155d235662a26caf5b2970ec1ab6d696{\nmargin-top:5px;\nmargin-bottom:30px;\n}\n.hr.av-ic5zs-155d235662a26caf5b2970ec1ab6d696 .hr-inner{\nwidth:60px;\nborder-color:#ed1c24;\n}\n<\/style>\n<div  class='hr av-ic5zs-155d235662a26caf5b2970ec1ab6d696 hr-custom  avia-builder-el-4  el_after_av_heading  el_before_av_textblock  hr-center hr-icon-no'><span class='hr-inner inner-border-av-border-fat'><span class=\"hr-inner-style\"><\/span><\/span><\/div><br \/>\n<section  class='av_textblock_section av-hsu08-1cde5b95441add5f4d2a9f7ddb51ae50 '   itemscope=\"itemscope\" itemtype=\"https:\/\/schema.org\/CreativeWork\" ><div class='avia_textblock'  itemprop=\"text\" ><p style=\"text-align: left;\">Dieser Abschnitt enth\u00e4lt das Formular f\u00fcr den Antrag auf Zulassung zu den verschiedenen Jahrg\u00e4ngen der Schule. Bitte beachten Sie die Aufnahmerichtlinien, die unter &#8222;Aufnahme\/Allgemeine Informationen&#8220; zu finden sind, um weitere Einzelheiten zum Aufnahmeverfahren zu erfahren.<\/p>\n<p><br class=\"avia-permanent-lb\">Wir freuen uns auf Ihre Anmeldung! Wenn Sie Fragen zu Ihrer Bewerbung haben, wenden Sie sich bitte an Ute Fischer,<strong> <\/strong>unser Zulassungskoordinator:<\/p>\n<\/div><\/section><\/p><\/div>\n<div  class='hr av-l3dr4-2b5f998eba35894d97d7e042300289a1 hr-default  avia-builder-el-6  el_after_av_one_full  el_before_av_one_fifth '><span class='hr-inner '><span class=\"hr-inner-style\"><\/span><\/span><\/div>\n\n<style type=\"text\/css\" data-created_by=\"avia_inline_auto\" id=\"style-css-av-6z1lk-d602dd746702f99081931b3d9ff9dcd0\">\n.flex_column.av-6z1lk-d602dd746702f99081931b3d9ff9dcd0{\nborder-radius:0px 0px 0px 0px;\npadding:0px 0px 0px 0px;\n}\n<\/style>\n<div  class='flex_column av-6z1lk-d602dd746702f99081931b3d9ff9dcd0 av_one_fifth  avia-builder-el-7  el_after_av_hr  el_before_av_four_fifth  first flex_column_div av-zero-column-padding  '     ><p>\n<style type=\"text\/css\" data-created_by=\"avia_inline_auto\" id=\"style-css-av-lchpniup-63625a0a43fcd9a0cf404f8e3cc1ae31\">\n.avia-image-container.av-lchpniup-63625a0a43fcd9a0cf404f8e3cc1ae31 img.avia_image{\nbox-shadow:none;\n}\n.avia-image-container.av-lchpniup-63625a0a43fcd9a0cf404f8e3cc1ae31 .av-image-caption-overlay-center{\ncolor:#ffffff;\n}\n<\/style>\n<div  class='avia-image-container av-lchpniup-63625a0a43fcd9a0cf404f8e3cc1ae31 av-styling- avia-align-center  avia-builder-el-8  el_before_av_image  avia-builder-el-first '   itemprop=\"image\" itemscope=\"itemscope\" itemtype=\"https:\/\/schema.org\/ImageObject\" ><div class=\"avia-image-container-inner\"><div class=\"avia-image-overlay-wrap\"><img decoding=\"async\" fetchpriority=\"high\" class=\"wp-image-9557 avia-img-lazy-loading-not-9557 avia_image \" src=\"https:\/\/is-hr.de\/wp-content\/uploads\/2024\/11\/Ute-FISCHER.jpg\" alt=\"\" title=\"Ute FISCHER\" height=\"1989\" width=\"1574\" itemprop=\"thumbnailUrl\" srcset=\"https:\/\/is-hr.de\/wp-content\/uploads\/2024\/11\/Ute-FISCHER.jpg 1574w, https:\/\/is-hr.de\/wp-content\/uploads\/2024\/11\/Ute-FISCHER-237x300.jpg 237w, https:\/\/is-hr.de\/wp-content\/uploads\/2024\/11\/Ute-FISCHER-815x1030.jpg 815w, https:\/\/is-hr.de\/wp-content\/uploads\/2024\/11\/Ute-FISCHER-768x970.jpg 768w, https:\/\/is-hr.de\/wp-content\/uploads\/2024\/11\/Ute-FISCHER-1216x1536.jpg 1216w, https:\/\/is-hr.de\/wp-content\/uploads\/2024\/11\/Ute-FISCHER-1187x1500.jpg 1187w, https:\/\/is-hr.de\/wp-content\/uploads\/2024\/11\/Ute-FISCHER-558x705.jpg 558w\" sizes=\"(max-width: 1574px) 100vw, 1574px\"><\/div><\/div><\/div><br \/>\n<\/p><\/div>\n\n<style type=\"text\/css\" data-created_by=\"avia_inline_auto\" id=\"style-css-av-xlo0-f117525360941acc30ccc1b77a871919\">\n.flex_column.av-xlo0-f117525360941acc30ccc1b77a871919{\nborder-radius:0px 0px 0px 0px;\npadding:0px 0px 0px 0px;\n}\n<\/style>\n<div  class='flex_column av-xlo0-f117525360941acc30ccc1b77a871919 av_four_fifth  avia-builder-el-10  el_after_av_one_fifth  el_before_av_one_full  flex_column_div av-zero-column-padding  '     ><section  class='av_textblock_section av-ldlidshr-edd84a8e698923c9587d5906155e6759 '   itemscope=\"itemscope\" itemtype=\"https:\/\/schema.org\/CreativeWork\" ><div class='avia_textblock'  itemprop=\"text\" ><p><strong>Koordinator f\u00fcr Zulassungen<\/strong><\/p>\n<div>Ute Fischer<\/div>\n<div>Telefon +49 511 270 426 280<\/div>\n<div>Fax +49 511 270 416 51<\/div>\n<div><a href=\"mailto:Ute-Fischer@is-hr.de\" target=\"_blank\" rel=\"noopener\">Ute-Fischer@is-hr.de<\/a><\/div>\n<div><\/div>\n<\/div><\/section><\/div>\n\n<style type=\"text\/css\" data-created_by=\"avia_inline_auto\" id=\"style-css-av-rlclc-28e74e27cb08602f816015315661fa24\">\n#top .flex_column.av-rlclc-28e74e27cb08602f816015315661fa24{\nmargin-top:30px;\nmargin-bottom:0px;\n}\n.flex_column.av-rlclc-28e74e27cb08602f816015315661fa24{\nborder-radius:0px 0px 0px 0px;\npadding:0px 0px 0px 0px;\n}\n.responsive #top #wrap_all .flex_column.av-rlclc-28e74e27cb08602f816015315661fa24{\nmargin-top:30px;\nmargin-bottom:0px;\n}\n<\/style>\n<div  class='flex_column av-rlclc-28e74e27cb08602f816015315661fa24 av_one_full  avia-builder-el-12  el_after_av_four_fifth  el_before_av_three_fifth  first flex_column_div av-zero-column-padding  '     ><p>\n<style type=\"text\/css\" data-created_by=\"avia_inline_auto\" id=\"style-css-av-kr0nmh6j-dd988651bce2082068a813cccd6c2881\">\n#top .av-special-heading.av-kr0nmh6j-dd988651bce2082068a813cccd6c2881{\npadding-bottom:0;\n}\nbody .av-special-heading.av-kr0nmh6j-dd988651bce2082068a813cccd6c2881 .av-special-heading-tag .heading-char{\nfont-size:25px;\n}\n.av-special-heading.av-kr0nmh6j-dd988651bce2082068a813cccd6c2881 .av-subheading{\nfont-size:15px;\n}\n<\/style>\n<div  class='av-special-heading av-kr0nmh6j-dd988651bce2082068a813cccd6c2881 av-special-heading-h2 blockquote modern-quote modern-centered  avia-builder-el-13  el_before_av_hr  avia-builder-el-first '><h2 class='av-special-heading-tag '  itemprop=\"headline\"  >Wie man sich bewirbt<\/h2><div class=\"special-heading-border\"><div class=\"special-heading-inner-border\"><\/div><\/div><\/div><br \/>\n\n<style type=\"text\/css\" data-created_by=\"avia_inline_auto\" id=\"style-css-av-kzpt4-b0e3995c2ad67f8dd13d63c8643a82fa\">\n#top .hr.av-kzpt4-b0e3995c2ad67f8dd13d63c8643a82fa{\nmargin-top:5px;\nmargin-bottom:0px;\n}\n.hr.av-kzpt4-b0e3995c2ad67f8dd13d63c8643a82fa .hr-inner{\nwidth:60px;\nborder-color:#ed1c24;\n}\n<\/style>\n<div  class='hr av-kzpt4-b0e3995c2ad67f8dd13d63c8643a82fa hr-custom  avia-builder-el-14  el_after_av_heading  avia-builder-el-last  hr-center hr-icon-no'><span class='hr-inner inner-border-av-border-fat'><span class=\"hr-inner-style\"><\/span><\/span><\/div><\/p><\/div>\n<p>\n<style type=\"text\/css\" data-created_by=\"avia_inline_auto\" id=\"style-css-av-flxq8-6633675fed117d89b8a5422c6a0d22f5\">\n#top .flex_column.av-flxq8-6633675fed117d89b8a5422c6a0d22f5{\nmargin-top:0px;\nmargin-bottom:0px;\n}\n.flex_column.av-flxq8-6633675fed117d89b8a5422c6a0d22f5{\nborder-radius:0px 0px 0px 0px;\npadding:0px 0px 0px 0px;\n}\n.responsive #top #wrap_all .flex_column.av-flxq8-6633675fed117d89b8a5422c6a0d22f5{\nmargin-top:0px;\nmargin-bottom:0px;\n}\n<\/style>\n<div  class='flex_column av-flxq8-6633675fed117d89b8a5422c6a0d22f5 av_three_fifth  avia-builder-el-15  el_after_av_one_full  el_before_av_two_fifth  first flex_column_div av-zero-column-padding  column-top-margin'     ><section  class='av_textblock_section av-kr0np30j-6b4216e9b1fbaf94220e1310bfe34e80 '   itemscope=\"itemscope\" itemtype=\"https:\/\/schema.org\/CreativeWork\" ><div class='avia_textblock'  itemprop=\"text\" ><p>Um sich anzumelden, f\u00fcllen Sie bitte das nachstehende Anmeldeformular aus, das Sie auf Wunsch auch herunterladen und ausdrucken k\u00f6nnen: <strong>\n<style type=\"text\/css\" data-created_by=\"avia_inline_auto\" id=\"style-css-av-etmfs-cb5a2a0a67f410627d5529c180d67d7b\">\n.av_font_icon.av-etmfs-cb5a2a0a67f410627d5529c180d67d7b{\ncolor:red;\nborder-color:red;\n}\n.av_font_icon.av-etmfs-cb5a2a0a67f410627d5529c180d67d7b .av-icon-char{\nfont-size:20px;\nline-height:20px;\n}\n<\/style>\n<span  class='av_font_icon av-etmfs-cb5a2a0a67f410627d5529c180d67d7b avia_animate_when_visible av-icon-style- avia-icon-pos-left avia-icon-animate'><a href=\"https:\/\/is-hr.de\/wp-content\/uploads\/2021\/09\/Application-for-Student-Admission-09-2021-1.pdf\" target=\"_blank\" rel=\"noopener noreferrer\" class=\"av-icon-char\" aria-hidden=\"false\" data-av_icon=\"\ue84b\" data-av_iconfont=\"entypo-fontello\"><\/a><\/span> <a href=\"https:\/\/is-hr.de\/wp-content\/uploads\/2023\/04\/Application-for-Student-Admission-till-30-31-SY-Updated.pdf\" target=\"_blank\" rel=\"noopener\">Bewerbungsformular f\u00fcr Studenten <\/a><\/strong> (f\u00fcr optimale Funktionalit\u00e4t verwenden Sie bitte den <a href=\"https:\/\/get.adobe.com\/reader\" target=\"_blank\" rel=\"noopener\">Adobe Reader<\/a>) Um Ihr Bewerbungsformular online einzureichen, laden Sie es bitte herunter und senden es per E-Mail an <a href=\"Ute-Fischer@is-hr.de\">Ute Fischer<\/a>. F\u00fcr Bewerbungen in Papierform senden Sie uns das ausgef\u00fcllte Bewerbungsformular bitte per Fax\/Post zur\u00fcck. <strong>Alle Zulassungskorrespondenz und Dokumente sollten an folgende Adresse gerichtet werden:<\/strong> Internationale Schule Region Hannover Bruchmeisterallee 6 30169 Hannover Deutschland Fax +49 (0) 511 270 416 51<\/p>\n<\/div><\/section><\/div>\n<style type=\"text\/css\" data-created_by=\"avia_inline_auto\" id=\"style-css-av-4cefs0-a991dd5a307cf37b6a88efe24e7b09a1\">\n#top .flex_column.av-4cefs0-a991dd5a307cf37b6a88efe24e7b09a1{\nmargin-top:0px;\nmargin-bottom:0px;\n}\n.flex_column.av-4cefs0-a991dd5a307cf37b6a88efe24e7b09a1{\nborder-radius:0px 0px 0px 0px;\npadding:20px 0px 0px 0px;\n}\n.responsive #top #wrap_all .flex_column.av-4cefs0-a991dd5a307cf37b6a88efe24e7b09a1{\nmargin-top:0px;\nmargin-bottom:0px;\n}\n<\/style>\n<div  class='flex_column av-4cefs0-a991dd5a307cf37b6a88efe24e7b09a1 av_two_fifth  avia-builder-el-18  el_after_av_three_fifth  el_before_av_one_full  flex_column_div  column-top-margin'     ><style type=\"text\/css\" data-created_by=\"avia_inline_auto\" id=\"style-css-av-4agl48-b234a431b66b1858d0431e9f3a6e627b\">\n.avia-image-container.av-4agl48-b234a431b66b1858d0431e9f3a6e627b img.avia_image{\nbox-shadow:none;\n}\n.avia-image-container.av-4agl48-b234a431b66b1858d0431e9f3a6e627b .av-image-caption-overlay-center{\ncolor:#ffffff;\n}\n<\/style>\n<div  class='avia-image-container av-4agl48-b234a431b66b1858d0431e9f3a6e627b av-styling- avia-align-center  avia-builder-el-19  avia-builder-el-no-sibling '   itemprop=\"image\" itemscope=\"itemscope\" itemtype=\"https:\/\/schema.org\/ImageObject\" ><div class=\"avia-image-container-inner\"><div class=\"avia-image-overlay-wrap\"><img decoding=\"async\" fetchpriority=\"high\" class=\"wp-image-4466 avia-img-lazy-loading-not-4466 avia_image \" src=\"https:\/\/is-hr.de\/wp-content\/uploads\/2021\/07\/ISHR-iwing-students.jpg\" alt=\"\" title=\"ISHR iWing with students\" height=\"350\" width=\"450\" itemprop=\"thumbnailUrl\" srcset=\"https:\/\/is-hr.de\/wp-content\/uploads\/2021\/07\/ISHR-iwing-students.jpg 450w, https:\/\/is-hr.de\/wp-content\/uploads\/2021\/07\/ISHR-iwing-students-300x233.jpg 300w\" sizes=\"(max-width: 450px) 100vw, 450px\"><\/div><\/div><\/div><\/div><\/p>\n\n<style type=\"text\/css\" data-created_by=\"avia_inline_auto\" id=\"style-css-av-3ilwo0-f617469a86becd07acf36a287e51d43d\">\n#top .flex_column.av-3ilwo0-f617469a86becd07acf36a287e51d43d{\nmargin-top:50px;\nmargin-bottom:0px;\n}\n.flex_column.av-3ilwo0-f617469a86becd07acf36a287e51d43d{\nborder-radius:0px 0px 0px 0px;\npadding:0px 0px 0px 0px;\n}\n.responsive #top #wrap_all .flex_column.av-3ilwo0-f617469a86becd07acf36a287e51d43d{\nmargin-top:50px;\nmargin-bottom:0px;\n}\n<\/style>\n<div  class='flex_column av-3ilwo0-f617469a86becd07acf36a287e51d43d av_one_full  avia-builder-el-20  el_after_av_two_fifth  el_before_av_postcontent  avia-builder-el-last  first flex_column_div av-zero-column-padding  '     ><p>\n<style type=\"text\/css\" data-created_by=\"avia_inline_auto\" id=\"style-css-av-c5bm8-bd47cb8dc75de4870329d559abd934f9\">\n#top .av-special-heading.av-c5bm8-bd47cb8dc75de4870329d559abd934f9{\npadding-bottom:0;\n}\nbody .av-special-heading.av-c5bm8-bd47cb8dc75de4870329d559abd934f9 .av-special-heading-tag .heading-char{\nfont-size:25px;\n}\n.av-special-heading.av-c5bm8-bd47cb8dc75de4870329d559abd934f9 .av-subheading{\nfont-size:15px;\n}\n<\/style>\n<div  class='av-special-heading av-c5bm8-bd47cb8dc75de4870329d559abd934f9 av-special-heading-h2 blockquote modern-quote modern-centered  avia-builder-el-21  el_before_av_hr  avia-builder-el-first '><h2 class='av-special-heading-tag '  itemprop=\"headline\"  >Downloads<\/h2><div class=\"special-heading-border\"><div class=\"special-heading-inner-border\"><\/div><\/div><\/div><br \/>\n\n<style type=\"text\/css\" data-created_by=\"avia_inline_auto\" id=\"style-css-av-9lo8g-a0557539571492333be2912e6998b67c\">\n#top .hr.av-9lo8g-a0557539571492333be2912e6998b67c{\nmargin-top:5px;\nmargin-bottom:30px;\n}\n.hr.av-9lo8g-a0557539571492333be2912e6998b67c .hr-inner{\nwidth:60px;\nborder-color:#ed1c24;\n}\n<\/style>\n<div  class='hr av-9lo8g-a0557539571492333be2912e6998b67c hr-custom  avia-builder-el-22  el_after_av_heading  el_before_av_textblock  hr-center hr-icon-no'><span class='hr-inner inner-border-av-border-fat'><span class=\"hr-inner-style\"><\/span><\/span><\/div><br \/>\n<section  class='av_textblock_section av-kr0nzqyw-78b749d13269df6817ee0107f3dc3d33 '   itemscope=\"itemscope\" itemtype=\"https:\/\/schema.org\/CreativeWork\" ><div class='avia_textblock'  itemprop=\"text\" ><ul>\n<li><strong>\n<style type=\"text\/css\" data-created_by=\"avia_inline_auto\" id=\"style-css-av-etmfs-1-8f4d7f2c010ab0dadddd1e12ef6c8642\">\n.av_font_icon.av-etmfs-1-8f4d7f2c010ab0dadddd1e12ef6c8642{\ncolor:red;\nborder-color:red;\n}\n.av_font_icon.av-etmfs-1-8f4d7f2c010ab0dadddd1e12ef6c8642 .av-icon-char{\nfont-size:20px;\nline-height:20px;\n}\n<\/style>\n<span  class='av_font_icon av-etmfs-1-8f4d7f2c010ab0dadddd1e12ef6c8642 avia_animate_when_visible av-icon-style- avia-icon-pos-left avia-icon-animate'><a href=\"https:\/\/is-hr.de\/wp-content\/uploads\/2021\/09\/Application-for-Student-Admission-09-2021-1.pdf\" target=\"_blank\" rel=\"noopener noreferrer\" class=\"av-icon-char\" aria-hidden=\"false\" data-av_icon=\"\ue84b\" data-av_iconfont=\"entypo-fontello\"><\/a><\/span> <a href=\"https:\/\/is-hr.de\/wp-content\/uploads\/2023\/04\/Application-for-Student-Admission-till-30-31-SY-Updated.pdf\" target=\"_blank\" rel=\"noopener\">Student Application Form<\/a> <\/strong> (f\u00fcr optimale Funktionalit\u00e4t verwenden Sie bitte <a href=\"https:\/\/get.adobe.com\/reader\" target=\"_blank\" rel=\"noopener\">Adobe Reader<\/a>)<\/li>\n<li><strong>\n<style type=\"text\/css\" data-created_by=\"avia_inline_auto\" id=\"style-css-av-7w6i0-9f926bd91151093cd2f2afdf3f1cbe83\">\n.av_font_icon.av-7w6i0-9f926bd91151093cd2f2afdf3f1cbe83{\ncolor:red;\nborder-color:red;\n}\n.av_font_icon.av-7w6i0-9f926bd91151093cd2f2afdf3f1cbe83 .av-icon-char{\nfont-size:20px;\nline-height:20px;\n}\n<\/style>\n<span  class='av_font_icon av-7w6i0-9f926bd91151093cd2f2afdf3f1cbe83 avia_animate_when_visible av-icon-style- avia-icon-pos-left avia-icon-animate'><a href=\"https:\/\/is-hr.de\/wp-content\/uploads\/2021\/07\/ISHR_Data_Protection_and_Privacy_Notice.pdf\" target=\"_blank\" rel=\"noopener noreferrer\" class=\"av-icon-char\" aria-hidden=\"false\" data-av_icon=\"\ue84b\" data-av_iconfont=\"entypo-fontello\"><\/a><\/span> <a href=\"https:\/\/is-hr.de\/wp-content\/uploads\/2021\/07\/ISHR_Data_Protection_and_Privacy_Notice.pdf\" target=\"_blank\" rel=\"noopener\">ISHR-Datenschutz und Datenschutzerkl\u00e4rung<\/a><\/strong><\/li>\n<\/ul>\n<\/div><\/section><\/p><\/div>\n<p>[av_one_full first min_height='' vertical_alignment='av-align-top' space='' row_boxshadow_color='' row_boxshadow_width='10' custom_margin='aviaTBcustom_margin' margin='50px,0px' mobile_breaking='' border='' border_color='' radius='0px' radius_sync='true' padding='0px' padding_sync='true' column_boxshadow_color='' column_boxshadow_width='10' background='bg_color' background_color='#ffffff' background_gradient_color1='' background_gradient_color2='' background_gradient_direction='vertical' src='' attachment='' attachment_size='' background_position='top left' background_repeat='no-repeat' highlight_size='1.1' animation='' link='' linktarget='' link_hover='' title_attr='' alt_attr='' mobile_display='' id='' custom_class='' template_class='' aria_label='' element_template='' one_element_template='' av_uid='av-dfag3w' sc_version='1.0']<\/p>\n<p>[av_partner heading='' type='slider' columns='8' navigation='no' control_layout='av-control-default' nav_visibility_desktop='' nav_arrow_color='' nav_arrow_bg_color='' nav_dots_color='' nav_dot_active_color='' size='no scaling' img_size_behave='no_stretch' border='av-border-deactivate' img_border='' img_border_width='' img_border_width_sync='true' img_border_color='' border_radius='' border_radius_sync='true' box_shadow='' box_shadow_style='0px,0px,0px,0px' box_shadow_color='' padding='' padding_sync='true' animation='slide' transition_speed='' autoplay='true' interval='5' heading_tag='' heading_class='' img_scrset='' lazy_loading='disabled' el_id='' custom_class='' template_class='' element_template='' one_element_template='' av_uid='av-mj8gwbv0' sc_version='1.0']<br \/>\n[av_partner_logo id='919' hover='' link='manually,https:\/\/www.ecis.org\/' link_target='_blank' linktitle='' element_template='' one_element_template='' av_uid='' sc_version='1.0' id_dynamic='' link_dynamic='' ]<br \/>\n[av_partner_logo id='10967' id_dynamic='' hover='' link='manually,https:\/\/www.ecis.org\/' link_dynamic='' link_target='_blank' linktitle='' element_template='' one_element_template='' av_uid='' sc_version='1.0' ]<br \/>\n[av_partner_logo id='922' hover='' link='manually,https:\/\/www.ibo.org\/' linktitle='' link_target='_blank' element_template='' one_element_template='' av_uid='' sc_version='1.0' id_dynamic='' link_dynamic='' ]<br \/>\n[av_partner_logo id='924' hover='' link='manually,https:\/\/www.theptc.org\/' linktitle='' link_target='_blank' element_template='' one_element_template='' av_uid='' sc_version='1.0' id_dynamic='' link_dynamic='' ]<br \/>\n[av_partner_logo id='10105' id_dynamic='' hover='' link='manually,https:\/\/www.cois.org\/' link_dynamic='' link_target='_blank' linktitle='' element_template='' one_element_template='' av_uid='' sc_version='1.0' ]<br \/>\n[av_partner_logo id='1658' hover='' link='manually,https:\/\/agis-schools.org\/' linktitle='' link_target='_blank' element_template='' one_element_template='' av_uid='' sc_version='1.0' id_dynamic='' link_dynamic='' ]<br \/>\n[av_partner_logo id='10373' id_dynamic='' hover='' link='manually,https:\/\/www.duke-award.de' link_dynamic='' link_target='' linktitle='' element_template='' one_element_template='' av_uid='' sc_version='1.0' ]<br \/>\n[\/av_partner]<\/p>\n<p>[\/av_one_full]<\/p>\n\n","protected":false},"excerpt":{"rendered":"","protected":false},"author":1,"featured_media":0,"parent":5452,"menu_order":0,"comment_status":"closed","ping_status":"closed","template":"","meta":{"footnotes":""},"class_list":["post-5462","page","type-page","status-publish","hentry"],"_links":{"self":[{"href":"https:\/\/is-hr.de\/de\/wp-json\/wp\/v2\/pages\/5462","targetHints":{"allow":["GET"]}}],"collection":[{"href":"https:\/\/is-hr.de\/de\/wp-json\/wp\/v2\/pages"}],"about":[{"href":"https:\/\/is-hr.de\/de\/wp-json\/wp\/v2\/types\/page"}],"author":[{"embeddable":true,"href":"https:\/\/is-hr.de\/de\/wp-json\/wp\/v2\/users\/1"}],"replies":[{"embeddable":true,"href":"https:\/\/is-hr.de\/de\/wp-json\/wp\/v2\/comments?post=5462"}],"version-history":[{"count":0,"href":"https:\/\/is-hr.de\/de\/wp-json\/wp\/v2\/pages\/5462\/revisions"}],"up":[{"embeddable":true,"href":"https:\/\/is-hr.de\/de\/wp-json\/wp\/v2\/pages\/5452"}],"wp:attachment":[{"href":"https:\/\/is-hr.de\/de\/wp-json\/wp\/v2\/media?parent=5462"}],"curies":[{"name":"wp","href":"https:\/\/api.w.org\/{rel}","templated":true}]}}