{"id":5450,"date":"2021-07-02T16:11:35","date_gmt":"2021-07-02T14:11:35","guid":{"rendered":"https:\/\/is-hr.de\/ueber-uns\/grusswort-des-direktors\/"},"modified":"2025-07-09T13:07:05","modified_gmt":"2025-07-09T11:07:05","slug":"grusswort-des-direktors","status":"publish","type":"page","link":"https:\/\/is-hr.de\/de\/ueber-uns\/grusswort-des-direktors\/","title":{"rendered":"Gru\u00dfwort des Direktors"},"content":{"rendered":"<div id='full_slider_1'  class='avia-fullwidth-slider main_color avia-shadow   avia-builder-el-0  el_before_av_textblock  avia-builder-el-first   container_wrap fullsize'  ><div  class='avia-slideshow av-ksehi8eq-894b939ca165cddb088fc870299a66e8 avia-slideshow-featured av_slideshow_full avia-slide-slider av-slideshow-ui av-control-default av-slideshow-manual av-loop-once av-loop-manual-endless av-default-height-applied   avia-slideshow-1' data-slideshow-options=\"{&quot;animation&quot;:&quot;slide&quot;,&quot;autoplay&quot;:false,&quot;loop_autoplay&quot;:&quot;once&quot;,&quot;interval&quot;:5,&quot;loop_manual&quot;:&quot;manual-endless&quot;,&quot;autoplay_stopper&quot;:false,&quot;noNavigation&quot;:false,&quot;bg_slider&quot;:false,&quot;keep_padding&quot;:false,&quot;hoverpause&quot;:false,&quot;show_slide_delay&quot;:0}\"  itemprop=\"image\" itemscope=\"itemscope\" itemtype=\"https:\/\/schema.org\/ImageObject\" ><ul class='avia-slideshow-inner ' style='padding-bottom: 28.666666666667%;'><li  class='avia-slideshow-slide av-ksehi8eq-894b939ca165cddb088fc870299a66e8__0  av-single-slide slide-1 slide-odd'><div data-rel='slideshow-1' class='avia-slide-wrap '   ><img decoding=\"async\" fetchpriority=\"high\" class=\"wp-image-4676 avia-img-lazy-loading-not-4676\" src=\"https:\/\/is-hr.de\/wp-content\/uploads\/2021\/08\/header-welcome-2-1500x430.jpg\" width=\"1500\" height=\"430\" title=\"Aerial view of ISHR campus\" alt=\"\" itemprop=\"thumbnailUrl\" srcset=\"https:\/\/is-hr.de\/wp-content\/uploads\/2021\/08\/header-welcome-2.jpg 1500w, https:\/\/is-hr.de\/wp-content\/uploads\/2021\/08\/header-welcome-2-300x86.jpg 300w, https:\/\/is-hr.de\/wp-content\/uploads\/2021\/08\/header-welcome-2-1030x295.jpg 1030w, https:\/\/is-hr.de\/wp-content\/uploads\/2021\/08\/header-welcome-2-768x220.jpg 768w, https:\/\/is-hr.de\/wp-content\/uploads\/2021\/08\/header-welcome-2-705x202.jpg 705w\" sizes=\"(max-width: 1500px) 100vw, 1500px\"><\/div><\/li><\/ul><\/div><\/div><div id='after_full_slider_1'  class='main_color av_default_container_wrap container_wrap fullsize'  ><div class='container av-section-cont-open' ><div class='template-page content  av-content-full alpha units'><div class='post-entry post-entry-type-page post-entry-5450'><div class='entry-content-wrapper clearfix'>\n<section  class='av_textblock_section av-vakvw-2a6d6c51ae0ccb546b10bdaeb40a7095 '   itemscope=\"itemscope\" itemtype=\"https:\/\/schema.org\/CreativeWork\" ><div class='avia_textblock'  itemprop=\"text\" ><p style=\"text-align: left;\"><div class=\"breadcrumb breadcrumbs avia-breadcrumbs\"><div class=\"breadcrumb-trail\" ><span class=\"trail-before\"><span class=\"breadcrumb-title\">Du bist hier:<\/span><\/span> <span  itemscope=\"itemscope\" itemtype=\"https:\/\/schema.org\/BreadcrumbList\" ><span  itemscope=\"itemscope\" itemtype=\"https:\/\/schema.org\/ListItem\" itemprop=\"itemListElement\" ><a itemprop=\"url\" href=\"https:\/\/is-hr.de\/de\/\" title=\"ISHR\" rel=\"home\" class=\"trail-begin\"><span itemprop=\"name\">Startseite<\/span><\/a><span itemprop=\"position\" class=\"hidden\">1<\/span><\/span><\/span><\/div><\/div><\/p>\n<\/div><\/section>\n\n<style type=\"text\/css\" data-created_by=\"avia_inline_auto\" id=\"style-css-av-t8w3w-fc3050fc083c484ffca59546f2377504\">\n#top .flex_column.av-t8w3w-fc3050fc083c484ffca59546f2377504{\nmargin-top:30px;\nmargin-bottom:0px;\n}\n.flex_column.av-t8w3w-fc3050fc083c484ffca59546f2377504{\nborder-radius:0px 0px 0px 0px;\npadding:0px 0px 0px 0px;\n}\n.responsive #top #wrap_all .flex_column.av-t8w3w-fc3050fc083c484ffca59546f2377504{\nmargin-top:30px;\nmargin-bottom:0px;\n}\n<\/style>\n<div  class='flex_column av-t8w3w-fc3050fc083c484ffca59546f2377504 av_one_full  avia-builder-el-2  el_after_av_textblock  el_before_av_three_fifth  first flex_column_div av-zero-column-padding  column-top-margin'     ><p>\n<style type=\"text\/css\" data-created_by=\"avia_inline_auto\" id=\"style-css-av-kr0ftsk5-281bcd196c9bf167bff669c6bcd56738\">\n#top .av-special-heading.av-kr0ftsk5-281bcd196c9bf167bff669c6bcd56738{\npadding-bottom:0;\n}\nbody .av-special-heading.av-kr0ftsk5-281bcd196c9bf167bff669c6bcd56738 .av-special-heading-tag .heading-char{\nfont-size:25px;\n}\n.av-special-heading.av-kr0ftsk5-281bcd196c9bf167bff669c6bcd56738 .av-subheading{\nfont-size:15px;\n}\n<\/style>\n<div  class='av-special-heading av-kr0ftsk5-281bcd196c9bf167bff669c6bcd56738 av-special-heading-h1 blockquote modern-quote modern-centered  avia-builder-el-3  el_before_av_hr  avia-builder-el-first '><h1 class='av-special-heading-tag '  itemprop=\"headline\"  >Gru\u00dfwort des Direktors<\/h1><div class=\"special-heading-border\"><div class=\"special-heading-inner-border\"><\/div><\/div><\/div><br \/>\n\n<style type=\"text\/css\" data-created_by=\"avia_inline_auto\" id=\"style-css-av-k5tf0-3820145158e781ade46a230588998400\">\n#top .hr.av-k5tf0-3820145158e781ade46a230588998400{\nmargin-top:5px;\nmargin-bottom:0px;\n}\n.hr.av-k5tf0-3820145158e781ade46a230588998400 .hr-inner{\nwidth:60px;\nborder-color:#ed1c24;\n}\n<\/style>\n<div  class='hr av-k5tf0-3820145158e781ade46a230588998400 hr-custom  avia-builder-el-4  el_after_av_heading  avia-builder-el-last  hr-center hr-icon-no'><span class='hr-inner inner-border-av-border-fat'><span class=\"hr-inner-style\"><\/span><\/span><\/div><\/p><\/div>\n<p>\n<style type=\"text\/css\" data-created_by=\"avia_inline_auto\" id=\"style-css-av-gsob0-6eb626ffa95eaea7948f9ea530cbbe63\">\n#top .flex_column.av-gsob0-6eb626ffa95eaea7948f9ea530cbbe63{\nmargin-top:0px;\nmargin-bottom:0px;\n}\n.flex_column.av-gsob0-6eb626ffa95eaea7948f9ea530cbbe63{\nborder-radius:0px 0px 0px 0px;\npadding:0px 0px 0px 0px;\n}\n.responsive #top #wrap_all .flex_column.av-gsob0-6eb626ffa95eaea7948f9ea530cbbe63{\nmargin-top:0px;\nmargin-bottom:0px;\n}\n<\/style>\n<div  class='flex_column av-gsob0-6eb626ffa95eaea7948f9ea530cbbe63 av_three_fifth  avia-builder-el-5  el_after_av_one_full  el_before_av_two_fifth  first flex_column_div av-zero-column-padding  column-top-margin'     ><section  class='av_textblock_section av-kr0fwdd5-4499bdac74c1ae398d89624b76127ec3 '   itemscope=\"itemscope\" itemtype=\"https:\/\/schema.org\/CreativeWork\" ><div class='avia_textblock'  itemprop=\"text\" ><p>Im Namen unserer gesamten Schulgemeinschaft freue ich mich, Sie an der International School Hannover Region (ISHR) herzlich willkommen zu hei\u00dfen. Ganz gleich, ob Sie eine interessierte Familie, ein:e Sch\u00fcler:in, Lehrer:in, Alumni, eine externe Organisation sind \u2013 oder einfach nur neugierig auf die fast 30-j\u00e4hrige Geschichte der ISHR und unser herausragendes, inklusives und innovatives internationales Bildungsangebot \u2013 dann sind Sie hier genau richtig. Vielen Dank, dass Sie sich die Zeit genommen haben, um mehr \u00fcber unsere bemerkenswerte Schule zu erfahren.<\/p>\n<p>Unsere Vision ist einfach, aber wirkungsvoll. Unser Ziel ist es, dass alle unsere Sch\u00fcler:innen und Mitglieder:innen unserer Schulgemeinschaft sich eingebunden f\u00fchlen, lernen und pers\u00f6nlich wachsen k\u00f6nnen. Diese Vision treibt alles an, was wir an der ISHR tun und verk\u00f6rpert, was es bedeutet, ein Teil unserer Schulgemeinschaft zu sein. Diese Vision und Philosophie deckt sich auch mit der des International Baccalaureate (IB). Wir sind eine der wenigen, aber einflussreichen internationalen Schulen in Deutschland, die das hoch angesehene Continuum der IB-Programme f\u00fcr alle Sch\u00fcler vom dritten Lebensjahr bis zum Abschluss der Klasse 12 anbieten.<\/p>\n<p>Unsere Bildungsprogramme f\u00f6rdern Sch\u00fclerinnen und Sch\u00fcler, die zu globalen B\u00fcrger:innen heranwachsen, und haben zum Ziel, eine bessere Welt aufzubauen. Dies geschieht durch ein tiefes Verst\u00e4ndnis der akademischen Disziplinen und wie dieses Wissen und Verst\u00e4ndnis angewendet werden k\u00f6nnen, um komplexe Probleme anzugehen. Daher ist die hervorragende Ausbildung an der ISHR untrennbar mit Freude, Kreativit\u00e4t, Leidenschaft, Entschlossenheit, Integrit\u00e4t und Einf\u00fchlungsverm\u00f6gen verbunden.<\/p>\n<p>Unsere international anerkannte und renommierte Ausbildung bereitet unsere Sch\u00fcler:innen darauf vor, die n\u00e4chste Phase ihres Bildungsweges erfolgreich zu durchlaufen und nach der 12. Klasse das College oder die Universit\u00e4t ihrer Wahl zu besuchen. Jedes Jahr werden unseren Absolvent:innen Studienpl\u00e4tze an renommierten Einrichtungen in Deutschland, Gro\u00dfbritannien, den USA, Kanada, den Niederlanden und dar\u00fcber hinaus angeboten!<\/p>\n<p>Bildung ist ein Mannschaftssport, und wir sind in der gl\u00fccklichen Lage, eine ph\u00e4nomenale Gruppe erfahrener und engagierter Lehrer:innen und p\u00e4dagogisches Fachpersonal aus der ganzen Welt zu haben, die mit unseren Sch\u00fcler:innen arbeiten. Unsere Eltern, der Elternbeirat, die Schul- und Aufsichtsr\u00e4te und unsere lokalen und internationalen Partner spielen ebenfalls eine entscheidende Rolle, um sicherzustellen, dass die ISHR weiterhin w\u00e4chst. Wir sind eine Schule, die bereit ist, sich den Herausforderungen der Zukunft zu stellen, ohne dabei unsere Gemeinschaft, unseren Kontext und unsere Vision aus den Augen zu verlieren.<\/p>\n<p>Wir sind sehr stolz auf die ISHR und ich hoffe, dass unsere Website Ihnen einen Einblick in das gibt, was unsere Schule einzigartig macht. Bitte z\u00f6gern Sie nicht, uns zu kontaktieren, wenn Sie weitere Fragen haben, oder wenden Sie sich an unser Admissions-Team, wenn Sie einen Besuch auf unserem sch\u00f6nen Campus im Herzen von Hannover vereinbaren m\u00f6chten.<\/p>\n<p>Ich freue mich darauf, Sie und Ihre Familie auf der ISHR begr\u00fc\u00dfen zu d\u00fcrfen!<\/p>\n<p>John Barker<\/p>\n<\/div><\/section><\/div>\n<style type=\"text\/css\" data-created_by=\"avia_inline_auto\" id=\"style-css-av-3myk-e7a1bf0b56d35b5b31f85d79fb81a3e3\">\n#top .flex_column.av-3myk-e7a1bf0b56d35b5b31f85d79fb81a3e3{\nmargin-top:0px;\nmargin-bottom:0px;\n}\n.flex_column.av-3myk-e7a1bf0b56d35b5b31f85d79fb81a3e3{\nborder-radius:0px 0px 0px 0px;\npadding:20px 0px 0px 0px;\n}\n.responsive #top #wrap_all .flex_column.av-3myk-e7a1bf0b56d35b5b31f85d79fb81a3e3{\nmargin-top:0px;\nmargin-bottom:0px;\n}\n<\/style>\n<div  class='flex_column av-3myk-e7a1bf0b56d35b5b31f85d79fb81a3e3 av_two_fifth  avia-builder-el-7  el_after_av_three_fifth  el_before_av_postcontent  avia-builder-el-last  flex_column_div  column-top-margin'     ><style type=\"text\/css\" data-created_by=\"avia_inline_auto\" id=\"style-css-av-kr0fxv37-de5150d35dcebe1f6c57f167472ff708\">\n.avia-image-container.av-kr0fxv37-de5150d35dcebe1f6c57f167472ff708 img.avia_image{\nbox-shadow:none;\n}\n.avia-image-container.av-kr0fxv37-de5150d35dcebe1f6c57f167472ff708 .av-image-caption-overlay-center{\ncolor:#ffffff;\n}\n<\/style>\n<div  class='avia-image-container av-kr0fxv37-de5150d35dcebe1f6c57f167472ff708 av-styling- avia-align-center  avia-builder-el-8  avia-builder-el-no-sibling '   itemprop=\"image\" itemscope=\"itemscope\" itemtype=\"https:\/\/schema.org\/ImageObject\" ><div class=\"avia-image-container-inner\"><div class=\"avia-image-overlay-wrap\"><img decoding=\"async\" fetchpriority=\"high\" class=\"wp-image-8388 avia-img-lazy-loading-not-8388 avia_image \" src=\"https:\/\/is-hr.de\/wp-content\/uploads\/2024\/07\/John-Barker.jpg\" alt=\"\" title=\"John Barker\" height=\"407\" width=\"278\" itemprop=\"thumbnailUrl\" srcset=\"https:\/\/is-hr.de\/wp-content\/uploads\/2024\/07\/John-Barker.jpg 278w, https:\/\/is-hr.de\/wp-content\/uploads\/2024\/07\/John-Barker-205x300.jpg 205w\" sizes=\"(max-width: 278px) 100vw, 278px\"><\/div><\/div><\/div><\/div><\/p>\n<p>[av_one_full first min_height='' vertical_alignment='av-align-top' space='' row_boxshadow_color='' row_boxshadow_width='10' custom_margin='aviaTBcustom_margin' margin='50px,0px' mobile_breaking='' border='' border_color='' radius='0px' radius_sync='true' padding='0px' padding_sync='true' column_boxshadow_color='' column_boxshadow_width='10' background='bg_color' background_color='#ffffff' background_gradient_color1='' background_gradient_color2='' background_gradient_direction='vertical' src='' attachment='' attachment_size='' background_position='top left' background_repeat='no-repeat' highlight_size='1.1' animation='' link='' linktarget='' link_hover='' title_attr='' alt_attr='' mobile_display='' id='' custom_class='' template_class='' aria_label='' element_template='' one_element_template='' av_uid='av-dfag3w' sc_version='1.0']<\/p>\n<p>[av_partner heading='' type='slider' columns='8' navigation='no' control_layout='av-control-default' nav_visibility_desktop='' nav_arrow_color='' nav_arrow_bg_color='' nav_dots_color='' nav_dot_active_color='' size='no scaling' img_size_behave='no_stretch' border='av-border-deactivate' img_border='' img_border_width='' img_border_width_sync='true' img_border_color='' border_radius='' border_radius_sync='true' box_shadow='' box_shadow_style='0px,0px,0px,0px' box_shadow_color='' padding='' padding_sync='true' animation='slide' transition_speed='' autoplay='true' interval='5' heading_tag='' heading_class='' img_scrset='' lazy_loading='disabled' el_id='' custom_class='' template_class='' element_template='' one_element_template='' av_uid='av-mj8gwbv0' sc_version='1.0']<br \/>\n[av_partner_logo id='919' hover='' link='manually,https:\/\/www.ecis.org\/' link_target='_blank' linktitle='' element_template='' one_element_template='' av_uid='' sc_version='1.0' id_dynamic='' link_dynamic='' ]<br \/>\n[av_partner_logo id='10967' id_dynamic='' hover='' link='manually,https:\/\/www.ecis.org\/' link_dynamic='' link_target='_blank' linktitle='' element_template='' one_element_template='' av_uid='' sc_version='1.0' ]<br \/>\n[av_partner_logo id='922' hover='' link='manually,https:\/\/www.ibo.org\/' linktitle='' link_target='_blank' element_template='' one_element_template='' av_uid='' sc_version='1.0' id_dynamic='' link_dynamic='' ]<br \/>\n[av_partner_logo id='924' hover='' link='manually,https:\/\/www.theptc.org\/' linktitle='' link_target='_blank' element_template='' one_element_template='' av_uid='' sc_version='1.0' id_dynamic='' link_dynamic='' ]<br \/>\n[av_partner_logo id='10105' id_dynamic='' hover='' link='manually,https:\/\/www.cois.org\/' link_dynamic='' link_target='_blank' linktitle='' element_template='' one_element_template='' av_uid='' sc_version='1.0' ]<br \/>\n[av_partner_logo id='1658' hover='' link='manually,https:\/\/agis-schools.org\/' linktitle='' link_target='_blank' element_template='' one_element_template='' av_uid='' sc_version='1.0' id_dynamic='' link_dynamic='' ]<br \/>\n[av_partner_logo id='10373' id_dynamic='' hover='' link='manually,https:\/\/www.duke-award.de' link_dynamic='' link_target='' linktitle='' element_template='' one_element_template='' av_uid='' sc_version='1.0' ]<br \/>\n[\/av_partner]<\/p>\n<p>[\/av_one_full]<\/p>\n\n","protected":false},"excerpt":{"rendered":"","protected":false},"author":1,"featured_media":0,"parent":5345,"menu_order":0,"comment_status":"closed","ping_status":"closed","template":"","meta":{"footnotes":""},"class_list":["post-5450","page","type-page","status-publish","hentry"],"_links":{"self":[{"href":"https:\/\/is-hr.de\/de\/wp-json\/wp\/v2\/pages\/5450","targetHints":{"allow":["GET"]}}],"collection":[{"href":"https:\/\/is-hr.de\/de\/wp-json\/wp\/v2\/pages"}],"about":[{"href":"https:\/\/is-hr.de\/de\/wp-json\/wp\/v2\/types\/page"}],"author":[{"embeddable":true,"href":"https:\/\/is-hr.de\/de\/wp-json\/wp\/v2\/users\/1"}],"replies":[{"embeddable":true,"href":"https:\/\/is-hr.de\/de\/wp-json\/wp\/v2\/comments?post=5450"}],"version-history":[{"count":0,"href":"https:\/\/is-hr.de\/de\/wp-json\/wp\/v2\/pages\/5450\/revisions"}],"up":[{"embeddable":true,"href":"https:\/\/is-hr.de\/de\/wp-json\/wp\/v2\/pages\/5345"}],"wp:attachment":[{"href":"https:\/\/is-hr.de\/de\/wp-json\/wp\/v2\/media?parent=5450"}],"curies":[{"name":"wp","href":"https:\/\/api.w.org\/{rel}","templated":true}]}}