{"id":5448,"date":"2021-07-02T16:11:13","date_gmt":"2021-07-02T14:11:13","guid":{"rendered":"https:\/\/is-hr.de\/ueber-uns\/vision-fuer-das-lernen\/"},"modified":"2023-08-22T10:55:35","modified_gmt":"2023-08-22T08:55:35","slug":"vision-fuer-das-lernen","status":"publish","type":"page","link":"https:\/\/is-hr.de\/de\/ueber-uns\/vision-fuer-das-lernen\/","title":{"rendered":"Vision f\u00fcr das Lernen"},"content":{"rendered":"<div id='full_slider_1'  class='avia-fullwidth-slider main_color avia-shadow   avia-builder-el-0  el_before_av_textblock  avia-builder-el-first   container_wrap fullsize'  ><div  class='avia-slideshow av-ksgghw5x-0aaea7dbf6bf30238def5e4997051310 avia-slideshow-featured av_slideshow_full avia-slide-slider av-slideshow-ui av-control-default av-slideshow-manual av-loop-once av-loop-manual-endless av-default-height-applied   avia-slideshow-1' data-slideshow-options=\"{&quot;animation&quot;:&quot;slide&quot;,&quot;autoplay&quot;:false,&quot;loop_autoplay&quot;:&quot;once&quot;,&quot;interval&quot;:5,&quot;loop_manual&quot;:&quot;manual-endless&quot;,&quot;autoplay_stopper&quot;:false,&quot;noNavigation&quot;:false,&quot;bg_slider&quot;:false,&quot;keep_padding&quot;:false,&quot;hoverpause&quot;:false,&quot;show_slide_delay&quot;:0}\"  itemprop=\"image\" itemscope=\"itemscope\" itemtype=\"https:\/\/schema.org\/ImageObject\" ><ul class='avia-slideshow-inner ' style='padding-bottom: 28.666666666667%;'><li  class='avia-slideshow-slide av-ksgghw5x-0aaea7dbf6bf30238def5e4997051310__0  av-single-slide slide-1 slide-odd'><div data-rel='slideshow-1' class='avia-slide-wrap '   ><img decoding=\"async\" fetchpriority=\"high\" class=\"wp-image-4681 avia-img-lazy-loading-not-4681\" src=\"https:\/\/is-hr.de\/wp-content\/uploads\/2021\/08\/header-vision-1500x430.jpg\" width=\"1500\" height=\"430\" title=\"Grade 3 students with teacher\" alt=\"\" itemprop=\"thumbnailUrl\" srcset=\"https:\/\/is-hr.de\/wp-content\/uploads\/2021\/08\/header-vision.jpg 1500w, https:\/\/is-hr.de\/wp-content\/uploads\/2021\/08\/header-vision-300x86.jpg 300w, https:\/\/is-hr.de\/wp-content\/uploads\/2021\/08\/header-vision-1030x295.jpg 1030w, https:\/\/is-hr.de\/wp-content\/uploads\/2021\/08\/header-vision-768x220.jpg 768w, https:\/\/is-hr.de\/wp-content\/uploads\/2021\/08\/header-vision-705x202.jpg 705w\" sizes=\"(max-width: 1500px) 100vw, 1500px\"><\/div><\/li><\/ul><\/div><\/div><div id='after_full_slider_1'  class='main_color av_default_container_wrap container_wrap fullsize'  ><div class='container av-section-cont-open' ><div class='template-page content  av-content-full alpha units'><div class='post-entry post-entry-type-page post-entry-5448'><div class='entry-content-wrapper clearfix'>\n<section  class='av_textblock_section av-r9yv6-3123c795ebf6113d66bda68cea500e40 '   itemscope=\"itemscope\" itemtype=\"https:\/\/schema.org\/CreativeWork\" ><div class='avia_textblock'  itemprop=\"text\" ><p style=\"text-align: left;\"><div class=\"breadcrumb breadcrumbs avia-breadcrumbs\"><div class=\"breadcrumb-trail\" ><span class=\"trail-before\"><span class=\"breadcrumb-title\">Du bist hier:<\/span><\/span> <span  itemscope=\"itemscope\" itemtype=\"https:\/\/schema.org\/BreadcrumbList\" ><span  itemscope=\"itemscope\" itemtype=\"https:\/\/schema.org\/ListItem\" itemprop=\"itemListElement\" ><a itemprop=\"url\" href=\"https:\/\/is-hr.de\/de\/\" title=\"ISHR\" rel=\"home\" class=\"trail-begin\"><span itemprop=\"name\">Startseite<\/span><\/a><span itemprop=\"position\" class=\"hidden\">1<\/span><\/span><\/span><\/div><\/div><\/p>\n<\/div><\/section>\n\n<style type=\"text\/css\" data-created_by=\"avia_inline_auto\" id=\"style-css-av-klede-d7d0ac119bdd581969d69a53650707dc\">\n#top .flex_column.av-klede-d7d0ac119bdd581969d69a53650707dc{\nmargin-top:30px;\nmargin-bottom:0px;\n}\n.flex_column.av-klede-d7d0ac119bdd581969d69a53650707dc{\nborder-radius:0px 0px 0px 0px;\npadding:0px 0px 0px 0px;\n}\n.responsive #top #wrap_all .flex_column.av-klede-d7d0ac119bdd581969d69a53650707dc{\nmargin-top:30px;\nmargin-bottom:0px;\n}\n<\/style>\n<div  class='flex_column av-klede-d7d0ac119bdd581969d69a53650707dc av_one_full  avia-builder-el-2  el_after_av_textblock  el_before_av_one_full  first flex_column_div av-zero-column-padding  column-top-margin'     ><p>\n<style type=\"text\/css\" data-created_by=\"avia_inline_auto\" id=\"style-css-av-kr0ccpjv-98d9b83f7028295ff4a97606fb409747\">\n#top .av-special-heading.av-kr0ccpjv-98d9b83f7028295ff4a97606fb409747{\npadding-bottom:0;\n}\nbody .av-special-heading.av-kr0ccpjv-98d9b83f7028295ff4a97606fb409747 .av-special-heading-tag .heading-char{\nfont-size:25px;\n}\n.av-special-heading.av-kr0ccpjv-98d9b83f7028295ff4a97606fb409747 .av-subheading{\nfont-size:15px;\n}\n<\/style>\n<div  class='av-special-heading av-kr0ccpjv-98d9b83f7028295ff4a97606fb409747 av-special-heading-h1 blockquote modern-quote modern-centered  avia-builder-el-3  el_before_av_hr  avia-builder-el-first '><h1 class='av-special-heading-tag '  itemprop=\"headline\"  >Vision f\u00fcr das Lernen<\/h1><div class=\"special-heading-border\"><div class=\"special-heading-inner-border\"><\/div><\/div><\/div><br \/>\n\n<style type=\"text\/css\" data-created_by=\"avia_inline_auto\" id=\"style-css-av-exf0a-266d3a4f34a72af4a426b0bfa782ba78\">\n#top .hr.av-exf0a-266d3a4f34a72af4a426b0bfa782ba78{\nmargin-top:5px;\nmargin-bottom:30px;\n}\n.hr.av-exf0a-266d3a4f34a72af4a426b0bfa782ba78 .hr-inner{\nwidth:60px;\nborder-color:#ed1c24;\n}\n<\/style>\n<div  class='hr av-exf0a-266d3a4f34a72af4a426b0bfa782ba78 hr-custom  avia-builder-el-4  el_after_av_heading  el_before_av_textblock  hr-center hr-icon-no'><span class='hr-inner inner-border-av-border-fat'><span class=\"hr-inner-style\"><\/span><\/span><\/div><br \/>\n<section  class='av_textblock_section av-kr0ccyef-62ac02a545521a3105c9f1cc4c87f7af '   itemscope=\"itemscope\" itemtype=\"https:\/\/schema.org\/CreativeWork\" ><div class='avia_textblock'  itemprop=\"text\" ><p style=\"text-align: left;\">Der globale Wandel erfordert ein Umdenken im Bereich der Bildung. Wir stehen vor immer komplexeren Problemen wie Klimawandel, wirtschaftlicher und politischer Instabilit\u00e4t, Hungersn\u00f6ten, Konflikten und Massenmigration. Diese Probleme sind nicht auf nationale Grenzen beschr\u00e4nkt und k\u00f6nnen nicht innerhalb dieser Grenzen gel\u00f6st werden. Im September 2015 haben die Staats- und Regierungschefs der Welt die 17 Globalen Ziele ratifiziert, deren Verwirklichung die Aufgabe einer neuen Generation junger Menschen ist. Wir bieten einen Lehrplan f\u00fcr den Kindergarten bis zur 12. Klasse im Rahmen des International Baccalaureate an, der die M\u00f6glichkeit bietet, unser Denken \u00fcber internationale, kulturelle, religi\u00f6se, sprachliche, politische, wirtschaftliche und soziale Grenzen hinweg zu erweitern. Unsere Lernvision beschreibt, wie wir M\u00f6glichkeiten schaffen, damit junge Menschen lernen, Selbstwertgef\u00fchl zu entwickeln, selbstbewusst zu sein, Risiken einzugehen, aus Fehlern zu lernen und widerstandsf\u00e4hig zu sein. Wir wollen ihnen helfen, Empathie zu entwickeln, sich f\u00fcr komplexe Probleme zu interessieren und sie darauf vorbereiten, gemeinsam L\u00f6sungen zu finden.<\/p>\n<\/div><\/section><\/p><\/div>\n<style type=\"text\/css\" data-created_by=\"avia_inline_auto\" id=\"style-css-av-un6i-bdbf6d43114592cf761e9c69cb292757\">\n#top .flex_column.av-un6i-bdbf6d43114592cf761e9c69cb292757{\nmargin-top:20px;\nmargin-bottom:20px;\n}\n.flex_column.av-un6i-bdbf6d43114592cf761e9c69cb292757{\nborder-radius:0px 0px 0px 0px;\npadding:0px 0px 0px 0px;\n}\n.responsive #top #wrap_all .flex_column.av-un6i-bdbf6d43114592cf761e9c69cb292757{\nmargin-top:20px;\nmargin-bottom:20px;\n}\n<\/style>\n<div  class='flex_column av-un6i-bdbf6d43114592cf761e9c69cb292757 av_one_full  avia-builder-el-6  el_after_av_one_full  el_before_av_postcontent  avia-builder-el-last  first flex_column_div av-zero-column-padding  column-top-margin'     ><\/div><\/p>\n<p>[av_one_full first min_height='' vertical_alignment='av-align-top' space='' row_boxshadow_color='' row_boxshadow_width='10' custom_margin='aviaTBcustom_margin' margin='50px,0px' mobile_breaking='' border='' border_color='' radius='0px' radius_sync='true' padding='0px' padding_sync='true' column_boxshadow_color='' column_boxshadow_width='10' background='bg_color' background_color='#ffffff' background_gradient_color1='' background_gradient_color2='' background_gradient_direction='vertical' src='' attachment='' attachment_size='' background_position='top left' background_repeat='no-repeat' highlight_size='1.1' animation='' link='' linktarget='' link_hover='' title_attr='' alt_attr='' mobile_display='' id='' custom_class='' template_class='' aria_label='' element_template='' one_element_template='' av_uid='av-dfag3w' sc_version='1.0']<\/p>\n<p>[av_partner heading='' type='slider' columns='8' navigation='no' control_layout='av-control-default' nav_visibility_desktop='' nav_arrow_color='' nav_arrow_bg_color='' nav_dots_color='' nav_dot_active_color='' size='no scaling' img_size_behave='no_stretch' border='av-border-deactivate' img_border='' img_border_width='' img_border_width_sync='true' img_border_color='' border_radius='' border_radius_sync='true' box_shadow='' box_shadow_style='0px,0px,0px,0px' box_shadow_color='' padding='' padding_sync='true' animation='slide' transition_speed='' autoplay='true' interval='5' heading_tag='' heading_class='' img_scrset='' lazy_loading='disabled' el_id='' custom_class='' template_class='' element_template='' one_element_template='' av_uid='av-mj8gwbv0' sc_version='1.0']<br \/>\n[av_partner_logo id='919' hover='' link='manually,https:\/\/www.ecis.org\/' link_target='_blank' linktitle='' element_template='' one_element_template='' av_uid='' sc_version='1.0' id_dynamic='' link_dynamic='' ]<br \/>\n[av_partner_logo id='10967' id_dynamic='' hover='' link='manually,https:\/\/www.ecis.org\/' link_dynamic='' link_target='_blank' linktitle='' element_template='' one_element_template='' av_uid='' sc_version='1.0' ]<br \/>\n[av_partner_logo id='922' hover='' link='manually,https:\/\/www.ibo.org\/' linktitle='' link_target='_blank' element_template='' one_element_template='' av_uid='' sc_version='1.0' id_dynamic='' link_dynamic='' ]<br \/>\n[av_partner_logo id='924' hover='' link='manually,https:\/\/www.theptc.org\/' linktitle='' link_target='_blank' element_template='' one_element_template='' av_uid='' sc_version='1.0' id_dynamic='' link_dynamic='' ]<br \/>\n[av_partner_logo id='10105' id_dynamic='' hover='' link='manually,https:\/\/www.cois.org\/' link_dynamic='' link_target='_blank' linktitle='' element_template='' one_element_template='' av_uid='' sc_version='1.0' ]<br \/>\n[av_partner_logo id='1658' hover='' link='manually,https:\/\/agis-schools.org\/' linktitle='' link_target='_blank' element_template='' one_element_template='' av_uid='' sc_version='1.0' id_dynamic='' link_dynamic='' ]<br \/>\n[av_partner_logo id='10373' id_dynamic='' hover='' link='manually,https:\/\/www.duke-award.de' link_dynamic='' link_target='' linktitle='' element_template='' one_element_template='' av_uid='' sc_version='1.0' ]<br \/>\n[\/av_partner]<\/p>\n<p>[\/av_one_full]<\/p>\n\n","protected":false},"excerpt":{"rendered":"","protected":false},"author":1,"featured_media":0,"parent":5345,"menu_order":0,"comment_status":"closed","ping_status":"closed","template":"","meta":{"footnotes":""},"class_list":["post-5448","page","type-page","status-publish","hentry"],"_links":{"self":[{"href":"https:\/\/is-hr.de\/de\/wp-json\/wp\/v2\/pages\/5448","targetHints":{"allow":["GET"]}}],"collection":[{"href":"https:\/\/is-hr.de\/de\/wp-json\/wp\/v2\/pages"}],"about":[{"href":"https:\/\/is-hr.de\/de\/wp-json\/wp\/v2\/types\/page"}],"author":[{"embeddable":true,"href":"https:\/\/is-hr.de\/de\/wp-json\/wp\/v2\/users\/1"}],"replies":[{"embeddable":true,"href":"https:\/\/is-hr.de\/de\/wp-json\/wp\/v2\/comments?post=5448"}],"version-history":[{"count":0,"href":"https:\/\/is-hr.de\/de\/wp-json\/wp\/v2\/pages\/5448\/revisions"}],"up":[{"embeddable":true,"href":"https:\/\/is-hr.de\/de\/wp-json\/wp\/v2\/pages\/5345"}],"wp:attachment":[{"href":"https:\/\/is-hr.de\/de\/wp-json\/wp\/v2\/media?parent=5448"}],"curies":[{"name":"wp","href":"https:\/\/api.w.org\/{rel}","templated":true}]}}