{"id":5420,"date":"2021-07-02T16:10:10","date_gmt":"2021-07-02T14:10:10","guid":{"rendered":"https:\/\/is-hr.de\/ueber-uns\/kontakt\/"},"modified":"2024-11-19T12:23:51","modified_gmt":"2024-11-19T11:23:51","slug":"kontakt","status":"publish","type":"page","link":"https:\/\/is-hr.de\/de\/ueber-uns\/kontakt\/","title":{"rendered":"Kontakt"},"content":{"rendered":"<div id='full_slider_1'  class='avia-fullwidth-slider main_color avia-shadow   avia-builder-el-0  el_before_av_textblock  avia-builder-el-first   container_wrap fullsize'  ><div  class='avia-slideshow av-m2lv0e84-f2ebf0dd535a95b0e2d227d7215f5f49 avia-slideshow-featured av_slideshow_full avia-slide-slider av-slideshow-ui av-control-default av-slideshow-manual av-loop-once av-loop-manual-endless av-default-height-applied   avia-slideshow-1' data-slideshow-options=\"{&quot;animation&quot;:&quot;slide&quot;,&quot;autoplay&quot;:false,&quot;loop_autoplay&quot;:&quot;once&quot;,&quot;interval&quot;:5,&quot;loop_manual&quot;:&quot;manual-endless&quot;,&quot;autoplay_stopper&quot;:false,&quot;noNavigation&quot;:false,&quot;bg_slider&quot;:false,&quot;keep_padding&quot;:false,&quot;hoverpause&quot;:false,&quot;show_slide_delay&quot;:0}\"  itemprop=\"image\" itemscope=\"itemscope\" itemtype=\"https:\/\/schema.org\/ImageObject\" ><ul class='avia-slideshow-inner ' style='padding-bottom: 28.666666666667%;'><li  class='avia-slideshow-slide av-m2lv0e84-f2ebf0dd535a95b0e2d227d7215f5f49__0  av-single-slide slide-1 slide-odd'><div data-rel='slideshow-1' class='avia-slide-wrap '   ><img decoding=\"async\" fetchpriority=\"high\" class=\"wp-image-9360 avia-img-lazy-loading-not-9360\" src=\"https:\/\/is-hr.de\/wp-content\/uploads\/2024\/10\/MainEntrance-1500x430.png\" width=\"1500\" height=\"430\" title=\"MainEntrance\" alt=\"\" itemprop=\"thumbnailUrl\"><\/div><\/li><\/ul><\/div><\/div><div id='after_full_slider_1'  class='main_color av_default_container_wrap container_wrap fullsize'  ><div class='container av-section-cont-open' ><div class='template-page content  av-content-full alpha units'><div class='post-entry post-entry-type-page post-entry-5420'><div class='entry-content-wrapper clearfix'>\n<section  class='av_textblock_section av-1dqfss-a34f33920fda655f0ac4fa3d110f5e00 '   itemscope=\"itemscope\" itemtype=\"https:\/\/schema.org\/CreativeWork\" ><div class='avia_textblock'  itemprop=\"text\" ><p style=\"text-align: left;\"><div class=\"breadcrumb breadcrumbs avia-breadcrumbs\"><div class=\"breadcrumb-trail\" ><span class=\"trail-before\"><span class=\"breadcrumb-title\">Du bist hier:<\/span><\/span> <span  itemscope=\"itemscope\" itemtype=\"https:\/\/schema.org\/BreadcrumbList\" ><span  itemscope=\"itemscope\" itemtype=\"https:\/\/schema.org\/ListItem\" itemprop=\"itemListElement\" ><a itemprop=\"url\" href=\"https:\/\/is-hr.de\/de\/\" title=\"ISHR\" rel=\"home\" class=\"trail-begin\"><span itemprop=\"name\">Startseite<\/span><\/a><span itemprop=\"position\" class=\"hidden\">1<\/span><\/span><\/span><\/div><\/div><\/p>\n<\/div><\/section>\n\n<style type=\"text\/css\" data-created_by=\"avia_inline_auto\" id=\"style-css-av-1b08b0-59d1fac37176e9a4224508a5869c66aa\">\n#top .flex_column.av-1b08b0-59d1fac37176e9a4224508a5869c66aa{\nmargin-top:30px;\nmargin-bottom:0px;\n}\n.flex_column.av-1b08b0-59d1fac37176e9a4224508a5869c66aa{\nborder-radius:0px 0px 0px 0px;\npadding:0px 0px 0px 0px;\n}\n.responsive #top #wrap_all .flex_column.av-1b08b0-59d1fac37176e9a4224508a5869c66aa{\nmargin-top:30px;\nmargin-bottom:0px;\n}\n<\/style>\n<div  class='flex_column av-1b08b0-59d1fac37176e9a4224508a5869c66aa av_one_full  avia-builder-el-2  el_after_av_textblock  el_before_av_three_fifth  first flex_column_div av-zero-column-padding  column-top-margin'     ><p>\n<style type=\"text\/css\" data-created_by=\"avia_inline_auto\" id=\"style-css-av-kr0etqbt-41dfe423ddf02390f3989b995e527ad3\">\n#top .av-special-heading.av-kr0etqbt-41dfe423ddf02390f3989b995e527ad3{\npadding-bottom:0;\n}\nbody .av-special-heading.av-kr0etqbt-41dfe423ddf02390f3989b995e527ad3 .av-special-heading-tag .heading-char{\nfont-size:25px;\n}\n.av-special-heading.av-kr0etqbt-41dfe423ddf02390f3989b995e527ad3 .av-subheading{\nfont-size:15px;\n}\n<\/style>\n<div  class='av-special-heading av-kr0etqbt-41dfe423ddf02390f3989b995e527ad3 av-special-heading-h1 blockquote modern-quote modern-centered  avia-builder-el-3  el_before_av_hr  avia-builder-el-first '><h1 class='av-special-heading-tag '  itemprop=\"headline\"  >Kontakt<\/h1><div class=\"special-heading-border\"><div class=\"special-heading-inner-border\"><\/div><\/div><\/div><br \/>\n\n<style type=\"text\/css\" data-created_by=\"avia_inline_auto\" id=\"style-css-av-13mqfo-ca3f8eb9cfdb51a75fbcdf3b3112225b\">\n#top .hr.av-13mqfo-ca3f8eb9cfdb51a75fbcdf3b3112225b{\nmargin-top:5px;\nmargin-bottom:0px;\n}\n.hr.av-13mqfo-ca3f8eb9cfdb51a75fbcdf3b3112225b .hr-inner{\nwidth:60px;\nborder-color:#ed1c24;\n}\n<\/style>\n<div  class='hr av-13mqfo-ca3f8eb9cfdb51a75fbcdf3b3112225b hr-custom  avia-builder-el-4  el_after_av_heading  avia-builder-el-last  hr-center hr-icon-no'><span class='hr-inner inner-border-av-border-fat'><span class=\"hr-inner-style\"><\/span><\/span><\/div><\/p><\/div>\n\n<style type=\"text\/css\" data-created_by=\"avia_inline_auto\" id=\"style-css-av-y548k-72a4c08dbd6d1b9593226a4c4d725967\">\n#top .flex_column.av-y548k-72a4c08dbd6d1b9593226a4c4d725967{\nmargin-top:0px;\nmargin-bottom:0px;\n}\n.flex_column.av-y548k-72a4c08dbd6d1b9593226a4c4d725967{\nborder-radius:0px 0px 0px 0px;\npadding:0px 0px 0px 0px;\n}\n.responsive #top #wrap_all .flex_column.av-y548k-72a4c08dbd6d1b9593226a4c4d725967{\nmargin-top:0px;\nmargin-bottom:0px;\n}\n<\/style>\n<div  class='flex_column av-y548k-72a4c08dbd6d1b9593226a4c4d725967 av_three_fifth  avia-builder-el-5  el_after_av_one_full  el_before_av_two_fifth  first flex_column_div av-zero-column-padding  column-top-margin'     ><section  class='av_textblock_section av-kr0evuhb-89c1048bd31536f0b9d414ab16153c8d '   itemscope=\"itemscope\" itemtype=\"https:\/\/schema.org\/CreativeWork\" ><div class='avia_textblock'  itemprop=\"text\" ><p>International School Hannover Region<br \/>\nBruchmeisterallee 6<br \/>\n30169 Hannover<br \/>\nDeutschland<\/p>\n<p><a class=\"mail\" title=\"\u00d6ffnet den internen Link im aktuellen Fenster\" href=\"mailto:adminoffice@is-hr.de\" target=\"_blank\" rel=\"noopener\">adminoffice(at)is-hr.de<\/a><\/p>\n<p>Telefon: +49 (0) 511 &#8211; 270 416 50<br \/>\nFax: +49 (0) 511 &#8211; 270 416 51<\/p>\n<p>Folgen Sie uns f\u00fcr die neuesten Nachrichten auf <a href=\"https:\/\/www.facebook.com\/ISHannover\/\" target=\"_blank\" rel=\"noopener\">Facebook<\/a> und <a href=\"https:\/\/www.instagram.com\/is_hannover\/\" target=\"_blank\" rel=\"noopener\">Instagram<\/a>.<\/p>\n<p>Um einen Termin f\u00fcr einen Besuch an der Schule zu vereinbaren, senden Sie bitte eine <a class=\"mail\" title=\"\u00d6ffnet den internen Link im aktuellen Fenster\" href=\"mailto:admissions@is-hr.de\" target=\"_blank\" rel=\"noopener\">E-Mail<\/a> an unsere Admissions Coordinators.<\/p>\n<\/div><\/section><\/div>\n\n<style type=\"text\/css\" data-created_by=\"avia_inline_auto\" id=\"style-css-av-9ty4-96ed55d1f9d21787e8ed229a4052100c\">\n#top .flex_column.av-9ty4-96ed55d1f9d21787e8ed229a4052100c{\nmargin-top:0px;\nmargin-bottom:0px;\n}\n.flex_column.av-9ty4-96ed55d1f9d21787e8ed229a4052100c{\nborder-radius:0px 0px 0px 0px;\npadding:0px 0px 0px 0px;\n}\n.responsive #top #wrap_all .flex_column.av-9ty4-96ed55d1f9d21787e8ed229a4052100c{\nmargin-top:0px;\nmargin-bottom:0px;\n}\n<\/style>\n<div  class='flex_column av-9ty4-96ed55d1f9d21787e8ed229a4052100c av_two_fifth  avia-builder-el-7  el_after_av_three_fifth  el_before_av_one_full  flex_column_div av-zero-column-padding  column-top-margin'     ><div id='avia-leaflet-map-1' class='av_leaflet_sc_main_wrap av-kr0fhxj8-2bc1ec184b5409bea579d9c7ef041a04 av_leaflet_main_wrap'><div class='avia-leaflet-map-container avia-leaflet-map-sc'><div class=\"leaflet-map WPLeafletMap\" style=\"height:250px; width:100%;\"><\/div><script>\nwindow.WPLeafletMapPlugin = window.WPLeafletMapPlugin || [];\nwindow.WPLeafletMapPlugin.push(function WPLeafletMapShortcode() {\/*<script>*\/\nvar baseUrl = atob('aHR0cHM6Ly97c30udGlsZS5vcGVuc3RyZWV0bWFwLm9yZy97en0ve3h9L3t5fS5wbmc=');\nvar base = (!baseUrl && window.MQ) ?\n    window.MQ.mapLayer() : L.tileLayer(baseUrl,\n        L.Util.extend({}, {\n            detectRetina: 0,\n        },\n        {\"subdomains\":\"abc\",\"noWrap\":false,\"maxZoom\":20}        )\n    );\n    var options = L.Util.extend({}, {\n        layers: [base],\n        attributionControl: false\n    },\n    {\"closePopupOnClick\":false,\"dragging\":true,\"keyboard\":true,\"tap\":false,\"zoomControl\":false,\"scrollWheelZoom\":true,\"doubleClickZoom\":false,\"fitBounds\":false,\"minZoom\":0,\"maxZoom\":20,\"maxBounds\":null,\"attribution\":\"<a href=\\\"http:\\\/\\\/leafletjs.com\\\" title=\\\"A JS library for interactive maps\\\">Leaflet<\\\/a>; \\u00a9 <a href=\\\"http:\\\/\\\/www.openstreetmap.org\\\/copyright\\\">OpenStreetMap<\\\/a> contributors\"},\n    {});\nwindow.WPLeafletMapPlugin.createMap(options).setView([52.36404584901,9.7330280141525],13);window.WPLeafletMapPlugin.createScale({});});<\/script><script>\nwindow.WPLeafletMapPlugin = window.WPLeafletMapPlugin || [];\nwindow.WPLeafletMapPlugin.push(function WPLeafletMarkerShortcode() {\/*<script>*\/\nvar map = window.WPLeafletMapPlugin.getCurrentMap();\nvar group = window.WPLeafletMapPlugin.getCurrentGroup();\nvar marker_options = window.WPLeafletMapPlugin.getIconOptions({\"draggable\":false});\nvar marker = L.marker(\n    [52.3638387,9.7337644632317],\n    marker_options\n);\nvar is_image = map.is_image_map;\nif (marker_options.draggable) {\n    marker.on('dragend', function () {\n        var latlng = this.getLatLng();\n        var lat = latlng.lat;\n        var lng = latlng.lng;\n        if (is_image) {\n            console.log('leaflet-marker y=' + lat + ' x=' + lng);\n        } else {\n            console.log('leaflet-marker lat=' + lat + ' lng=' + lng);\n        }\n    });\n}\nmarker.addTo( group );\nwindow.WPLeafletMapPlugin.markers.push( marker );\n        });<\/script><\/div><\/div><\/div>\n\n<style type=\"text\/css\" data-created_by=\"avia_inline_auto\" id=\"style-css-av-ix4m4-e388ed12874657c98ee795b95d32051d\">\n#top .flex_column.av-ix4m4-e388ed12874657c98ee795b95d32051d{\nmargin-top:50px;\nmargin-bottom:0px;\n}\n.flex_column.av-ix4m4-e388ed12874657c98ee795b95d32051d{\nborder-radius:0px 0px 0px 0px;\npadding:0px 0px 0px 0px;\n}\n.responsive #top #wrap_all .flex_column.av-ix4m4-e388ed12874657c98ee795b95d32051d{\nmargin-top:50px;\nmargin-bottom:0px;\n}\n<\/style>\n<div  class='flex_column av-ix4m4-e388ed12874657c98ee795b95d32051d av_one_full  avia-builder-el-9  el_after_av_two_fifth  el_before_av_one_full  first flex_column_div av-zero-column-padding  '     ><p>\n<style type=\"text\/css\" data-created_by=\"avia_inline_auto\" id=\"style-css-av-kr0ez1lf-be9bab72aaab2e5d8ff507ea7ddadbab\">\n#top .av-special-heading.av-kr0ez1lf-be9bab72aaab2e5d8ff507ea7ddadbab{\npadding-bottom:0;\n}\nbody .av-special-heading.av-kr0ez1lf-be9bab72aaab2e5d8ff507ea7ddadbab .av-special-heading-tag .heading-char{\nfont-size:25px;\n}\n.av-special-heading.av-kr0ez1lf-be9bab72aaab2e5d8ff507ea7ddadbab .av-subheading{\nfont-size:15px;\n}\n<\/style>\n<div  class='av-special-heading av-kr0ez1lf-be9bab72aaab2e5d8ff507ea7ddadbab av-special-heading-h2 blockquote modern-quote modern-centered  avia-builder-el-10  el_before_av_hr  avia-builder-el-first '><h2 class='av-special-heading-tag '  itemprop=\"headline\"  >So finden Sie uns<\/h2><div class=\"special-heading-border\"><div class=\"special-heading-inner-border\"><\/div><\/div><\/div><br \/>\n\n<style type=\"text\/css\" data-created_by=\"avia_inline_auto\" id=\"style-css-av-gznuc-3e0a3e52d28dc40d34c129e4b759206c\">\n#top .hr.av-gznuc-3e0a3e52d28dc40d34c129e4b759206c{\nmargin-top:5px;\nmargin-bottom:0px;\n}\n.hr.av-gznuc-3e0a3e52d28dc40d34c129e4b759206c .hr-inner{\nwidth:60px;\nborder-color:#ed1c24;\n}\n<\/style>\n<div  class='hr av-gznuc-3e0a3e52d28dc40d34c129e4b759206c hr-custom  avia-builder-el-11  el_after_av_heading  avia-builder-el-last  hr-center hr-icon-no'><span class='hr-inner inner-border-av-border-fat'><span class=\"hr-inner-style\"><\/span><\/span><\/div><\/p><\/div>\n\n<style type=\"text\/css\" data-created_by=\"avia_inline_auto\" id=\"style-css-av-ayncc-bfe753c61fc5b5afd64202ca65ad8ff3\">\n#top .flex_column.av-ayncc-bfe753c61fc5b5afd64202ca65ad8ff3{\nmargin-top:0px;\nmargin-bottom:0px;\n}\n.flex_column.av-ayncc-bfe753c61fc5b5afd64202ca65ad8ff3{\nborder-radius:0px 0px 0px 0px;\npadding:0px 0px 0px 0px;\n}\n.responsive #top #wrap_all .flex_column.av-ayncc-bfe753c61fc5b5afd64202ca65ad8ff3{\nmargin-top:0px;\nmargin-bottom:0px;\n}\n<\/style>\n<div  class='flex_column av-ayncc-bfe753c61fc5b5afd64202ca65ad8ff3 av_one_full  avia-builder-el-12  el_after_av_one_full  el_before_av_postcontent  avia-builder-el-last  first flex_column_div av-zero-column-padding  column-top-margin'     ><section  class='av_textblock_section av-kr0ezjtp-39898c78e777a699741725e1fe043666 '   itemscope=\"itemscope\" itemtype=\"https:\/\/schema.org\/CreativeWork\" ><div class='avia_textblock'  itemprop=\"text\" ><h5><strong>\u00d6ffentliche Verkehrsmittel:<\/strong><\/h5>\n<p>Anreise mit der Stadtbahn vom Hauptbahnhof aus:<\/p>\n<p>Wenn Sie vom Bahnhof kommen und zur Schule gelangen m\u00f6chten, k\u00f6nnen Sie mit der Stadtbahn fahren. Sie m\u00fcssen mit dem Aufzug \/ der Rolltreppe zur unterirdischen Haltestelle im Hauptbahnhof fahren (ausgeschildert). Nehmen Sie die Nr. 3 oder 7 in Richtung Wettbergen oder die Nr. 9 in Richtung Empelde.<br \/>\nSteigen Sie an der dritten Haltestelle &#8222;Waterlooplatz&#8220; aus. Folgen Sie den Schildern Waterloostra\u00dfe und\/oder Heinz von Heiden-Arena und gehen Sie auf die Stra\u00dfenebene.<br \/>\nFolgen Sie der Waterloostra\u00dfe (linke Seite) in Richtung Stadion (Heinz von Heiden-Arena), bis die Schule auf der linken Seite (ca. 500m) direkt gegen\u00fcber dem Messegel\u00e4nde (Sch\u00fctzenplatz) liegt.<\/p>\n<h5><strong>Anreise mit dem Auto:<\/strong><\/h5>\n<p>Nachstehend finden Sie Links zu Google Maps und Live Search, mit denen Sie die schnellste Route zu unserer Schule planen k\u00f6nnen:<\/p>\n<ul>\n<li style=\"list-style-type: none;\">\n<ul>\n<li><a title=\"\u00d6ffnet externen Link in neuem Fenster\" href=\"http:\/\/maps.google.de\/maps?f=q&amp;source=s_q&amp;hl=de&amp;geocode=&amp;q=International+School+Hannover+Region&amp;sll=51.151786,10.415039&amp;sspn=13.878965,39.375&amp;ie=UTF8&amp;ll=52.386706,9.7332&amp;spn=0.100369,0.307617&amp;z=12&amp;iwloc=A\" target=\"_blank\" rel=\"noopener\">Google Maps<\/a><\/li>\n<li><a title=\"\u00d6ffnet externen Link in neuem Fenster\" href=\"http:\/\/maps.live.de\/LiveSearch.LocalLive?cp=52.363900689113734~9.733564704709977&amp;scene=15526929&amp;style=b&amp;lvl=1&amp;dir=0&amp;tilt=-90&amp;alt=-1000\" target=\"_blank\" rel=\"noopener\">Live-Suche<\/a><\/li>\n<\/ul>\n<\/li>\n<\/ul>\n<\/div><\/section><\/div>\n<p>[av_one_full first min_height='' vertical_alignment='av-align-top' space='' row_boxshadow_color='' row_boxshadow_width='10' custom_margin='aviaTBcustom_margin' margin='50px,0px' mobile_breaking='' border='' border_color='' radius='0px' radius_sync='true' padding='0px' padding_sync='true' column_boxshadow_color='' column_boxshadow_width='10' background='bg_color' background_color='#ffffff' background_gradient_color1='' background_gradient_color2='' background_gradient_direction='vertical' src='' attachment='' attachment_size='' background_position='top left' background_repeat='no-repeat' highlight_size='1.1' animation='' link='' linktarget='' link_hover='' title_attr='' alt_attr='' mobile_display='' id='' custom_class='' template_class='' aria_label='' element_template='' one_element_template='' av_uid='av-dfag3w' sc_version='1.0']<\/p>\n<p>[av_partner heading='' type='slider' columns='8' navigation='no' control_layout='av-control-default' nav_visibility_desktop='' nav_arrow_color='' nav_arrow_bg_color='' nav_dots_color='' nav_dot_active_color='' size='no scaling' img_size_behave='no_stretch' border='av-border-deactivate' img_border='' img_border_width='' img_border_width_sync='true' img_border_color='' border_radius='' border_radius_sync='true' box_shadow='' box_shadow_style='0px,0px,0px,0px' box_shadow_color='' padding='' padding_sync='true' animation='slide' transition_speed='' autoplay='true' interval='5' heading_tag='' heading_class='' img_scrset='' lazy_loading='disabled' el_id='' custom_class='' template_class='' element_template='' one_element_template='' av_uid='av-mj8gwbv0' sc_version='1.0']<br \/>\n[av_partner_logo id='919' hover='' link='manually,https:\/\/www.ecis.org\/' link_target='_blank' linktitle='' element_template='' one_element_template='' av_uid='' sc_version='1.0' id_dynamic='' link_dynamic='' ]<br \/>\n[av_partner_logo id='10967' id_dynamic='' hover='' link='manually,https:\/\/www.ecis.org\/' link_dynamic='' link_target='_blank' linktitle='' element_template='' one_element_template='' av_uid='' sc_version='1.0' ]<br \/>\n[av_partner_logo id='922' hover='' link='manually,https:\/\/www.ibo.org\/' linktitle='' link_target='_blank' element_template='' one_element_template='' av_uid='' sc_version='1.0' id_dynamic='' link_dynamic='' ]<br \/>\n[av_partner_logo id='924' hover='' link='manually,https:\/\/www.theptc.org\/' linktitle='' link_target='_blank' element_template='' one_element_template='' av_uid='' sc_version='1.0' id_dynamic='' link_dynamic='' ]<br \/>\n[av_partner_logo id='10105' id_dynamic='' hover='' link='manually,https:\/\/www.cois.org\/' link_dynamic='' link_target='_blank' linktitle='' element_template='' one_element_template='' av_uid='' sc_version='1.0' ]<br \/>\n[av_partner_logo id='1658' hover='' link='manually,https:\/\/agis-schools.org\/' linktitle='' link_target='_blank' element_template='' one_element_template='' av_uid='' sc_version='1.0' id_dynamic='' link_dynamic='' ]<br \/>\n[av_partner_logo id='10373' id_dynamic='' hover='' link='manually,https:\/\/www.duke-award.de' link_dynamic='' link_target='' linktitle='' element_template='' one_element_template='' av_uid='' sc_version='1.0' ]<br \/>\n[\/av_partner]<\/p>\n<p>[\/av_one_full]<\/p>\n\n","protected":false},"excerpt":{"rendered":"","protected":false},"author":1,"featured_media":0,"parent":5345,"menu_order":0,"comment_status":"closed","ping_status":"closed","template":"","meta":{"footnotes":""},"class_list":["post-5420","page","type-page","status-publish","hentry"],"_links":{"self":[{"href":"https:\/\/is-hr.de\/de\/wp-json\/wp\/v2\/pages\/5420","targetHints":{"allow":["GET"]}}],"collection":[{"href":"https:\/\/is-hr.de\/de\/wp-json\/wp\/v2\/pages"}],"about":[{"href":"https:\/\/is-hr.de\/de\/wp-json\/wp\/v2\/types\/page"}],"author":[{"embeddable":true,"href":"https:\/\/is-hr.de\/de\/wp-json\/wp\/v2\/users\/1"}],"replies":[{"embeddable":true,"href":"https:\/\/is-hr.de\/de\/wp-json\/wp\/v2\/comments?post=5420"}],"version-history":[{"count":0,"href":"https:\/\/is-hr.de\/de\/wp-json\/wp\/v2\/pages\/5420\/revisions"}],"up":[{"embeddable":true,"href":"https:\/\/is-hr.de\/de\/wp-json\/wp\/v2\/pages\/5345"}],"wp:attachment":[{"href":"https:\/\/is-hr.de\/de\/wp-json\/wp\/v2\/media?parent=5420"}],"curies":[{"name":"wp","href":"https:\/\/api.w.org\/{rel}","templated":true}]}}