{"id":10588,"date":"2025-06-26T16:35:12","date_gmt":"2025-06-26T14:35:12","guid":{"rendered":"https:\/\/is-hr.de\/schulgemeinschaft\/where-are-they-now-lukas-worch\/"},"modified":"2025-07-09T13:23:35","modified_gmt":"2025-07-09T11:23:35","slug":"where-are-they-now-lukas-worch","status":"publish","type":"page","link":"https:\/\/is-hr.de\/de\/schulgemeinschaft\/where-are-they-now-lukas-worch\/","title":{"rendered":"Where are they now? Lukas Worch"},"content":{"rendered":"<div id='full_slider_1'  class='avia-fullwidth-slider main_color avia-shadow   avia-builder-el-0  el_before_av_textblock  avia-builder-el-first   container_wrap fullsize'  ><div  class='avia-slideshow av-mcdhsgw6-f0a1470b5f4988beb90a38c625367c79 avia-slideshow-featured av_slideshow_full avia-slide-slider av-slideshow-ui av-control-default av-slideshow-manual av-loop-once av-loop-manual-endless av-default-height-applied   avia-slideshow-1' data-slideshow-options=\"{&quot;animation&quot;:&quot;slide&quot;,&quot;autoplay&quot;:false,&quot;loop_autoplay&quot;:&quot;once&quot;,&quot;interval&quot;:5,&quot;loop_manual&quot;:&quot;manual-endless&quot;,&quot;autoplay_stopper&quot;:false,&quot;noNavigation&quot;:false,&quot;bg_slider&quot;:false,&quot;keep_padding&quot;:false,&quot;hoverpause&quot;:false,&quot;show_slide_delay&quot;:0}\"  itemprop=\"image\" itemscope=\"itemscope\" itemtype=\"https:\/\/schema.org\/ImageObject\" ><ul class='avia-slideshow-inner ' style='padding-bottom: 28.666666666667%;'><li  class='avia-slideshow-slide av-mcdhsgw6-f0a1470b5f4988beb90a38c625367c79__0  av-single-slide slide-1 slide-odd'><div data-rel='slideshow-1' class='avia-slide-wrap '   ><div class='av-slideshow-caption av-mcdhsgw6-f0a1470b5f4988beb90a38c625367c79__0 caption_fullwidth caption_bottom caption_bottom_framed caption_framed'><div class=\"container caption_container\"><div class=\"slideshow_caption\"><div class=\"slideshow_inner_caption\"><div class=\"slideshow_align_caption\"><h2 class='avia-caption-title '  itemprop=\"name\" >Lukas Worch<\/h2><div class='avia-caption-content '  itemprop=\"description\" ><p>&#8222;Es gab viele tolle Momente auf verschiedenen Ausfl\u00fcgen, beim Herumalbern in kleineren IB-Klassen und an Nachmittagen mit dem Strategiespiel-Club.&#8220;<\/p>\n<\/div><\/div><\/div><\/div><\/div><\/div><img decoding=\"async\" fetchpriority=\"high\" class=\"wp-image-10482 avia-img-lazy-loading-not-10482\" src=\"https:\/\/is-hr.de\/wp-content\/uploads\/2025\/06\/Lukas.png\" width=\"1500\" height=\"430\" title=\"Lukas\" alt=\"\" itemprop=\"thumbnailUrl\" srcset=\"https:\/\/is-hr.de\/wp-content\/uploads\/2025\/06\/Lukas.png 1500w, https:\/\/is-hr.de\/wp-content\/uploads\/2025\/06\/Lukas-300x86.png 300w, https:\/\/is-hr.de\/wp-content\/uploads\/2025\/06\/Lukas-1030x295.png 1030w, https:\/\/is-hr.de\/wp-content\/uploads\/2025\/06\/Lukas-768x220.png 768w, https:\/\/is-hr.de\/wp-content\/uploads\/2025\/06\/Lukas-705x202.png 705w\" sizes=\"(max-width: 1500px) 100vw, 1500px\"><div class='av-section-color-overlay' style='opacity: 0.5; '><\/div><\/div><\/li><\/ul><\/div><\/div><div id='after_full_slider_1'  class='main_color av_default_container_wrap container_wrap fullsize'  ><div class='container av-section-cont-open' ><div class='template-page content  av-content-full alpha units'><div class='post-entry post-entry-type-page post-entry-10588'><div class='entry-content-wrapper clearfix'>\n<section  class='av_textblock_section av-lo2pkdfu-43710b73e57b93f5c93cff00b9b8935a '   itemscope=\"itemscope\" itemtype=\"https:\/\/schema.org\/CreativeWork\" ><div class='avia_textblock av_inherit_color'  itemprop=\"text\" ><h1 style=\"text-align: center;\">WHERE ARE THEY NOW?<\/h1>\n<h5 style=\"text-align: center;\"><br class=\"avia-permanent-lb\">ALUMNI Q&amp;A<\/h5>\n<h6 style=\"text-align: center;\">April 2025<\/h6>\n<\/div><\/section>\n\n<style type=\"text\/css\" data-created_by=\"avia_inline_auto\" id=\"style-css-av-8ri5xx-f2fdf1b510cad2adb5094af4cc861a6d\">\n#top .hr.av-8ri5xx-f2fdf1b510cad2adb5094af4cc861a6d{\nmargin-top:15px;\nmargin-bottom:0px;\n}\n.hr.av-8ri5xx-f2fdf1b510cad2adb5094af4cc861a6d .hr-inner{\nwidth:60px;\nborder-color:#ed1c24;\n}\n<\/style>\n<div  class='hr av-8ri5xx-f2fdf1b510cad2adb5094af4cc861a6d hr-custom  avia-builder-el-2  el_after_av_textblock  el_before_av_hr  hr-center hr-icon-no'><span class='hr-inner inner-border-av-border-fat'><span class=\"hr-inner-style\"><\/span><\/span><\/div>\n\n<style type=\"text\/css\" data-created_by=\"avia_inline_auto\" id=\"style-css-av-88td9h-28a5d78b8bbf92c961f6e7afa913ee52\">\n#top .hr.hr-invisible.av-88td9h-28a5d78b8bbf92c961f6e7afa913ee52{\nheight:20px;\n}\n<\/style>\n<div  class='hr av-88td9h-28a5d78b8bbf92c961f6e7afa913ee52 hr-invisible  avia-builder-el-3  el_after_av_hr  el_before_av_textblock '><span class='hr-inner '><span class=\"hr-inner-style\"><\/span><\/span><\/div>\n<section  class='av_textblock_section av-lo2s9xqv-a33063339094d672d02dd8fd806cfd24 '   itemscope=\"itemscope\" itemtype=\"https:\/\/schema.org\/CreativeWork\" ><div class='avia_textblock'  itemprop=\"text\" ><h4 style=\"text-align: center;\"><strong>Wie hei\u00dft du?<\/strong><\/h4>\n<p style=\"text-align: center;\">Lukas Worch<br class=\"avia-permanent-lb\"><br class=\"avia-permanent-lb\"><\/p>\n<h4 style=\"text-align: center;\"><strong>Wie viele Jahre warst du an der ISHR?<\/strong><\/h4>\n<p style=\"text-align: center;\">13 Jahre<br class=\"avia-permanent-lb\"><br class=\"avia-permanent-lb\"><\/p>\n<h4 style=\"text-align: center;\"><strong>In welchem Jahr hast du deinen Abschluss gemacht?<\/strong><\/h4>\n<p style=\"text-align: center;\">2016<br class=\"avia-permanent-lb\"><br class=\"avia-permanent-lb\"><\/p>\n<h4 style=\"text-align: center;\"><strong>Was machst du jetzt? <\/strong><\/h4>\n<p style=\"text-align: center;\">Nach meinem Abschluss bin ich nach M\u00fcnchen gezogen und habe einen Master in Physik gemacht. Dann bin ich nach London gezogen und arbeite derzeit an meiner Promotion. Ich arbeite an einem Projekt, das darauf abzielt, die Lebensdauer und Kapazit\u00e4t von Lithium-Ionen-Batterien zu verbessern, indem untersucht wird, wie Sch\u00e4den auf atomarer Ebene entstehen.   <br class=\"avia-permanent-lb\"><br class=\"avia-permanent-lb\"><\/p>\n<h4 style=\"text-align: center;\"><strong>Was war dein Lieblingsfach an der ISHR? <\/strong><\/h4>\n<p style=\"text-align: center;\">Wenn ich mich f\u00fcr ein Fach entscheiden m\u00fcsste, w\u00e4re es Physik, aber auch in Mathe, Englisch und Theaterunterricht hatte ich viel Spa\u00df.<br class=\"avia-permanent-lb\"><br class=\"avia-permanent-lb\"><\/p>\n<h4 style=\"text-align: center;\"><strong>Inwiefern hast du das Gef\u00fchl, dass die ISHR dich auf das vorbereitet hat, was danach kam? <\/strong><\/h4>\n<div class=\"Qr7Oae\" role=\"listitem\">\n<div class=\"OxAavc NVbRL\" data-item-id=\"1311300021\">\n<div class=\"Ih4Dzb\">\n<div class=\"q4tvle JqSWld yqQS1\" style=\"text-align: center;\" tabindex=\"0\" role=\"textbox\" aria-label=\"In what ways do you feel ISHR prepared you for what came next?\" aria-disabled=\"true\">Abgesehen von den strengen akademischen Anforderungen, die mich sehr gut auf den Beginn des Studiums vorbereitet haben, bin ich der Meinung, dass das Studium auch die F\u00e4higkeiten zum kritischen Denken, zur Forschung und zum kreativen L\u00f6sen von Problemen deutlich gef\u00f6rdert hat. In der Physik und in vielen F\u00e4llen auch im Leben allgemein stellt man fest, dass die Art und Weise, wie man \u00fcber Probleme denkt und an sie herangeht, fr\u00fcher oder sp\u00e4ter wichtiger wird als das, was man bereits \u00fcber sie wei\u00df. <\/div>\n<\/div>\n<\/div>\n<\/div>\n<div class=\"Qr7Oae\" role=\"listitem\">\n<div class=\"OxAavc NVbRL\" data-item-id=\"441133761\">\n<div class=\"pYfr3c\">\n<div class=\"prOLdf\">\n<div class=\"g53bl\">\n<div class=\"cTDvob D1wxyf RjsPE\" role=\"heading\" aria-level=\"3\" aria-describedby=\"i.desc.441133761\"><\/div>\n<\/div>\n<\/div>\n<\/div>\n<\/div>\n<\/div>\n<p style=\"text-align: center;\">\n<h4 style=\"text-align: center;\"><\/h4>\n<h4 style=\"text-align: center;\"><strong>Was war die gr\u00f6\u00dfte Herausforderung f\u00fcr dich, um sich an das Leben nach der ISHR anzupassen? <\/strong><\/h4>\n<p style=\"text-align: center;\">Das Ende der Schulzeit ist immer eine Zeit der vielen Ver\u00e4nderungen. Ich zog in eine neue Stadt, lebte zum ersten Mal allein und begann ein Studium, das sich ganz anders anf\u00fchlte als die Schule. Es hat einige Zeit und M\u00fche gekostet, mich an all das zu gew\u00f6hnen, und wahrscheinlich mehrere Jahre, bis ich mich wirklich wohlf\u00fchlte. Aber es hat sich absolut gelohnt, und ich habe dabei viel \u00fcber mich selbst gelernt.   <\/p>\n<p style=\"text-align: center;\">\n<h4 style=\"text-align: center;\"><\/h4>\n<h4 style=\"text-align: center;\"><strong>Welchen Rat w\u00fcrdest du derzeitigen Sch\u00fcler:innen oder deinem fr\u00fcheren Ich geben?<\/strong><\/h4>\n<div class=\"Qr7Oae\" role=\"listitem\">\n<div class=\"OxAavc NVbRL\" data-item-id=\"1462982589\">\n<div class=\"Ih4Dzb\">\n<div class=\"q4tvle JqSWld yqQS1\" style=\"text-align: center;\" tabindex=\"0\" role=\"textbox\" aria-label=\"What advice would you give to current students or your former self?\" aria-disabled=\"true\">Es ist in Ordnung, wenn die Dinge nicht so laufen, wie man es sich vorstellt. Man kann nicht alles im Voraus planen, und oft stellt man fest, dass der Weg, den man stattdessen einschl\u00e4gt, genauso gut, wenn nicht sogar besser ist als der, auf den man urspr\u00fcnglich gehofft hatte. <\/div>\n<\/div>\n<\/div>\n<\/div>\n<div class=\"Qr7Oae\" role=\"listitem\">\n<div class=\"OxAavc NVbRL\" data-item-id=\"740479706\">\n<div class=\"pYfr3c\">\n<div class=\"prOLdf\">\n<div class=\"g53bl\">\n<div class=\"cTDvob D1wxyf RjsPE\" role=\"heading\" aria-level=\"3\" aria-describedby=\"i.desc.740479706\"><\/div>\n<\/div>\n<\/div>\n<\/div>\n<\/div>\n<\/div>\n<p style=\"text-align: center;\">.<\/p>\n<h4 style=\"text-align: center;\"><\/h4>\n<h4 style=\"text-align: center;\"><strong>Was ist deine sch\u00f6nste Erinnerung an die Zeit an der ISHR? <\/strong><\/h4>\n<div class=\"Qr7Oae\" role=\"listitem\">\n<div class=\"OxAavc NVbRL\" data-item-id=\"740479706\">\n<div class=\"Ih4Dzb\">\n<div class=\"q4tvle JqSWld yqQS1\" style=\"text-align: center;\" tabindex=\"0\" role=\"textbox\" aria-label=\"What\u2019s your favorite memory from your time at ISHR?\" aria-disabled=\"true\">Es gab viele tolle Momente auf verschiedenen Ausfl\u00fcgen, beim Herumalbern in kleineren IB-Klassen und an Nachmittagen mit dem Strategiespiel-Club. Eine Sache, an die ich mich immer erinnern werde, sind die Proben und die Auff\u00fchrung von &#8222;Ein Sommernachtstraum&#8220;. Das war genau die richtige Mischung aus gro\u00dfartigem Theater und Albernheiten, um ein paar tolle Nachmittage nach der Schule zu verbringen.  <\/div>\n<\/div>\n<\/div>\n<\/div>\n<div class=\"Qr7Oae\" role=\"listitem\">\n<div class=\"OxAavc\" data-required=\"true\" data-other-input=\"qSV85\" data-other-hidden=\"MfYA1e\" data-item-id=\"723154713\">\n<div class=\"pYfr3c\">\n<div class=\"prOLdf\">\n<div class=\"g53bl\">\n<div id=\"c138\" class=\"cTDvob D1wxyf RjsPE\" role=\"heading\" aria-level=\"3\" aria-describedby=\"i.desc.723154713 c149\"><\/div>\n<\/div>\n<\/div>\n<\/div>\n<\/div>\n<\/div>\n<p style=\"text-align: center;\">.<\/p>\n<p style=\"text-align: center;\">\n<h4 style=\"text-align: center;\"><\/h4>\n<\/div><\/section>\n<div  class='avia-button-wrap av-lo5tpuxf-ee381deaecd27f1b9ef7012a8cf32636-wrap avia-button-center  avia-builder-el-5  el_after_av_textblock  avia-builder-el-last '><a href='https:\/\/is-hr.de\/de\/schulgemeinschaft\/alumni\/'  class='avia-button av-lo5tpuxf-ee381deaecd27f1b9ef7012a8cf32636 av-link-btn avia-icon_select-no avia-size-x-large avia-position-center avia-color-theme-color'   aria-label=\"ZUR\u00dcCK\"><span class='avia_iconbox_title' >ZUR\u00dcCK<\/span><\/a><\/div>\n","protected":false},"excerpt":{"rendered":"","protected":false},"author":4,"featured_media":0,"parent":5474,"menu_order":0,"comment_status":"closed","ping_status":"closed","template":"","meta":{"footnotes":""},"class_list":["post-10588","page","type-page","status-publish","hentry"],"_links":{"self":[{"href":"https:\/\/is-hr.de\/de\/wp-json\/wp\/v2\/pages\/10588","targetHints":{"allow":["GET"]}}],"collection":[{"href":"https:\/\/is-hr.de\/de\/wp-json\/wp\/v2\/pages"}],"about":[{"href":"https:\/\/is-hr.de\/de\/wp-json\/wp\/v2\/types\/page"}],"author":[{"embeddable":true,"href":"https:\/\/is-hr.de\/de\/wp-json\/wp\/v2\/users\/4"}],"replies":[{"embeddable":true,"href":"https:\/\/is-hr.de\/de\/wp-json\/wp\/v2\/comments?post=10588"}],"version-history":[{"count":0,"href":"https:\/\/is-hr.de\/de\/wp-json\/wp\/v2\/pages\/10588\/revisions"}],"up":[{"embeddable":true,"href":"https:\/\/is-hr.de\/de\/wp-json\/wp\/v2\/pages\/5474"}],"wp:attachment":[{"href":"https:\/\/is-hr.de\/de\/wp-json\/wp\/v2\/media?parent=10588"}],"curies":[{"name":"wp","href":"https:\/\/api.w.org\/{rel}","templated":true}]}}