{"id":10171,"date":"2025-04-08T11:47:35","date_gmt":"2025-04-08T09:47:35","guid":{"rendered":"https:\/\/is-hr.de\/schulgemeinschaft\/where-are-they-now-antonia-hemling\/"},"modified":"2025-04-10T08:56:21","modified_gmt":"2025-04-10T06:56:21","slug":"where-are-they-now-antonia-hemling","status":"publish","type":"page","link":"https:\/\/is-hr.de\/de\/schulgemeinschaft\/where-are-they-now-antonia-hemling\/","title":{"rendered":"Where are they now? Antonia Hemling"},"content":{"rendered":"<div id='full_slider_1'  class='avia-fullwidth-slider main_color avia-shadow   avia-builder-el-0  el_before_av_textblock  avia-builder-el-first   container_wrap fullsize'  ><div  class='avia-slideshow av-m98c0jya-209be2aee35b3a5c8572867aa9e0bc4f avia-slideshow-featured av_slideshow_full avia-slide-slider av-slideshow-ui av-control-default av-slideshow-manual av-loop-once av-loop-manual-endless av-default-height-applied   avia-slideshow-1' data-slideshow-options=\"{&quot;animation&quot;:&quot;slide&quot;,&quot;autoplay&quot;:false,&quot;loop_autoplay&quot;:&quot;once&quot;,&quot;interval&quot;:5,&quot;loop_manual&quot;:&quot;manual-endless&quot;,&quot;autoplay_stopper&quot;:false,&quot;noNavigation&quot;:false,&quot;bg_slider&quot;:false,&quot;keep_padding&quot;:false,&quot;hoverpause&quot;:false,&quot;show_slide_delay&quot;:0}\"  itemprop=\"image\" itemscope=\"itemscope\" itemtype=\"https:\/\/schema.org\/ImageObject\" ><ul class='avia-slideshow-inner ' style='padding-bottom: 28.666666666667%;'><li  class='avia-slideshow-slide av-m98c0jya-209be2aee35b3a5c8572867aa9e0bc4f__0  av-single-slide slide-1 slide-odd'><div data-rel='slideshow-1' class='avia-slide-wrap '   ><div class='av-slideshow-caption av-m98c0jya-209be2aee35b3a5c8572867aa9e0bc4f__0 caption_fullwidth caption_bottom caption_bottom_framed caption_framed'><div class=\"container caption_container\"><div class=\"slideshow_caption\"><div class=\"slideshow_inner_caption\"><div class=\"slideshow_align_caption\"><h2 class='avia-caption-title '  itemprop=\"name\" >Antonia Hemling<\/h2><div class='avia-caption-content '  itemprop=\"description\" ><p>\u201eDie ISHR war ein gro\u00dfartiger Ort, um ein echtes Verst\u00e4ndnis und Wertsch\u00e4tzung f\u00fcr unterschiedliche Denkweisen zu entwickeln!\u201c<\/p>\n<\/div><\/div><\/div><\/div><\/div><\/div><img decoding=\"async\" fetchpriority=\"high\" class=\"wp-image-10160 avia-img-lazy-loading-not-10160\" src=\"https:\/\/is-hr.de\/wp-content\/uploads\/2025\/04\/TEST-1500x430.jpg\" width=\"1500\" height=\"430\" title=\"TEST\" alt=\"\" itemprop=\"thumbnailUrl\" srcset=\"https:\/\/is-hr.de\/wp-content\/uploads\/2025\/04\/TEST-1500x430.jpg 1500w, https:\/\/is-hr.de\/wp-content\/uploads\/2025\/04\/TEST-300x86.jpg 300w, https:\/\/is-hr.de\/wp-content\/uploads\/2025\/04\/TEST-1030x295.jpg 1030w, https:\/\/is-hr.de\/wp-content\/uploads\/2025\/04\/TEST-768x220.jpg 768w, https:\/\/is-hr.de\/wp-content\/uploads\/2025\/04\/TEST-1536x440.jpg 1536w, https:\/\/is-hr.de\/wp-content\/uploads\/2025\/04\/TEST-2048x587.jpg 2048w, https:\/\/is-hr.de\/wp-content\/uploads\/2025\/04\/TEST-705x202.jpg 705w\" sizes=\"(max-width: 1500px) 100vw, 1500px\"><div class='av-section-color-overlay' style='opacity: 0.5; '><\/div><\/div><\/li><\/ul><\/div><\/div><div id='after_full_slider_1'  class='main_color av_default_container_wrap container_wrap fullsize'  ><div class='container av-section-cont-open' ><div class='template-page content  av-content-full alpha units'><div class='post-entry post-entry-type-page post-entry-10171'><div class='entry-content-wrapper clearfix'>\n<section  class='av_textblock_section av-lo2pkdfu-43710b73e57b93f5c93cff00b9b8935a '   itemscope=\"itemscope\" itemtype=\"https:\/\/schema.org\/CreativeWork\" ><div class='avia_textblock av_inherit_color'  itemprop=\"text\" ><h1 style=\"text-align: center;\">WHERE ARE THEY NOW?<\/h1>\n<h5 style=\"text-align: center;\"><br class=\"avia-permanent-lb\">ALUMNI Q&amp;A<\/h5>\n<h6 style=\"text-align: center;\">M\u00e4rz 2025<\/h6>\n<\/div><\/section>\n\n<style type=\"text\/css\" data-created_by=\"avia_inline_auto\" id=\"style-css-av-8ri5xx-f2fdf1b510cad2adb5094af4cc861a6d\">\n#top .hr.av-8ri5xx-f2fdf1b510cad2adb5094af4cc861a6d{\nmargin-top:15px;\nmargin-bottom:0px;\n}\n.hr.av-8ri5xx-f2fdf1b510cad2adb5094af4cc861a6d .hr-inner{\nwidth:60px;\nborder-color:#ed1c24;\n}\n<\/style>\n<div  class='hr av-8ri5xx-f2fdf1b510cad2adb5094af4cc861a6d hr-custom  avia-builder-el-2  el_after_av_textblock  el_before_av_hr  hr-center hr-icon-no'><span class='hr-inner inner-border-av-border-fat'><span class=\"hr-inner-style\"><\/span><\/span><\/div>\n\n<style type=\"text\/css\" data-created_by=\"avia_inline_auto\" id=\"style-css-av-88td9h-28a5d78b8bbf92c961f6e7afa913ee52\">\n#top .hr.hr-invisible.av-88td9h-28a5d78b8bbf92c961f6e7afa913ee52{\nheight:20px;\n}\n<\/style>\n<div  class='hr av-88td9h-28a5d78b8bbf92c961f6e7afa913ee52 hr-invisible  avia-builder-el-3  el_after_av_hr  el_before_av_textblock '><span class='hr-inner '><span class=\"hr-inner-style\"><\/span><\/span><\/div>\n<section  class='av_textblock_section av-lo2s9xqv-a33063339094d672d02dd8fd806cfd24 '   itemscope=\"itemscope\" itemtype=\"https:\/\/schema.org\/CreativeWork\" ><div class='avia_textblock'  itemprop=\"text\" ><h4 style=\"text-align: center;\"><strong>Wie hei\u00dft du?<\/strong><\/h4>\n<p style=\"text-align: center;\">Antonia Hemling<br class=\"avia-permanent-lb\"><br class=\"avia-permanent-lb\"><\/p>\n<h4 style=\"text-align: center;\"><strong>Wie viele Jahre warst du an der ISHR?<\/strong><\/h4>\n<p style=\"text-align: center;\">Ich war zwei Jahre an der ISHR. <br class=\"avia-permanent-lb\"><br class=\"avia-permanent-lb\"><\/p>\n<h4 style=\"text-align: center;\"><strong>In welchem Jahr hast du deinen Abschluss gemacht?<\/strong><\/h4>\n<p style=\"text-align: center;\">Im Jahr 2004 geh\u00f6rte ich zum dritten Jahrgang von IB-Absolvent:innen an der ISHR.<br class=\"avia-permanent-lb\"><br class=\"avia-permanent-lb\"><\/p>\n<h4 style=\"text-align: center;\"><strong>Was machst du jetzt? <\/strong><\/h4>\n<p style=\"text-align: center;\">Ich arbeite daran, Start-ups und Innovationen nach Deutschland zu bringen \u2013 vor allem, indem ich internationalen Start-up-Teams dabei helfe, akademische Forschung und technisches Know-how in tragf\u00e4hige Gesch\u00e4ftsmodelle zu \u00fcberf\u00fchren. In Deutschland und weltweit leisten inspirierende Menschen an Universit\u00e4ten und Forschungseinrichtungen hervorragende Arbeit. Die Herausforderung besteht darin, ihre Erkenntnisse in konkrete L\u00f6sungen zu verwandeln \u2013 und diese dann auf den Markt zu bringen, sodass sie der Gesellschaft auch tats\u00e4chlich zugutekommen.   <br class=\"avia-permanent-lb\"><br class=\"avia-permanent-lb\"><\/p>\n<h4 style=\"text-align: center;\"><strong>Was war dein Lieblingsfach an der ISHR? <\/strong><\/h4>\n<p style=\"text-align: center;\">Die F\u00e4cher, die ich am spannendsten fand, waren Geschichte und Wirtschaft. Ich erinnere mich auch gern an viele der B\u00fccher, die wir im Deutsch- und Englischunterricht gelesen haben \u2013 und obwohl es damals nicht zu meinen Lieblingsf\u00e4chern geh\u00f6rte, denke ich bis heute ab und zu an Themen zur\u00fcck, die wir im TOK-Unterricht diskutiert haben.  <br class=\"avia-permanent-lb\"><br class=\"avia-permanent-lb\"><\/p>\n<h4 style=\"text-align: center;\"><strong>Inwiefern hast du das Gef\u00fchl, dass die ISHR dich auf das vorbereitet hat, was danach kam? <\/strong><\/h4>\n<p style=\"text-align: center;\">Abgesehen davon, dass mich die ISHR gut auf die Universit\u00e4t vorbereitet und mir beigebracht hat, vor Publikum zu sprechen, war sie ein hervorragender Ort, um echte Wertsch\u00e4tzung f\u00fcr unterschiedliche Denkweisen zu entwickeln. Die F\u00e4higkeit, einer Idee Raum zu geben, auch wenn sie zun\u00e4chst wenig Sinn zu machen scheint, und mit Menschen zusammenzuarbeiten, deren Sichtweisen sich grundlegend von der eigenen unterscheiden, sind \u00e4u\u00dferst wertvolle Kompetenzen \u2013 vor allem f\u00fcr alle, die sich f\u00fcr Innovation interessieren. <\/p>\n<p style=\"text-align: center;\">\n<h4 style=\"text-align: center;\"><\/h4>\n<h4 style=\"text-align: center;\"><strong>Was war die gr\u00f6\u00dfte Herausforderung f\u00fcr dich, um sich an das Leben nach der ISHR anzupassen? <\/strong><\/h4>\n<p style=\"text-align: center;\">Eine internationale Schulausbildung ist ein Privileg \u2013 und sie kann mit hohen Erwartungen einhergehen. Der Gedanke, diesen Erwartungen gerecht werden zu m\u00fcssen, hat mich noch viele Jahre nach meinem Abschluss besch\u00e4ftigt. <\/p>\n<p style=\"text-align: center;\">\n<h4 style=\"text-align: center;\"><\/h4>\n<h4 style=\"text-align: center;\"><strong>Welchen Rat w\u00fcrdest du derzeitigen Sch\u00fcler:innen oder deinem fr\u00fcheren Ich geben?<\/strong><\/h4>\n<p style=\"text-align: center;\">Setz dich nicht zu sehr unter Druck. Du musst nichts Au\u00dfergew\u00f6hnliches leisten. Gib einfach dein Bestes \u2013 das reicht vollkommen aus, um erfolgreich zu sein.  <\/p>\n<h4 style=\"text-align: center;\"><\/h4>\n<h4 style=\"text-align: center;\"><strong>Was ist deine sch\u00f6nste Erinnerung an die Zeit an der ISHR? <\/strong><\/h4>\n<p style=\"text-align: center;\">Als ich an der ISHR war, war die Schule noch relativ klein, aber schon damals waren Sch\u00fcler:innen und Mitarbeitende aus vielen verschiedenen Nationen vertreten. Diese Mischung aus so vielen kulturellen Einfl\u00fcssen an einem Ort schuf eine Atmosph\u00e4re, die sich f\u00fcr mich immer wie eine kleine eigene Welt anf\u00fchlte. Ich erinnere mich daran, wie viel Spa\u00df es gemacht hat und wie besonders es war, Teil einer so einzigartigen Gemeinschaft zu sein. <\/p>\n<p style=\"text-align: center;\">\n<h4 style=\"text-align: center;\"><\/h4>\n<\/div><\/section>\n<div  class='avia-button-wrap av-lo5tpuxf-ee381deaecd27f1b9ef7012a8cf32636-wrap avia-button-center  avia-builder-el-5  el_after_av_textblock  avia-builder-el-last '><a href='https:\/\/is-hr.de\/de\/schulgemeinschaft\/alumni\/'  class='avia-button av-lo5tpuxf-ee381deaecd27f1b9ef7012a8cf32636 av-link-btn avia-icon_select-no avia-size-x-large avia-position-center avia-color-theme-color'   aria-label=\"ZUR\u00dcCK\"><span class='avia_iconbox_title' >ZUR\u00dcCK<\/span><\/a><\/div>\n","protected":false},"excerpt":{"rendered":"","protected":false},"author":4,"featured_media":0,"parent":5474,"menu_order":0,"comment_status":"closed","ping_status":"closed","template":"","meta":{"footnotes":""},"class_list":["post-10171","page","type-page","status-publish","hentry"],"_links":{"self":[{"href":"https:\/\/is-hr.de\/de\/wp-json\/wp\/v2\/pages\/10171","targetHints":{"allow":["GET"]}}],"collection":[{"href":"https:\/\/is-hr.de\/de\/wp-json\/wp\/v2\/pages"}],"about":[{"href":"https:\/\/is-hr.de\/de\/wp-json\/wp\/v2\/types\/page"}],"author":[{"embeddable":true,"href":"https:\/\/is-hr.de\/de\/wp-json\/wp\/v2\/users\/4"}],"replies":[{"embeddable":true,"href":"https:\/\/is-hr.de\/de\/wp-json\/wp\/v2\/comments?post=10171"}],"version-history":[{"count":0,"href":"https:\/\/is-hr.de\/de\/wp-json\/wp\/v2\/pages\/10171\/revisions"}],"up":[{"embeddable":true,"href":"https:\/\/is-hr.de\/de\/wp-json\/wp\/v2\/pages\/5474"}],"wp:attachment":[{"href":"https:\/\/is-hr.de\/de\/wp-json\/wp\/v2\/media?parent=10171"}],"curies":[{"name":"wp","href":"https:\/\/api.w.org\/{rel}","templated":true}]}}